{"id":4205,"date":"2021-03-26T18:29:53","date_gmt":"2021-03-26T17:29:53","guid":{"rendered":"https:\/\/dynamotion.pl\/home\/"},"modified":"2025-02-03T12:51:09","modified_gmt":"2025-02-03T11:51:09","slug":"home","status":"publish","type":"page","link":"https:\/\/dynamotion.pl\/cs\/","title":{"rendered":"Home"},"content":{"rendered":"\n<h2>\n\t\tSchneider Electric\n\t<\/h2>\n\t<p>Jako autorizovan\u00fd distributor pr\u016fmyslov\u00e9 automatizace spole\u010dnosti Schneider Electric nab\u00edz\u00edme odborn\u00e9 znalosti a zku\u0161enosti, kter\u00e9 umo\u017e\u0148uj\u00ed realizaci pokro\u010dil\u00fdch a slo\u017eit\u00fdch pr\u016fmyslov\u00fdch projekt\u016f. Poskytujeme \u0161irokou nab\u00eddku za\u0159\u00edzen\u00ed Schneider Electric ur\u010den\u00fdch pro balic\u00ed stroje, stejn\u011b jako pr\u016fmyslov\u00e9 roboty typu delta a moduly kart\u00e9zsk\u00e9 mechaniky. <\/p>\n<p>&nbsp;<\/p>\n\t\t\t<a href=\"https:\/\/dynamotion.pl\/oferta\/schneider-electric\/\" target=\"_self\">\n\t\t\t\t\t\t\tPoznejte na\u0161i nab\u00eddku.\n\t\t\t\t\t<\/a>\n<h2>\n\t\tTelemecanique Sensors\n\t<\/h2>\n\t<p>Produkty Telemecanique Sensors p\u0159edstavuj\u00ed to nejpokro\u010dilej\u0161\u00ed technologie. Objevte \u0161irokou \u0161k\u00e1lu produkt\u016f pro detekci a monitorov\u00e1n\u00ed. <\/p>\n\t\t\t<a href=\"https:\/\/dynamotion.pl\/oferta\/telemecanique-sensors\/\" target=\"_self\">\n\t\t\t\t\t\t\tPoznejte na\u0161i nab\u00eddku.\n\t\t\t\t\t<\/a>\n<h2>\n\t\t\u0160kolen\u00ed a kurzy\n\t<\/h2>\n\t<p>Prozkoumejte na\u0161i nab\u00eddku \u0161kolen\u00ed ur\u010den\u00fdch pro integr\u00e1tory automatizace a pr\u016fmyslov\u00e9 robotiky, v\u00fdrobce stroj\u016f, pracovn\u00edky odd\u011blen\u00ed automatizace a \u00fadr\u017eby provozu, stejn\u011b jako pro \u0159\u00edd\u00edc\u00ed pracovn\u00edky ve v\u00fdrobn\u00edch z\u00e1vodech.<\/p>\n\t\t\t<a href=\"https:\/\/dynamotion.pl\/szkolenia\/\" target=\"_self\">\n\t\t\t\t\t\t\tPoznejte na\u0161i nab\u00eddku.\n\t\t\t\t\t<\/a>\n\t\t\t\t<img decoding=\"async\" src=\"https:\/\/dynamotion.pl\/wp-content\/uploads\/2021\/08\/03_kursy_green.png\" alt=\"Kursy\" itemprop=\"image\" height=\"409\" width=\"409\" title=\"Kursy\" onerror=\"this.style.display='none'\"  \/>\n<h2>\n\t\tInternetov\u00fd obchod\n\t<\/h2>\n\t<p>Nakupujte produkty Telemecanique Sensors pohodln\u011bji! Prozkoumejte nab\u00eddku na\u0161eho internetov\u00e9ho obchodu!<\/p>\n\t\t\t<a href=\"https:\/\/sklep.dynamotion.pl\/sklep\/\" target=\"_self\">\n\t\t\t\t\t\t\tNav\u0161tivte obchod\n\t\t\t\t\t<\/a>\n<h2>\n\t\tB\u00e1ze znalost\u00ed\n\t<\/h2>\n\t<p>M\u00e1te ot\u00e1zky? Nejistoty? Pot\u0159ebujete d\u00e1vku technick\u00fdch znalost\u00ed? Nebo v\u00e1s prost\u011b zaj\u00edm\u00e1 automatizace, robotika a balen\u00ed? Pod\u00edvejte se na videa, p\u0159e\u010dt\u011bte si \u010dl\u00e1nky a zjist\u011bte v\u00edce!   <\/p>\n\t\t\t<a href=\"https:\/\/dynamotion.pl\/en\/wiedza\/\" target=\"_self\">\n\t\t\t\t\t\t\tDozv\u011bd\u011bt se v\u00edce\n\t\t\t\t\t<\/a>\n\t\t\t\t<img decoding=\"async\" src=\"https:\/\/dynamotion.pl\/wp-content\/uploads\/2021\/04\/Dla-klienta-baner.png\" alt=\"Dla klienta DYNAMOTION\" itemprop=\"image\" height=\"365\" width=\"412\" title=\"Dla klienta DYNAMOTION\" onerror=\"this.style.display='none'\"  \/>\n<h2>\n\t\t\u0158e\u0161en\u00ed na m\u00edru\n\t<\/h2>\n\tZaopiekujemy si\u0119 Twoim biznesem<br \/>\nbo rozumiemy, \u017ce potrzebujesz rozwi\u0105zania<br \/>\ndopasowanego do Twoich potrzeb.\n\t\t\t<a href=\"https:\/\/dynamotion.pl\/en\/wsparcie\/\" target=\"_self\">\n\t\t\t\t\t\t\tDovolte n\u00e1m postarat se o v\u00e1s\n\t\t\t\t\t<\/a>\n<h2>\n\t\t\u010cek\u00e1me na v\u00e1\u0161 sign\u00e1l\n\t<\/h2>\n\t<p>V\u0161echny produkty zakoupen\u00e9 u n\u00e1s jsou kryty 18m\u011bs\u00ed\u010dn\u00ed z\u00e1rukou. Pokud pot\u0159ebujete radu nebo technickou podporu, m\u016f\u017eete se na n\u00e1s spolehnout.<\/p>\n\t\t\t<a href=\"https:\/\/dynamotion.pl\/en\/o-nas\/\" target=\"_self\">\n\t\t\t\t\t\t\tPoznejte n\u00e1s l\u00e9pe\n\t\t\t\t\t<\/a>\n\t\t\t\t<img decoding=\"async\" src=\"https:\/\/dynamotion.pl\/wp-content\/uploads\/2021\/04\/Wsparcie-baner.png\" alt=\"Wsparcie DYNAMOTION\" itemprop=\"image\" height=\"395\" width=\"350\" title=\"Wsparcie DYNAMOTION\" onerror=\"this.style.display='none'\"  \/>\n\n","protected":false},"excerpt":{"rendered":"<p>Schneider Electric Jako autorizovan\u00fd distributor pr\u016fmyslov\u00e9 automatizace spole\u010dnosti Schneider Electric nab\u00edz\u00edme odborn\u00e9 znalosti a zku\u0161enosti, kter\u00e9 umo\u017e\u0148uj\u00ed realizaci pokro\u010dil\u00fdch a slo\u017eit\u00fdch pr\u016fmyslov\u00fdch projekt\u016f. Poskytujeme \u0161irokou nab\u00eddku za\u0159\u00edzen\u00ed Schneider Electric ur\u010den\u00fdch pro balic\u00ed stroje, stejn\u011b jako pr\u016fmyslov\u00e9 roboty typu delta a moduly kart\u00e9zsk\u00e9 mechaniky. &nbsp; Poznejte na\u0161i nab\u00eddku. Telemecanique Sensors Produkty Telemecanique Sensors p\u0159edstavuj\u00ed to nejpokro\u010dilej\u0161\u00ed&hellip;<\/p>\n","protected":false},"author":1,"featured_media":0,"parent":0,"menu_order":0,"comment_status":"closed","ping_status":"closed","template":"","meta":{"_acf_changed":false,"footnotes":""},"class_list":["post-4205","page","type-page","status-publish","hentry"],"acf":[],"yoast_head":"<!-- This site is optimized with the Yoast SEO plugin v26.2 - https:\/\/yoast.com\/wordpress\/plugins\/seo\/ -->\n<title>Home - Dynamotion<\/title>\n<meta name=\"description\" content=\"DYNAMOTION \u2013 Poh\u00e1n\u00edme budoucnost balen\u00ed. Pom\u00e1h\u00e1me vytv\u00e1\u0159et a udr\u017eovat nejrychlej\u0161\u00ed balic\u00ed stroje na sv\u011bt\u011b pro odv\u011btv\u00ed FMCG.\" \/>\n<meta name=\"robots\" content=\"index, follow, max-snippet:-1, max-image-preview:large, max-video-preview:-1\" \/>\n<link rel=\"canonical\" href=\"https:\/\/dynamotion.pl\/cs\/\" \/>\n<meta property=\"og:locale\" content=\"cs_CZ\" \/>\n<meta property=\"og:type\" content=\"article\" \/>\n<meta property=\"og:title\" content=\"DYNAMOTION\" \/>\n<meta property=\"og:description\" content=\"DYNAMOTION \u2013 Poh\u00e1n\u00edme budoucnost balen\u00ed. Pom\u00e1h\u00e1me vytv\u00e1\u0159et a udr\u017eovat nejrychlej\u0161\u00ed balic\u00ed stroje na sv\u011bt\u011b pro odv\u011btv\u00ed FMCG.\" \/>\n<meta property=\"og:url\" content=\"https:\/\/dynamotion.pl\/cs\/\" \/>\n<meta property=\"og:site_name\" content=\"Dynamotion\" \/>\n<meta property=\"article:modified_time\" content=\"2025-02-03T11:51:09+00:00\" \/>\n<meta property=\"og:image\" content=\"https:\/\/dynamotion.pl\/wp-content\/uploads\/2021\/12\/Rozwiazanie-pakowania-zbiorczego.jpg\" \/>\n<meta name=\"twitter:card\" content=\"summary_large_image\" \/>\n<meta name=\"twitter:title\" content=\"DYNAMOTION\" \/>\n<meta name=\"twitter:description\" content=\"DYNAMOTION \u2013 Poh\u00e1n\u00edme budoucnost balen\u00ed. Pom\u00e1h\u00e1me vytv\u00e1\u0159et a udr\u017eovat nejrychlej\u0161\u00ed balic\u00ed stroje na sv\u011bt\u011b pro odv\u011btv\u00ed FMCG.\" \/>\n<meta name=\"twitter:image\" content=\"https:\/\/dynamotion.pl\/wp-content\/uploads\/2021\/12\/Rozwiazanie-pakowania-zbiorczego.jpg\" \/>\n<meta name=\"twitter:label1\" content=\"Odhadovan\u00e1 doba \u010dten\u00ed\" \/>\n\t<meta name=\"twitter:data1\" content=\"3 minuty\" \/>\n<script type=\"application\/ld+json\" class=\"yoast-schema-graph\">{\"@context\":\"https:\/\/schema.org\",\"@graph\":[{\"@type\":\"WebPage\",\"@id\":\"https:\/\/dynamotion.pl\/cs\/\",\"url\":\"https:\/\/dynamotion.pl\/cs\/\",\"name\":\"Home - Dynamotion\",\"isPartOf\":{\"@id\":\"https:\/\/dynamotion.pl\/cs\/#website\"},\"primaryImageOfPage\":{\"@id\":\"https:\/\/dynamotion.pl\/cs\/#primaryimage\"},\"image\":{\"@id\":\"https:\/\/dynamotion.pl\/cs\/#primaryimage\"},\"thumbnailUrl\":\"https:\/\/dynamotion.pl\/wp-content\/uploads\/2021\/08\/03_kursy_green.png\",\"datePublished\":\"2021-03-26T17:29:53+00:00\",\"dateModified\":\"2025-02-03T11:51:09+00:00\",\"description\":\"DYNAMOTION \u2013 Poh\u00e1n\u00edme budoucnost balen\u00ed. Pom\u00e1h\u00e1me vytv\u00e1\u0159et a udr\u017eovat nejrychlej\u0161\u00ed balic\u00ed stroje na sv\u011bt\u011b pro odv\u011btv\u00ed FMCG.\",\"breadcrumb\":{\"@id\":\"https:\/\/dynamotion.pl\/cs\/#breadcrumb\"},\"inLanguage\":\"cs\",\"potentialAction\":[{\"@type\":\"ReadAction\",\"target\":[\"https:\/\/dynamotion.pl\/cs\/\"]}]},{\"@type\":\"ImageObject\",\"inLanguage\":\"cs\",\"@id\":\"https:\/\/dynamotion.pl\/cs\/#primaryimage\",\"url\":\"https:\/\/dynamotion.pl\/wp-content\/uploads\/2021\/08\/03_kursy_green.png\",\"contentUrl\":\"https:\/\/dynamotion.pl\/wp-content\/uploads\/2021\/08\/03_kursy_green.png\"},{\"@type\":\"BreadcrumbList\",\"@id\":\"https:\/\/dynamotion.pl\/cs\/#breadcrumb\",\"itemListElement\":[{\"@type\":\"ListItem\",\"position\":1,\"name\":\"Strona g\u0142\u00f3wna\",\"item\":\"https:\/\/dynamotion.pl\/cs\/\"},{\"@type\":\"ListItem\",\"position\":2,\"name\":\"domovsk\u00e1 str\u00e1nka dynamotion Krakov Smolensk automatizace balic\u00edch stroj\u016f\"}]},{\"@type\":\"WebSite\",\"@id\":\"https:\/\/dynamotion.pl\/cs\/#website\",\"url\":\"https:\/\/dynamotion.pl\/cs\/\",\"name\":\"Dynamotion\",\"description\":\"Nap\u0119dzamy przysz\u0142o\u015b\u0107 pakowania\",\"publisher\":{\"@id\":\"https:\/\/dynamotion.pl\/cs\/#organization\"},\"potentialAction\":[{\"@type\":\"SearchAction\",\"target\":{\"@type\":\"EntryPoint\",\"urlTemplate\":\"https:\/\/dynamotion.pl\/cs\/?s={search_term_string}\"},\"query-input\":{\"@type\":\"PropertyValueSpecification\",\"valueRequired\":true,\"valueName\":\"search_term_string\"}}],\"inLanguage\":\"cs\"},{\"@type\":\"Organization\",\"@id\":\"https:\/\/dynamotion.pl\/cs\/#organization\",\"name\":\"DYNAMOTION Sp. z o.o.\",\"url\":\"https:\/\/dynamotion.pl\/cs\/\",\"logo\":{\"@type\":\"ImageObject\",\"inLanguage\":\"cs\",\"@id\":\"https:\/\/dynamotion.pl\/cs\/#\/schema\/logo\/image\/\",\"url\":\"https:\/\/dynamotion.pl\/wp-content\/uploads\/2021\/08\/sygnet_stopka.png\",\"contentUrl\":\"https:\/\/dynamotion.pl\/wp-content\/uploads\/2021\/08\/sygnet_stopka.png\",\"width\":128,\"height\":112,\"caption\":\"DYNAMOTION Sp. z o.o.\"},\"image\":{\"@id\":\"https:\/\/dynamotion.pl\/cs\/#\/schema\/logo\/image\/\"}}]}<\/script>\n<!-- \/ Yoast SEO plugin. -->","yoast_head_json":{"title":"Home - Dynamotion","description":"DYNAMOTION \u2013 Poh\u00e1n\u00edme budoucnost balen\u00ed. Pom\u00e1h\u00e1me vytv\u00e1\u0159et a udr\u017eovat nejrychlej\u0161\u00ed balic\u00ed stroje na sv\u011bt\u011b pro odv\u011btv\u00ed FMCG.","robots":{"index":"index","follow":"follow","max-snippet":"max-snippet:-1","max-image-preview":"max-image-preview:large","max-video-preview":"max-video-preview:-1"},"canonical":"https:\/\/dynamotion.pl\/cs\/","og_locale":"cs_CZ","og_type":"article","og_title":"DYNAMOTION","og_description":"DYNAMOTION \u2013 Poh\u00e1n\u00edme budoucnost balen\u00ed. Pom\u00e1h\u00e1me vytv\u00e1\u0159et a udr\u017eovat nejrychlej\u0161\u00ed balic\u00ed stroje na sv\u011bt\u011b pro odv\u011btv\u00ed FMCG.","og_url":"https:\/\/dynamotion.pl\/cs\/","og_site_name":"Dynamotion","article_modified_time":"2025-02-03T11:51:09+00:00","og_image":[{"url":"https:\/\/dynamotion.pl\/wp-content\/uploads\/2021\/12\/Rozwiazanie-pakowania-zbiorczego.jpg","type":"","width":"","height":""}],"twitter_card":"summary_large_image","twitter_title":"DYNAMOTION","twitter_description":"DYNAMOTION \u2013 Poh\u00e1n\u00edme budoucnost balen\u00ed. Pom\u00e1h\u00e1me vytv\u00e1\u0159et a udr\u017eovat nejrychlej\u0161\u00ed balic\u00ed stroje na sv\u011bt\u011b pro odv\u011btv\u00ed FMCG.","twitter_image":"https:\/\/dynamotion.pl\/wp-content\/uploads\/2021\/12\/Rozwiazanie-pakowania-zbiorczego.jpg","twitter_misc":{"Odhadovan\u00e1 doba \u010dten\u00ed":"3 minuty"},"schema":{"@context":"https:\/\/schema.org","@graph":[{"@type":"WebPage","@id":"https:\/\/dynamotion.pl\/cs\/","url":"https:\/\/dynamotion.pl\/cs\/","name":"Home - Dynamotion","isPartOf":{"@id":"https:\/\/dynamotion.pl\/cs\/#website"},"primaryImageOfPage":{"@id":"https:\/\/dynamotion.pl\/cs\/#primaryimage"},"image":{"@id":"https:\/\/dynamotion.pl\/cs\/#primaryimage"},"thumbnailUrl":"https:\/\/dynamotion.pl\/wp-content\/uploads\/2021\/08\/03_kursy_green.png","datePublished":"2021-03-26T17:29:53+00:00","dateModified":"2025-02-03T11:51:09+00:00","description":"DYNAMOTION \u2013 Poh\u00e1n\u00edme budoucnost balen\u00ed. Pom\u00e1h\u00e1me vytv\u00e1\u0159et a udr\u017eovat nejrychlej\u0161\u00ed balic\u00ed stroje na sv\u011bt\u011b pro odv\u011btv\u00ed FMCG.","breadcrumb":{"@id":"https:\/\/dynamotion.pl\/cs\/#breadcrumb"},"inLanguage":"cs","potentialAction":[{"@type":"ReadAction","target":["https:\/\/dynamotion.pl\/cs\/"]}]},{"@type":"ImageObject","inLanguage":"cs","@id":"https:\/\/dynamotion.pl\/cs\/#primaryimage","url":"https:\/\/dynamotion.pl\/wp-content\/uploads\/2021\/08\/03_kursy_green.png","contentUrl":"https:\/\/dynamotion.pl\/wp-content\/uploads\/2021\/08\/03_kursy_green.png"},{"@type":"BreadcrumbList","@id":"https:\/\/dynamotion.pl\/cs\/#breadcrumb","itemListElement":[{"@type":"ListItem","position":1,"name":"Strona g\u0142\u00f3wna","item":"https:\/\/dynamotion.pl\/cs\/"},{"@type":"ListItem","position":2,"name":"domovsk\u00e1 str\u00e1nka dynamotion Krakov Smolensk automatizace balic\u00edch stroj\u016f"}]},{"@type":"WebSite","@id":"https:\/\/dynamotion.pl\/cs\/#website","url":"https:\/\/dynamotion.pl\/cs\/","name":"Dynamotion","description":"Nap\u0119dzamy przysz\u0142o\u015b\u0107 pakowania","publisher":{"@id":"https:\/\/dynamotion.pl\/cs\/#organization"},"potentialAction":[{"@type":"SearchAction","target":{"@type":"EntryPoint","urlTemplate":"https:\/\/dynamotion.pl\/cs\/?s={search_term_string}"},"query-input":{"@type":"PropertyValueSpecification","valueRequired":true,"valueName":"search_term_string"}}],"inLanguage":"cs"},{"@type":"Organization","@id":"https:\/\/dynamotion.pl\/cs\/#organization","name":"DYNAMOTION Sp. z o.o.","url":"https:\/\/dynamotion.pl\/cs\/","logo":{"@type":"ImageObject","inLanguage":"cs","@id":"https:\/\/dynamotion.pl\/cs\/#\/schema\/logo\/image\/","url":"https:\/\/dynamotion.pl\/wp-content\/uploads\/2021\/08\/sygnet_stopka.png","contentUrl":"https:\/\/dynamotion.pl\/wp-content\/uploads\/2021\/08\/sygnet_stopka.png","width":128,"height":112,"caption":"DYNAMOTION Sp. z o.o."},"image":{"@id":"https:\/\/dynamotion.pl\/cs\/#\/schema\/logo\/image\/"}}]}},"_links":{"self":[{"href":"https:\/\/dynamotion.pl\/cs\/wp-json\/wp\/v2\/pages\/4205","targetHints":{"allow":["GET"]}}],"collection":[{"href":"https:\/\/dynamotion.pl\/cs\/wp-json\/wp\/v2\/pages"}],"about":[{"href":"https:\/\/dynamotion.pl\/cs\/wp-json\/wp\/v2\/types\/page"}],"author":[{"embeddable":true,"href":"https:\/\/dynamotion.pl\/cs\/wp-json\/wp\/v2\/users\/1"}],"replies":[{"embeddable":true,"href":"https:\/\/dynamotion.pl\/cs\/wp-json\/wp\/v2\/comments?post=4205"}],"version-history":[{"count":2,"href":"https:\/\/dynamotion.pl\/cs\/wp-json\/wp\/v2\/pages\/4205\/revisions"}],"predecessor-version":[{"id":4208,"href":"https:\/\/dynamotion.pl\/cs\/wp-json\/wp\/v2\/pages\/4205\/revisions\/4208"}],"wp:attachment":[{"href":"https:\/\/dynamotion.pl\/cs\/wp-json\/wp\/v2\/media?parent=4205"}],"curies":[{"name":"wp","href":"https:\/\/api.w.org\/{rel}","templated":true}]}}