{"id":4209,"date":"2024-06-24T08:14:31","date_gmt":"2024-06-24T06:14:31","guid":{"rendered":"https:\/\/dynamotion.pl\/pacdrive-m-ukonceni-podpory-pro-radu\/"},"modified":"2025-02-03T14:25:13","modified_gmt":"2025-02-03T13:25:13","slug":"pacdrive-m-ukonceni-podpory-pro-radu","status":"publish","type":"page","link":"https:\/\/dynamotion.pl\/cs\/pacdrive-m-ukonceni-podpory-pro-radu\/","title":{"rendered":"PacDrive M &#8211; Ukon\u010den\u00ed podpory pro \u0159adu"},"content":{"rendered":"\n<h2>\n\t\tUkon\u010den\u00ed \u0159ady ELAU &#8211; PacDrive M<br \/>Konec servisn\u00ed podpory Prosinec 2024!<br \/>Co d\u00e1l&#8230;?\n\t<\/h2>\n<h4>\n\t\tZjist\u011bte, jak\u00e1 za\u0159\u00edzen\u00ed jsou sou\u010d\u00e1st\u00ed vy\u0159azen\u00e9 \u0159ady<br \/>a jak se p\u0159ipravit na mo\u017en\u00e9 nouzov\u00e9 situace\n\t<\/h4>\n\t\t\t<a href=\"https:\/\/dynamotion.pl\/pacdrivem\/#formularz\" target=\"_self\">\n\t\t\t\t\t\t\tVypl\u0148te kontaktn\u00ed formul\u00e1\u0159\n\t\t\t\t\t<\/a>\n\t<p>&nbsp; Kter\u00e1 za\u0159\u00edzen\u00ed zahrnuje ukon\u010den\u00ed \u017eivotn\u00edho cyklu?<\/p>\n\t\t\t\t<img decoding=\"async\" src=\"https:\/\/dynamotion.pl\/wp-content\/uploads\/2023\/01\/ELAU_PacDrive_C600_Kontroler_31.png\" alt=\"Wycofanie serii ELAU \/ PacDrive M - Czas na modernizacj\u0119\" itemprop=\"image\" height=\"1374\" width=\"1374\" title=\"ELAU_PacDrive_C600_Kontroler_31\" onerror=\"this.style.display='none'\"  \/>\n\t<h4><strong>\u0158adi\u010de pohybu:<\/strong><\/h4>\n<ul>\n<li>V\u0161echny modely \u0159adi\u010d\u016f ELAU \/ PacDrive M C200\/C400\/C600<\/li>\n<\/ul>\n<ul>\n<li>\u0158adi\u010de Max-4 (byly sta\u017eeny z prodeje v roce 2012)<\/li>\n<li>P\u0159\u00edslu\u0161enstv\u00ed, tj. komunika\u010dn\u00ed karty, pam\u011b\u0165ov\u00e9 karty, kabel\u00e1\u017e <\/li>\n<\/ul>\n\t<h4><strong>Serwonap\u0119dy ELAU \/ <\/strong>PacDrive M <strong>MC-4<\/strong><\/h4>\n<ul>\n<li>V\u0161echny modely servopohon\u016f MC-4<\/li>\n<li>P\u0159\u00edslu\u0161enstv\u00ed, tj. kabel\u00e1\u017e, konektory <\/li>\n<\/ul>\n\t\t\t\t<img decoding=\"async\" src=\"https:\/\/dynamotion.pl\/wp-content\/uploads\/2023\/01\/ELAU_PacDrive_MC4_3A_1.png\" alt=\"Wycofanie serii ELAU \/ PacDrive M - Czas na modernizacj\u0119\" itemprop=\"image\" height=\"1478\" width=\"1478\" title=\"ELAU_PacDrive M_MC4_3A_1\" onerror=\"this.style.display='none'\"  \/>\n\t\t\t\t<img decoding=\"async\" src=\"https:\/\/dynamotion.pl\/wp-content\/uploads\/2023\/01\/wycofane-silniki-motors-integrated-ish-1.png\" alt=\"Wycofanie serii ELAU \/ PacDrive M - Czas na modernizacj\u0119\" itemprop=\"image\" height=\"197\" width=\"430\" title=\"ISH ELAU \/ PacDrive M Schneider Electric servo motor\" onerror=\"this.style.display='none'\"  \/>\n\t<h4><strong>Zintegrowane serwonap\u0119dy ELAU \/<\/strong> PacDrive M<strong> iSH<\/strong><\/h4>\n<ul>\n<li>V\u0161echny modely servopohon\u016f iSH<\/li>\n<li>Nap\u00e1jec\u00ed zdroj PS-5<\/li>\n<li>Rozbo\u010dova\u010d DB-5<\/li>\n<li>P\u0159\u00edslu\u0161enstv\u00ed, tj. kabel\u00e1\u017e, konektory <\/li>\n<\/ul>\n\t<h4><strong>Silniki <\/strong><strong>ELAU \/<\/strong> PacDrive M <strong>SM<\/strong><\/h4>\n<ul>\n<li>V\u0161echny modely motor\u016f SM<\/li>\n<li>P\u0159\u00edslu\u0161enstv\u00ed, tj. kabel\u00e1 <\/li>\n<\/ul>\n\t\t\t\t<img decoding=\"async\" src=\"https:\/\/dynamotion.pl\/wp-content\/uploads\/2023\/01\/SM_3.png\" alt=\"Wycofanie serii ELAU \/ PacDrive M - Czas na modernizacj\u0119\" itemprop=\"image\" height=\"260\" width=\"738\" title=\"SM_3 _ELAU \/ PacDrive M\" onerror=\"this.style.display='none'\"  \/>\n\t\t\t\t<img decoding=\"async\" src=\"https:\/\/dynamotion.pl\/wp-content\/uploads\/2023\/01\/PacDrive_M_scl.png\" alt=\"Wycofanie serii ELAU \/ PacDrive M - Czas na modernizacj\u0119\" itemprop=\"image\" height=\"343\" width=\"602\" title=\"PacDrive_M_scl\" onerror=\"this.style.display='none'\"  \/>\n\t<h4><strong>Zintegrowane serwonap\u0119dy <\/strong><strong>ELAU \/<\/strong> PacDrive M <strong>SCL<\/strong><\/h4>\n<ul>\n<li>V\u0161echny modely servopohon\u016f SCL<\/li>\n<li>Nap\u00e1jec\u00ed zdroj PS-4<\/li>\n<li>Rozbo\u010dova\u010d DB-8<\/li>\n<li>P\u0159\u00edslu\u0161enstv\u00ed, tj. kabel\u00e1\u017e, konektory <\/li>\n<\/ul>\n<h2>\n\t\tJe \u010das na modernizaci! \n\t<\/h2>\n\t<p>Utrzymanie maszyny opartej na urz\u0105dzeniach PacDrive M (ELAU) wycofanych z produkcji w 2019 roku mo\u017ce by\u0107 nie lada wyzwaniem w przypadku awarii jednego z nich. Mo\u017cliwym rozwi\u0105zaniem w takiej sytuacji, kt\u00f3re pomo\u017ce utrzyma\u0107 ci\u0105g\u0142o\u015b\u0107 produkcji jest migracja wycofywanych urz\u0105dze\u0144 do nowej i aktualnie rozwijanej serii serwonap\u0119d\u00f3w <a href=\"\">PacDrive 3.<\/a> <\/p>\n\t\t\t<a href=\"https:\/\/dynamotion.pl\/pacdrivem\/#formularz\" target=\"_self\">\n\t\t\t\t\t\t\t<br \/>Zeptejte se na modernizaci\n\t\t\t\t\t<\/a>\n<h2>\n\t\tVypl\u0148te kontaktn\u00ed formul\u00e1\u0159\n\t<\/h2>\n\t\t\t\t<img decoding=\"async\" src=\"https:\/\/dynamotion.pl\/wp-content\/uploads\/2021\/04\/separator.png\" alt=\"separator\" itemprop=\"image\" height=\"4\" width=\"83\" title=\"separator\" onerror=\"this.style.display='none'\"  \/>\n\t<div class=\"frm_forms  with_frm_style frm_style_formidable-style\" id=\"frm_form_2_container\" data-token=\"80884a4137f74f5655f60ea6cfecd7a3\">\n<form enctype=\"multipart\/form-data\" method=\"post\" class=\"frm-show-form  frm_pro_form \" id=\"form_kontakt\" data-token=\"80884a4137f74f5655f60ea6cfecd7a3\">\n<div class=\"frm_form_fields \">\n<fieldset>\n<legend class=\"frm_screen_reader\">Kontakt<\/legend>\r\n\r\n<div class=\"frm_fields_container\">\n<input type=\"hidden\" name=\"frm_action\" value=\"create\" \/>\n<input type=\"hidden\" name=\"form_id\" value=\"2\" \/>\n<input type=\"hidden\" name=\"frm_hide_fields_2\" id=\"frm_hide_fields_2\" value=\"\" \/>\n<input type=\"hidden\" name=\"form_key\" value=\"kontakt\" \/>\n<input type=\"hidden\" name=\"item_meta[0]\" value=\"\" \/>\n<input type=\"hidden\" id=\"frm_submit_entry_2\" name=\"frm_submit_entry_2\" value=\"7a2c62e4f8\" \/><input type=\"hidden\" name=\"_wp_http_referer\" value=\"\/cs\/wp-json\/wp\/v2\/pages\/4209\" \/><div id=\"frm_field_6_container\" class=\"frm_form_field form-field  frm_required_field frm_inside_container frm12\">\r\n    <label for=\"field_x7mhl\" id=\"field_x7mhl_label\" class=\"frm_primary_label\">Imi\u0119 i nazwisko\r\n        <span class=\"frm_required\">*<\/span>\r\n    <\/label>\r\n    <input  type=\"text\" id=\"field_x7mhl\" name=\"item_meta[6]\" value=\"\"  data-reqmsg=\"Imi\u0119 i nazwisko cannot be blank.\" aria-required=\"true\" data-invmsg=\"Tekst is invalid\" aria-invalid=\"false\"   \/>\r\n    \r\n    \r\n<\/div>\n<div id=\"frm_field_7_container\" class=\"frm_form_field form-field  frm_required_field frm_inside_container\">\r\n    <label for=\"field_8e7af\" id=\"field_8e7af_label\" class=\"frm_primary_label\">Email\r\n        <span class=\"frm_required\">*<\/span>\r\n    <\/label>\r\n    <input type=\"email\" id=\"field_8e7af\" name=\"item_meta[7]\" value=\"\"  data-reqmsg=\"Email cannot be blank.\" aria-required=\"true\" data-invmsg=\"Email is invalid\" aria-invalid=\"false\"  \/>\r\n    \r\n    \r\n<\/div>\n<div id=\"frm_field_8_container\" class=\"frm_form_field form-field  frm_inside_container\">\r\n    <label for=\"field_9rdxt\" id=\"field_9rdxt_label\" class=\"frm_primary_label\">Numer telefonu\r\n        <span class=\"frm_required\"><\/span>\r\n    <\/label>\r\n    <input  type=\"text\" id=\"field_9rdxt\" name=\"item_meta[8]\" value=\"\"  data-invmsg=\"Tekst is invalid\" aria-invalid=\"false\"   \/>\r\n    \r\n    \r\n<\/div>\n<div id=\"frm_field_9_container\" class=\"frm_form_field form-field  frm_required_field frm_inside_container frm12\">\r\n    <label for=\"field_7hi3g\" id=\"field_7hi3g_label\" class=\"frm_primary_label\">Wiadomo\u015b\u0107\r\n        <span class=\"frm_required\">*<\/span>\r\n    <\/label>\r\n    <textarea name=\"item_meta[9]\" id=\"field_7hi3g\" rows=\"5\"  data-reqmsg=\"Wiadomo\u015b\u0107 cannot be blank.\" aria-required=\"true\" data-invmsg=\"Wiadomo\u015b\u0107 is invalid\" aria-invalid=\"false\"  ><\/textarea>\r\n    \r\n    \r\n<\/div>\n<div id=\"frm_field_10_container\" class=\"frm_form_field form-field  frm_required_field frm_hidden_container vertical_radio\">\r\n    <div  id=\"field_64frw_label\" class=\"frm_primary_label\">Pole wyboru\r\n        <span class=\"frm_required\">*<\/span>\r\n    <\/div>\r\n    <div class=\"frm_opt_container\" aria-labelledby=\"field_64frw_label\" role=\"group\">\t\t<div class=\"frm_checkbox\" id=\"frm_checkbox_10-0\">\t\t\t<label  for=\"field_64frw-0\">\n\t\t\t<input type=\"checkbox\" name=\"item_meta[10][]\" id=\"field_64frw-0\" value=\"Wype\u0142niaj\u0105c niniejszy formularz wyra\u017cam zgod\u0119 na przetwarzanie moich danych osobowych dla cel\u00f3w marketingowych przez  DYNAMOTION Sp. z o.o. z siedzib\u0105 w Krakowie (30-798), ul. Feliksa Wrobela 5.\" checked=\"checked\"  data-frmval=\"[&quot;Wype\\u0142niaj\\u0105c niniejszy formularz wyra\\u017cam zgod\\u0119 na przetwarzanie moich danych osobowych dla cel\\u00f3w marketingowych przez  DYNAMOTION Sp. z o.o. z siedzib\\u0105 w Krakowie (30-798), ul. Feliksa Wrobela 5.&quot;]\" data-reqmsg=\"Pole wyboru cannot be blank.\" data-invmsg=\"Pole wyboru is invalid\"   aria-required=\"true\"  \/> Wype\u0142niaj\u0105c niniejszy formularz wyra\u017cam zgod\u0119 na przetwarzanie moich danych osobowych dla cel\u00f3w marketingowych przez  DYNAMOTION Sp. z o.o. z siedzib\u0105 w Krakowie (30-798), ul. Feliksa Wrobela 5.<\/label><\/div>\n<\/div>\r\n    \r\n    \r\n<\/div>\n<div id=\"frm_field_49_container\" class=\"frm_form_field form-field \">\r\n\t<div class=\"frm_submit\">\r\n\r\n<button class=\"frm_button_submit frm_final_submit\" type=\"submit\"   formnovalidate=\"formnovalidate\">Wy\u015blij formularz<\/button>\r\n\r\n<\/div>\r\n<\/div>\n\t<input type=\"hidden\" name=\"item_key\" value=\"\" \/>\n\t\t\t<div id=\"frm_field_71_container\">\n\t\t\t<label for=\"field_xjsux\" >\n\t\t\t\tIf you are human, leave this field blank.\t\t\t<\/label>\n\t\t\t<input  id=\"field_xjsux\" type=\"text\" class=\"frm_form_field form-field frm_verify\" name=\"item_meta[71]\" value=\"\"  \/>\n\t\t<\/div>\n\t\t<input name=\"frm_state\" type=\"hidden\" value=\"9Is8errBamtTPPUen5IQf1kYNZkIdU0o5QrAZWAgcTlHz2oDFgVI1npUFXjd0Vdz\" \/><\/div>\n<\/fieldset>\n<\/div>\n\n<\/form>\n<\/div>\n\n<h2>\n\t\tV\u00fdhody pro Va\u0161i firmu\n\t<\/h2>\n\t\t\t\t<img decoding=\"async\" src=\"https:\/\/dynamotion.pl\/wp-content\/uploads\/2021\/04\/separator.png\" alt=\"separator\" itemprop=\"image\" height=\"4\" width=\"83\" title=\"separator\" onerror=\"this.style.display='none'\"  \/>\n\t\t\t\t<img decoding=\"async\" src=\"https:\/\/dynamotion.pl\/wp-content\/uploads\/2023\/01\/Dynamotion-arrow-10.png\" alt=\"Dynamotion arrow-10\" itemprop=\"image\" height=\"56\" width=\"79\" title=\"Dynamotion arrow-10\" onerror=\"this.style.display='none'\"  \/>\n<h3>\n\t\tKonzultace v oblasti servopohonn\u00fdch syst\u00e9m\u016f PacDrive\n\t<\/h3>\n\t<p>Spole\u010dn\u011b s na\u0161\u00edm odborn\u00edkem pochopte a pln\u011b vyu\u017eijte potenci\u00e1l syst\u00e9m\u016f PacDrive.<\/p>\n\t\t\t\t<img decoding=\"async\" src=\"https:\/\/dynamotion.pl\/wp-content\/uploads\/2023\/01\/Dynamotion-arrow-10.png\" alt=\"Dynamotion arrow-10\" itemprop=\"image\" height=\"56\" width=\"79\" title=\"Dynamotion arrow-10\" onerror=\"this.style.display='none'\"  \/>\n<h3>\n\t\tPodpora p\u0159i vy\u0159azov\u00e1n\u00ed \u0159ady za\u0159\u00edzen\u00ed ELAU\/PacDrive M\n\t<\/h3>\n\t<p>N\u00e1\u0161 t\u00fdm V\u00e1m pom\u016f\u017ee efektivn\u011b \u0159\u00eddit proces p\u0159echodu ze star\u0161\u00edch model\u016f za\u0159\u00edzen\u00ed ELAU\/PacDrive M na novou \u0159adu PacDrive 3, minimalizovat prostoje a zajistit kontinuitu v\u00fdroby.<\/p>\n\t\t\t\t<img decoding=\"async\" src=\"https:\/\/dynamotion.pl\/wp-content\/uploads\/2023\/01\/Dynamotion-arrow-10.png\" alt=\"Dynamotion arrow-10\" itemprop=\"image\" height=\"56\" width=\"79\" title=\"Dynamotion arrow-10\" onerror=\"this.style.display='none'\"  \/>\n<h3>\n\t\tPomoc s p\u0159\u00edpravou na nouzov\u00e9 situace.\n\t<\/h3>\n\t<p>Z\u00edsk\u00e1te mo\u017enost p\u0159\u00edm\u00e9ho kontaktu s odborn\u00edkem, kter\u00fd V\u00e1m pom\u016f\u017ee pln\u011b pochopit a vyu\u017e\u00edt potenci\u00e1l syst\u00e9m\u016f PacDrive.<\/p>\n\t\t\t\t<img decoding=\"async\" src=\"https:\/\/dynamotion.pl\/wp-content\/uploads\/2023\/01\/Dynamotion-arrow-10.png\" alt=\"Dynamotion arrow-10\" itemprop=\"image\" height=\"56\" width=\"79\" title=\"Dynamotion arrow-10\" onerror=\"this.style.display='none'\"  \/>\n<h3>\n\t\tStanoven\u00ed postup\u016f pro V\u00e1\u0161 strojov\u00fd park.\n\t<\/h3>\n\t<p>Provedeme audit za\u0159\u00edzen\u00ed a navrhneme optim\u00e1ln\u00ed postupy pro Va\u0161e stroje, abychom sn\u00ed\u017eili riziko prostoj\u016f b\u011bhem poruch vy\u0159azen\u00fdch syst\u00e9m\u016f.<\/p>\n\t\t\t\t<img decoding=\"async\" src=\"https:\/\/dynamotion.pl\/wp-content\/uploads\/2023\/01\/Dynamotion-arrow-10.png\" alt=\"Dynamotion arrow-10\" itemprop=\"image\" height=\"56\" width=\"79\" title=\"Dynamotion arrow-10\" onerror=\"this.style.display='none'\"  \/>\n<h3>\n\t\t P\u0159\u00edstup k technick\u00e9 podpo\u0159e a syst\u00e9mov\u00fdm program\u00e1tor\u016fm.\n\t<\/h3>\n\t<p>Z\u00edsk\u00e1te p\u0159\u00edstup k na\u0161\u00ed technick\u00e9 podpo\u0159e a zku\u0161en\u00fdm syst\u00e9mov\u00fdm program\u00e1tor\u016fm, kte\u0159\u00ed jsou p\u0159ipraveni pomoci v ka\u017ed\u00e9 situaci.<\/p>\n\t<p>S n\u00e1mi bude Va\u0161e firma l\u00e9pe p\u0159ipravena na budouc\u00ed v\u00fdzvy!<\/p>\n\t\t\t<a href=\"https:\/\/dynamotion.pl\/pacdrivem\/#formularz\" target=\"_self\">\n\t\t\t\t\t\t\tVypl\u0148te kontaktn\u00ed formul\u00e1\u0159\n\t\t\t\t\t<\/a>\n\t\t\t\t<img decoding=\"async\" src=\"https:\/\/dynamotion.pl\/wp-content\/uploads\/2021\/04\/Mateusz_Biega_110-1.png\" alt=\"Mateusz_Biega_110 (1)\" itemprop=\"image\" height=\"110\" width=\"110\" title=\"Mateusz_Biega_110 (1)\" onerror=\"this.style.display='none'\"  \/>\n\t<p>\u00dadr\u017eba stroje zalo\u017een\u00e9ho na za\u0159\u00edzen\u00edch, kter\u00e1 ji\u017e nejsou ve v\u00fdrob\u011b, m\u016f\u017ee b\u00fdt v p\u0159\u00edpad\u011b poruchy jednoho z nich velkou v\u00fdzvou. Migrace za\u0159\u00edzen\u00ed na novou s\u00e9rii PacDrive 3 znamen\u00e1 nejen sn\u00ed\u017een\u00ed rizika, ale tak\u00e9 <strong>vylep\u0161enou diagnostiku<\/strong>, rychlej\u0161\u00ed v\u00fdm\u011bnu za\u0159\u00edzen\u00ed a <strong>zv\u00fd\u0161en\u00ed energetick\u00e9<\/strong> \u00fa\u010dinnosti a\u017e o <strong>40 %.<\/strong><\/p>\n\t<p><em>&#8211; Mateusz Biega, Specialista na automatizaci balic\u00edch stroj\u016f, DYNAMOTION<\/em><\/p>\n<h2>\n\t\tKontakt\n\t<\/h2>\n\t\t\t\t<img decoding=\"async\" src=\"https:\/\/dynamotion.pl\/wp-content\/uploads\/2021\/04\/separator.png\" alt=\"separator\" itemprop=\"image\" height=\"4\" width=\"83\" title=\"separator\" onerror=\"this.style.display='none'\"  \/>\n\t<p><img decoding=\"async\" src=\"https:\/\/dynamotion.pl\/wp-content\/uploads\/2021\/04\/Dynamotion-arrow-09.svg\" alt=\"\" width=\"34\" height=\"24\" \/>tel. 12 306 73 90<\/p>\n\t<p><img decoding=\"async\" src=\"https:\/\/dynamotion.pl\/wp-content\/uploads\/2021\/04\/Dynamotion-arrow-09.svg\" alt=\"\" width=\"34\" height=\"24\" \/>info@dynamotion.pl<\/p>\n\t<p>ul. Feliksa Wrobela 5<\/p>\n\t<p>30-798 Krak\u00f3w<\/p>\n\t<iframe src=\"https:\/\/www.google.com\/maps\/embed\/v1\/place?q=ul.+Feliksa+Wrobela+5&#038;key=AIzaSyD09zQ9PNDNNy9TadMuzRV_UsPUoWKntt8\" aria-hidden=\"true\"><\/iframe>\n\n","protected":false},"excerpt":{"rendered":"<p>Ukon\u010den\u00ed \u0159ady ELAU &#8211; PacDrive MKonec servisn\u00ed podpory Prosinec 2024!Co d\u00e1l&#8230;? Zjist\u011bte, jak\u00e1 za\u0159\u00edzen\u00ed jsou sou\u010d\u00e1st\u00ed vy\u0159azen\u00e9 \u0159adya jak se p\u0159ipravit na mo\u017en\u00e9 nouzov\u00e9 situace Vypl\u0148te kontaktn\u00ed formul\u00e1\u0159 &nbsp; Kter\u00e1 za\u0159\u00edzen\u00ed zahrnuje ukon\u010den\u00ed \u017eivotn\u00edho cyklu? \u0158adi\u010de pohybu: V\u0161echny modely \u0159adi\u010d\u016f ELAU \/ PacDrive M C200\/C400\/C600 \u0158adi\u010de Max-4 (byly sta\u017eeny z prodeje v roce 2012) P\u0159\u00edslu\u0161enstv\u00ed,&hellip;<\/p>\n","protected":false},"author":3,"featured_media":5624,"parent":0,"menu_order":0,"comment_status":"closed","ping_status":"closed","template":"","meta":{"_acf_changed":false,"footnotes":""},"class_list":["post-4209","page","type-page","status-publish","has-post-thumbnail","hentry"],"acf":[],"yoast_head":"<!-- This site is optimized with the Yoast SEO plugin v27.4 - https:\/\/yoast.com\/product\/yoast-seo-wordpress\/ -->\n<title>PacDrive M - Ukon\u010den\u00ed podpory pro \u0159adu - Dynamotion<\/title>\n<meta name=\"description\" content=\"\u0158ada PacDrive M vy\u0159azena z v\u00fdroby a prodeje? Konec podpory a servisu - Prosinec 2024!! Pod\u00edvejte se, co d\u00e1l...\" \/>\n<meta name=\"robots\" content=\"index, follow, max-snippet:-1, max-image-preview:large, max-video-preview:-1\" \/>\n<link rel=\"canonical\" href=\"https:\/\/dynamotion.pl\/cs\/pacdrive-m-ukonceni-podpory-pro-radu\/\" \/>\n<meta property=\"og:locale\" content=\"cs_CZ\" \/>\n<meta property=\"og:type\" content=\"article\" \/>\n<meta property=\"og:title\" content=\"PacDrive M - Ukon\u010den\u00ed podpory pro \u0159adu\" \/>\n<meta property=\"og:description\" content=\"\u0158ada PacDrive M vy\u0159azena z v\u00fdroby a prodeje? Konec podpory a servisu - Prosinec 2024!! Pod\u00edvejte se, co d\u00e1l...\" \/>\n<meta property=\"og:url\" content=\"https:\/\/dynamotion.pl\/cs\/pacdrive-m-ukonceni-podpory-pro-radu\/\" \/>\n<meta property=\"og:site_name\" content=\"Dynamotion\" \/>\n<meta property=\"article:modified_time\" content=\"2025-02-03T13:25:13+00:00\" \/>\n<meta property=\"og:image\" content=\"https:\/\/dynamotion.pl\/wp-content\/uploads\/2024\/06\/WycofaniePacDrive-M-koniec-serwisu-2024-co-dalej-wsparcie-1024x577.jpg\" \/>\n<meta name=\"twitter:card\" content=\"summary_large_image\" \/>\n<meta name=\"twitter:label1\" content=\"Odhadovan\u00e1 doba \u010dten\u00ed\" \/>\n\t<meta name=\"twitter:data1\" content=\"7 minut\" \/>\n<script type=\"application\/ld+json\" class=\"yoast-schema-graph\">{\"@context\":\"https:\\\/\\\/schema.org\",\"@graph\":[{\"@type\":\"WebPage\",\"@id\":\"https:\\\/\\\/dynamotion.pl\\\/cs\\\/pacdrive-m-ukonceni-podpory-pro-radu\\\/\",\"url\":\"https:\\\/\\\/dynamotion.pl\\\/cs\\\/pacdrive-m-ukonceni-podpory-pro-radu\\\/\",\"name\":\"PacDrive M - Ukon\u010den\u00ed podpory pro \u0159adu - Dynamotion\",\"isPartOf\":{\"@id\":\"https:\\\/\\\/dynamotion.pl\\\/cs\\\/#website\"},\"primaryImageOfPage\":{\"@id\":\"https:\\\/\\\/dynamotion.pl\\\/cs\\\/pacdrive-m-ukonceni-podpory-pro-radu\\\/#primaryimage\"},\"image\":{\"@id\":\"https:\\\/\\\/dynamotion.pl\\\/cs\\\/pacdrive-m-ukonceni-podpory-pro-radu\\\/#primaryimage\"},\"thumbnailUrl\":\"https:\\\/\\\/dynamotion.pl\\\/wp-content\\\/uploads\\\/2026\\\/01\\\/1-scaled.jpg\",\"datePublished\":\"2024-06-24T06:14:31+00:00\",\"dateModified\":\"2025-02-03T13:25:13+00:00\",\"description\":\"\u0158ada PacDrive M vy\u0159azena z v\u00fdroby a prodeje? Konec podpory a servisu - Prosinec 2024!! Pod\u00edvejte se, co d\u00e1l...\",\"breadcrumb\":{\"@id\":\"https:\\\/\\\/dynamotion.pl\\\/cs\\\/pacdrive-m-ukonceni-podpory-pro-radu\\\/#breadcrumb\"},\"inLanguage\":\"cs\",\"potentialAction\":[{\"@type\":\"ReadAction\",\"target\":[\"https:\\\/\\\/dynamotion.pl\\\/cs\\\/pacdrive-m-ukonceni-podpory-pro-radu\\\/\"]}]},{\"@type\":\"ImageObject\",\"inLanguage\":\"cs\",\"@id\":\"https:\\\/\\\/dynamotion.pl\\\/cs\\\/pacdrive-m-ukonceni-podpory-pro-radu\\\/#primaryimage\",\"url\":\"https:\\\/\\\/dynamotion.pl\\\/wp-content\\\/uploads\\\/2026\\\/01\\\/1-scaled.jpg\",\"contentUrl\":\"https:\\\/\\\/dynamotion.pl\\\/wp-content\\\/uploads\\\/2026\\\/01\\\/1-scaled.jpg\",\"width\":2560,\"height\":1280,\"caption\":\"WycofaniePacDrive M koniec serwisu 2024 co dalej wsparcie\"},{\"@type\":\"BreadcrumbList\",\"@id\":\"https:\\\/\\\/dynamotion.pl\\\/cs\\\/pacdrive-m-ukonceni-podpory-pro-radu\\\/#breadcrumb\",\"itemListElement\":[{\"@type\":\"ListItem\",\"position\":1,\"name\":\"Strona g\u0142\u00f3wna\",\"item\":\"https:\\\/\\\/dynamotion.pl\\\/cs\\\/\"},{\"@type\":\"ListItem\",\"position\":2,\"name\":\"PacDrive M - Ukon\u010den\u00ed podpory pro \u0159adu\"}]},{\"@type\":\"WebSite\",\"@id\":\"https:\\\/\\\/dynamotion.pl\\\/cs\\\/#website\",\"url\":\"https:\\\/\\\/dynamotion.pl\\\/cs\\\/\",\"name\":\"Dynamotion\",\"description\":\"Nap\u0119dzamy przysz\u0142o\u015b\u0107 pakowania\",\"publisher\":{\"@id\":\"https:\\\/\\\/dynamotion.pl\\\/cs\\\/#organization\"},\"potentialAction\":[{\"@type\":\"SearchAction\",\"target\":{\"@type\":\"EntryPoint\",\"urlTemplate\":\"https:\\\/\\\/dynamotion.pl\\\/cs\\\/?s={search_term_string}\"},\"query-input\":{\"@type\":\"PropertyValueSpecification\",\"valueRequired\":true,\"valueName\":\"search_term_string\"}}],\"inLanguage\":\"cs\"},{\"@type\":\"Organization\",\"@id\":\"https:\\\/\\\/dynamotion.pl\\\/cs\\\/#organization\",\"name\":\"DYNAMOTION Sp. z o.o.\",\"url\":\"https:\\\/\\\/dynamotion.pl\\\/cs\\\/\",\"logo\":{\"@type\":\"ImageObject\",\"inLanguage\":\"cs\",\"@id\":\"https:\\\/\\\/dynamotion.pl\\\/cs\\\/#\\\/schema\\\/logo\\\/image\\\/\",\"url\":\"https:\\\/\\\/dynamotion.pl\\\/wp-content\\\/uploads\\\/2021\\\/08\\\/sygnet_stopka.png\",\"contentUrl\":\"https:\\\/\\\/dynamotion.pl\\\/wp-content\\\/uploads\\\/2021\\\/08\\\/sygnet_stopka.png\",\"width\":128,\"height\":112,\"caption\":\"DYNAMOTION Sp. z o.o.\"},\"image\":{\"@id\":\"https:\\\/\\\/dynamotion.pl\\\/cs\\\/#\\\/schema\\\/logo\\\/image\\\/\"}}]}<\/script>\n<!-- \/ Yoast SEO plugin. -->","yoast_head_json":{"title":"PacDrive M - Ukon\u010den\u00ed podpory pro \u0159adu - Dynamotion","description":"\u0158ada PacDrive M vy\u0159azena z v\u00fdroby a prodeje? Konec podpory a servisu - Prosinec 2024!! Pod\u00edvejte se, co d\u00e1l...","robots":{"index":"index","follow":"follow","max-snippet":"max-snippet:-1","max-image-preview":"max-image-preview:large","max-video-preview":"max-video-preview:-1"},"canonical":"https:\/\/dynamotion.pl\/cs\/pacdrive-m-ukonceni-podpory-pro-radu\/","og_locale":"cs_CZ","og_type":"article","og_title":"PacDrive M - Ukon\u010den\u00ed podpory pro \u0159adu","og_description":"\u0158ada PacDrive M vy\u0159azena z v\u00fdroby a prodeje? Konec podpory a servisu - Prosinec 2024!! Pod\u00edvejte se, co d\u00e1l...","og_url":"https:\/\/dynamotion.pl\/cs\/pacdrive-m-ukonceni-podpory-pro-radu\/","og_site_name":"Dynamotion","article_modified_time":"2025-02-03T13:25:13+00:00","og_image":[{"url":"https:\/\/dynamotion.pl\/wp-content\/uploads\/2024\/06\/WycofaniePacDrive-M-koniec-serwisu-2024-co-dalej-wsparcie-1024x577.jpg","type":"","width":"","height":""}],"twitter_card":"summary_large_image","twitter_misc":{"Odhadovan\u00e1 doba \u010dten\u00ed":"7 minut"},"schema":{"@context":"https:\/\/schema.org","@graph":[{"@type":"WebPage","@id":"https:\/\/dynamotion.pl\/cs\/pacdrive-m-ukonceni-podpory-pro-radu\/","url":"https:\/\/dynamotion.pl\/cs\/pacdrive-m-ukonceni-podpory-pro-radu\/","name":"PacDrive M - Ukon\u010den\u00ed podpory pro \u0159adu - Dynamotion","isPartOf":{"@id":"https:\/\/dynamotion.pl\/cs\/#website"},"primaryImageOfPage":{"@id":"https:\/\/dynamotion.pl\/cs\/pacdrive-m-ukonceni-podpory-pro-radu\/#primaryimage"},"image":{"@id":"https:\/\/dynamotion.pl\/cs\/pacdrive-m-ukonceni-podpory-pro-radu\/#primaryimage"},"thumbnailUrl":"https:\/\/dynamotion.pl\/wp-content\/uploads\/2026\/01\/1-scaled.jpg","datePublished":"2024-06-24T06:14:31+00:00","dateModified":"2025-02-03T13:25:13+00:00","description":"\u0158ada PacDrive M vy\u0159azena z v\u00fdroby a prodeje? Konec podpory a servisu - Prosinec 2024!! Pod\u00edvejte se, co d\u00e1l...","breadcrumb":{"@id":"https:\/\/dynamotion.pl\/cs\/pacdrive-m-ukonceni-podpory-pro-radu\/#breadcrumb"},"inLanguage":"cs","potentialAction":[{"@type":"ReadAction","target":["https:\/\/dynamotion.pl\/cs\/pacdrive-m-ukonceni-podpory-pro-radu\/"]}]},{"@type":"ImageObject","inLanguage":"cs","@id":"https:\/\/dynamotion.pl\/cs\/pacdrive-m-ukonceni-podpory-pro-radu\/#primaryimage","url":"https:\/\/dynamotion.pl\/wp-content\/uploads\/2026\/01\/1-scaled.jpg","contentUrl":"https:\/\/dynamotion.pl\/wp-content\/uploads\/2026\/01\/1-scaled.jpg","width":2560,"height":1280,"caption":"WycofaniePacDrive M koniec serwisu 2024 co dalej wsparcie"},{"@type":"BreadcrumbList","@id":"https:\/\/dynamotion.pl\/cs\/pacdrive-m-ukonceni-podpory-pro-radu\/#breadcrumb","itemListElement":[{"@type":"ListItem","position":1,"name":"Strona g\u0142\u00f3wna","item":"https:\/\/dynamotion.pl\/cs\/"},{"@type":"ListItem","position":2,"name":"PacDrive M - Ukon\u010den\u00ed podpory pro \u0159adu"}]},{"@type":"WebSite","@id":"https:\/\/dynamotion.pl\/cs\/#website","url":"https:\/\/dynamotion.pl\/cs\/","name":"Dynamotion","description":"Nap\u0119dzamy przysz\u0142o\u015b\u0107 pakowania","publisher":{"@id":"https:\/\/dynamotion.pl\/cs\/#organization"},"potentialAction":[{"@type":"SearchAction","target":{"@type":"EntryPoint","urlTemplate":"https:\/\/dynamotion.pl\/cs\/?s={search_term_string}"},"query-input":{"@type":"PropertyValueSpecification","valueRequired":true,"valueName":"search_term_string"}}],"inLanguage":"cs"},{"@type":"Organization","@id":"https:\/\/dynamotion.pl\/cs\/#organization","name":"DYNAMOTION Sp. z o.o.","url":"https:\/\/dynamotion.pl\/cs\/","logo":{"@type":"ImageObject","inLanguage":"cs","@id":"https:\/\/dynamotion.pl\/cs\/#\/schema\/logo\/image\/","url":"https:\/\/dynamotion.pl\/wp-content\/uploads\/2021\/08\/sygnet_stopka.png","contentUrl":"https:\/\/dynamotion.pl\/wp-content\/uploads\/2021\/08\/sygnet_stopka.png","width":128,"height":112,"caption":"DYNAMOTION Sp. z o.o."},"image":{"@id":"https:\/\/dynamotion.pl\/cs\/#\/schema\/logo\/image\/"}}]}},"_links":{"self":[{"href":"https:\/\/dynamotion.pl\/cs\/wp-json\/wp\/v2\/pages\/4209","targetHints":{"allow":["GET"]}}],"collection":[{"href":"https:\/\/dynamotion.pl\/cs\/wp-json\/wp\/v2\/pages"}],"about":[{"href":"https:\/\/dynamotion.pl\/cs\/wp-json\/wp\/v2\/types\/page"}],"author":[{"embeddable":true,"href":"https:\/\/dynamotion.pl\/cs\/wp-json\/wp\/v2\/users\/3"}],"replies":[{"embeddable":true,"href":"https:\/\/dynamotion.pl\/cs\/wp-json\/wp\/v2\/comments?post=4209"}],"version-history":[{"count":2,"href":"https:\/\/dynamotion.pl\/cs\/wp-json\/wp\/v2\/pages\/4209\/revisions"}],"predecessor-version":[{"id":4216,"href":"https:\/\/dynamotion.pl\/cs\/wp-json\/wp\/v2\/pages\/4209\/revisions\/4216"}],"wp:featuredmedia":[{"embeddable":true,"href":"https:\/\/dynamotion.pl\/cs\/wp-json\/wp\/v2\/media\/5624"}],"wp:attachment":[{"href":"https:\/\/dynamotion.pl\/cs\/wp-json\/wp\/v2\/media?parent=4209"}],"curies":[{"name":"wp","href":"https:\/\/api.w.org\/{rel}","templated":true}]}}