{"id":4191,"date":"2021-03-26T18:29:53","date_gmt":"2021-03-26T17:29:53","guid":{"rendered":"https:\/\/dynamotion.pl\/home\/"},"modified":"2025-02-03T00:23:18","modified_gmt":"2025-02-02T23:23:18","slug":"home","status":"publish","type":"page","link":"https:\/\/dynamotion.pl\/de\/","title":{"rendered":"Home"},"content":{"rendered":"\n<h2>\n\t\tSchneider Electric\n\t<\/h2>\n\t<p>Als Schneider Electric Alliance Industrial Automation Distributor bieten wir spezialisiertes Wissen und Erfahrung f\u00fcr die Umsetzung fortschrittlicher und komplexer industrieller Projekte. Wir liefern ein umfangreiches Sortiment an Schneider Electric-Ger\u00e4ten, die speziell f\u00fcr Verpackungsmaschinen entwickelt wurden, sowie Delta-Industrieroboter und Module f\u00fcr kartesische Mechanik. <\/p>\n<p>&nbsp;<\/p>\n\t\t\t<a href=\"https:\/\/dynamotion.pl\/oferta\/schneider-electric\/\" target=\"_self\">\n\t\t\t\t\t\t\tEntdecken Sie unser Angebot\n\t\t\t\t\t<\/a>\n<h2>\n\t\t<br \/>Telemecanique Sensors\n\t<\/h2>\n\t<p>Die Produkte von Telemecanique Sensors sind die Quintessenz der fortschrittlichsten Technologie. Entdecken Sie das breite Sortiment an Produkten f\u00fcr Erkennung und \u00dcberwachung. <\/p>\n\t\t\t<a href=\"https:\/\/dynamotion.pl\/oferta\/telemecanique-sensors\/\" target=\"_self\">\n\t\t\t\t\t\t\tEntdecken Sie unsere Produkte\n\t\t\t\t\t<\/a>\n<h2>\n\t\tSchulungen und Kurse\n\t<\/h2>\n\t<p>Entdecken Sie unser Schulungsangebot, das sich an Automatisierungs- und Industrial-Robotik-Integratoren, Maschinenhersteller, Mitarbeiter der Automatisierungs- und Instandhaltungsteams sowie an die F\u00fchrungskr\u00e4fte in Produktionsst\u00e4tten richtet.<\/p>\n\t\t\t<a href=\"https:\/\/dynamotion.pl\/szkolenia\/\" target=\"_self\">\n\t\t\t\t\t\t\tEntdecken Sie unser Angebot\n\t\t\t\t\t<\/a>\n\t\t\t\t<img decoding=\"async\" src=\"https:\/\/dynamotion.pl\/wp-content\/uploads\/2021\/08\/03_kursy_green.png\" alt=\"Kursy\" itemprop=\"image\" height=\"409\" width=\"409\" title=\"Kursy\" onerror=\"this.style.display='none'\"  \/>\n<h2>\n\t\tOnline-Shop\n\t<\/h2>\n\t<p>Kaufen Sie Produkte von Telemecanique Sensors bequemer! Entdecken Sie das Angebot unseres Online-Shops!<\/p>\n\t\t\t<a href=\"https:\/\/sklep.dynamotion.pl\/sklep\/\" target=\"_self\">\n\t\t\t\t\t\t\tBesuchen Sie den Shop\n\t\t\t\t\t<\/a>\n<h2>\n\t\tWissensdatenbank\n\t<\/h2>\n\t<p>Hast du Fragen? Zweifel? Brauchst du eine Dosis technisches Wissen? Oder interessierst du dich einfach f\u00fcr Automatisierung, Robotik und Verpackung? Schau dir die Videos an, lies die Artikel und erfahre mehr!   <\/p>\n\t\t\t<a href=\"https:\/\/dynamotion.pl\/en\/wiedza\/\" target=\"_self\">\n\t\t\t\t\t\t\tErfahren Sie mehr\n\t\t\t\t\t<\/a>\n\t\t\t\t<img decoding=\"async\" src=\"https:\/\/dynamotion.pl\/wp-content\/uploads\/2021\/04\/Dla-klienta-baner.png\" alt=\"Dla klienta DYNAMOTION\" itemprop=\"image\" height=\"365\" width=\"412\" title=\"Dla klienta DYNAMOTION\" onerror=\"this.style.display='none'\"  \/>\n<h2>\n\t\tMa\u00dfgeschneiderte L\u00f6sungen\n\t<\/h2>\n\tWir k\u00fcmmern uns um Ihr Gesch\u00e4ft,<br \/>\ndenn wir verstehen, dass Sie eine L\u00f6sung ben\u00f6tigen,<br \/>\ndie auf Ihre Bed\u00fcrfnisse zugeschnitten ist.\n\t\t\t<a href=\"https:\/\/dynamotion.pl\/en\/wsparcie\/\" target=\"_self\">\n\t\t\t\t\t\t\tErlauben Sie uns, uns um Sie zu k\u00fcmmern.\n\t\t\t\t\t<\/a>\n<h2>\n\t\tWir warten auf Ihr Zeichen.\n\t<\/h2>\n\tAlle bei uns gekauften Produkte sind<br \/>\nmit einer 18-monatigen Garantie versehen. <br \/>Wenn Sie Beratung oder technische Unterst\u00fctzung ben\u00f6tigen &#8211; k\u00f6nnen Sie sich auf uns verlassen. \n\t\t\t<a href=\"https:\/\/dynamotion.pl\/en\/o-nas\/\" target=\"_self\">\n\t\t\t\t\t\t\tLernen Sie uns besser kennen.\n\t\t\t\t\t<\/a>\n\t\t\t\t<img decoding=\"async\" src=\"https:\/\/dynamotion.pl\/wp-content\/uploads\/2021\/04\/Wsparcie-baner.png\" alt=\"Wsparcie DYNAMOTION\" itemprop=\"image\" height=\"395\" width=\"350\" title=\"Wsparcie DYNAMOTION\" onerror=\"this.style.display='none'\"  \/>\n\n","protected":false},"excerpt":{"rendered":"<p>Schneider Electric Als Schneider Electric Alliance Industrial Automation Distributor bieten wir spezialisiertes Wissen und Erfahrung f\u00fcr die Umsetzung fortschrittlicher und komplexer industrieller Projekte. Wir liefern ein umfangreiches Sortiment an Schneider Electric-Ger\u00e4ten, die speziell f\u00fcr Verpackungsmaschinen entwickelt wurden, sowie Delta-Industrieroboter und Module f\u00fcr kartesische Mechanik. &nbsp; Entdecken Sie unser Angebot Telemecanique Sensors Die Produkte von Telemecanique&hellip;<\/p>\n","protected":false},"author":1,"featured_media":0,"parent":0,"menu_order":0,"comment_status":"closed","ping_status":"closed","template":"","meta":{"_acf_changed":false,"footnotes":""},"class_list":["post-4191","page","type-page","status-publish","hentry"],"acf":[],"yoast_head":"<!-- This site is optimized with the Yoast SEO plugin v26.2 - https:\/\/yoast.com\/wordpress\/plugins\/seo\/ -->\n<title>Home - Dynamotion<\/title>\n<meta name=\"description\" content=\"DYNAMOTION - Wir treiben die Zukunft der Verpackung an. Wir helfen dabei, die schnellsten Verpackungsmaschinen der Welt f\u00fcr die FMCG-Branche zu entwickeln und zu warten.\" \/>\n<meta name=\"robots\" content=\"index, follow, max-snippet:-1, max-image-preview:large, max-video-preview:-1\" \/>\n<link rel=\"canonical\" href=\"https:\/\/dynamotion.pl\/de\/\" \/>\n<meta property=\"og:locale\" content=\"de_DE\" \/>\n<meta property=\"og:type\" content=\"article\" \/>\n<meta property=\"og:title\" content=\"DYNAMOTION\" \/>\n<meta property=\"og:description\" content=\"DYNAMOTION - Wir treiben die Zukunft der Verpackung an. Wir helfen dabei, die schnellsten Verpackungsmaschinen der Welt f\u00fcr die FMCG-Branche zu entwickeln und zu warten.\" \/>\n<meta property=\"og:url\" content=\"https:\/\/dynamotion.pl\/de\/\" \/>\n<meta property=\"og:site_name\" content=\"Dynamotion\" \/>\n<meta property=\"article:modified_time\" content=\"2025-02-02T23:23:18+00:00\" \/>\n<meta property=\"og:image\" content=\"https:\/\/dynamotion.pl\/wp-content\/uploads\/2021\/12\/Rozwiazanie-pakowania-zbiorczego.jpg\" \/>\n<meta name=\"twitter:card\" content=\"summary_large_image\" \/>\n<meta name=\"twitter:title\" content=\"DYNAMOTION\" \/>\n<meta name=\"twitter:description\" content=\"DYNAMOTION - Wir treiben die Zukunft der Verpackung an. Wir helfen dabei, die schnellsten Verpackungsmaschinen der Welt f\u00fcr die FMCG-Branche zu entwickeln und zu warten.\" \/>\n<meta name=\"twitter:image\" content=\"https:\/\/dynamotion.pl\/wp-content\/uploads\/2021\/12\/Rozwiazanie-pakowania-zbiorczego.jpg\" \/>\n<meta name=\"twitter:label1\" content=\"Gesch\u00e4tzte Lesezeit\" \/>\n\t<meta name=\"twitter:data1\" content=\"3\u00a0Minuten\" \/>\n<script type=\"application\/ld+json\" class=\"yoast-schema-graph\">{\"@context\":\"https:\/\/schema.org\",\"@graph\":[{\"@type\":\"WebPage\",\"@id\":\"https:\/\/dynamotion.pl\/de\/\",\"url\":\"https:\/\/dynamotion.pl\/de\/\",\"name\":\"Home - Dynamotion\",\"isPartOf\":{\"@id\":\"https:\/\/dynamotion.pl\/de\/#website\"},\"primaryImageOfPage\":{\"@id\":\"https:\/\/dynamotion.pl\/de\/#primaryimage\"},\"image\":{\"@id\":\"https:\/\/dynamotion.pl\/de\/#primaryimage\"},\"thumbnailUrl\":\"https:\/\/dynamotion.pl\/wp-content\/uploads\/2021\/08\/03_kursy_green.png\",\"datePublished\":\"2021-03-26T17:29:53+00:00\",\"dateModified\":\"2025-02-02T23:23:18+00:00\",\"description\":\"DYNAMOTION - Wir treiben die Zukunft der Verpackung an. Wir helfen dabei, die schnellsten Verpackungsmaschinen der Welt f\u00fcr die FMCG-Branche zu entwickeln und zu warten.\",\"breadcrumb\":{\"@id\":\"https:\/\/dynamotion.pl\/de\/#breadcrumb\"},\"inLanguage\":\"de\",\"potentialAction\":[{\"@type\":\"ReadAction\",\"target\":[\"https:\/\/dynamotion.pl\/de\/\"]}]},{\"@type\":\"ImageObject\",\"inLanguage\":\"de\",\"@id\":\"https:\/\/dynamotion.pl\/de\/#primaryimage\",\"url\":\"https:\/\/dynamotion.pl\/wp-content\/uploads\/2021\/08\/03_kursy_green.png\",\"contentUrl\":\"https:\/\/dynamotion.pl\/wp-content\/uploads\/2021\/08\/03_kursy_green.png\"},{\"@type\":\"BreadcrumbList\",\"@id\":\"https:\/\/dynamotion.pl\/de\/#breadcrumb\",\"itemListElement\":[{\"@type\":\"ListItem\",\"position\":1,\"name\":\"Strona g\u0142\u00f3wna\",\"item\":\"https:\/\/dynamotion.pl\/de\/\"},{\"@type\":\"ListItem\",\"position\":2,\"name\":\"hompage dynamotion krak\u00f3w smole\u0144sk automatyzacja maszyn pakuj\u0105cych\"}]},{\"@type\":\"WebSite\",\"@id\":\"https:\/\/dynamotion.pl\/de\/#website\",\"url\":\"https:\/\/dynamotion.pl\/de\/\",\"name\":\"Dynamotion\",\"description\":\"Nap\u0119dzamy przysz\u0142o\u015b\u0107 pakowania\",\"publisher\":{\"@id\":\"https:\/\/dynamotion.pl\/de\/#organization\"},\"potentialAction\":[{\"@type\":\"SearchAction\",\"target\":{\"@type\":\"EntryPoint\",\"urlTemplate\":\"https:\/\/dynamotion.pl\/de\/?s={search_term_string}\"},\"query-input\":{\"@type\":\"PropertyValueSpecification\",\"valueRequired\":true,\"valueName\":\"search_term_string\"}}],\"inLanguage\":\"de\"},{\"@type\":\"Organization\",\"@id\":\"https:\/\/dynamotion.pl\/de\/#organization\",\"name\":\"DYNAMOTION Sp. z o.o.\",\"url\":\"https:\/\/dynamotion.pl\/de\/\",\"logo\":{\"@type\":\"ImageObject\",\"inLanguage\":\"de\",\"@id\":\"https:\/\/dynamotion.pl\/de\/#\/schema\/logo\/image\/\",\"url\":\"https:\/\/dynamotion.pl\/wp-content\/uploads\/2021\/08\/sygnet_stopka.png\",\"contentUrl\":\"https:\/\/dynamotion.pl\/wp-content\/uploads\/2021\/08\/sygnet_stopka.png\",\"width\":128,\"height\":112,\"caption\":\"DYNAMOTION Sp. z o.o.\"},\"image\":{\"@id\":\"https:\/\/dynamotion.pl\/de\/#\/schema\/logo\/image\/\"}}]}<\/script>\n<!-- \/ Yoast SEO plugin. -->","yoast_head_json":{"title":"Home - Dynamotion","description":"DYNAMOTION - Wir treiben die Zukunft der Verpackung an. Wir helfen dabei, die schnellsten Verpackungsmaschinen der Welt f\u00fcr die FMCG-Branche zu entwickeln und zu warten.","robots":{"index":"index","follow":"follow","max-snippet":"max-snippet:-1","max-image-preview":"max-image-preview:large","max-video-preview":"max-video-preview:-1"},"canonical":"https:\/\/dynamotion.pl\/de\/","og_locale":"de_DE","og_type":"article","og_title":"DYNAMOTION","og_description":"DYNAMOTION - Wir treiben die Zukunft der Verpackung an. Wir helfen dabei, die schnellsten Verpackungsmaschinen der Welt f\u00fcr die FMCG-Branche zu entwickeln und zu warten.","og_url":"https:\/\/dynamotion.pl\/de\/","og_site_name":"Dynamotion","article_modified_time":"2025-02-02T23:23:18+00:00","og_image":[{"url":"https:\/\/dynamotion.pl\/wp-content\/uploads\/2021\/12\/Rozwiazanie-pakowania-zbiorczego.jpg","type":"","width":"","height":""}],"twitter_card":"summary_large_image","twitter_title":"DYNAMOTION","twitter_description":"DYNAMOTION - Wir treiben die Zukunft der Verpackung an. Wir helfen dabei, die schnellsten Verpackungsmaschinen der Welt f\u00fcr die FMCG-Branche zu entwickeln und zu warten.","twitter_image":"https:\/\/dynamotion.pl\/wp-content\/uploads\/2021\/12\/Rozwiazanie-pakowania-zbiorczego.jpg","twitter_misc":{"Gesch\u00e4tzte Lesezeit":"3\u00a0Minuten"},"schema":{"@context":"https:\/\/schema.org","@graph":[{"@type":"WebPage","@id":"https:\/\/dynamotion.pl\/de\/","url":"https:\/\/dynamotion.pl\/de\/","name":"Home - Dynamotion","isPartOf":{"@id":"https:\/\/dynamotion.pl\/de\/#website"},"primaryImageOfPage":{"@id":"https:\/\/dynamotion.pl\/de\/#primaryimage"},"image":{"@id":"https:\/\/dynamotion.pl\/de\/#primaryimage"},"thumbnailUrl":"https:\/\/dynamotion.pl\/wp-content\/uploads\/2021\/08\/03_kursy_green.png","datePublished":"2021-03-26T17:29:53+00:00","dateModified":"2025-02-02T23:23:18+00:00","description":"DYNAMOTION - Wir treiben die Zukunft der Verpackung an. Wir helfen dabei, die schnellsten Verpackungsmaschinen der Welt f\u00fcr die FMCG-Branche zu entwickeln und zu warten.","breadcrumb":{"@id":"https:\/\/dynamotion.pl\/de\/#breadcrumb"},"inLanguage":"de","potentialAction":[{"@type":"ReadAction","target":["https:\/\/dynamotion.pl\/de\/"]}]},{"@type":"ImageObject","inLanguage":"de","@id":"https:\/\/dynamotion.pl\/de\/#primaryimage","url":"https:\/\/dynamotion.pl\/wp-content\/uploads\/2021\/08\/03_kursy_green.png","contentUrl":"https:\/\/dynamotion.pl\/wp-content\/uploads\/2021\/08\/03_kursy_green.png"},{"@type":"BreadcrumbList","@id":"https:\/\/dynamotion.pl\/de\/#breadcrumb","itemListElement":[{"@type":"ListItem","position":1,"name":"Strona g\u0142\u00f3wna","item":"https:\/\/dynamotion.pl\/de\/"},{"@type":"ListItem","position":2,"name":"hompage dynamotion krak\u00f3w smole\u0144sk automatyzacja maszyn pakuj\u0105cych"}]},{"@type":"WebSite","@id":"https:\/\/dynamotion.pl\/de\/#website","url":"https:\/\/dynamotion.pl\/de\/","name":"Dynamotion","description":"Nap\u0119dzamy przysz\u0142o\u015b\u0107 pakowania","publisher":{"@id":"https:\/\/dynamotion.pl\/de\/#organization"},"potentialAction":[{"@type":"SearchAction","target":{"@type":"EntryPoint","urlTemplate":"https:\/\/dynamotion.pl\/de\/?s={search_term_string}"},"query-input":{"@type":"PropertyValueSpecification","valueRequired":true,"valueName":"search_term_string"}}],"inLanguage":"de"},{"@type":"Organization","@id":"https:\/\/dynamotion.pl\/de\/#organization","name":"DYNAMOTION Sp. z o.o.","url":"https:\/\/dynamotion.pl\/de\/","logo":{"@type":"ImageObject","inLanguage":"de","@id":"https:\/\/dynamotion.pl\/de\/#\/schema\/logo\/image\/","url":"https:\/\/dynamotion.pl\/wp-content\/uploads\/2021\/08\/sygnet_stopka.png","contentUrl":"https:\/\/dynamotion.pl\/wp-content\/uploads\/2021\/08\/sygnet_stopka.png","width":128,"height":112,"caption":"DYNAMOTION Sp. z o.o."},"image":{"@id":"https:\/\/dynamotion.pl\/de\/#\/schema\/logo\/image\/"}}]}},"_links":{"self":[{"href":"https:\/\/dynamotion.pl\/de\/wp-json\/wp\/v2\/pages\/4191","targetHints":{"allow":["GET"]}}],"collection":[{"href":"https:\/\/dynamotion.pl\/de\/wp-json\/wp\/v2\/pages"}],"about":[{"href":"https:\/\/dynamotion.pl\/de\/wp-json\/wp\/v2\/types\/page"}],"author":[{"embeddable":true,"href":"https:\/\/dynamotion.pl\/de\/wp-json\/wp\/v2\/users\/1"}],"replies":[{"embeddable":true,"href":"https:\/\/dynamotion.pl\/de\/wp-json\/wp\/v2\/comments?post=4191"}],"version-history":[{"count":3,"href":"https:\/\/dynamotion.pl\/de\/wp-json\/wp\/v2\/pages\/4191\/revisions"}],"predecessor-version":[{"id":4195,"href":"https:\/\/dynamotion.pl\/de\/wp-json\/wp\/v2\/pages\/4191\/revisions\/4195"}],"wp:attachment":[{"href":"https:\/\/dynamotion.pl\/de\/wp-json\/wp\/v2\/media?parent=4191"}],"curies":[{"name":"wp","href":"https:\/\/api.w.org\/{rel}","templated":true}]}}