{"id":4197,"date":"2021-03-26T18:30:53","date_gmt":"2021-03-26T17:30:53","guid":{"rendered":"https:\/\/dynamotion.pl\/kontakt\/"},"modified":"2025-02-03T08:18:26","modified_gmt":"2025-02-03T07:18:26","slug":"kontakt","status":"publish","type":"page","link":"https:\/\/dynamotion.pl\/de\/kontakt\/","title":{"rendered":"Kontakt"},"content":{"rendered":"","protected":false},"excerpt":{"rendered":"","protected":false},"author":1,"featured_media":0,"parent":0,"menu_order":0,"comment_status":"closed","ping_status":"closed","template":"","meta":{"_acf_changed":false,"footnotes":""},"class_list":["post-4197","page","type-page","status-publish","hentry"],"acf":[],"yoast_head":"<!-- This site is optimized with the Yoast SEO plugin v26.2 - https:\/\/yoast.com\/wordpress\/plugins\/seo\/ -->\n<title>Kontakt - Dynamotion<\/title>\n<meta name=\"description\" content=\"Ben\u00f6tigen Sie Beratung oder Unterst\u00fctzung im Bereich PacDrive-Servoantriebe oder Preventa-Sicherheitssysteme? Unsere Experten helfen Ihnen gerne weiter!\" \/>\n<meta name=\"robots\" content=\"index, follow, max-snippet:-1, max-image-preview:large, max-video-preview:-1\" \/>\n<link rel=\"canonical\" href=\"https:\/\/dynamotion.pl\/de\/kontakt\/\" \/>\n<meta property=\"og:locale\" content=\"de_DE\" \/>\n<meta property=\"og:type\" content=\"article\" \/>\n<meta property=\"og:title\" content=\"Kontakt - Dynamotion\" \/>\n<meta property=\"og:description\" content=\"Ben\u00f6tigen Sie Beratung oder Unterst\u00fctzung im Bereich PacDrive-Servoantriebe oder Preventa-Sicherheitssysteme? Unsere Experten helfen Ihnen gerne weiter!\" \/>\n<meta property=\"og:url\" content=\"https:\/\/dynamotion.pl\/de\/kontakt\/\" \/>\n<meta property=\"og:site_name\" content=\"Dynamotion\" \/>\n<meta property=\"article:modified_time\" content=\"2025-02-03T07:18:26+00:00\" \/>\n<meta name=\"twitter:card\" content=\"summary_large_image\" \/>\n<script type=\"application\/ld+json\" class=\"yoast-schema-graph\">{\"@context\":\"https:\/\/schema.org\",\"@graph\":[{\"@type\":\"WebPage\",\"@id\":\"https:\/\/dynamotion.pl\/de\/kontakt\/\",\"url\":\"https:\/\/dynamotion.pl\/de\/kontakt\/\",\"name\":\"Kontakt - Dynamotion\",\"isPartOf\":{\"@id\":\"https:\/\/dynamotion.pl\/de\/#website\"},\"datePublished\":\"2021-03-26T17:30:53+00:00\",\"dateModified\":\"2025-02-03T07:18:26+00:00\",\"description\":\"Ben\u00f6tigen Sie Beratung oder Unterst\u00fctzung im Bereich PacDrive-Servoantriebe oder Preventa-Sicherheitssysteme? Unsere Experten helfen Ihnen gerne weiter!\",\"breadcrumb\":{\"@id\":\"https:\/\/dynamotion.pl\/de\/kontakt\/#breadcrumb\"},\"inLanguage\":\"de\",\"potentialAction\":[{\"@type\":\"ReadAction\",\"target\":[\"https:\/\/dynamotion.pl\/de\/kontakt\/\"]}]},{\"@type\":\"BreadcrumbList\",\"@id\":\"https:\/\/dynamotion.pl\/de\/kontakt\/#breadcrumb\",\"itemListElement\":[{\"@type\":\"ListItem\",\"position\":1,\"name\":\"Strona g\u0142\u00f3wna\",\"item\":\"https:\/\/dynamotion.pl\/de\/\"},{\"@type\":\"ListItem\",\"position\":2,\"name\":\"Kontakt\"}]},{\"@type\":\"WebSite\",\"@id\":\"https:\/\/dynamotion.pl\/de\/#website\",\"url\":\"https:\/\/dynamotion.pl\/de\/\",\"name\":\"Dynamotion\",\"description\":\"Nap\u0119dzamy przysz\u0142o\u015b\u0107 pakowania\",\"publisher\":{\"@id\":\"https:\/\/dynamotion.pl\/de\/#organization\"},\"potentialAction\":[{\"@type\":\"SearchAction\",\"target\":{\"@type\":\"EntryPoint\",\"urlTemplate\":\"https:\/\/dynamotion.pl\/de\/?s={search_term_string}\"},\"query-input\":{\"@type\":\"PropertyValueSpecification\",\"valueRequired\":true,\"valueName\":\"search_term_string\"}}],\"inLanguage\":\"de\"},{\"@type\":\"Organization\",\"@id\":\"https:\/\/dynamotion.pl\/de\/#organization\",\"name\":\"DYNAMOTION Sp. z o.o.\",\"url\":\"https:\/\/dynamotion.pl\/de\/\",\"logo\":{\"@type\":\"ImageObject\",\"inLanguage\":\"de\",\"@id\":\"https:\/\/dynamotion.pl\/de\/#\/schema\/logo\/image\/\",\"url\":\"https:\/\/dynamotion.pl\/wp-content\/uploads\/2021\/08\/sygnet_stopka.png\",\"contentUrl\":\"https:\/\/dynamotion.pl\/wp-content\/uploads\/2021\/08\/sygnet_stopka.png\",\"width\":128,\"height\":112,\"caption\":\"DYNAMOTION Sp. z o.o.\"},\"image\":{\"@id\":\"https:\/\/dynamotion.pl\/de\/#\/schema\/logo\/image\/\"}}]}<\/script>\n<!-- \/ Yoast SEO plugin. -->","yoast_head_json":{"title":"Kontakt - Dynamotion","description":"Ben\u00f6tigen Sie Beratung oder Unterst\u00fctzung im Bereich PacDrive-Servoantriebe oder Preventa-Sicherheitssysteme? Unsere Experten helfen Ihnen gerne weiter!","robots":{"index":"index","follow":"follow","max-snippet":"max-snippet:-1","max-image-preview":"max-image-preview:large","max-video-preview":"max-video-preview:-1"},"canonical":"https:\/\/dynamotion.pl\/de\/kontakt\/","og_locale":"de_DE","og_type":"article","og_title":"Kontakt - Dynamotion","og_description":"Ben\u00f6tigen Sie Beratung oder Unterst\u00fctzung im Bereich PacDrive-Servoantriebe oder Preventa-Sicherheitssysteme? Unsere Experten helfen Ihnen gerne weiter!","og_url":"https:\/\/dynamotion.pl\/de\/kontakt\/","og_site_name":"Dynamotion","article_modified_time":"2025-02-03T07:18:26+00:00","twitter_card":"summary_large_image","schema":{"@context":"https:\/\/schema.org","@graph":[{"@type":"WebPage","@id":"https:\/\/dynamotion.pl\/de\/kontakt\/","url":"https:\/\/dynamotion.pl\/de\/kontakt\/","name":"Kontakt - Dynamotion","isPartOf":{"@id":"https:\/\/dynamotion.pl\/de\/#website"},"datePublished":"2021-03-26T17:30:53+00:00","dateModified":"2025-02-03T07:18:26+00:00","description":"Ben\u00f6tigen Sie Beratung oder Unterst\u00fctzung im Bereich PacDrive-Servoantriebe oder Preventa-Sicherheitssysteme? Unsere Experten helfen Ihnen gerne weiter!","breadcrumb":{"@id":"https:\/\/dynamotion.pl\/de\/kontakt\/#breadcrumb"},"inLanguage":"de","potentialAction":[{"@type":"ReadAction","target":["https:\/\/dynamotion.pl\/de\/kontakt\/"]}]},{"@type":"BreadcrumbList","@id":"https:\/\/dynamotion.pl\/de\/kontakt\/#breadcrumb","itemListElement":[{"@type":"ListItem","position":1,"name":"Strona g\u0142\u00f3wna","item":"https:\/\/dynamotion.pl\/de\/"},{"@type":"ListItem","position":2,"name":"Kontakt"}]},{"@type":"WebSite","@id":"https:\/\/dynamotion.pl\/de\/#website","url":"https:\/\/dynamotion.pl\/de\/","name":"Dynamotion","description":"Nap\u0119dzamy przysz\u0142o\u015b\u0107 pakowania","publisher":{"@id":"https:\/\/dynamotion.pl\/de\/#organization"},"potentialAction":[{"@type":"SearchAction","target":{"@type":"EntryPoint","urlTemplate":"https:\/\/dynamotion.pl\/de\/?s={search_term_string}"},"query-input":{"@type":"PropertyValueSpecification","valueRequired":true,"valueName":"search_term_string"}}],"inLanguage":"de"},{"@type":"Organization","@id":"https:\/\/dynamotion.pl\/de\/#organization","name":"DYNAMOTION Sp. z o.o.","url":"https:\/\/dynamotion.pl\/de\/","logo":{"@type":"ImageObject","inLanguage":"de","@id":"https:\/\/dynamotion.pl\/de\/#\/schema\/logo\/image\/","url":"https:\/\/dynamotion.pl\/wp-content\/uploads\/2021\/08\/sygnet_stopka.png","contentUrl":"https:\/\/dynamotion.pl\/wp-content\/uploads\/2021\/08\/sygnet_stopka.png","width":128,"height":112,"caption":"DYNAMOTION Sp. z o.o."},"image":{"@id":"https:\/\/dynamotion.pl\/de\/#\/schema\/logo\/image\/"}}]}},"_links":{"self":[{"href":"https:\/\/dynamotion.pl\/de\/wp-json\/wp\/v2\/pages\/4197","targetHints":{"allow":["GET"]}}],"collection":[{"href":"https:\/\/dynamotion.pl\/de\/wp-json\/wp\/v2\/pages"}],"about":[{"href":"https:\/\/dynamotion.pl\/de\/wp-json\/wp\/v2\/types\/page"}],"author":[{"embeddable":true,"href":"https:\/\/dynamotion.pl\/de\/wp-json\/wp\/v2\/users\/1"}],"replies":[{"embeddable":true,"href":"https:\/\/dynamotion.pl\/de\/wp-json\/wp\/v2\/comments?post=4197"}],"version-history":[{"count":1,"href":"https:\/\/dynamotion.pl\/de\/wp-json\/wp\/v2\/pages\/4197\/revisions"}],"predecessor-version":[{"id":4199,"href":"https:\/\/dynamotion.pl\/de\/wp-json\/wp\/v2\/pages\/4197\/revisions\/4199"}],"wp:attachment":[{"href":"https:\/\/dynamotion.pl\/de\/wp-json\/wp\/v2\/media?parent=4197"}],"curies":[{"name":"wp","href":"https:\/\/api.w.org\/{rel}","templated":true}]}}