{"id":1571,"date":"2021-03-26T18:29:53","date_gmt":"2021-03-26T17:29:53","guid":{"rendered":"http:\/\/dynamotion.pl\/home\/"},"modified":"2025-12-04T15:02:44","modified_gmt":"2025-12-04T14:02:44","slug":"home","status":"publish","type":"page","link":"https:\/\/dynamotion.pl\/en\/","title":{"rendered":"Home"},"content":{"rendered":"\n<h2>\n\t\t\tAbout us\t<\/h2>\n\t<p>Along with the products, we provide services such as training, service, and technical support, and develop custom packaging solutions.<\/p>\n\t\t\t<a href=\"https:\/\/dynamotion.pl\/en\/o-nas\/\" target=\"_self\">\n\t\t\t\t\t\t\tMeet us\n\t\t\t\t\t<\/a>\n\t\t\t\t<img decoding=\"async\" src=\"https:\/\/dynamotion.pl\/wp-content\/uploads\/2021\/04\/Sygnet.png\" alt=\"Sygnet DYNAMOTION automatyzacja maszyn pakuj\u0105cych\" itemprop=\"image\" height=\"267\" width=\"380\" title=\"Sygnet DYNAMOTION automatyzacja maszyn pakuj\u0105cych\" onerror=\"this.style.display='none'\" loading=\"lazy\" \/>\n\t\t\t\t<img decoding=\"async\" src=\"https:\/\/dynamotion.pl\/wp-content\/uploads\/2024\/02\/Dostawca_Schneider_Electric_telemecanique_sensors_dynamotoin.png\" alt=\"Dostawca_Schneider_Electric_telemecanique_sensors_dynamotoin\" itemprop=\"image\" height=\"341\" width=\"845\" title=\"Dostawca_Schneider_Electric_telemecanique_sensors_dynamotoin\" onerror=\"this.style.display='none'\" loading=\"lazy\" \/>\n<h2>\n\t\t\tOur offer\t<\/h2>\n\tWe offer a wide range of Schneider Electric equipment dedicated to packaging machines and test space in two production laboratories &#8211;<br \/>\nKrakow (Poland) and Marktheidenfeld (Germany).<br \/>\nFor more complex machines, we supply delta industrial robots and Cartesian mechanics modules.\n\t\t\t<a href=\"https:\/\/dynamotion.pl\/en\/oferta\/\" target=\"_self\">\n\t\t\t\t\t\t\tExplore our products\n\t\t\t\t\t<\/a>\n<h2>\n\t\t\tTraining and courses\t<\/h2>\n\t<p>Discover our training offer aimed at automation and industrial robotics integrators, machine manufacturers, automation and maintenance staff and managers in production plants.<\/p>\n\t\t\t<a href=\"https:\/\/dynamotion.pl\/en\/trainings\/\" target=\"_self\">\n\t\t\t\t\t\t\tSee more\n\t\t\t\t\t<\/a>\n\t\t\t\t<img decoding=\"async\" src=\"https:\/\/dynamotion.pl\/wp-content\/uploads\/2023\/01\/szkolenia-dynamotion-automatyzacja-robotics-schneider-1024x577.png\" alt=\"Szkolenia DYNAMOTION Schneider Electric ELAU\" itemprop=\"image\" height=\"577\" width=\"1024\" title=\"szkolenia-dynamotion-automatyzacja-robotics- schneider\" onerror=\"this.style.display='none'\" loading=\"lazy\" \/>\n\t\t\t\t<img decoding=\"async\" src=\"https:\/\/dynamotion.pl\/wp-content\/uploads\/2021\/04\/Dla-klienta-baner.png\" alt=\"Dla klienta DYNAMOTION\" itemprop=\"image\" height=\"365\" width=\"412\" title=\"Dla klienta DYNAMOTION\" onerror=\"this.style.display='none'\" loading=\"lazy\" \/>\n<h2>\n\t\t\tTailor-made solutions\t<\/h2>\n\tWe will take care of your business<br \/>\nbecause we understand that you need a solution<br \/>\ntailored to your needs.\n\t\t\t<a href=\"https:\/\/dynamotion.pl\/en\/wsparcie\/\" target=\"_self\">\n\t\t\t\t\t\t\tLet us take care of you\n\t\t\t\t\t<\/a>\n<h2>\n\t\t\tWaiting for your sign\t<\/h2>\n\t<p>All products purchased from us come with an 18-month warranty. If you need advice or technical support &#8211; you can count on us.<\/p>\n\t\t\t<a href=\"https:\/\/dynamotion.pl\/en\/contact\" target=\"_self\">\n\t\t\t\t\t\t\tContact us\n\t\t\t\t\t<\/a>\n\t\t\t\t<img decoding=\"async\" src=\"https:\/\/dynamotion.pl\/wp-content\/uploads\/2021\/04\/Wsparcie-baner.png\" alt=\"Wsparcie DYNAMOTION\" itemprop=\"image\" height=\"395\" width=\"350\" title=\"Wsparcie DYNAMOTION\" onerror=\"this.style.display='none'\" loading=\"lazy\" \/>\n<h2>\n\t\t\tBlog\t<\/h2>\n\tGot questions? Doubts? Need a dose of technical knowledge? Or perhaps you&#8217;re simply interested in automation, robotics, and packaging?<br \/>\nCheck out the videos, read the articles, and learn more!\n\t\t\t<a href=\"https:\/\/dynamotion.pl\/en\/wiedza\/\" target=\"_self\">\n\t\t\t\t\t\t\tLearn more\n\t\t\t\t\t<\/a>\n\n","protected":false},"excerpt":{"rendered":"<p>About us Along with the products, we provide services such as training, service, and technical support, and develop custom packaging solutions. Meet us Our offer We offer a wide range of Schneider Electric equipment dedicated to packaging machines and test space in two production laboratories &#8211; Krakow (Poland) and Marktheidenfeld (Germany). For more complex machines,&hellip;<\/p>\n","protected":false},"author":1,"featured_media":1522,"parent":0,"menu_order":0,"comment_status":"closed","ping_status":"closed","template":"","meta":{"_acf_changed":false,"footnotes":""},"class_list":["post-1571","page","type-page","status-publish","has-post-thumbnail","hentry"],"acf":[],"yoast_head":"<!-- This site is optimized with the Yoast SEO plugin v27.4 - https:\/\/yoast.com\/product\/yoast-seo-wordpress\/ -->\n<title>Home - Dynamotion<\/title>\n<meta name=\"description\" content=\"DYNAMOTION - Driving the future of packaging. Helping to build and maintain the world&#039;s fastest packaging machines for the FMCG industry.\" \/>\n<meta name=\"robots\" content=\"index, follow, max-snippet:-1, max-image-preview:large, max-video-preview:-1\" \/>\n<link rel=\"canonical\" href=\"https:\/\/dynamotion.pl\/en\/\" \/>\n<meta property=\"og:locale\" content=\"en_US\" \/>\n<meta property=\"og:type\" content=\"article\" \/>\n<meta property=\"og:title\" content=\"DYNAMOTION\" \/>\n<meta property=\"og:description\" content=\"DYNAMOTION - Driving the future of packaging. Helping to build and maintain the world&#039;s fastest packaging machines for the FMCG industry.\" \/>\n<meta property=\"og:url\" content=\"https:\/\/dynamotion.pl\/en\/\" \/>\n<meta property=\"og:site_name\" content=\"Dynamotion\" \/>\n<meta property=\"article:modified_time\" content=\"2025-12-04T14:02:44+00:00\" \/>\n<meta property=\"og:image\" content=\"https:\/\/dynamotion.pl\/wp-content\/uploads\/2021\/12\/Rozwiazanie-pakowania-zbiorczego.jpg\" \/>\n\t<meta property=\"og:image:width\" content=\"1920\" \/>\n\t<meta property=\"og:image:height\" content=\"1080\" \/>\n\t<meta property=\"og:image:type\" content=\"image\/jpeg\" \/>\n<meta name=\"twitter:card\" content=\"summary_large_image\" \/>\n<meta name=\"twitter:title\" content=\"DYNAMOTION\" \/>\n<meta name=\"twitter:description\" content=\"DYNAMOTION - Driving the future of packaging. Helping to build and maintain the world&#039;s fastest packaging machines for the FMCG industry.\" \/>\n<meta name=\"twitter:image\" content=\"https:\/\/dynamotion.pl\/wp-content\/uploads\/2021\/12\/Rozwiazanie-pakowania-zbiorczego.jpg\" \/>\n<meta name=\"twitter:label1\" content=\"Est. reading time\" \/>\n\t<meta name=\"twitter:data1\" content=\"2 minutes\" \/>\n<script type=\"application\/ld+json\" class=\"yoast-schema-graph\">{\"@context\":\"https:\\\/\\\/schema.org\",\"@graph\":[{\"@type\":\"WebPage\",\"@id\":\"https:\\\/\\\/dynamotion.pl\\\/en\\\/\",\"url\":\"https:\\\/\\\/dynamotion.pl\\\/en\\\/\",\"name\":\"Home - Dynamotion\",\"isPartOf\":{\"@id\":\"https:\\\/\\\/dynamotion.pl\\\/en\\\/#website\"},\"primaryImageOfPage\":{\"@id\":\"https:\\\/\\\/dynamotion.pl\\\/en\\\/#primaryimage\"},\"image\":{\"@id\":\"https:\\\/\\\/dynamotion.pl\\\/en\\\/#primaryimage\"},\"thumbnailUrl\":\"https:\\\/\\\/dynamotion.pl\\\/wp-content\\\/uploads\\\/2022\\\/02\\\/1-4.png\",\"datePublished\":\"2021-03-26T17:29:53+00:00\",\"dateModified\":\"2025-12-04T14:02:44+00:00\",\"description\":\"DYNAMOTION - Driving the future of packaging. Helping to build and maintain the world's fastest packaging machines for the FMCG industry.\",\"breadcrumb\":{\"@id\":\"https:\\\/\\\/dynamotion.pl\\\/en\\\/#breadcrumb\"},\"inLanguage\":\"en-US\",\"potentialAction\":[{\"@type\":\"ReadAction\",\"target\":[\"https:\\\/\\\/dynamotion.pl\\\/en\\\/\"]}]},{\"@type\":\"ImageObject\",\"inLanguage\":\"en-US\",\"@id\":\"https:\\\/\\\/dynamotion.pl\\\/en\\\/#primaryimage\",\"url\":\"https:\\\/\\\/dynamotion.pl\\\/wp-content\\\/uploads\\\/2022\\\/02\\\/1-4.png\",\"contentUrl\":\"https:\\\/\\\/dynamotion.pl\\\/wp-content\\\/uploads\\\/2022\\\/02\\\/1-4.png\",\"width\":2048,\"height\":1150},{\"@type\":\"BreadcrumbList\",\"@id\":\"https:\\\/\\\/dynamotion.pl\\\/en\\\/#breadcrumb\",\"itemListElement\":[{\"@type\":\"ListItem\",\"position\":1,\"name\":\"Strona g\u0142\u00f3wna\",\"item\":\"https:\\\/\\\/dynamotion.pl\\\/en\\\/\"},{\"@type\":\"ListItem\",\"position\":2,\"name\":\"hompage dynamotion krak\u00f3w smole\u0144sk packaging machine automation\"}]},{\"@type\":\"WebSite\",\"@id\":\"https:\\\/\\\/dynamotion.pl\\\/en\\\/#website\",\"url\":\"https:\\\/\\\/dynamotion.pl\\\/en\\\/\",\"name\":\"Dynamotion\",\"description\":\"Nap\u0119dzamy przysz\u0142o\u015b\u0107 pakowania\",\"publisher\":{\"@id\":\"https:\\\/\\\/dynamotion.pl\\\/en\\\/#organization\"},\"potentialAction\":[{\"@type\":\"SearchAction\",\"target\":{\"@type\":\"EntryPoint\",\"urlTemplate\":\"https:\\\/\\\/dynamotion.pl\\\/en\\\/?s={search_term_string}\"},\"query-input\":{\"@type\":\"PropertyValueSpecification\",\"valueRequired\":true,\"valueName\":\"search_term_string\"}}],\"inLanguage\":\"en-US\"},{\"@type\":\"Organization\",\"@id\":\"https:\\\/\\\/dynamotion.pl\\\/en\\\/#organization\",\"name\":\"DYNAMOTION Sp. z o.o.\",\"url\":\"https:\\\/\\\/dynamotion.pl\\\/en\\\/\",\"logo\":{\"@type\":\"ImageObject\",\"inLanguage\":\"en-US\",\"@id\":\"https:\\\/\\\/dynamotion.pl\\\/en\\\/#\\\/schema\\\/logo\\\/image\\\/\",\"url\":\"https:\\\/\\\/dynamotion.pl\\\/wp-content\\\/uploads\\\/2021\\\/08\\\/sygnet_stopka.png\",\"contentUrl\":\"https:\\\/\\\/dynamotion.pl\\\/wp-content\\\/uploads\\\/2021\\\/08\\\/sygnet_stopka.png\",\"width\":128,\"height\":112,\"caption\":\"DYNAMOTION Sp. z o.o.\"},\"image\":{\"@id\":\"https:\\\/\\\/dynamotion.pl\\\/en\\\/#\\\/schema\\\/logo\\\/image\\\/\"}}]}<\/script>\n<!-- \/ Yoast SEO plugin. -->","yoast_head_json":{"title":"Home - Dynamotion","description":"DYNAMOTION - Driving the future of packaging. Helping to build and maintain the world's fastest packaging machines for the FMCG industry.","robots":{"index":"index","follow":"follow","max-snippet":"max-snippet:-1","max-image-preview":"max-image-preview:large","max-video-preview":"max-video-preview:-1"},"canonical":"https:\/\/dynamotion.pl\/en\/","og_locale":"en_US","og_type":"article","og_title":"DYNAMOTION","og_description":"DYNAMOTION - Driving the future of packaging. Helping to build and maintain the world's fastest packaging machines for the FMCG industry.","og_url":"https:\/\/dynamotion.pl\/en\/","og_site_name":"Dynamotion","article_modified_time":"2025-12-04T14:02:44+00:00","og_image":[{"width":1920,"height":1080,"url":"https:\/\/dynamotion.pl\/wp-content\/uploads\/2021\/12\/Rozwiazanie-pakowania-zbiorczego.jpg","type":"image\/jpeg"}],"twitter_card":"summary_large_image","twitter_title":"DYNAMOTION","twitter_description":"DYNAMOTION - Driving the future of packaging. Helping to build and maintain the world's fastest packaging machines for the FMCG industry.","twitter_image":"https:\/\/dynamotion.pl\/wp-content\/uploads\/2021\/12\/Rozwiazanie-pakowania-zbiorczego.jpg","twitter_misc":{"Est. reading time":"2 minutes"},"schema":{"@context":"https:\/\/schema.org","@graph":[{"@type":"WebPage","@id":"https:\/\/dynamotion.pl\/en\/","url":"https:\/\/dynamotion.pl\/en\/","name":"Home - Dynamotion","isPartOf":{"@id":"https:\/\/dynamotion.pl\/en\/#website"},"primaryImageOfPage":{"@id":"https:\/\/dynamotion.pl\/en\/#primaryimage"},"image":{"@id":"https:\/\/dynamotion.pl\/en\/#primaryimage"},"thumbnailUrl":"https:\/\/dynamotion.pl\/wp-content\/uploads\/2022\/02\/1-4.png","datePublished":"2021-03-26T17:29:53+00:00","dateModified":"2025-12-04T14:02:44+00:00","description":"DYNAMOTION - Driving the future of packaging. Helping to build and maintain the world's fastest packaging machines for the FMCG industry.","breadcrumb":{"@id":"https:\/\/dynamotion.pl\/en\/#breadcrumb"},"inLanguage":"en-US","potentialAction":[{"@type":"ReadAction","target":["https:\/\/dynamotion.pl\/en\/"]}]},{"@type":"ImageObject","inLanguage":"en-US","@id":"https:\/\/dynamotion.pl\/en\/#primaryimage","url":"https:\/\/dynamotion.pl\/wp-content\/uploads\/2022\/02\/1-4.png","contentUrl":"https:\/\/dynamotion.pl\/wp-content\/uploads\/2022\/02\/1-4.png","width":2048,"height":1150},{"@type":"BreadcrumbList","@id":"https:\/\/dynamotion.pl\/en\/#breadcrumb","itemListElement":[{"@type":"ListItem","position":1,"name":"Strona g\u0142\u00f3wna","item":"https:\/\/dynamotion.pl\/en\/"},{"@type":"ListItem","position":2,"name":"hompage dynamotion krak\u00f3w smole\u0144sk packaging machine automation"}]},{"@type":"WebSite","@id":"https:\/\/dynamotion.pl\/en\/#website","url":"https:\/\/dynamotion.pl\/en\/","name":"Dynamotion","description":"Nap\u0119dzamy przysz\u0142o\u015b\u0107 pakowania","publisher":{"@id":"https:\/\/dynamotion.pl\/en\/#organization"},"potentialAction":[{"@type":"SearchAction","target":{"@type":"EntryPoint","urlTemplate":"https:\/\/dynamotion.pl\/en\/?s={search_term_string}"},"query-input":{"@type":"PropertyValueSpecification","valueRequired":true,"valueName":"search_term_string"}}],"inLanguage":"en-US"},{"@type":"Organization","@id":"https:\/\/dynamotion.pl\/en\/#organization","name":"DYNAMOTION Sp. z o.o.","url":"https:\/\/dynamotion.pl\/en\/","logo":{"@type":"ImageObject","inLanguage":"en-US","@id":"https:\/\/dynamotion.pl\/en\/#\/schema\/logo\/image\/","url":"https:\/\/dynamotion.pl\/wp-content\/uploads\/2021\/08\/sygnet_stopka.png","contentUrl":"https:\/\/dynamotion.pl\/wp-content\/uploads\/2021\/08\/sygnet_stopka.png","width":128,"height":112,"caption":"DYNAMOTION Sp. z o.o."},"image":{"@id":"https:\/\/dynamotion.pl\/en\/#\/schema\/logo\/image\/"}}]}},"_links":{"self":[{"href":"https:\/\/dynamotion.pl\/en\/wp-json\/wp\/v2\/pages\/1571","targetHints":{"allow":["GET"]}}],"collection":[{"href":"https:\/\/dynamotion.pl\/en\/wp-json\/wp\/v2\/pages"}],"about":[{"href":"https:\/\/dynamotion.pl\/en\/wp-json\/wp\/v2\/types\/page"}],"author":[{"embeddable":true,"href":"https:\/\/dynamotion.pl\/en\/wp-json\/wp\/v2\/users\/1"}],"replies":[{"embeddable":true,"href":"https:\/\/dynamotion.pl\/en\/wp-json\/wp\/v2\/comments?post=1571"}],"version-history":[{"count":1,"href":"https:\/\/dynamotion.pl\/en\/wp-json\/wp\/v2\/pages\/1571\/revisions"}],"predecessor-version":[{"id":5443,"href":"https:\/\/dynamotion.pl\/en\/wp-json\/wp\/v2\/pages\/1571\/revisions\/5443"}],"wp:featuredmedia":[{"embeddable":true,"href":"https:\/\/dynamotion.pl\/en\/wp-json\/wp\/v2\/media\/1522"}],"wp:attachment":[{"href":"https:\/\/dynamotion.pl\/en\/wp-json\/wp\/v2\/media?parent=1571"}],"curies":[{"name":"wp","href":"https:\/\/api.w.org\/{rel}","templated":true}]}}