{"id":1577,"date":"2021-05-12T11:30:20","date_gmt":"2021-05-12T09:30:20","guid":{"rendered":"http:\/\/dynamotion.pl\/formularz-serwisowy\/"},"modified":"2025-12-17T14:45:37","modified_gmt":"2025-12-17T13:45:37","slug":"formularz-serwisowy","status":"publish","type":"page","link":"https:\/\/dynamotion.pl\/en\/formularz-serwisowy\/","title":{"rendered":"Service formular"},"content":{"rendered":"\n<h2>\n\t\t\tService Request Form\t<\/h2>\n\t<p>Fill out the application form and you will get a quote the same day!<\/p>\n\t\t\t\t<img decoding=\"async\" src=\"https:\/\/dynamotion.pl\/wp-content\/uploads\/2021\/04\/10-ikona-4.png\" alt=\"o nas dynamotion schneider electric\" itemprop=\"image\" height=\"222\" width=\"223\" title=\"10 ikona 4\" onerror=\"this.style.display='none'\" loading=\"lazy\" \/>\n<h2>\n\t\t\tService Request Form\t<\/h2>\n\t\t\t\t<img decoding=\"async\" src=\"https:\/\/dynamotion.pl\/wp-content\/uploads\/2021\/04\/separator.png\" alt=\"separator\" itemprop=\"image\" height=\"4\" width=\"83\" title=\"separator\" onerror=\"this.style.display='none'\" loading=\"lazy\" \/>\n\t<div class=\"frm_forms  with_frm_style frm_style_formidable-style\" id=\"frm_form_7_container\" >\n<form enctype=\"multipart\/form-data\" method=\"post\" class=\"frm-show-form  frm_pro_form \" id=\"form_service-form\" >\n<div class=\"frm_form_fields \">\n<fieldset>\n<legend class=\"frm_screen_reader\">Get a quote for service\/repair<\/legend>\r\n\r\n<div class=\"frm_fields_container\">\n<input type=\"hidden\" name=\"frm_action\" value=\"create\" \/>\n<input type=\"hidden\" name=\"form_id\" value=\"7\" \/>\n<input type=\"hidden\" name=\"frm_hide_fields_7\" id=\"frm_hide_fields_7\" value=\"\" \/>\n<input type=\"hidden\" name=\"form_key\" value=\"service-form\" \/>\n<input type=\"hidden\" name=\"item_meta[0]\" value=\"\" \/>\n<input type=\"hidden\" id=\"frm_submit_entry_7\" name=\"frm_submit_entry_7\" value=\"817cc8a467\" \/><input type=\"hidden\" name=\"_wp_http_referer\" value=\"\/en\/wp-json\/wp\/v2\/pages\/1577\" \/><div id=\"frm_field_58_container\" class=\"frm_form_field form-field  frm_required_field frm_inside_container frm6 frm_first\">\r\n    <label for=\"field_qh4icy\" id=\"field_qh4icy_label\" class=\"frm_primary_label\">Name\r\n        <span class=\"frm_required\" aria-hidden=\"true\"><\/span>\r\n    <\/label>\r\n    <input  type=\"text\" id=\"field_qh4icy\" name=\"item_meta[58]\" value=\"\"  placeholder=\"Name *\" data-reqmsg=\"Name cannot be blank.\" aria-required=\"true\" data-invmsg=\"Name is invalid\" aria-invalid=\"false\"   \/>\r\n    \r\n    \r\n<\/div>\n<div id=\"frm_field_70_container\" class=\"frm_form_field form-field  frm_required_field frm_inside_container frm6\">\r\n    <label for=\"field_auluw\" id=\"field_auluw_label\" class=\"frm_primary_label\">Last name\r\n        <span class=\"frm_required\" aria-hidden=\"true\"><\/span>\r\n    <\/label>\r\n    <input  type=\"text\" id=\"field_auluw\" name=\"item_meta[70]\" value=\"\"  placeholder=\"Last name *\" data-reqmsg=\"Last name cannot be blank.\" aria-required=\"true\" data-invmsg=\"Name is invalid\" aria-invalid=\"false\"   \/>\r\n    \r\n    \r\n<\/div>\n<div id=\"frm_field_60_container\" class=\"frm_form_field form-field  frm_required_field frm_none_container\">\r\n    <label for=\"field_a3qrq2\" id=\"field_a3qrq2_label\" class=\"frm_primary_label\">E-mail\r\n        <span class=\"frm_required\" aria-hidden=\"true\"><\/span>\r\n    <\/label>\r\n    <input  type=\"text\" id=\"field_a3qrq2\" name=\"item_meta[60]\" value=\"\"  autocomplete=\"email\"  placeholder=\"E-mail *\" data-reqmsg=\"E-mail cannot be blank.\" aria-required=\"true\" data-invmsg=\"Tekst is invalid\" aria-invalid=\"false\"   \/>\r\n    \r\n    \r\n<\/div>\n<div id=\"frm_field_61_container\" class=\"frm_form_field form-field  frm_required_field frm_inside_container\">\r\n    <label for=\"field_t579p2\" id=\"field_t579p2_label\" class=\"frm_primary_label\">Company\r\n        <span class=\"frm_required\" aria-hidden=\"true\"><\/span>\r\n    <\/label>\r\n    <input  type=\"text\" id=\"field_t579p2\" name=\"item_meta[61]\" value=\"\"  placeholder=\"Company *\" data-reqmsg=\"Company cannot be blank.\" aria-required=\"true\" data-invmsg=\"Tekst is invalid\" aria-invalid=\"false\"   \/>\r\n    \r\n    \r\n<\/div>\n<div id=\"frm_field_62_container\" class=\"frm_form_field form-field  frm_required_field frm_inside_container\">\r\n    <label for=\"field_r0qhu2\" id=\"field_r0qhu2_label\" class=\"frm_primary_label\">Tax Identification Number\r\n        <span class=\"frm_required\" aria-hidden=\"true\"><\/span>\r\n    <\/label>\r\n    <input  type=\"text\" id=\"field_r0qhu2\" name=\"item_meta[62]\" value=\"\"  placeholder=\"Tax Identification Number *\" data-reqmsg=\"Tax Identification Number cannot be blank.\" aria-required=\"true\" data-invmsg=\"Tekst is invalid\" aria-invalid=\"false\"   \/>\r\n    \r\n    \r\n<\/div>\n<div id=\"frm_field_63_container\" class=\"frm_form_field form-field  frm_required_field frm_inside_container\">\r\n    <label for=\"field_yvodh2\" id=\"field_yvodh2_label\" class=\"frm_primary_label\">Device catalog number\r\n        <span class=\"frm_required\" aria-hidden=\"true\"><\/span>\r\n    <\/label>\r\n    <input  type=\"text\" id=\"field_yvodh2\" name=\"item_meta[63]\" value=\"\"  placeholder=\"Device catalog number *\" data-reqmsg=\"Device catalog number cannot be blank.\" aria-required=\"true\" data-invmsg=\"Tekst is invalid\" aria-invalid=\"false\"   \/>\r\n    \r\n    \r\n<\/div>\n<div id=\"frm_field_64_container\" class=\"frm_form_field form-field  frm_required_field frm_inside_container\">\r\n    <label for=\"field_euq42\" id=\"field_euq42_label\" class=\"frm_primary_label\">Device serial number\r\n        <span class=\"frm_required\" aria-hidden=\"true\"><\/span>\r\n    <\/label>\r\n    <input  type=\"text\" id=\"field_euq42\" name=\"item_meta[64]\" value=\"\"  placeholder=\"Device serial number *\" data-reqmsg=\"Device serial number cannot be blank.\" aria-required=\"true\" data-invmsg=\"Tekst is invalid\" aria-invalid=\"false\"   \/>\r\n    \r\n    \r\n<\/div>\n<div id=\"frm_field_65_container\" class=\"frm_form_field form-field  frm_required_field frm_inside_container\">\r\n    <label for=\"field_1lxw32\" id=\"field_1lxw32_label\" class=\"frm_primary_label\">Description of the fault\r\n        <span class=\"frm_required\" aria-hidden=\"true\"><\/span>\r\n    <\/label>\r\n    <input  type=\"text\" id=\"field_1lxw32\" name=\"item_meta[65]\" value=\"\"  placeholder=\"Description of the fault *\" data-reqmsg=\"Description of the fault cannot be blank.\" aria-required=\"true\" data-invmsg=\"Tekst is invalid\" aria-invalid=\"false\"   \/>\r\n    \r\n    \r\n<\/div>\n<div id=\"frm_field_66_container\" class=\"frm_form_field form-field  frm_required_field frm_top_container frm_half\">\r\n    <label for=\"field_jat9c2\" id=\"field_jat9c2_label\" class=\"frm_primary_label\">\r\n        <span class=\"frm_required\" aria-hidden=\"true\"><\/span>\r\n    <\/label>\r\n    <input type=\"hidden\"  data-reqmsg=\"This field cannot be blank.\" data-invmsg=\"Plik is invalid\" class=\"auto_width\" aria-invalid=\"false\"   name=\"item_meta[66][]\"  data-reqmsg=\"This field cannot be blank.\"  value=\"\" data-frmfile=\"66\" \/>\n\n<div class=\"frm_dropzone frm_multi_upload frm_clearfix\" id=\"file66_dropzone\" role=\"group\"  aria-describedby=\"frm_desc_field_jat9c2\">\n\t<div class=\"fallback\">\n\t\t<input type=\"file\" name=\"file66[]\" id=\"field_jat9c2\"\n\t\t\t data-frmfile=\"66\" multiple=\"multiple\"  data-reqmsg=\"This field cannot be blank.\" data-invmsg=\"Plik is invalid\" class=\"auto_width\" aria-invalid=\"false\"  \t\t\t\/>\n\t\t\t\t<div class=\"frm_clearfix \"><\/div>\n\t<\/div>\n\t<div class=\"dz-message needsclick\">\n\t\t\t\t<svg  viewBox=\"0 0 18 18\" class=\"frmsvg frm-svg-icon\">\n\t<path viewBox=\"0 0 18 18\" fill-rule=\"evenodd\" clip-rule=\"evenodd\" d=\"M8.2 4v8a.8.8 0 001.5 0V4l2.1 2.2A.7.7 0 1013 5L9.5 1.7a.7.7 0 00-1.1 0L5.1 5.2a.8.8 0 001 1l2.1-2zm7.6 4.3c.4 0 .7.3.7.7v6.8c0 .4-.3.7-.8.7H2.3a.8.8 0 01-.8-.8V9A.8.8 0 013 9v6h12V9c0-.4.3-.8.8-.8z\"><\/path>\n<\/svg>\t\t<span class=\"frm_upload_text\"><button type=\"button\" aria-label=\". . Maximum file size: 20MB\"><\/button><\/span>\n\t\t<span class=\"frm_compact_text\"><button type=\"button\" aria-label=\". Wybierz plik. Maximum file size: 20MB\">Wybierz plik<\/button><\/span>\n\t\t<div class=\"frm_small_text\">\n\t\t\t<p>Maximum file size: 20MB<\/p>\n\t\t<\/div>\n\t<\/div>\n<\/div>\n\t\r\n    <div class=\"frm_description\" id=\"frm_desc_field_jat9c2\">Prosz\u0119 o za\u0142\u0105czenie zdj\u0119cia tabliczki znamionowej urz\u0105dzenia<\/div>\r\n    \r\n<\/div>\n<div id=\"frm_field_67_container\" class=\"frm_form_field form-field  frm_required_field frm_top_container vertical_radio\">\r\n    <div  id=\"field_ki312_label\" class=\"frm_primary_label\">\r\n        <span class=\"frm_required\" aria-hidden=\"true\"><\/span>\r\n    <\/div>\r\n    <div class=\"frm_opt_container\" aria-labelledby=\"field_ki312_label\" role=\"group\">\t\t<div class=\"frm_checkbox\" id=\"frm_checkbox_67-0\">\t\t\t<label  for=\"field_ki312-0\">\n\t\t\t<input type=\"checkbox\" name=\"item_meta[67][]\" id=\"field_ki312-0\" value=\"By sending this form, I agree to my personal data being processed for marketing purposes by DYNAMOTION Sp. z o.o. with its registered office in Krakow (30-798), ul. Feliksa Wrobela 5.\"  data-reqmsg=\"This field cannot be blank.\" data-invmsg=\"This field jest nieprawid\u0142owe\"   aria-required=\"true\"  \/> By sending this form, I agree to my personal data being processed for marketing purposes by DYNAMOTION Sp. z o.o. with its registered office in Krakow (30-798), ul. Feliksa Wrobela 5.<\/label><\/div>\n<\/div>\r\n    \r\n    \r\n<\/div>\n<div id=\"frm_field_68_container\" class=\"frm_form_field form-field \">\r\n\t<div class=\"frm_submit\">\r\n\r\n<button class=\"frm_button_submit frm_final_submit\" type=\"submit\"  >Submit<\/button>\r\n\r\n<\/div>\r\n<\/div>\n\t<input type=\"hidden\" name=\"item_key\" value=\"\" \/>\n\t\t\t<div id=\"frm_field_71_container\">\n\t\t\t<label for=\"field_mxwez\" >\n\t\t\t\tIf you are human, leave this field blank.\t\t\t<\/label>\n\t\t\t<input  id=\"field_mxwez\" type=\"text\" class=\"frm_form_field form-field frm_verify\" name=\"item_meta[71]\" value=\"\"  \/>\n\t\t<\/div>\n\t\t<input name=\"frm_state\" type=\"hidden\" value=\"9Is8errBamtTPPUen5IQfzIRb4HIEOGRSJ41cNjPrXVHz2oDFgVI1npUFXjd0Vdz\" \/><\/div>\n<\/fieldset>\n<\/div>\n\n<\/form>\n<\/div>\n\n\t\t\t\t<img decoding=\"async\" src=\"https:\/\/dynamotion.pl\/wp-content\/uploads\/2021\/04\/09-ikona-3.png\" alt=\"DYNAMOTION PacDrive o nas\" itemprop=\"image\" height=\"171\" width=\"141\" title=\"Sprawdzone technologie 40 lat do\u015bwiadcze\u0144\" onerror=\"this.style.display='none'\" loading=\"lazy\" \/>\n<h2>\n\t\t\tProfessional manufacturer service of Schneider Electric \/ ELAU devices\t<\/h2>\n\t<p>Repair of PacDrive \/ ELAU servo systems and many more industrial automation equipment made by Schneider Electric.<\/p>\n\t\t\t<a href=\"https:\/\/dynamotion.pl\/wsparcie\/serwis-schneider-elau-pacdrive\/\" target=\"_self\">\n\t\t\t\t\t\t\tLearn more\n\t\t\t\t\t<\/a>\n\n","protected":false},"excerpt":{"rendered":"<p>Service Request Form Fill out the application form and you will get a quote the same day! Service Request Form Professional manufacturer service of Schneider Electric \/ ELAU devices Repair of PacDrive \/ ELAU servo systems and many more industrial automation equipment made by Schneider Electric. Learn more<\/p>\n","protected":false},"author":3,"featured_media":0,"parent":0,"menu_order":0,"comment_status":"closed","ping_status":"closed","template":"","meta":{"_acf_changed":false,"footnotes":""},"class_list":["post-1577","page","type-page","status-publish","hentry"],"acf":[],"yoast_head":"<!-- This site is optimized with the Yoast SEO plugin v27.4 - https:\/\/yoast.com\/product\/yoast-seo-wordpress\/ -->\n<title>Service formular - Dynamotion<\/title>\n<meta name=\"description\" content=\"Wype\u0142nij formularz zg\u0142oszenia serwisowego i otrzymaj wycen\u0119 naprawy urz\u0105dzenia tego samego dnia! Napraw urzadzenia PacDrive \/ ELAU!\" \/>\n<meta name=\"robots\" content=\"index, follow, max-snippet:-1, max-image-preview:large, max-video-preview:-1\" \/>\n<link rel=\"canonical\" href=\"https:\/\/dynamotion.pl\/en\/formularz-serwisowy\/\" \/>\n<meta property=\"og:locale\" content=\"en_US\" \/>\n<meta property=\"og:type\" content=\"article\" \/>\n<meta property=\"og:title\" content=\"Formularz zg\u0142oszenia serwisowego\" \/>\n<meta property=\"og:description\" content=\"Wype\u0142nij formularz zg\u0142oszenia serwisowego i otrzymaj wycen\u0119 naprawy urz\u0105dzenia tego samego dnia! Napraw urzadzenia PacDrive \/ ELAU!\" \/>\n<meta property=\"og:url\" content=\"https:\/\/dynamotion.pl\/en\/formularz-serwisowy\/\" \/>\n<meta property=\"og:site_name\" content=\"Dynamotion\" \/>\n<meta property=\"article:modified_time\" content=\"2025-12-17T13:45:37+00:00\" \/>\n<meta property=\"og:image\" content=\"https:\/\/dynamotion.pl\/wp-content\/uploads\/2022\/05\/STAR_in-situ_0G9A6255-2-scaled.jpg\" \/>\n\t<meta property=\"og:image:width\" content=\"2560\" \/>\n\t<meta property=\"og:image:height\" content=\"1707\" \/>\n\t<meta property=\"og:image:type\" content=\"image\/jpeg\" \/>\n<meta name=\"twitter:card\" content=\"summary_large_image\" \/>\n<script type=\"application\/ld+json\" class=\"yoast-schema-graph\">{\"@context\":\"https:\\\/\\\/schema.org\",\"@graph\":[{\"@type\":\"WebPage\",\"@id\":\"https:\\\/\\\/dynamotion.pl\\\/en\\\/formularz-serwisowy\\\/\",\"url\":\"https:\\\/\\\/dynamotion.pl\\\/en\\\/formularz-serwisowy\\\/\",\"name\":\"Service formular - Dynamotion\",\"isPartOf\":{\"@id\":\"https:\\\/\\\/dynamotion.pl\\\/en\\\/#website\"},\"primaryImageOfPage\":{\"@id\":\"https:\\\/\\\/dynamotion.pl\\\/en\\\/formularz-serwisowy\\\/#primaryimage\"},\"image\":{\"@id\":\"https:\\\/\\\/dynamotion.pl\\\/en\\\/formularz-serwisowy\\\/#primaryimage\"},\"thumbnailUrl\":\"https:\\\/\\\/dynamotion.pl\\\/wp-content\\\/uploads\\\/2021\\\/04\\\/10-ikona-4.png\",\"datePublished\":\"2021-05-12T09:30:20+00:00\",\"dateModified\":\"2025-12-17T13:45:37+00:00\",\"description\":\"Wype\u0142nij formularz zg\u0142oszenia serwisowego i otrzymaj wycen\u0119 naprawy urz\u0105dzenia tego samego dnia! Napraw urzadzenia PacDrive \\\/ ELAU!\",\"breadcrumb\":{\"@id\":\"https:\\\/\\\/dynamotion.pl\\\/en\\\/formularz-serwisowy\\\/#breadcrumb\"},\"inLanguage\":\"en-US\",\"potentialAction\":[{\"@type\":\"ReadAction\",\"target\":[\"https:\\\/\\\/dynamotion.pl\\\/en\\\/formularz-serwisowy\\\/\"]}]},{\"@type\":\"ImageObject\",\"inLanguage\":\"en-US\",\"@id\":\"https:\\\/\\\/dynamotion.pl\\\/en\\\/formularz-serwisowy\\\/#primaryimage\",\"url\":\"https:\\\/\\\/dynamotion.pl\\\/wp-content\\\/uploads\\\/2021\\\/04\\\/10-ikona-4.png\",\"contentUrl\":\"https:\\\/\\\/dynamotion.pl\\\/wp-content\\\/uploads\\\/2021\\\/04\\\/10-ikona-4.png\"},{\"@type\":\"BreadcrumbList\",\"@id\":\"https:\\\/\\\/dynamotion.pl\\\/en\\\/formularz-serwisowy\\\/#breadcrumb\",\"itemListElement\":[{\"@type\":\"ListItem\",\"position\":1,\"name\":\"Strona g\u0142\u00f3wna\",\"item\":\"https:\\\/\\\/dynamotion.pl\\\/en\\\/\"},{\"@type\":\"ListItem\",\"position\":2,\"name\":\"serwis elau, serwis pacdrive, naprawa sh, naprawa mc-4, serwis mc4,\"}]},{\"@type\":\"WebSite\",\"@id\":\"https:\\\/\\\/dynamotion.pl\\\/en\\\/#website\",\"url\":\"https:\\\/\\\/dynamotion.pl\\\/en\\\/\",\"name\":\"Dynamotion\",\"description\":\"Nap\u0119dzamy przysz\u0142o\u015b\u0107 pakowania\",\"publisher\":{\"@id\":\"https:\\\/\\\/dynamotion.pl\\\/en\\\/#organization\"},\"potentialAction\":[{\"@type\":\"SearchAction\",\"target\":{\"@type\":\"EntryPoint\",\"urlTemplate\":\"https:\\\/\\\/dynamotion.pl\\\/en\\\/?s={search_term_string}\"},\"query-input\":{\"@type\":\"PropertyValueSpecification\",\"valueRequired\":true,\"valueName\":\"search_term_string\"}}],\"inLanguage\":\"en-US\"},{\"@type\":\"Organization\",\"@id\":\"https:\\\/\\\/dynamotion.pl\\\/en\\\/#organization\",\"name\":\"DYNAMOTION Sp. z o.o.\",\"url\":\"https:\\\/\\\/dynamotion.pl\\\/en\\\/\",\"logo\":{\"@type\":\"ImageObject\",\"inLanguage\":\"en-US\",\"@id\":\"https:\\\/\\\/dynamotion.pl\\\/en\\\/#\\\/schema\\\/logo\\\/image\\\/\",\"url\":\"https:\\\/\\\/dynamotion.pl\\\/wp-content\\\/uploads\\\/2021\\\/08\\\/sygnet_stopka.png\",\"contentUrl\":\"https:\\\/\\\/dynamotion.pl\\\/wp-content\\\/uploads\\\/2021\\\/08\\\/sygnet_stopka.png\",\"width\":128,\"height\":112,\"caption\":\"DYNAMOTION Sp. z o.o.\"},\"image\":{\"@id\":\"https:\\\/\\\/dynamotion.pl\\\/en\\\/#\\\/schema\\\/logo\\\/image\\\/\"}}]}<\/script>\n<!-- \/ Yoast SEO plugin. -->","yoast_head_json":{"title":"Service formular - Dynamotion","description":"Wype\u0142nij formularz zg\u0142oszenia serwisowego i otrzymaj wycen\u0119 naprawy urz\u0105dzenia tego samego dnia! Napraw urzadzenia PacDrive \/ ELAU!","robots":{"index":"index","follow":"follow","max-snippet":"max-snippet:-1","max-image-preview":"max-image-preview:large","max-video-preview":"max-video-preview:-1"},"canonical":"https:\/\/dynamotion.pl\/en\/formularz-serwisowy\/","og_locale":"en_US","og_type":"article","og_title":"Formularz zg\u0142oszenia serwisowego","og_description":"Wype\u0142nij formularz zg\u0142oszenia serwisowego i otrzymaj wycen\u0119 naprawy urz\u0105dzenia tego samego dnia! Napraw urzadzenia PacDrive \/ ELAU!","og_url":"https:\/\/dynamotion.pl\/en\/formularz-serwisowy\/","og_site_name":"Dynamotion","article_modified_time":"2025-12-17T13:45:37+00:00","og_image":[{"width":2560,"height":1707,"url":"https:\/\/dynamotion.pl\/wp-content\/uploads\/2022\/05\/STAR_in-situ_0G9A6255-2-scaled.jpg","type":"image\/jpeg"}],"twitter_card":"summary_large_image","schema":{"@context":"https:\/\/schema.org","@graph":[{"@type":"WebPage","@id":"https:\/\/dynamotion.pl\/en\/formularz-serwisowy\/","url":"https:\/\/dynamotion.pl\/en\/formularz-serwisowy\/","name":"Service formular - Dynamotion","isPartOf":{"@id":"https:\/\/dynamotion.pl\/en\/#website"},"primaryImageOfPage":{"@id":"https:\/\/dynamotion.pl\/en\/formularz-serwisowy\/#primaryimage"},"image":{"@id":"https:\/\/dynamotion.pl\/en\/formularz-serwisowy\/#primaryimage"},"thumbnailUrl":"https:\/\/dynamotion.pl\/wp-content\/uploads\/2021\/04\/10-ikona-4.png","datePublished":"2021-05-12T09:30:20+00:00","dateModified":"2025-12-17T13:45:37+00:00","description":"Wype\u0142nij formularz zg\u0142oszenia serwisowego i otrzymaj wycen\u0119 naprawy urz\u0105dzenia tego samego dnia! Napraw urzadzenia PacDrive \/ ELAU!","breadcrumb":{"@id":"https:\/\/dynamotion.pl\/en\/formularz-serwisowy\/#breadcrumb"},"inLanguage":"en-US","potentialAction":[{"@type":"ReadAction","target":["https:\/\/dynamotion.pl\/en\/formularz-serwisowy\/"]}]},{"@type":"ImageObject","inLanguage":"en-US","@id":"https:\/\/dynamotion.pl\/en\/formularz-serwisowy\/#primaryimage","url":"https:\/\/dynamotion.pl\/wp-content\/uploads\/2021\/04\/10-ikona-4.png","contentUrl":"https:\/\/dynamotion.pl\/wp-content\/uploads\/2021\/04\/10-ikona-4.png"},{"@type":"BreadcrumbList","@id":"https:\/\/dynamotion.pl\/en\/formularz-serwisowy\/#breadcrumb","itemListElement":[{"@type":"ListItem","position":1,"name":"Strona g\u0142\u00f3wna","item":"https:\/\/dynamotion.pl\/en\/"},{"@type":"ListItem","position":2,"name":"serwis elau, serwis pacdrive, naprawa sh, naprawa mc-4, serwis mc4,"}]},{"@type":"WebSite","@id":"https:\/\/dynamotion.pl\/en\/#website","url":"https:\/\/dynamotion.pl\/en\/","name":"Dynamotion","description":"Nap\u0119dzamy przysz\u0142o\u015b\u0107 pakowania","publisher":{"@id":"https:\/\/dynamotion.pl\/en\/#organization"},"potentialAction":[{"@type":"SearchAction","target":{"@type":"EntryPoint","urlTemplate":"https:\/\/dynamotion.pl\/en\/?s={search_term_string}"},"query-input":{"@type":"PropertyValueSpecification","valueRequired":true,"valueName":"search_term_string"}}],"inLanguage":"en-US"},{"@type":"Organization","@id":"https:\/\/dynamotion.pl\/en\/#organization","name":"DYNAMOTION Sp. z o.o.","url":"https:\/\/dynamotion.pl\/en\/","logo":{"@type":"ImageObject","inLanguage":"en-US","@id":"https:\/\/dynamotion.pl\/en\/#\/schema\/logo\/image\/","url":"https:\/\/dynamotion.pl\/wp-content\/uploads\/2021\/08\/sygnet_stopka.png","contentUrl":"https:\/\/dynamotion.pl\/wp-content\/uploads\/2021\/08\/sygnet_stopka.png","width":128,"height":112,"caption":"DYNAMOTION Sp. z o.o."},"image":{"@id":"https:\/\/dynamotion.pl\/en\/#\/schema\/logo\/image\/"}}]}},"_links":{"self":[{"href":"https:\/\/dynamotion.pl\/en\/wp-json\/wp\/v2\/pages\/1577","targetHints":{"allow":["GET"]}}],"collection":[{"href":"https:\/\/dynamotion.pl\/en\/wp-json\/wp\/v2\/pages"}],"about":[{"href":"https:\/\/dynamotion.pl\/en\/wp-json\/wp\/v2\/types\/page"}],"author":[{"embeddable":true,"href":"https:\/\/dynamotion.pl\/en\/wp-json\/wp\/v2\/users\/3"}],"replies":[{"embeddable":true,"href":"https:\/\/dynamotion.pl\/en\/wp-json\/wp\/v2\/comments?post=1577"}],"version-history":[{"count":1,"href":"https:\/\/dynamotion.pl\/en\/wp-json\/wp\/v2\/pages\/1577\/revisions"}],"predecessor-version":[{"id":5591,"href":"https:\/\/dynamotion.pl\/en\/wp-json\/wp\/v2\/pages\/1577\/revisions\/5591"}],"wp:attachment":[{"href":"https:\/\/dynamotion.pl\/en\/wp-json\/wp\/v2\/media?parent=1577"}],"curies":[{"name":"wp","href":"https:\/\/api.w.org\/{rel}","templated":true}]}}