{"id":1579,"date":"2021-03-26T18:30:53","date_gmt":"2021-03-26T17:30:53","guid":{"rendered":"http:\/\/dynamotion.pl\/kontakt\/"},"modified":"2025-12-17T15:34:33","modified_gmt":"2025-12-17T14:34:33","slug":"contact","status":"publish","type":"page","link":"https:\/\/dynamotion.pl\/en\/contact\/","title":{"rendered":"Contact"},"content":{"rendered":"\n\n\t<p>Company Info<\/p>\n\t\t\t\t<img decoding=\"async\" src=\"https:\/\/dynamotion.pl\/wp-content\/uploads\/2021\/04\/separator.png\" alt=\"separator\" itemprop=\"image\" height=\"4\" width=\"83\" title=\"separator\" onerror=\"this.style.display='none'\" loading=\"lazy\" \/>\n\tDYNAMOTION Sp. z o.o.<br \/>\nul. Feliksa Wrobela 5<br \/>\n30-798 Krak\u00f3w\nNIP 676-25-55-219<br \/>\nKRS: 0000884080<br \/>\nShare capital 364.600,00 z\u0142\n<p>S\u0104D REJONOWY DLA KRAKOWA-\u015aR\u00d3DMIE\u015aCIA W KRAKOWIE, XI WYDZIA\u0141 GOSPODARCZY KRAJOWEGO REJESTRU S\u0104DOWEGO<\/p>\nBank Account:<br \/>\n11 1090 2053 0000 0001 4765 2931<br \/>\nSantander Bank Polska S.A.\n\t<iframe src=\"https:\/\/www.google.com\/maps\/embed\/v1\/place?q=Ul.+Feliksa+Wrobela+5%2C+30-798+Krak%C3%B3w+DYNAMOTION&#038;key=AIzaSyD09zQ9PNDNNy9TadMuzRV_UsPUoWKntt8\" aria-hidden=\"true\" title=\"Siedizba\"><\/iframe>\n<h2>\n\t\t\tSales contact\t<\/h2>\n\t\t\t\t<img decoding=\"async\" src=\"https:\/\/dynamotion.pl\/wp-content\/uploads\/2021\/04\/separator.png\" alt=\"separator\" itemprop=\"image\" height=\"4\" width=\"83\" title=\"separator\" onerror=\"this.style.display='none'\" loading=\"lazy\" \/>\n\ttel. <a href=\"tel:\/\/0048123067390\">12 306 73 90<\/a><br \/>\n<a href=\"mailto:info@dynamotion.pl\">info@dynamotion.pl<\/a>\n<h2>\n\t\t\tTechnical support\t<\/h2>\n\t\t\t\t<img decoding=\"async\" src=\"https:\/\/dynamotion.pl\/wp-content\/uploads\/2021\/04\/separator.png\" alt=\"separator\" itemprop=\"image\" height=\"4\" width=\"83\" title=\"separator\" onerror=\"this.style.display='none'\" loading=\"lazy\" \/>\n\ttel. <a href=\"tel:\/\/0048123067391\">12 306 73 90<\/a><br \/>\n<a href=\"mailto:wsparcie@dynamotion.pl\">wsparcie@dynamotion.pl<\/a>\n<h2>\n\t\t\tDevice service\t<\/h2>\n\t\t\t\t<img decoding=\"async\" src=\"https:\/\/dynamotion.pl\/wp-content\/uploads\/2021\/04\/separator.png\" alt=\"separator\" itemprop=\"image\" height=\"4\" width=\"83\" title=\"separator\" onerror=\"this.style.display='none'\" loading=\"lazy\" \/>\n\ttel. <a href=\"tel:\/\/0048123067391\">12 306 73 90<\/a><br \/>\n<a href=\"mailto:serwis@dynamotion.pl\">serwis@dynamotion.pl<\/a>\n<h2>\n\t\t\tLeave us a message, <br \/> we will contact you\t<\/h2>\n\t\t\t\t<img decoding=\"async\" src=\"https:\/\/dynamotion.pl\/wp-content\/uploads\/2021\/04\/separator.png\" alt=\"separator\" itemprop=\"image\" height=\"4\" width=\"83\" title=\"separator\" onerror=\"this.style.display='none'\" loading=\"lazy\" \/>\n\t<div class=\"frm_forms  with_frm_style frm_style_formidable-style\" id=\"frm_form_6_container\" data-token=\"80884a4137f74f5655f60ea6cfecd7a3\">\n<form enctype=\"multipart\/form-data\" method=\"post\" class=\"frm-show-form  frm_pro_form \" id=\"form_contact\" data-token=\"80884a4137f74f5655f60ea6cfecd7a3\">\n<div class=\"frm_form_fields \">\n<fieldset>\n<legend class=\"frm_screen_reader\">Contact<\/legend>\r\n\r\n<div class=\"frm_fields_container\">\n<input type=\"hidden\" name=\"frm_action\" value=\"create\" \/>\n<input type=\"hidden\" name=\"form_id\" value=\"6\" \/>\n<input type=\"hidden\" name=\"frm_hide_fields_6\" id=\"frm_hide_fields_6\" value=\"\" \/>\n<input type=\"hidden\" name=\"form_key\" value=\"contact\" \/>\n<input type=\"hidden\" name=\"item_meta[0]\" value=\"\" \/>\n<input type=\"hidden\" id=\"frm_submit_entry_6\" name=\"frm_submit_entry_6\" value=\"7a2c62e4f8\" \/><input type=\"hidden\" name=\"_wp_http_referer\" value=\"\/en\/wp-json\/wp\/v2\/pages\/1579\" \/><div id=\"frm_field_51_container\" class=\"frm_form_field form-field  frm_required_field frm_inside_container frm12\">\r\n    <label for=\"field_x7mhl2\" id=\"field_x7mhl2_label\" class=\"frm_primary_label\">Name \r\n        <span class=\"frm_required\">*<\/span>\r\n    <\/label>\r\n    <input  type=\"text\" id=\"field_x7mhl2\" name=\"item_meta[51]\" value=\"\"  data-reqmsg=\"Name  cannot be blank.\" aria-required=\"true\" data-invmsg=\"Tekst is invalid\" aria-invalid=\"false\"   aria-describedby=\"frm_desc_field_x7mhl2\" \/>\r\n    <div class=\"frm_description\" id=\"frm_desc_field_x7mhl2\">Enter your name and last name<\/div>\r\n    \r\n<\/div>\n<div id=\"frm_field_52_container\" class=\"frm_form_field form-field  frm_required_field frm_inside_container\">\r\n    <label for=\"field_8e7af2\" id=\"field_8e7af2_label\" class=\"frm_primary_label\">E-mail\r\n        <span class=\"frm_required\">*<\/span>\r\n    <\/label>\r\n    <input type=\"email\" id=\"field_8e7af2\" name=\"item_meta[52]\" value=\"\"  data-reqmsg=\"E-mail cannot be blank.\" aria-required=\"true\" data-invmsg=\"Email is invalid\" aria-invalid=\"false\"  \/>\r\n    \r\n    \r\n<\/div>\n<div id=\"frm_field_53_container\" class=\"frm_form_field form-field  frm_inside_container\">\r\n    <label for=\"field_9rdxt2\" id=\"field_9rdxt2_label\" class=\"frm_primary_label\">Phone number\r\n        <span class=\"frm_required\"><\/span>\r\n    <\/label>\r\n    <input  type=\"text\" id=\"field_9rdxt2\" name=\"item_meta[53]\" value=\"\"  data-invmsg=\"Tekst is invalid\" aria-invalid=\"false\"   \/>\r\n    \r\n    \r\n<\/div>\n<div id=\"frm_field_54_container\" class=\"frm_form_field form-field  frm_required_field frm_inside_container frm12\">\r\n    <label for=\"field_7hi3g2\" id=\"field_7hi3g2_label\" class=\"frm_primary_label\">Message\r\n        <span class=\"frm_required\">*<\/span>\r\n    <\/label>\r\n    <textarea name=\"item_meta[54]\" id=\"field_7hi3g2\" rows=\"5\"  data-reqmsg=\"Message cannot be blank.\" aria-required=\"true\" data-invmsg=\"Message jest nieprawid\u0142owe\" aria-invalid=\"false\"  ><\/textarea>\r\n    \r\n    \r\n<\/div>\n<div id=\"frm_field_55_container\" class=\"frm_form_field form-field  frm_required_field frm_hidden_container vertical_radio\">\r\n    <div  id=\"field_64frw2_label\" class=\"frm_primary_label\">Checkbox\r\n        <span class=\"frm_required\">*<\/span>\r\n    <\/div>\r\n    <div class=\"frm_opt_container\" aria-labelledby=\"field_64frw2_label\" role=\"group\">\t\t<div class=\"frm_checkbox\" id=\"frm_checkbox_55-0\">\t\t\t<label  for=\"field_64frw2-0\">\n\t\t\t<input type=\"checkbox\" name=\"item_meta[55][]\" id=\"field_64frw2-0\" value=\"By sending this form, I agree to my personal data being processed for marketing purposes by DYNAMOTION Sp. z o.o. registered in Krakow (30-798), ul. Feliksa Wrobela 5.\"  data-frmval=\"[&quot;Wype\\u0142niaj\\u0105c niniejszy formularz wyra\\u017cam zgod\\u0119 na przetwarzanie moich danych osobowych dla cel\\u00f3w marketingowych przez  DYNAMOTION Sp. z o.o. z siedzib\\u0105 w Krakowie (30-798), ul. Feliksa Wrobela 5.&quot;]\" data-reqmsg=\"Checkbox cannot be blank.\" data-invmsg=\"Checkbox jest nieprawid\u0142owe\"   aria-required=\"true\"  \/> By sending this form, I agree to my personal data being processed for marketing purposes by DYNAMOTION Sp. z o.o. registered in Krakow (30-798), ul. Feliksa Wrobela 5.<\/label><\/div>\n<\/div>\r\n    \r\n    \r\n<\/div>\n<div id=\"frm_field_56_container\" class=\"frm_form_field form-field \">\r\n\t<div class=\"frm_submit\">\r\n\r\n<button class=\"frm_button_submit frm_final_submit\" type=\"submit\"   formnovalidate=\"formnovalidate\">Submit<\/button>\r\n\r\n<\/div>\r\n<\/div>\n\t<input type=\"hidden\" name=\"item_key\" value=\"\" \/>\n\t\t\t<div id=\"frm_field_71_container\">\n\t\t\t<label for=\"field_qh4oq\" >\n\t\t\t\tIf you are human, leave this field blank.\t\t\t<\/label>\n\t\t\t<input  id=\"field_qh4oq\" type=\"text\" class=\"frm_form_field form-field frm_verify\" name=\"item_meta[71]\" value=\"\"  \/>\n\t\t<\/div>\n\t\t<input name=\"frm_state\" type=\"hidden\" value=\"9Is8errBamtTPPUen5IQf1NU3janV0FxdCOmKY3CcPdHz2oDFgVI1npUFXjd0Vdz\" \/><\/div>\n<\/fieldset>\n<\/div>\n\n<\/form>\n<\/div>\n\n\n","protected":false},"excerpt":{"rendered":"<p>Company Info DYNAMOTION Sp. z o.o. ul. Feliksa Wrobela 5 30-798 Krak\u00f3w NIP 676-25-55-219 KRS: 0000884080 Share capital 364.600,00 z\u0142 S\u0104D REJONOWY DLA KRAKOWA-\u015aR\u00d3DMIE\u015aCIA W KRAKOWIE, XI WYDZIA\u0141 GOSPODARCZY KRAJOWEGO REJESTRU S\u0104DOWEGO Bank Account: 11 1090 2053 0000 0001 4765 2931 Santander Bank Polska S.A. Sales contact tel. 12 306 73 90 info@dynamotion.pl Technical support&hellip;<\/p>\n","protected":false},"author":1,"featured_media":0,"parent":0,"menu_order":0,"comment_status":"closed","ping_status":"closed","template":"","meta":{"_acf_changed":false,"footnotes":""},"class_list":["post-1579","page","type-page","status-publish","hentry"],"acf":[],"yoast_head":"<!-- This site is optimized with the Yoast SEO plugin v27.4 - https:\/\/yoast.com\/product\/yoast-seo-wordpress\/ -->\n<title>Contact - Dynamotion<\/title>\n<meta name=\"description\" content=\"Need advice or technical support with PacDrive servo drives or Preventa safety systems? Our specialists will be happy to help you!\" \/>\n<meta name=\"robots\" content=\"index, follow, max-snippet:-1, max-image-preview:large, max-video-preview:-1\" \/>\n<link rel=\"canonical\" href=\"https:\/\/dynamotion.pl\/en\/contact\/\" \/>\n<meta property=\"og:locale\" content=\"en_US\" \/>\n<meta property=\"og:type\" content=\"article\" \/>\n<meta property=\"og:title\" content=\"Contact - Dynamotion\" \/>\n<meta property=\"og:description\" content=\"Need advice or technical support with PacDrive servo drives or Preventa safety systems? Our specialists will be happy to help you!\" \/>\n<meta property=\"og:url\" content=\"https:\/\/dynamotion.pl\/en\/contact\/\" \/>\n<meta property=\"og:site_name\" content=\"Dynamotion\" \/>\n<meta property=\"article:modified_time\" content=\"2025-12-17T14:34:33+00:00\" \/>\n<meta property=\"og:image\" content=\"https:\/\/dynamotion.pl\/wp-content\/uploads\/2021\/04\/separator.png\" \/>\n<meta name=\"twitter:card\" content=\"summary_large_image\" \/>\n<script type=\"application\/ld+json\" class=\"yoast-schema-graph\">{\"@context\":\"https:\\\/\\\/schema.org\",\"@graph\":[{\"@type\":\"WebPage\",\"@id\":\"https:\\\/\\\/dynamotion.pl\\\/en\\\/contact\\\/\",\"url\":\"https:\\\/\\\/dynamotion.pl\\\/en\\\/contact\\\/\",\"name\":\"Contact - Dynamotion\",\"isPartOf\":{\"@id\":\"https:\\\/\\\/dynamotion.pl\\\/en\\\/#website\"},\"primaryImageOfPage\":{\"@id\":\"https:\\\/\\\/dynamotion.pl\\\/en\\\/contact\\\/#primaryimage\"},\"image\":{\"@id\":\"https:\\\/\\\/dynamotion.pl\\\/en\\\/contact\\\/#primaryimage\"},\"thumbnailUrl\":\"https:\\\/\\\/dynamotion.pl\\\/wp-content\\\/uploads\\\/2021\\\/04\\\/separator.png\",\"datePublished\":\"2021-03-26T17:30:53+00:00\",\"dateModified\":\"2025-12-17T14:34:33+00:00\",\"description\":\"Need advice or technical support with PacDrive servo drives or Preventa safety systems? Our specialists will be happy to help you!\",\"breadcrumb\":{\"@id\":\"https:\\\/\\\/dynamotion.pl\\\/en\\\/contact\\\/#breadcrumb\"},\"inLanguage\":\"en-US\",\"potentialAction\":[{\"@type\":\"ReadAction\",\"target\":[\"https:\\\/\\\/dynamotion.pl\\\/en\\\/contact\\\/\"]}]},{\"@type\":\"ImageObject\",\"inLanguage\":\"en-US\",\"@id\":\"https:\\\/\\\/dynamotion.pl\\\/en\\\/contact\\\/#primaryimage\",\"url\":\"https:\\\/\\\/dynamotion.pl\\\/wp-content\\\/uploads\\\/2021\\\/04\\\/separator.png\",\"contentUrl\":\"https:\\\/\\\/dynamotion.pl\\\/wp-content\\\/uploads\\\/2021\\\/04\\\/separator.png\"},{\"@type\":\"BreadcrumbList\",\"@id\":\"https:\\\/\\\/dynamotion.pl\\\/en\\\/contact\\\/#breadcrumb\",\"itemListElement\":[{\"@type\":\"ListItem\",\"position\":1,\"name\":\"Strona g\u0142\u00f3wna\",\"item\":\"https:\\\/\\\/dynamotion.pl\\\/en\\\/\"},{\"@type\":\"ListItem\",\"position\":2,\"name\":\"DYNAMOTION contact info company\"}]},{\"@type\":\"WebSite\",\"@id\":\"https:\\\/\\\/dynamotion.pl\\\/en\\\/#website\",\"url\":\"https:\\\/\\\/dynamotion.pl\\\/en\\\/\",\"name\":\"Dynamotion\",\"description\":\"Nap\u0119dzamy przysz\u0142o\u015b\u0107 pakowania\",\"publisher\":{\"@id\":\"https:\\\/\\\/dynamotion.pl\\\/en\\\/#organization\"},\"potentialAction\":[{\"@type\":\"SearchAction\",\"target\":{\"@type\":\"EntryPoint\",\"urlTemplate\":\"https:\\\/\\\/dynamotion.pl\\\/en\\\/?s={search_term_string}\"},\"query-input\":{\"@type\":\"PropertyValueSpecification\",\"valueRequired\":true,\"valueName\":\"search_term_string\"}}],\"inLanguage\":\"en-US\"},{\"@type\":\"Organization\",\"@id\":\"https:\\\/\\\/dynamotion.pl\\\/en\\\/#organization\",\"name\":\"DYNAMOTION Sp. z o.o.\",\"url\":\"https:\\\/\\\/dynamotion.pl\\\/en\\\/\",\"logo\":{\"@type\":\"ImageObject\",\"inLanguage\":\"en-US\",\"@id\":\"https:\\\/\\\/dynamotion.pl\\\/en\\\/#\\\/schema\\\/logo\\\/image\\\/\",\"url\":\"https:\\\/\\\/dynamotion.pl\\\/wp-content\\\/uploads\\\/2021\\\/08\\\/sygnet_stopka.png\",\"contentUrl\":\"https:\\\/\\\/dynamotion.pl\\\/wp-content\\\/uploads\\\/2021\\\/08\\\/sygnet_stopka.png\",\"width\":128,\"height\":112,\"caption\":\"DYNAMOTION Sp. z o.o.\"},\"image\":{\"@id\":\"https:\\\/\\\/dynamotion.pl\\\/en\\\/#\\\/schema\\\/logo\\\/image\\\/\"}}]}<\/script>\n<!-- \/ Yoast SEO plugin. -->","yoast_head_json":{"title":"Contact - Dynamotion","description":"Need advice or technical support with PacDrive servo drives or Preventa safety systems? Our specialists will be happy to help you!","robots":{"index":"index","follow":"follow","max-snippet":"max-snippet:-1","max-image-preview":"max-image-preview:large","max-video-preview":"max-video-preview:-1"},"canonical":"https:\/\/dynamotion.pl\/en\/contact\/","og_locale":"en_US","og_type":"article","og_title":"Contact - Dynamotion","og_description":"Need advice or technical support with PacDrive servo drives or Preventa safety systems? Our specialists will be happy to help you!","og_url":"https:\/\/dynamotion.pl\/en\/contact\/","og_site_name":"Dynamotion","article_modified_time":"2025-12-17T14:34:33+00:00","og_image":[{"url":"https:\/\/dynamotion.pl\/wp-content\/uploads\/2021\/04\/separator.png","type":"","width":"","height":""}],"twitter_card":"summary_large_image","schema":{"@context":"https:\/\/schema.org","@graph":[{"@type":"WebPage","@id":"https:\/\/dynamotion.pl\/en\/contact\/","url":"https:\/\/dynamotion.pl\/en\/contact\/","name":"Contact - Dynamotion","isPartOf":{"@id":"https:\/\/dynamotion.pl\/en\/#website"},"primaryImageOfPage":{"@id":"https:\/\/dynamotion.pl\/en\/contact\/#primaryimage"},"image":{"@id":"https:\/\/dynamotion.pl\/en\/contact\/#primaryimage"},"thumbnailUrl":"https:\/\/dynamotion.pl\/wp-content\/uploads\/2021\/04\/separator.png","datePublished":"2021-03-26T17:30:53+00:00","dateModified":"2025-12-17T14:34:33+00:00","description":"Need advice or technical support with PacDrive servo drives or Preventa safety systems? Our specialists will be happy to help you!","breadcrumb":{"@id":"https:\/\/dynamotion.pl\/en\/contact\/#breadcrumb"},"inLanguage":"en-US","potentialAction":[{"@type":"ReadAction","target":["https:\/\/dynamotion.pl\/en\/contact\/"]}]},{"@type":"ImageObject","inLanguage":"en-US","@id":"https:\/\/dynamotion.pl\/en\/contact\/#primaryimage","url":"https:\/\/dynamotion.pl\/wp-content\/uploads\/2021\/04\/separator.png","contentUrl":"https:\/\/dynamotion.pl\/wp-content\/uploads\/2021\/04\/separator.png"},{"@type":"BreadcrumbList","@id":"https:\/\/dynamotion.pl\/en\/contact\/#breadcrumb","itemListElement":[{"@type":"ListItem","position":1,"name":"Strona g\u0142\u00f3wna","item":"https:\/\/dynamotion.pl\/en\/"},{"@type":"ListItem","position":2,"name":"DYNAMOTION contact info company"}]},{"@type":"WebSite","@id":"https:\/\/dynamotion.pl\/en\/#website","url":"https:\/\/dynamotion.pl\/en\/","name":"Dynamotion","description":"Nap\u0119dzamy przysz\u0142o\u015b\u0107 pakowania","publisher":{"@id":"https:\/\/dynamotion.pl\/en\/#organization"},"potentialAction":[{"@type":"SearchAction","target":{"@type":"EntryPoint","urlTemplate":"https:\/\/dynamotion.pl\/en\/?s={search_term_string}"},"query-input":{"@type":"PropertyValueSpecification","valueRequired":true,"valueName":"search_term_string"}}],"inLanguage":"en-US"},{"@type":"Organization","@id":"https:\/\/dynamotion.pl\/en\/#organization","name":"DYNAMOTION Sp. z o.o.","url":"https:\/\/dynamotion.pl\/en\/","logo":{"@type":"ImageObject","inLanguage":"en-US","@id":"https:\/\/dynamotion.pl\/en\/#\/schema\/logo\/image\/","url":"https:\/\/dynamotion.pl\/wp-content\/uploads\/2021\/08\/sygnet_stopka.png","contentUrl":"https:\/\/dynamotion.pl\/wp-content\/uploads\/2021\/08\/sygnet_stopka.png","width":128,"height":112,"caption":"DYNAMOTION Sp. z o.o."},"image":{"@id":"https:\/\/dynamotion.pl\/en\/#\/schema\/logo\/image\/"}}]}},"_links":{"self":[{"href":"https:\/\/dynamotion.pl\/en\/wp-json\/wp\/v2\/pages\/1579","targetHints":{"allow":["GET"]}}],"collection":[{"href":"https:\/\/dynamotion.pl\/en\/wp-json\/wp\/v2\/pages"}],"about":[{"href":"https:\/\/dynamotion.pl\/en\/wp-json\/wp\/v2\/types\/page"}],"author":[{"embeddable":true,"href":"https:\/\/dynamotion.pl\/en\/wp-json\/wp\/v2\/users\/1"}],"replies":[{"embeddable":true,"href":"https:\/\/dynamotion.pl\/en\/wp-json\/wp\/v2\/comments?post=1579"}],"version-history":[{"count":4,"href":"https:\/\/dynamotion.pl\/en\/wp-json\/wp\/v2\/pages\/1579\/revisions"}],"predecessor-version":[{"id":5604,"href":"https:\/\/dynamotion.pl\/en\/wp-json\/wp\/v2\/pages\/1579\/revisions\/5604"}],"wp:attachment":[{"href":"https:\/\/dynamotion.pl\/en\/wp-json\/wp\/v2\/media?parent=1579"}],"curies":[{"name":"wp","href":"https:\/\/api.w.org\/{rel}","templated":true}]}}