{"id":1580,"date":"2021-03-26T18:30:04","date_gmt":"2021-03-26T17:30:04","guid":{"rendered":"http:\/\/dynamotion.pl\/o-nas\/"},"modified":"2025-12-17T15:50:06","modified_gmt":"2025-12-17T14:50:06","slug":"o-nas","status":"publish","type":"page","link":"https:\/\/dynamotion.pl\/en\/o-nas\/","title":{"rendered":"About us"},"content":{"rendered":"\n<h2>\n\t\t\tReliable company\t<\/h2>\n\t\t\t\t<img decoding=\"async\" src=\"https:\/\/dynamotion.pl\/wp-content\/uploads\/2021\/04\/separator.png\" alt=\"separator\" itemprop=\"image\" height=\"4\" width=\"83\" title=\"separator\" onerror=\"this.style.display='none'\" loading=\"lazy\" \/>\n\tWhat we are is an enthusiastic and well-experienced team,<br \/>\nthat started as a part of ASTOR Sp. z o.o. We focus on modern solutions for improving packaging machinery and processes. Also, we are the main Polish distributor of PacDrive servo systems manufactured by Schneider Electric, including controllers, servo drives, delta and cartesian robots, and Preventa Safety Systems. We deliver services such as technical support, equipment service, and education along with the products. High efficiency and intuitiveness of our solutions are guaranteed, as our priority is your satisfaction.\n\t\t\t\t<img decoding=\"async\" src=\"https:\/\/dynamotion.pl\/wp-content\/uploads\/2021\/04\/Produkty.png\" alt=\"Produkty PacDrive 3 LMC LXM ILM SH SM TM5 TM7 Lexium Schneider Electric o nas\" itemprop=\"image\" height=\"483\" width=\"860\" title=\"Produkty PacDrive 3 LMC LXM ILM SH SM TM5 TM7 Lexium Schneider Electric\" onerror=\"this.style.display='none'\" loading=\"lazy\" \/>\n<h2>\n\t\t\tTrusted solutions\t<\/h2>\n\t\t\t\t<img decoding=\"async\" src=\"https:\/\/dynamotion.pl\/wp-content\/uploads\/2021\/04\/separator.png\" alt=\"separator\" itemprop=\"image\" height=\"4\" width=\"83\" title=\"separator\" onerror=\"this.style.display='none'\" loading=\"lazy\" \/>\n\t\t\t\t<img decoding=\"async\" src=\"https:\/\/dynamotion.pl\/wp-content\/uploads\/2021\/04\/09-ikona-3-1.png\" alt=\"o nas schneider electric elau pacdrive 3 m\" itemprop=\"image\" height=\"171\" width=\"239\" title=\"09-ikona-3\" onerror=\"this.style.display='none'\" loading=\"lazy\" \/>\n<h3>\n\t\t\tMore than 60 FMCG market leaders trusted our services\t<\/h3>\n\t\t\t\t<img decoding=\"async\" src=\"https:\/\/dynamotion.pl\/wp-content\/uploads\/2021\/04\/09-ikona-3.png\" alt=\"DYNAMOTION PacDrive o nas\" itemprop=\"image\" height=\"171\" width=\"141\" title=\"Sprawdzone technologie 40 lat do\u015bwiadcze\u0144\" onerror=\"this.style.display='none'\" loading=\"lazy\" \/>\n<h3>\n\t\t\tWell-proven technologies:<br \/>40 years of experience<br \/>and 160,000+ machines\t<\/h3>\n\t\t\t\t<img decoding=\"async\" src=\"https:\/\/dynamotion.pl\/wp-content\/uploads\/2021\/04\/08-ikona-2.png\" alt=\"DYNAMOTION Centrum kompetencji o nas\" itemprop=\"image\" height=\"162\" width=\"90\" title=\"Centrum R&amp;D do test\u00f3w pilota\u017cowych koncepcji w Krakowie\" onerror=\"this.style.display='none'\" loading=\"lazy\" \/>\n<h3>\n\t\t\tR&#038;D center for proof of concept testing<br \/>in Krakow\t<\/h3>\n<h2>\n\t\t\tWhat do we offer?\t<\/h2>\n\t\t\t\t<img decoding=\"async\" src=\"https:\/\/dynamotion.pl\/wp-content\/uploads\/2021\/04\/separator.png\" alt=\"separator\" itemprop=\"image\" height=\"4\" width=\"83\" title=\"separator\" onerror=\"this.style.display='none'\" loading=\"lazy\" \/>\n\t<p>Designing an application for secondary packaging does not have to be a time-consuming and long process. By using ready-to-use packaging applications created using reliable technologies from leading suppliers,such as Schneider Electric, you can significantly reduce the time-to-market for your packaging machines. We provide the fastest servo drives with build-in libraries designed for packaging machines, and the proof of concept space in two locations &#8211; Krakow (Poland) and Marktheidenfield (Germany). For more complex machines, we provide delta type industrial robots and Cartesian mechanics modules.<\/p>\n\t\t\t<a href=\"https:\/\/dynamotion.pl\/en\/oferta\/\" target=\"_self\">\n\t\t\t\t\t\t\tLearn more about our products\n\t\t\t\t\t<\/a>\n\t\t\t\t<img decoding=\"async\" src=\"https:\/\/dynamotion.pl\/wp-content\/uploads\/2021\/04\/10-ikona-4.png\" alt=\"o nas dynamotion schneider electric\" itemprop=\"image\" height=\"222\" width=\"223\" title=\"10 ikona 4\" onerror=\"this.style.display='none'\" loading=\"lazy\" \/>\n<h2>\n\t\t\tSchneider Electric certified product supplier\t<\/h2>\n\t\t\t\t<img decoding=\"async\" src=\"https:\/\/dynamotion.pl\/wp-content\/uploads\/2021\/04\/separator.png\" alt=\"separator\" itemprop=\"image\" height=\"4\" width=\"83\" title=\"separator\" onerror=\"this.style.display='none'\" loading=\"lazy\" \/>\n\t<p>As an Alliance Industrial Automation Distributor, we offer the expertise and experience to handle advanced and complex industrial projects and provide our customers with tailor-made solutions.<\/p>\n<p>&nbsp;<\/p>\n\t\t\t<a href=\"https:\/\/dynamotion.pl\/wp-content\/uploads\/2021\/11\/Dynamotion-scaled.jpeg\" target=\"_self\" rel=\"nofollow\">\n\t\t\t\t\t\t\tAlliance Industrial Automation Distributor Certificate\n\t\t\t\t\t<\/a>\n\t\t\t\t<img decoding=\"async\" src=\"https:\/\/dynamotion.pl\/wp-content\/uploads\/2022\/03\/Partnership-Badges_Alliance_Industrial-Automation-Distributor_Registered_CMYK_Green.png\" alt=\"Certyfikowany Partner IAD Schneider Electric Automatyki przemys\u0142owej o nas\" itemprop=\"image\" height=\"514\" width=\"699\" title=\"Partnership Badges_Alliance_Industrial Automation Distributor_Registered_CMYK_Green\" onerror=\"this.style.display='none'\" loading=\"lazy\" \/>\n<h2>\n\t\t\tTrusted by\t<\/h2>\n\t\t\t\t<img decoding=\"async\" src=\"https:\/\/dynamotion.pl\/wp-content\/uploads\/2021\/04\/separator.png\" alt=\"separator\" itemprop=\"image\" height=\"4\" width=\"83\" title=\"separator\" onerror=\"this.style.display='none'\" loading=\"lazy\" \/>\n<h2>\n\t\t\tOur case studies\t<\/h2>\n\t\t\t\t<img decoding=\"async\" src=\"https:\/\/dynamotion.pl\/wp-content\/uploads\/2021\/04\/separator.png\" alt=\"separator\" itemprop=\"image\" height=\"4\" width=\"83\" title=\"separator\" onerror=\"this.style.display='none'\" loading=\"lazy\" \/>\n\t\t\t<iframe width=\"560\" height=\"315\" src=\"https:\/\/www.youtube.com\/embed\/ToDkboHlhUs?si=Q9BcXt9fzE0cYiGP\" title=\"YouTube video player\" frameborder=\"0\" allow=\"accelerometer; autoplay; clipboard-write; encrypted-media; gyroscope; picture-in-picture; web-share\" referrerpolicy=\"strict-origin-when-cross-origin\" allowfullscreen><\/iframe>\t\t\t\n\t\t\t<iframe width=\"560\" height=\"315\" src=\"https:\/\/www.youtube.com\/embed\/xUTJ6rpE-Eg?si=c8--jvzvkZZOIwug\" title=\"YouTube video player\" frameborder=\"0\" allow=\"accelerometer; autoplay; clipboard-write; encrypted-media; gyroscope; picture-in-picture; web-share\" referrerpolicy=\"strict-origin-when-cross-origin\" allowfullscreen><\/iframe>\t\t\t\n\t\t\t\t<a href=\"#\" aria-label=\"previous\" role=\"button\">\n<\/a>\n\t\t\t\t<a href=\"#\" aria-label=\"next\" role=\"button\">\n<\/a>\n\n","protected":false},"excerpt":{"rendered":"<p>Reliable company What we are is an enthusiastic and well-experienced team, that started as a part of ASTOR Sp. z o.o. We focus on modern solutions for improving packaging machinery and processes. Also, we are the main Polish distributor of PacDrive servo systems manufactured by Schneider Electric, including controllers, servo drives, delta and cartesian robots,&hellip;<\/p>\n","protected":false},"author":1,"featured_media":4580,"parent":0,"menu_order":0,"comment_status":"closed","ping_status":"closed","template":"","meta":{"_acf_changed":false,"footnotes":""},"class_list":["post-1580","page","type-page","status-publish","has-post-thumbnail","hentry"],"acf":[],"yoast_head":"<!-- This site is optimized with the Yoast SEO plugin v27.4 - https:\/\/yoast.com\/product\/yoast-seo-wordpress\/ -->\n<title>About us - Dynamotion<\/title>\n<meta name=\"description\" content=\"Development of custom solutions for packaging processes and the supply of reliable technologies with Schneider Electric products\" \/>\n<meta name=\"robots\" content=\"index, follow, max-snippet:-1, max-image-preview:large, max-video-preview:-1\" \/>\n<link rel=\"canonical\" href=\"https:\/\/dynamotion.pl\/en\/o-nas\/\" \/>\n<meta property=\"og:locale\" content=\"en_US\" \/>\n<meta property=\"og:type\" content=\"article\" \/>\n<meta property=\"og:title\" content=\"M\u0142ody zesp\u00f3\u0142, wieloletnie do\u015bwiadczenie - DYNAMOTION\" \/>\n<meta property=\"og:description\" content=\"Swoje pierwsze kroki stawiali\u015bmy jako cz\u0119\u015b\u0107 firmy ASTOR, jednego z lider\u00f3w automatyki przemys\u0142owej. Jako DYNAMOTION kontynuujemy wsp\u00f3\u0142prac\u0119 z firmami rynku FMCG, kt\u00f3re wspieramy w usprawnianiu maszyn i proces\u00f3w pakowania. A b\u0119d\u0105c certyfikowanym dostawc\u0105 produkt\u00f3w Schneider Electric dostarczamy sprawdzone technologie, kt\u00f3re gwarantuj\u0105 najwi\u0119ksze osi\u0105gi.\" \/>\n<meta property=\"og:url\" content=\"https:\/\/dynamotion.pl\/en\/o-nas\/\" \/>\n<meta property=\"og:site_name\" content=\"Dynamotion\" \/>\n<meta property=\"article:modified_time\" content=\"2025-12-17T14:50:06+00:00\" \/>\n<meta property=\"og:image\" content=\"https:\/\/dynamotion.pl\/wp-content\/uploads\/2021\/04\/06-O-nas-baner-glowny-1.png\" \/>\n\t<meta property=\"og:image:width\" content=\"1680\" \/>\n\t<meta property=\"og:image:height\" content=\"505\" \/>\n\t<meta property=\"og:image:type\" content=\"image\/png\" \/>\n<meta name=\"twitter:card\" content=\"summary_large_image\" \/>\n<meta name=\"twitter:title\" content=\"DYNAMOTION - Nap\u0119dzamy przysz\u0142o\u015b\u0107 pakowania\" \/>\n<meta name=\"twitter:image\" content=\"https:\/\/dynamotion.pl\/wp-content\/uploads\/2021\/04\/06-O-nas-baner-glowny-1.png\" \/>\n<meta name=\"twitter:label1\" content=\"Est. reading time\" \/>\n\t<meta name=\"twitter:data1\" content=\"5 minutes\" \/>\n<script type=\"application\/ld+json\" class=\"yoast-schema-graph\">{\"@context\":\"https:\\\/\\\/schema.org\",\"@graph\":[{\"@type\":\"WebPage\",\"@id\":\"https:\\\/\\\/dynamotion.pl\\\/en\\\/o-nas\\\/\",\"url\":\"https:\\\/\\\/dynamotion.pl\\\/en\\\/o-nas\\\/\",\"name\":\"About us - Dynamotion\",\"isPartOf\":{\"@id\":\"https:\\\/\\\/dynamotion.pl\\\/en\\\/#website\"},\"primaryImageOfPage\":{\"@id\":\"https:\\\/\\\/dynamotion.pl\\\/en\\\/o-nas\\\/#primaryimage\"},\"image\":{\"@id\":\"https:\\\/\\\/dynamotion.pl\\\/en\\\/o-nas\\\/#primaryimage\"},\"thumbnailUrl\":\"https:\\\/\\\/dynamotion.pl\\\/wp-content\\\/uploads\\\/2025\\\/07\\\/DYNAMOTION_ALL_O_nas.png\",\"datePublished\":\"2021-03-26T17:30:04+00:00\",\"dateModified\":\"2025-12-17T14:50:06+00:00\",\"description\":\"Development of custom solutions for packaging processes and the supply of reliable technologies with Schneider Electric products\",\"breadcrumb\":{\"@id\":\"https:\\\/\\\/dynamotion.pl\\\/en\\\/o-nas\\\/#breadcrumb\"},\"inLanguage\":\"en-US\",\"potentialAction\":[{\"@type\":\"ReadAction\",\"target\":[\"https:\\\/\\\/dynamotion.pl\\\/en\\\/o-nas\\\/\"]}]},{\"@type\":\"ImageObject\",\"inLanguage\":\"en-US\",\"@id\":\"https:\\\/\\\/dynamotion.pl\\\/en\\\/o-nas\\\/#primaryimage\",\"url\":\"https:\\\/\\\/dynamotion.pl\\\/wp-content\\\/uploads\\\/2025\\\/07\\\/DYNAMOTION_ALL_O_nas.png\",\"contentUrl\":\"https:\\\/\\\/dynamotion.pl\\\/wp-content\\\/uploads\\\/2025\\\/07\\\/DYNAMOTION_ALL_O_nas.png\",\"width\":1792,\"height\":1050,\"caption\":\"DYNAMOTION_ALL_O_nas\"},{\"@type\":\"BreadcrumbList\",\"@id\":\"https:\\\/\\\/dynamotion.pl\\\/en\\\/o-nas\\\/#breadcrumb\",\"itemListElement\":[{\"@type\":\"ListItem\",\"position\":1,\"name\":\"Strona g\u0142\u00f3wna\",\"item\":\"https:\\\/\\\/dynamotion.pl\\\/en\\\/\"},{\"@type\":\"ListItem\",\"position\":2,\"name\":\"DYNAMOTION cele automatyzacja robotyzacja FMCG\"}]},{\"@type\":\"WebSite\",\"@id\":\"https:\\\/\\\/dynamotion.pl\\\/en\\\/#website\",\"url\":\"https:\\\/\\\/dynamotion.pl\\\/en\\\/\",\"name\":\"Dynamotion\",\"description\":\"Nap\u0119dzamy przysz\u0142o\u015b\u0107 pakowania\",\"publisher\":{\"@id\":\"https:\\\/\\\/dynamotion.pl\\\/en\\\/#organization\"},\"potentialAction\":[{\"@type\":\"SearchAction\",\"target\":{\"@type\":\"EntryPoint\",\"urlTemplate\":\"https:\\\/\\\/dynamotion.pl\\\/en\\\/?s={search_term_string}\"},\"query-input\":{\"@type\":\"PropertyValueSpecification\",\"valueRequired\":true,\"valueName\":\"search_term_string\"}}],\"inLanguage\":\"en-US\"},{\"@type\":\"Organization\",\"@id\":\"https:\\\/\\\/dynamotion.pl\\\/en\\\/#organization\",\"name\":\"DYNAMOTION Sp. z o.o.\",\"url\":\"https:\\\/\\\/dynamotion.pl\\\/en\\\/\",\"logo\":{\"@type\":\"ImageObject\",\"inLanguage\":\"en-US\",\"@id\":\"https:\\\/\\\/dynamotion.pl\\\/en\\\/#\\\/schema\\\/logo\\\/image\\\/\",\"url\":\"https:\\\/\\\/dynamotion.pl\\\/wp-content\\\/uploads\\\/2021\\\/08\\\/sygnet_stopka.png\",\"contentUrl\":\"https:\\\/\\\/dynamotion.pl\\\/wp-content\\\/uploads\\\/2021\\\/08\\\/sygnet_stopka.png\",\"width\":128,\"height\":112,\"caption\":\"DYNAMOTION Sp. z o.o.\"},\"image\":{\"@id\":\"https:\\\/\\\/dynamotion.pl\\\/en\\\/#\\\/schema\\\/logo\\\/image\\\/\"}}]}<\/script>\n<!-- \/ Yoast SEO plugin. -->","yoast_head_json":{"title":"About us - Dynamotion","description":"Development of custom solutions for packaging processes and the supply of reliable technologies with Schneider Electric products","robots":{"index":"index","follow":"follow","max-snippet":"max-snippet:-1","max-image-preview":"max-image-preview:large","max-video-preview":"max-video-preview:-1"},"canonical":"https:\/\/dynamotion.pl\/en\/o-nas\/","og_locale":"en_US","og_type":"article","og_title":"M\u0142ody zesp\u00f3\u0142, wieloletnie do\u015bwiadczenie - DYNAMOTION","og_description":"Swoje pierwsze kroki stawiali\u015bmy jako cz\u0119\u015b\u0107 firmy ASTOR, jednego z lider\u00f3w automatyki przemys\u0142owej. Jako DYNAMOTION kontynuujemy wsp\u00f3\u0142prac\u0119 z firmami rynku FMCG, kt\u00f3re wspieramy w usprawnianiu maszyn i proces\u00f3w pakowania. A b\u0119d\u0105c certyfikowanym dostawc\u0105 produkt\u00f3w Schneider Electric dostarczamy sprawdzone technologie, kt\u00f3re gwarantuj\u0105 najwi\u0119ksze osi\u0105gi.","og_url":"https:\/\/dynamotion.pl\/en\/o-nas\/","og_site_name":"Dynamotion","article_modified_time":"2025-12-17T14:50:06+00:00","og_image":[{"width":1680,"height":505,"url":"https:\/\/dynamotion.pl\/wp-content\/uploads\/2021\/04\/06-O-nas-baner-glowny-1.png","type":"image\/png"}],"twitter_card":"summary_large_image","twitter_title":"DYNAMOTION - Nap\u0119dzamy przysz\u0142o\u015b\u0107 pakowania","twitter_image":"https:\/\/dynamotion.pl\/wp-content\/uploads\/2021\/04\/06-O-nas-baner-glowny-1.png","twitter_misc":{"Est. reading time":"5 minutes"},"schema":{"@context":"https:\/\/schema.org","@graph":[{"@type":"WebPage","@id":"https:\/\/dynamotion.pl\/en\/o-nas\/","url":"https:\/\/dynamotion.pl\/en\/o-nas\/","name":"About us - Dynamotion","isPartOf":{"@id":"https:\/\/dynamotion.pl\/en\/#website"},"primaryImageOfPage":{"@id":"https:\/\/dynamotion.pl\/en\/o-nas\/#primaryimage"},"image":{"@id":"https:\/\/dynamotion.pl\/en\/o-nas\/#primaryimage"},"thumbnailUrl":"https:\/\/dynamotion.pl\/wp-content\/uploads\/2025\/07\/DYNAMOTION_ALL_O_nas.png","datePublished":"2021-03-26T17:30:04+00:00","dateModified":"2025-12-17T14:50:06+00:00","description":"Development of custom solutions for packaging processes and the supply of reliable technologies with Schneider Electric products","breadcrumb":{"@id":"https:\/\/dynamotion.pl\/en\/o-nas\/#breadcrumb"},"inLanguage":"en-US","potentialAction":[{"@type":"ReadAction","target":["https:\/\/dynamotion.pl\/en\/o-nas\/"]}]},{"@type":"ImageObject","inLanguage":"en-US","@id":"https:\/\/dynamotion.pl\/en\/o-nas\/#primaryimage","url":"https:\/\/dynamotion.pl\/wp-content\/uploads\/2025\/07\/DYNAMOTION_ALL_O_nas.png","contentUrl":"https:\/\/dynamotion.pl\/wp-content\/uploads\/2025\/07\/DYNAMOTION_ALL_O_nas.png","width":1792,"height":1050,"caption":"DYNAMOTION_ALL_O_nas"},{"@type":"BreadcrumbList","@id":"https:\/\/dynamotion.pl\/en\/o-nas\/#breadcrumb","itemListElement":[{"@type":"ListItem","position":1,"name":"Strona g\u0142\u00f3wna","item":"https:\/\/dynamotion.pl\/en\/"},{"@type":"ListItem","position":2,"name":"DYNAMOTION cele automatyzacja robotyzacja FMCG"}]},{"@type":"WebSite","@id":"https:\/\/dynamotion.pl\/en\/#website","url":"https:\/\/dynamotion.pl\/en\/","name":"Dynamotion","description":"Nap\u0119dzamy przysz\u0142o\u015b\u0107 pakowania","publisher":{"@id":"https:\/\/dynamotion.pl\/en\/#organization"},"potentialAction":[{"@type":"SearchAction","target":{"@type":"EntryPoint","urlTemplate":"https:\/\/dynamotion.pl\/en\/?s={search_term_string}"},"query-input":{"@type":"PropertyValueSpecification","valueRequired":true,"valueName":"search_term_string"}}],"inLanguage":"en-US"},{"@type":"Organization","@id":"https:\/\/dynamotion.pl\/en\/#organization","name":"DYNAMOTION Sp. z o.o.","url":"https:\/\/dynamotion.pl\/en\/","logo":{"@type":"ImageObject","inLanguage":"en-US","@id":"https:\/\/dynamotion.pl\/en\/#\/schema\/logo\/image\/","url":"https:\/\/dynamotion.pl\/wp-content\/uploads\/2021\/08\/sygnet_stopka.png","contentUrl":"https:\/\/dynamotion.pl\/wp-content\/uploads\/2021\/08\/sygnet_stopka.png","width":128,"height":112,"caption":"DYNAMOTION Sp. z o.o."},"image":{"@id":"https:\/\/dynamotion.pl\/en\/#\/schema\/logo\/image\/"}}]}},"_links":{"self":[{"href":"https:\/\/dynamotion.pl\/en\/wp-json\/wp\/v2\/pages\/1580","targetHints":{"allow":["GET"]}}],"collection":[{"href":"https:\/\/dynamotion.pl\/en\/wp-json\/wp\/v2\/pages"}],"about":[{"href":"https:\/\/dynamotion.pl\/en\/wp-json\/wp\/v2\/types\/page"}],"author":[{"embeddable":true,"href":"https:\/\/dynamotion.pl\/en\/wp-json\/wp\/v2\/users\/1"}],"replies":[{"embeddable":true,"href":"https:\/\/dynamotion.pl\/en\/wp-json\/wp\/v2\/comments?post=1580"}],"version-history":[{"count":4,"href":"https:\/\/dynamotion.pl\/en\/wp-json\/wp\/v2\/pages\/1580\/revisions"}],"predecessor-version":[{"id":5607,"href":"https:\/\/dynamotion.pl\/en\/wp-json\/wp\/v2\/pages\/1580\/revisions\/5607"}],"wp:featuredmedia":[{"embeddable":true,"href":"https:\/\/dynamotion.pl\/en\/wp-json\/wp\/v2\/media\/4580"}],"wp:attachment":[{"href":"https:\/\/dynamotion.pl\/en\/wp-json\/wp\/v2\/media?parent=1580"}],"curies":[{"name":"wp","href":"https:\/\/api.w.org\/{rel}","templated":true}]}}