{"id":1582,"date":"2021-03-26T18:30:12","date_gmt":"2021-03-26T17:30:12","guid":{"rendered":"http:\/\/dynamotion.pl\/oferta\/"},"modified":"2025-12-04T15:08:33","modified_gmt":"2025-12-04T14:08:33","slug":"oferta","status":"publish","type":"page","link":"https:\/\/dynamotion.pl\/en\/oferta\/","title":{"rendered":"Offer"},"content":{"rendered":"\n<h2>\n\t\t\t PacDrive 3\t<\/h2>\n\t\t\t\t<img decoding=\"async\" src=\"https:\/\/dynamotion.pl\/wp-content\/uploads\/2021\/04\/separator.png\" alt=\"separator\" itemprop=\"image\" height=\"4\" width=\"83\" title=\"separator\" onerror=\"this.style.display='none'\" loading=\"lazy\" \/>\n\tis a multi-dimensional control system designed for packaging machines in the FMCG industry. The system is based<br \/>\non a centralized architecture in which a single PLC has integrated motion controller functionality. It allows to design modern machinery with a modular structure, managed centrally and easily personalized according to customer requirements. PacDrive 3 is a leader in the European servo systems market, guaranteeing high production rates. It represents more than 40 years of experience in the packaging machinery industry with more than 160,000 machines worldwide.\n\t\t\t<a href=\"\/PacDrive3\/\" target=\"_self\">\n\t\t\t\t\t\t\tLearn more\n\t\t\t\t\t<\/a>\n<h2>\n\t\t\tDelta and Cartesian robots\t<\/h2>\n\t\t\t\t<img decoding=\"async\" src=\"https:\/\/dynamotion.pl\/wp-content\/uploads\/2021\/04\/separator.png\" alt=\"separator\" itemprop=\"image\" height=\"4\" width=\"83\" title=\"separator\" onerror=\"this.style.display='none'\" loading=\"lazy\" \/>\n\t<p>of the PacDrive family are designed for packaging machine automation in the FMCG industries, such as in food production or pharmaceuticals. Being based on PacDrive 3 servo systems makes the integration of the robots into the production line quick and easy. The robots are made of stainless steel, have a washable housing option and the dedicated cleanroom version, and can reach capacities of up to 250 cycles\/min.<\/p>\n\t\t\t<a href=\"https:\/\/dynamotion.pl\/en\/contact\/\" target=\"_self\">\n\t\t\t\t\t\t\tAsk for more\n\t\t\t\t\t<\/a>\n<h2>\n\t\t\tPreventa safety systems\t<\/h2>\n\t\t\t\t<img decoding=\"async\" src=\"https:\/\/dynamotion.pl\/wp-content\/uploads\/2021\/04\/separator.png\" alt=\"separator\" itemprop=\"image\" height=\"4\" width=\"83\" title=\"separator\" onerror=\"this.style.display='none'\" loading=\"lazy\" \/>\n\t<p>Preventa safety relays are high-quality modules used in safety systems around the world. Each module can perform several to a dozen different safety functions. Preventa Universal&#8217;s safety relays are valued for their guarantee of an adequate class of protection and a wide range of functionalities that reduce the number of devices in the spare parts inventory.<\/p>\n\t\t\t<a href=\"\/en\/oferta\/safety-en\" target=\"_self\">\n\t\t\t\t\t\t\tLearn more\n\t\t\t\t\t<\/a>\n<h2>\n\t\t\tReady-made solution: Multibelt\t<\/h2>\n\t\t\t\t<img decoding=\"async\" src=\"https:\/\/dynamotion.pl\/wp-content\/uploads\/2021\/04\/separator.png\" alt=\"separator\" itemprop=\"image\" height=\"4\" width=\"83\" title=\"separator\" onerror=\"this.style.display='none'\" loading=\"lazy\" \/>\n\t<p>Multibelt is an out-of-the-box solution for secondary packaging automation using product grouping. It has a modular design that allows easy and fast setup and enables the production of short personalized series as per Industry 4.0. The solution supports packaging types such as Top Loader and Side Loader, and it is compatible with display and wrap-around cartons. Also, it enables product mixing and the assembly of product kits.<\/p>\n\t\t\t<a href=\"https:\/\/dynamotion.pl\/en\/contact\/\" target=\"_self\">\n\t\t\t\t\t\t\tAsk for more\n\t\t\t\t\t<\/a>\n\t<iframe width=\"696\" height=\"378\" src=\"https:\/\/www.youtube.com\/embed\/-TA6L-cov9Y\" title=\"YouTube video player\" frameborder=\"0\" allow=\"accelerometer; autoplay; clipboard-write; encrypted-media; gyroscope; picture-in-picture\" allowfullscreen><\/iframe>\n<h2>\n\t\t\tPacDrive systems modernizations\t<\/h2>\n\t\t\t\t<img decoding=\"async\" src=\"https:\/\/dynamotion.pl\/wp-content\/uploads\/2021\/04\/separator.png\" alt=\"separator\" itemprop=\"image\" height=\"4\" width=\"83\" title=\"separator\" onerror=\"this.style.display='none'\" loading=\"lazy\" \/>\n\t<p>The service period of ELAU&#8217;s servo systems &#8211; PacDrive M &#8211; expired on December 31, 2018. One of the possibilities for the preventive maintenance of the machine park in cases involving the lack of availability of spare parts, which our specialists offer, is the migration of discontinued devices to the new and currently developed PacDrive 3 series.<\/p>\n\t\t\t<a href=\"https:\/\/dynamotion.pl\/oferta\/elau-pacdrive-m\/\" target=\"_self\">\n\t\t\t\t\t\t\tLearn more\n\t\t\t\t\t<\/a>\n<h2>\n\t\t\tTrainings\t<\/h2>\n\t\t\t\t<img decoding=\"async\" src=\"https:\/\/dynamotion.pl\/wp-content\/uploads\/2021\/04\/separator.png\" alt=\"separator\" itemprop=\"image\" height=\"4\" width=\"83\" title=\"separator\" onerror=\"this.style.display='none'\" loading=\"lazy\" \/>\n\t<p><strong>Local training<\/strong><\/p>\n\t<h3>PacDrive 3 servo systems control and software development in the SoMachine Motion environment<\/h3>\n\t<p>The goal of the training is to acquire the ability to setup, program, and diagnose LMC motion controllers of the PacDrive 3 family using SoMachine Motion 4.3 software<\/p>\n\t\t\t<a href=\"\/obsluga-i-programowanie-pacdrive-3\/\" target=\"_blank\" rel=\"noopener\">\n\t\t\t\t\t\t\tLearn more\n\t\t\t<\/a>\n\t<p><strong>Local training<\/strong><\/p>\n\t<h3>PacDrive 3 servo systems diagnostics<\/h3>\n\tThe training aims to learn how to diagnose PacDrive 3 systems. The course will introduce participants to software components that help diagnose PacDrive devices &#8211; Controller Assistant, Diagnostics, and Device Assistant. During the training, you will find out<br \/>\nhow to make system backups, read diagnostic data, or change the firmware version of PacDrive 3 devices. Additionally, you will be introduced to the SoMachine Motion &#8211; Logic Builder, the software used to create control programs for LMC motion controllers.\n\t\t\t<a href=\"\/diagnostyka-systemow-serwonapedowych-pacdrive-3\/\" target=\"_blank\" rel=\"noopener\">\n\t\t\t\t\t\t\tLearn more\n\t\t\t<\/a>\n\t<p><strong>Szkolenie online<\/strong><\/p>\n\t<h3>Diagnostics and maintenance of ELAU \/ PacDrive M servo systems<\/h3>\n\tThis course is designed to introduce you to<br \/>\nELAU &#8211; PacDrive M systems.<br \/>\nThe e-training enables you to self-learn how to use the service and diagnostic programs for PacDrive M servo drives. The course covers issues related to creating backups, downloading and analyzing diagnostic data, and changing the firmware version using the EPAS-4 development program.\n\t\t\t<a href=\"https:\/\/www.astor.com.pl\/sklep\/szkolenia\/e-szkolenia\/us-ast-szk-e-pdm.html\" target=\"_blank\" rel=\"noopener\">\n\t\t\t\t\t\t\tLearn more\n\t\t\t<\/a>\n\n","protected":false},"excerpt":{"rendered":"<p>PacDrive 3 is a multi-dimensional control system designed for packaging machines in the FMCG industry. The system is based on a centralized architecture in which a single PLC has integrated motion controller functionality. It allows to design modern machinery with a modular structure, managed centrally and easily personalized according to customer requirements. PacDrive 3 is&hellip;<\/p>\n","protected":false},"author":1,"featured_media":1522,"parent":0,"menu_order":0,"comment_status":"closed","ping_status":"closed","template":"","meta":{"_acf_changed":false,"footnotes":""},"class_list":["post-1582","page","type-page","status-publish","has-post-thumbnail","hentry"],"acf":[],"yoast_head":"<!-- This site is optimized with the Yoast SEO plugin v27.4 - https:\/\/yoast.com\/product\/yoast-seo-wordpress\/ -->\n<title>Offer - Dynamotion<\/title>\n<meta name=\"description\" content=\"Nasza oferta obejmuje urz\u0105dzenia automatyki maszynowej produkcji Schneider Electric i us\u0142ugi oraz rozwi\u0105zania proces\u00f3w pakowania dla FMCG.\" \/>\n<meta name=\"robots\" content=\"index, follow, max-snippet:-1, max-image-preview:large, max-video-preview:-1\" \/>\n<link rel=\"canonical\" href=\"https:\/\/dynamotion.pl\/en\/oferta\/\" \/>\n<meta property=\"og:locale\" content=\"en_US\" \/>\n<meta property=\"og:type\" content=\"article\" \/>\n<meta property=\"og:title\" content=\"Offer - Dynamotion\" \/>\n<meta property=\"og:description\" content=\"Nasza oferta obejmuje urz\u0105dzenia automatyki maszynowej produkcji Schneider Electric i us\u0142ugi oraz rozwi\u0105zania proces\u00f3w pakowania dla FMCG.\" \/>\n<meta property=\"og:url\" content=\"https:\/\/dynamotion.pl\/en\/oferta\/\" \/>\n<meta property=\"og:site_name\" content=\"Dynamotion\" \/>\n<meta property=\"article:modified_time\" content=\"2025-12-04T14:08:33+00:00\" \/>\n<meta property=\"og:image\" content=\"https:\/\/dynamotion.pl\/wp-content\/uploads\/2022\/02\/1-4.png\" \/>\n\t<meta property=\"og:image:width\" content=\"2048\" \/>\n\t<meta property=\"og:image:height\" content=\"1150\" \/>\n\t<meta property=\"og:image:type\" content=\"image\/png\" \/>\n<meta name=\"twitter:card\" content=\"summary_large_image\" \/>\n<meta name=\"twitter:label1\" content=\"Est. reading time\" \/>\n\t<meta name=\"twitter:data1\" content=\"5 minutes\" \/>\n<script type=\"application\/ld+json\" class=\"yoast-schema-graph\">{\"@context\":\"https:\\\/\\\/schema.org\",\"@graph\":[{\"@type\":\"WebPage\",\"@id\":\"https:\\\/\\\/dynamotion.pl\\\/en\\\/oferta\\\/\",\"url\":\"https:\\\/\\\/dynamotion.pl\\\/en\\\/oferta\\\/\",\"name\":\"Offer - Dynamotion\",\"isPartOf\":{\"@id\":\"https:\\\/\\\/dynamotion.pl\\\/en\\\/#website\"},\"primaryImageOfPage\":{\"@id\":\"https:\\\/\\\/dynamotion.pl\\\/en\\\/oferta\\\/#primaryimage\"},\"image\":{\"@id\":\"https:\\\/\\\/dynamotion.pl\\\/en\\\/oferta\\\/#primaryimage\"},\"thumbnailUrl\":\"https:\\\/\\\/dynamotion.pl\\\/wp-content\\\/uploads\\\/2022\\\/02\\\/1-4.png\",\"datePublished\":\"2021-03-26T17:30:12+00:00\",\"dateModified\":\"2025-12-04T14:08:33+00:00\",\"description\":\"Nasza oferta obejmuje urz\u0105dzenia automatyki maszynowej produkcji Schneider Electric i us\u0142ugi oraz rozwi\u0105zania proces\u00f3w pakowania dla FMCG.\",\"breadcrumb\":{\"@id\":\"https:\\\/\\\/dynamotion.pl\\\/en\\\/oferta\\\/#breadcrumb\"},\"inLanguage\":\"en-US\",\"potentialAction\":[{\"@type\":\"ReadAction\",\"target\":[\"https:\\\/\\\/dynamotion.pl\\\/en\\\/oferta\\\/\"]}]},{\"@type\":\"ImageObject\",\"inLanguage\":\"en-US\",\"@id\":\"https:\\\/\\\/dynamotion.pl\\\/en\\\/oferta\\\/#primaryimage\",\"url\":\"https:\\\/\\\/dynamotion.pl\\\/wp-content\\\/uploads\\\/2022\\\/02\\\/1-4.png\",\"contentUrl\":\"https:\\\/\\\/dynamotion.pl\\\/wp-content\\\/uploads\\\/2022\\\/02\\\/1-4.png\",\"width\":2048,\"height\":1150},{\"@type\":\"BreadcrumbList\",\"@id\":\"https:\\\/\\\/dynamotion.pl\\\/en\\\/oferta\\\/#breadcrumb\",\"itemListElement\":[{\"@type\":\"ListItem\",\"position\":1,\"name\":\"Strona g\u0142\u00f3wna\",\"item\":\"https:\\\/\\\/dynamotion.pl\\\/en\\\/\"},{\"@type\":\"ListItem\",\"position\":2,\"name\":\"Offer\"}]},{\"@type\":\"WebSite\",\"@id\":\"https:\\\/\\\/dynamotion.pl\\\/en\\\/#website\",\"url\":\"https:\\\/\\\/dynamotion.pl\\\/en\\\/\",\"name\":\"Dynamotion\",\"description\":\"Nap\u0119dzamy przysz\u0142o\u015b\u0107 pakowania\",\"publisher\":{\"@id\":\"https:\\\/\\\/dynamotion.pl\\\/en\\\/#organization\"},\"potentialAction\":[{\"@type\":\"SearchAction\",\"target\":{\"@type\":\"EntryPoint\",\"urlTemplate\":\"https:\\\/\\\/dynamotion.pl\\\/en\\\/?s={search_term_string}\"},\"query-input\":{\"@type\":\"PropertyValueSpecification\",\"valueRequired\":true,\"valueName\":\"search_term_string\"}}],\"inLanguage\":\"en-US\"},{\"@type\":\"Organization\",\"@id\":\"https:\\\/\\\/dynamotion.pl\\\/en\\\/#organization\",\"name\":\"DYNAMOTION Sp. z o.o.\",\"url\":\"https:\\\/\\\/dynamotion.pl\\\/en\\\/\",\"logo\":{\"@type\":\"ImageObject\",\"inLanguage\":\"en-US\",\"@id\":\"https:\\\/\\\/dynamotion.pl\\\/en\\\/#\\\/schema\\\/logo\\\/image\\\/\",\"url\":\"https:\\\/\\\/dynamotion.pl\\\/wp-content\\\/uploads\\\/2021\\\/08\\\/sygnet_stopka.png\",\"contentUrl\":\"https:\\\/\\\/dynamotion.pl\\\/wp-content\\\/uploads\\\/2021\\\/08\\\/sygnet_stopka.png\",\"width\":128,\"height\":112,\"caption\":\"DYNAMOTION Sp. z o.o.\"},\"image\":{\"@id\":\"https:\\\/\\\/dynamotion.pl\\\/en\\\/#\\\/schema\\\/logo\\\/image\\\/\"}}]}<\/script>\n<!-- \/ Yoast SEO plugin. -->","yoast_head_json":{"title":"Offer - Dynamotion","description":"Nasza oferta obejmuje urz\u0105dzenia automatyki maszynowej produkcji Schneider Electric i us\u0142ugi oraz rozwi\u0105zania proces\u00f3w pakowania dla FMCG.","robots":{"index":"index","follow":"follow","max-snippet":"max-snippet:-1","max-image-preview":"max-image-preview:large","max-video-preview":"max-video-preview:-1"},"canonical":"https:\/\/dynamotion.pl\/en\/oferta\/","og_locale":"en_US","og_type":"article","og_title":"Offer - Dynamotion","og_description":"Nasza oferta obejmuje urz\u0105dzenia automatyki maszynowej produkcji Schneider Electric i us\u0142ugi oraz rozwi\u0105zania proces\u00f3w pakowania dla FMCG.","og_url":"https:\/\/dynamotion.pl\/en\/oferta\/","og_site_name":"Dynamotion","article_modified_time":"2025-12-04T14:08:33+00:00","og_image":[{"width":2048,"height":1150,"url":"https:\/\/dynamotion.pl\/wp-content\/uploads\/2022\/02\/1-4.png","type":"image\/png"}],"twitter_card":"summary_large_image","twitter_misc":{"Est. reading time":"5 minutes"},"schema":{"@context":"https:\/\/schema.org","@graph":[{"@type":"WebPage","@id":"https:\/\/dynamotion.pl\/en\/oferta\/","url":"https:\/\/dynamotion.pl\/en\/oferta\/","name":"Offer - Dynamotion","isPartOf":{"@id":"https:\/\/dynamotion.pl\/en\/#website"},"primaryImageOfPage":{"@id":"https:\/\/dynamotion.pl\/en\/oferta\/#primaryimage"},"image":{"@id":"https:\/\/dynamotion.pl\/en\/oferta\/#primaryimage"},"thumbnailUrl":"https:\/\/dynamotion.pl\/wp-content\/uploads\/2022\/02\/1-4.png","datePublished":"2021-03-26T17:30:12+00:00","dateModified":"2025-12-04T14:08:33+00:00","description":"Nasza oferta obejmuje urz\u0105dzenia automatyki maszynowej produkcji Schneider Electric i us\u0142ugi oraz rozwi\u0105zania proces\u00f3w pakowania dla FMCG.","breadcrumb":{"@id":"https:\/\/dynamotion.pl\/en\/oferta\/#breadcrumb"},"inLanguage":"en-US","potentialAction":[{"@type":"ReadAction","target":["https:\/\/dynamotion.pl\/en\/oferta\/"]}]},{"@type":"ImageObject","inLanguage":"en-US","@id":"https:\/\/dynamotion.pl\/en\/oferta\/#primaryimage","url":"https:\/\/dynamotion.pl\/wp-content\/uploads\/2022\/02\/1-4.png","contentUrl":"https:\/\/dynamotion.pl\/wp-content\/uploads\/2022\/02\/1-4.png","width":2048,"height":1150},{"@type":"BreadcrumbList","@id":"https:\/\/dynamotion.pl\/en\/oferta\/#breadcrumb","itemListElement":[{"@type":"ListItem","position":1,"name":"Strona g\u0142\u00f3wna","item":"https:\/\/dynamotion.pl\/en\/"},{"@type":"ListItem","position":2,"name":"Offer"}]},{"@type":"WebSite","@id":"https:\/\/dynamotion.pl\/en\/#website","url":"https:\/\/dynamotion.pl\/en\/","name":"Dynamotion","description":"Nap\u0119dzamy przysz\u0142o\u015b\u0107 pakowania","publisher":{"@id":"https:\/\/dynamotion.pl\/en\/#organization"},"potentialAction":[{"@type":"SearchAction","target":{"@type":"EntryPoint","urlTemplate":"https:\/\/dynamotion.pl\/en\/?s={search_term_string}"},"query-input":{"@type":"PropertyValueSpecification","valueRequired":true,"valueName":"search_term_string"}}],"inLanguage":"en-US"},{"@type":"Organization","@id":"https:\/\/dynamotion.pl\/en\/#organization","name":"DYNAMOTION Sp. z o.o.","url":"https:\/\/dynamotion.pl\/en\/","logo":{"@type":"ImageObject","inLanguage":"en-US","@id":"https:\/\/dynamotion.pl\/en\/#\/schema\/logo\/image\/","url":"https:\/\/dynamotion.pl\/wp-content\/uploads\/2021\/08\/sygnet_stopka.png","contentUrl":"https:\/\/dynamotion.pl\/wp-content\/uploads\/2021\/08\/sygnet_stopka.png","width":128,"height":112,"caption":"DYNAMOTION Sp. z o.o."},"image":{"@id":"https:\/\/dynamotion.pl\/en\/#\/schema\/logo\/image\/"}}]}},"_links":{"self":[{"href":"https:\/\/dynamotion.pl\/en\/wp-json\/wp\/v2\/pages\/1582","targetHints":{"allow":["GET"]}}],"collection":[{"href":"https:\/\/dynamotion.pl\/en\/wp-json\/wp\/v2\/pages"}],"about":[{"href":"https:\/\/dynamotion.pl\/en\/wp-json\/wp\/v2\/types\/page"}],"author":[{"embeddable":true,"href":"https:\/\/dynamotion.pl\/en\/wp-json\/wp\/v2\/users\/1"}],"replies":[{"embeddable":true,"href":"https:\/\/dynamotion.pl\/en\/wp-json\/wp\/v2\/comments?post=1582"}],"version-history":[{"count":2,"href":"https:\/\/dynamotion.pl\/en\/wp-json\/wp\/v2\/pages\/1582\/revisions"}],"predecessor-version":[{"id":5445,"href":"https:\/\/dynamotion.pl\/en\/wp-json\/wp\/v2\/pages\/1582\/revisions\/5445"}],"wp:featuredmedia":[{"embeddable":true,"href":"https:\/\/dynamotion.pl\/en\/wp-json\/wp\/v2\/media\/1522"}],"wp:attachment":[{"href":"https:\/\/dynamotion.pl\/en\/wp-json\/wp\/v2\/media?parent=1582"}],"curies":[{"name":"wp","href":"https:\/\/api.w.org\/{rel}","templated":true}]}}