{"id":1585,"date":"2021-03-26T18:30:33","date_gmt":"2021-03-26T17:30:33","guid":{"rendered":"http:\/\/dynamotion.pl\/wiedza\/"},"modified":"2025-12-08T13:34:38","modified_gmt":"2025-12-08T12:34:38","slug":"wiedza","status":"publish","type":"page","link":"https:\/\/dynamotion.pl\/en\/wiedza\/","title":{"rendered":"Knowledge"},"content":{"rendered":"\n<h2>\n\t\t\tVideos\t<\/h2>\n\t\t\t\t<img decoding=\"async\" src=\"https:\/\/dynamotion.pl\/wp-content\/uploads\/2021\/04\/separator.png\" alt=\"separator\" itemprop=\"image\" height=\"4\" width=\"83\" title=\"separator\" onerror=\"this.style.display='none'\" loading=\"lazy\" \/>\n\t<meta itemscope itemprop=\"mainEntityOfPage\" itemtype=\"https:\/\/schema.org\/WebPage\" itemid=\"https:\/\/dynamotion.pl\/en\/diagnostyka-i-narzedzia-serwisowe-ecostruxure-machine-expert-odc-3-pacdrive-tips\/\" content=\"EcoStruxure Machine Expert diagnostics and service tools | EP. 3 | PacDrive Tips\" \/><meta itemprop=\"datePublished\" content=\"2021-09-03\" \/><meta itemprop=\"dateModified\" content=\"2023-01-16\" \/><meta itemprop=\"name\" content=\"Dynamotion\"\/><meta itemprop=\"url\" content=\"https:\/\/dynamotion.pl\/en\/author\/aarent\/\" \/><meta itemprop=\"name\" content=\"aarent\" \/><meta itemprop=\"url\" content=\"https:\/\/dynamotion.pl\/wp-content\/uploads\/2021\/09\/3_diagnostyka-i-narzedzia-serwisowe-ESME.png\" \/><meta itemprop=\"width\" content=\"1280\" \/><meta itemprop=\"height\" content=\"720\" \/><meta itemprop=\"interactionType\" content=\"https:\/\/schema.org\/CommentAction\" \/><meta itemprop=\"userInteractionCount\" content=\"0\" \/><h3><a href='https:\/\/dynamotion.pl\/en\/diagnostyka-i-narzedzia-serwisowe-ecostruxure-machine-expert-odc-3-pacdrive-tips\/' title='EcoStruxure Machine Expert diagnostics and service tools | EP. 3 | PacDrive Tips'>EcoStruxure Machine Expert diagnostics and service tools | EP. 3 | PacDrive Tips<\/a><\/h3>\n\t<a href='https:\/\/dynamotion.pl\/en\/diagnostyka-i-narzedzia-serwisowe-ecostruxure-machine-expert-odc-3-pacdrive-tips\/' title='EcoStruxure Machine Expert diagnostics and service tools | EP. 3 | PacDrive Tips'><img width=\"1024\" height=\"576\" src=\"https:\/\/dynamotion.pl\/wp-content\/uploads\/2021\/09\/3_diagnostyka-i-narzedzia-serwisowe-ESME-1024x576.png\" alt=\"\" itemprop=\"image\" decoding=\"async\" srcset=\"https:\/\/dynamotion.pl\/wp-content\/uploads\/2021\/09\/3_diagnostyka-i-narzedzia-serwisowe-ESME-1024x576.png 1024w, https:\/\/dynamotion.pl\/wp-content\/uploads\/2021\/09\/3_diagnostyka-i-narzedzia-serwisowe-ESME-300x169.png 300w, https:\/\/dynamotion.pl\/wp-content\/uploads\/2021\/09\/3_diagnostyka-i-narzedzia-serwisowe-ESME-768x432.png 768w, https:\/\/dynamotion.pl\/wp-content\/uploads\/2021\/09\/3_diagnostyka-i-narzedzia-serwisowe-ESME.png 1280w\" sizes=\"(max-width: 1024px) 100vw, 1024px\" \/><\/a>\n\t<meta itemscope itemprop=\"mainEntityOfPage\" itemtype=\"https:\/\/schema.org\/WebPage\" itemid=\"https:\/\/dynamotion.pl\/en\/aktywacja-licencji-ecostruxure-machine-expert-odc-2-pacdrive-tips\/\" content=\"EcoStruxure Machine Expert license activation | EP. 2 | PacDrive Tips\" \/><meta itemprop=\"datePublished\" content=\"2021-08-30\" \/><meta itemprop=\"dateModified\" content=\"2023-01-16\" \/><meta itemprop=\"name\" content=\"Dynamotion\"\/><meta itemprop=\"url\" content=\"https:\/\/dynamotion.pl\/en\/author\/aarent\/\" \/><meta itemprop=\"name\" content=\"aarent\" \/><meta itemprop=\"url\" content=\"https:\/\/dynamotion.pl\/wp-content\/uploads\/2021\/08\/1_PacDrive-Tips-IAktywacja-licencji-ESME.png\" \/><meta itemprop=\"width\" content=\"1280\" \/><meta itemprop=\"height\" content=\"720\" \/><meta itemprop=\"interactionType\" content=\"https:\/\/schema.org\/CommentAction\" \/><meta itemprop=\"userInteractionCount\" content=\"0\" \/><h3><a href='https:\/\/dynamotion.pl\/en\/aktywacja-licencji-ecostruxure-machine-expert-odc-2-pacdrive-tips\/' title='EcoStruxure Machine Expert license activation | EP. 2 | PacDrive Tips'>EcoStruxure Machine Expert license activation | EP. 2 | PacDrive Tips<\/a><\/h3>\n\t<a href='https:\/\/dynamotion.pl\/en\/aktywacja-licencji-ecostruxure-machine-expert-odc-2-pacdrive-tips\/' title='EcoStruxure Machine Expert license activation | EP. 2 | PacDrive Tips'><img width=\"1024\" height=\"576\" src=\"https:\/\/dynamotion.pl\/wp-content\/uploads\/2021\/08\/1_PacDrive-Tips-IAktywacja-licencji-ESME-1024x576.png\" alt=\"\" itemprop=\"image\" decoding=\"async\" srcset=\"https:\/\/dynamotion.pl\/wp-content\/uploads\/2021\/08\/1_PacDrive-Tips-IAktywacja-licencji-ESME-1024x576.png 1024w, https:\/\/dynamotion.pl\/wp-content\/uploads\/2021\/08\/1_PacDrive-Tips-IAktywacja-licencji-ESME-300x169.png 300w, https:\/\/dynamotion.pl\/wp-content\/uploads\/2021\/08\/1_PacDrive-Tips-IAktywacja-licencji-ESME-768x432.png 768w, https:\/\/dynamotion.pl\/wp-content\/uploads\/2021\/08\/1_PacDrive-Tips-IAktywacja-licencji-ESME.png 1280w\" sizes=\"(max-width: 1024px) 100vw, 1024px\" \/><\/a>\n\t<meta itemscope itemprop=\"mainEntityOfPage\" itemtype=\"https:\/\/schema.org\/WebPage\" itemid=\"https:\/\/dynamotion.pl\/en\/installation-of-ecostruxure-machine-expert-ep-1-pacdrive-tips\/\" content=\"Installation of EcoStruxure Machine Expert | EP. 1 | PacDrive Tips\" \/><meta itemprop=\"datePublished\" content=\"2021-08-30\" \/><meta itemprop=\"dateModified\" content=\"2023-01-04\" \/><meta itemprop=\"name\" content=\"Dynamotion\"\/><meta itemprop=\"url\" content=\"https:\/\/dynamotion.pl\/en\/author\/aarent\/\" \/><meta itemprop=\"name\" content=\"aarent\" \/><meta itemprop=\"url\" content=\"https:\/\/dynamotion.pl\/wp-content\/uploads\/2021\/08\/1_PacDrive-Tips-Instalacja-ESME.png\" \/><meta itemprop=\"width\" content=\"1280\" \/><meta itemprop=\"height\" content=\"720\" \/><meta itemprop=\"interactionType\" content=\"https:\/\/schema.org\/CommentAction\" \/><meta itemprop=\"userInteractionCount\" content=\"0\" \/><h3><a href='https:\/\/dynamotion.pl\/en\/installation-of-ecostruxure-machine-expert-ep-1-pacdrive-tips\/' title='Installation of EcoStruxure Machine Expert | EP. 1 | PacDrive Tips'>Installation of EcoStruxure Machine Expert | EP. 1 | PacDrive Tips<\/a><\/h3>\n\t<a href='https:\/\/dynamotion.pl\/en\/installation-of-ecostruxure-machine-expert-ep-1-pacdrive-tips\/' title='Installation of EcoStruxure Machine Expert | EP. 1 | PacDrive Tips'><img width=\"1024\" height=\"576\" src=\"https:\/\/dynamotion.pl\/wp-content\/uploads\/2021\/08\/1_PacDrive-Tips-Instalacja-ESME-1024x576.png\" alt=\"\" itemprop=\"image\" decoding=\"async\" srcset=\"https:\/\/dynamotion.pl\/wp-content\/uploads\/2021\/08\/1_PacDrive-Tips-Instalacja-ESME-1024x576.png 1024w, https:\/\/dynamotion.pl\/wp-content\/uploads\/2021\/08\/1_PacDrive-Tips-Instalacja-ESME-300x169.png 300w, https:\/\/dynamotion.pl\/wp-content\/uploads\/2021\/08\/1_PacDrive-Tips-Instalacja-ESME-768x432.png 768w, https:\/\/dynamotion.pl\/wp-content\/uploads\/2021\/08\/1_PacDrive-Tips-Instalacja-ESME.png 1280w\" sizes=\"(max-width: 1024px) 100vw, 1024px\" \/><\/a>\n\t\t\t<a href=\"https:\/\/dynamotion.pl\/category\/video\/\" target=\"_self\">\n\t\t\t\t\t\t\tSee more\n\t\t\t\t\t<\/a>\n<h2>\n\t\t\tArticles\t<\/h2>\n\t\t\t\t<img decoding=\"async\" src=\"https:\/\/dynamotion.pl\/wp-content\/uploads\/2021\/04\/separator.png\" alt=\"separator\" itemprop=\"image\" height=\"4\" width=\"83\" title=\"separator\" onerror=\"this.style.display='none'\" loading=\"lazy\" \/>\n\t<meta itemscope itemprop=\"mainEntityOfPage\" itemtype=\"https:\/\/schema.org\/WebPage\" itemid=\"https:\/\/dynamotion.pl\/en\/case-study_maspex\/\" content=\"Modernizing PacDrive on a MASPEX Production Line - Reliable Performance for Years Ahead\" \/><meta itemprop=\"datePublished\" content=\"2025-11-27\" \/><meta itemprop=\"dateModified\" content=\"2025-12-05\" \/><meta itemprop=\"name\" content=\"Dynamotion\"\/><meta itemprop=\"url\" content=\"https:\/\/dynamotion.pl\/en\/author\/aarent\/\" \/><meta itemprop=\"name\" content=\"aarent\" \/><meta itemprop=\"url\" content=\"https:\/\/dynamotion.pl\/wp-content\/uploads\/2025\/11\/Case-study-MASPEX.png\" \/><meta itemprop=\"width\" content=\"1280\" \/><meta itemprop=\"height\" content=\"720\" \/><meta itemprop=\"interactionType\" content=\"https:\/\/schema.org\/CommentAction\" \/><meta itemprop=\"userInteractionCount\" content=\"0\" \/>\n\t<a href='https:\/\/dynamotion.pl\/en\/case-study_maspex\/' title='Modernizing PacDrive on a MASPEX Production Line - Reliable Performance for Years Ahead'><img width=\"1024\" height=\"576\" src=\"https:\/\/dynamotion.pl\/wp-content\/uploads\/2025\/11\/Case-study-MASPEX-1024x576.png\" alt=\"Case study MASPEX PacDrive Modernisation article DYNAMOTION\" itemprop=\"image\" decoding=\"async\" srcset=\"https:\/\/dynamotion.pl\/wp-content\/uploads\/2025\/11\/Case-study-MASPEX-1024x576.png 1024w, https:\/\/dynamotion.pl\/wp-content\/uploads\/2025\/11\/Case-study-MASPEX-300x169.png 300w, https:\/\/dynamotion.pl\/wp-content\/uploads\/2025\/11\/Case-study-MASPEX-768x432.png 768w, https:\/\/dynamotion.pl\/wp-content\/uploads\/2025\/11\/Case-study-MASPEX.png 1280w\" sizes=\"(max-width: 1024px) 100vw, 1024px\" \/><\/a>\n<h3><a href='https:\/\/dynamotion.pl\/en\/case-study_maspex\/' title='Modernizing PacDrive on a MASPEX Production Line - Reliable Performance for Years Ahead'>Modernizing PacDrive on a MASPEX Production Line &#8211; Reliable Performance for Years Ahead<\/a><\/h3>\n<p>See how, thanks to a precisely planned modernization of the control system, the MASPEX plant in Wadowice gained not only new technology, but also greater stability, infrastructure consistency, and faster service. Check out what the cooperation with DYNAMOTION looked like, from audit to implementation. <\/p>\n\n\t<meta itemscope itemprop=\"mainEntityOfPage\" itemtype=\"https:\/\/schema.org\/WebPage\" itemid=\"https:\/\/dynamotion.pl\/en\/dynamotion-distributor-telemecanique-sensors\/\" content=\"DYNAMOTION - a new distributor of Telemecanique products\" \/><meta itemprop=\"datePublished\" content=\"2023-08-01\" \/><meta itemprop=\"dateModified\" content=\"2023-08-11\" \/><meta itemprop=\"name\" content=\"Dynamotion\"\/><meta itemprop=\"url\" content=\"https:\/\/dynamotion.pl\/en\/author\/aarent\/\" \/><meta itemprop=\"name\" content=\"aarent\" \/><meta itemprop=\"url\" content=\"https:\/\/dynamotion.pl\/wp-content\/uploads\/2023\/08\/Rygiel-bezpieczenstwa-DYNAMOTION-dysrybutor-marki-Telemecanique-Sensors-YAEGO-1.png\" \/><meta itemprop=\"width\" content=\"1280\" \/><meta itemprop=\"height\" content=\"720\" \/><meta itemprop=\"interactionType\" content=\"https:\/\/schema.org\/CommentAction\" \/><meta itemprop=\"userInteractionCount\" content=\"0\" \/>\n\t<a href='https:\/\/dynamotion.pl\/en\/dynamotion-distributor-telemecanique-sensors\/' title='DYNAMOTION - a new distributor of Telemecanique products'><img width=\"1024\" height=\"576\" src=\"https:\/\/dynamotion.pl\/wp-content\/uploads\/2023\/08\/Rygiel-bezpieczenstwa-DYNAMOTION-dysrybutor-marki-Telemecanique-Sensors-YAEGO-1-1024x576.png\" alt=\"Rygiel bezpiecze\u0144stwa DYNAMOTION dysrybutor marki Telemecanique Sensors YAEGO\" itemprop=\"image\" decoding=\"async\" srcset=\"https:\/\/dynamotion.pl\/wp-content\/uploads\/2023\/08\/Rygiel-bezpieczenstwa-DYNAMOTION-dysrybutor-marki-Telemecanique-Sensors-YAEGO-1-1024x576.png 1024w, https:\/\/dynamotion.pl\/wp-content\/uploads\/2023\/08\/Rygiel-bezpieczenstwa-DYNAMOTION-dysrybutor-marki-Telemecanique-Sensors-YAEGO-1-300x169.png 300w, https:\/\/dynamotion.pl\/wp-content\/uploads\/2023\/08\/Rygiel-bezpieczenstwa-DYNAMOTION-dysrybutor-marki-Telemecanique-Sensors-YAEGO-1-768x432.png 768w, https:\/\/dynamotion.pl\/wp-content\/uploads\/2023\/08\/Rygiel-bezpieczenstwa-DYNAMOTION-dysrybutor-marki-Telemecanique-Sensors-YAEGO-1.png 1280w\" sizes=\"(max-width: 1024px) 100vw, 1024px\" \/><\/a>\n<h3><a href='https:\/\/dynamotion.pl\/en\/dynamotion-distributor-telemecanique-sensors\/' title='DYNAMOTION - a new distributor of Telemecanique products'>DYNAMOTION &#8211; a new distributor of Telemecanique products<\/a><\/h3>\n<p>Od 1 listopada 2023 roku Telemecanique Sensors wejdzie w sk\u0142ad tajwa\u0144skiego koncernu YAGEO Corporation zajmuj\u0105cego si\u0119 produkcj\u0105 komponent\u00f3w elektronicznych, a DYNAMOTION b\u0119dzie dystrybutorem produkt\u00f3w tej marki.<\/p>\n\n\t<meta itemscope itemprop=\"mainEntityOfPage\" itemtype=\"https:\/\/schema.org\/WebPage\" itemid=\"https:\/\/dynamotion.pl\/en\/build-a-service-warehouse-for-packaging-machines\/\" content=\"Build a service warehouse for packaging machines\" \/><meta itemprop=\"datePublished\" content=\"2023-06-22\" \/><meta itemprop=\"dateModified\" content=\"2025-11-20\" \/><meta itemprop=\"name\" content=\"Dynamotion\"\/><meta itemprop=\"url\" content=\"https:\/\/dynamotion.pl\/en\/author\/aarent\/\" \/><meta itemprop=\"name\" content=\"aarent\" \/><meta itemprop=\"url\" content=\"https:\/\/dynamotion.pl\/wp-content\/uploads\/2023\/06\/PacDrive-3-maszyny-pakujace-PacDrive-M-ELAU.png\" \/><meta itemprop=\"width\" content=\"1280\" \/><meta itemprop=\"height\" content=\"720\" \/><meta itemprop=\"interactionType\" content=\"https:\/\/schema.org\/CommentAction\" \/><meta itemprop=\"userInteractionCount\" content=\"0\" \/>\n\t<a href='https:\/\/dynamotion.pl\/en\/build-a-service-warehouse-for-packaging-machines\/' title='Build a service warehouse for packaging machines'><img width=\"1024\" height=\"576\" src=\"https:\/\/dynamotion.pl\/wp-content\/uploads\/2023\/06\/PacDrive-3-maszyny-pakujace-PacDrive-M-ELAU-1024x576.png\" alt=\"PacDrive 3 maszyny pakuj\u0105ce PacDrive M ELAU Schneider eElectric\" itemprop=\"image\" decoding=\"async\" srcset=\"https:\/\/dynamotion.pl\/wp-content\/uploads\/2023\/06\/PacDrive-3-maszyny-pakujace-PacDrive-M-ELAU-1024x576.png 1024w, https:\/\/dynamotion.pl\/wp-content\/uploads\/2023\/06\/PacDrive-3-maszyny-pakujace-PacDrive-M-ELAU-300x169.png 300w, https:\/\/dynamotion.pl\/wp-content\/uploads\/2023\/06\/PacDrive-3-maszyny-pakujace-PacDrive-M-ELAU-768x432.png 768w, https:\/\/dynamotion.pl\/wp-content\/uploads\/2023\/06\/PacDrive-3-maszyny-pakujace-PacDrive-M-ELAU.png 1280w\" sizes=\"(max-width: 1024px) 100vw, 1024px\" \/><\/a>\n<h3><a href='https:\/\/dynamotion.pl\/en\/build-a-service-warehouse-for-packaging-machines\/' title='Build a service warehouse for packaging machines'>Build a service warehouse for packaging machines<\/a><\/h3>\n<p>Would you be able to resume production swiftly in case of an emergency? Review your spare parts inventory. <\/p>\n\n\t<meta itemscope itemprop=\"mainEntityOfPage\" itemtype=\"https:\/\/schema.org\/WebPage\" itemid=\"https:\/\/dynamotion.pl\/en\/diagnostyka-i-narzedzia-serwisowe-ecostruxure-machine-expert-odc-3-pacdrive-tips\/\" content=\"EcoStruxure Machine Expert diagnostics and service tools | EP. 3 | PacDrive Tips\" \/><meta itemprop=\"datePublished\" content=\"2021-09-03\" \/><meta itemprop=\"dateModified\" content=\"2023-01-16\" \/><meta itemprop=\"name\" content=\"Dynamotion\"\/><meta itemprop=\"url\" content=\"https:\/\/dynamotion.pl\/en\/author\/aarent\/\" \/><meta itemprop=\"name\" content=\"aarent\" \/><meta itemprop=\"url\" content=\"https:\/\/dynamotion.pl\/wp-content\/uploads\/2021\/09\/3_diagnostyka-i-narzedzia-serwisowe-ESME.png\" \/><meta itemprop=\"width\" content=\"1280\" \/><meta itemprop=\"height\" content=\"720\" \/><meta itemprop=\"interactionType\" content=\"https:\/\/schema.org\/CommentAction\" \/><meta itemprop=\"userInteractionCount\" content=\"0\" \/>\n\t<a href='https:\/\/dynamotion.pl\/en\/diagnostyka-i-narzedzia-serwisowe-ecostruxure-machine-expert-odc-3-pacdrive-tips\/' title='EcoStruxure Machine Expert diagnostics and service tools | EP. 3 | PacDrive Tips'><img width=\"1024\" height=\"576\" src=\"https:\/\/dynamotion.pl\/wp-content\/uploads\/2021\/09\/3_diagnostyka-i-narzedzia-serwisowe-ESME-1024x576.png\" alt=\"\" itemprop=\"image\" decoding=\"async\" srcset=\"https:\/\/dynamotion.pl\/wp-content\/uploads\/2021\/09\/3_diagnostyka-i-narzedzia-serwisowe-ESME-1024x576.png 1024w, https:\/\/dynamotion.pl\/wp-content\/uploads\/2021\/09\/3_diagnostyka-i-narzedzia-serwisowe-ESME-300x169.png 300w, https:\/\/dynamotion.pl\/wp-content\/uploads\/2021\/09\/3_diagnostyka-i-narzedzia-serwisowe-ESME-768x432.png 768w, https:\/\/dynamotion.pl\/wp-content\/uploads\/2021\/09\/3_diagnostyka-i-narzedzia-serwisowe-ESME.png 1280w\" sizes=\"(max-width: 1024px) 100vw, 1024px\" \/><\/a>\n<h3><a href='https:\/\/dynamotion.pl\/en\/diagnostyka-i-narzedzia-serwisowe-ecostruxure-machine-expert-odc-3-pacdrive-tips\/' title='EcoStruxure Machine Expert diagnostics and service tools | EP. 3 | PacDrive Tips'>EcoStruxure Machine Expert diagnostics and service tools | EP. 3 | PacDrive Tips<\/a><\/h3>\n<p>Dodano: Let us present you the third episode of the PacDrive Tips series, through which you will learn&#8230;<\/p>\n\n\t\t\t<a href=\"https:\/\/dynamotion.pl\/category\/artykul\/\" target=\"_self\">\n\t\t\t\t\t\t\tSee more\n\t\t\t\t\t<\/a>\n\n","protected":false},"excerpt":{"rendered":"<p>Videos EcoStruxure Machine Expert diagnostics and service tools | EP. 3 | PacDrive Tips EcoStruxure Machine Expert license activation | EP. 2 | PacDrive Tips Installation of EcoStruxure Machine Expert | EP. 1 | PacDrive Tips See more Articles Modernizing PacDrive on a MASPEX Production Line &#8211; Reliable Performance for Years Ahead See how, thanks&hellip;<\/p>\n","protected":false},"author":1,"featured_media":1477,"parent":0,"menu_order":0,"comment_status":"closed","ping_status":"closed","template":"","meta":{"_acf_changed":false,"footnotes":""},"class_list":["post-1585","page","type-page","status-publish","has-post-thumbnail","hentry"],"acf":[],"yoast_head":"<!-- This site is optimized with the Yoast SEO plugin v27.4 - https:\/\/yoast.com\/product\/yoast-seo-wordpress\/ -->\n<title>Knowledge - Dynamotion<\/title>\n<meta name=\"description\" content=\"Wiedza to pot\u0119ga, rozwijaj j\u0105 dzi\u0119ki artyku\u0142om, filmom i kursom w zakresie rozwi\u0105za\u0144 na rynku automatyzacji proces\u00f3w pakowania.\" \/>\n<meta name=\"robots\" content=\"index, follow, max-snippet:-1, max-image-preview:large, max-video-preview:-1\" \/>\n<link rel=\"canonical\" href=\"https:\/\/dynamotion.pl\/en\/wiedza\/\" \/>\n<meta property=\"og:locale\" content=\"en_US\" \/>\n<meta property=\"og:type\" content=\"article\" \/>\n<meta property=\"og:title\" content=\"Artyku\u0142y, filmy i kursy.\" \/>\n<meta property=\"og:description\" content=\"Wiedza to pot\u0119ga, rozwijaj j\u0105 dzi\u0119ki artyku\u0142om, filmom i kursom w zakresie rozwi\u0105za\u0144 na rynku automatyzacji proces\u00f3w pakowania.\" \/>\n<meta property=\"og:url\" content=\"https:\/\/dynamotion.pl\/en\/wiedza\/\" \/>\n<meta property=\"og:site_name\" content=\"Dynamotion\" \/>\n<meta property=\"article:modified_time\" content=\"2025-12-08T12:34:38+00:00\" \/>\n<meta property=\"og:image\" content=\"https:\/\/dynamotion.pl\/wp-content\/uploads\/2021\/08\/03_kursy_green.png\" \/>\n\t<meta property=\"og:image:width\" content=\"409\" \/>\n\t<meta property=\"og:image:height\" content=\"409\" \/>\n\t<meta property=\"og:image:type\" content=\"image\/png\" \/>\n<meta name=\"twitter:card\" content=\"summary_large_image\" \/>\n<meta name=\"twitter:title\" content=\"Artyku\u0142y, filmy i kursy\" \/>\n<meta name=\"twitter:description\" content=\"Wiedza to pot\u0119ga, rozwijaj j\u0105 dzi\u0119ki artyku\u0142om, filmom i kursom w zakresie rozwi\u0105za\u0144 na rynku automatyzacji proces\u00f3w pakowania.\" \/>\n<meta name=\"twitter:image\" content=\"https:\/\/dynamotion.pl\/wp-content\/uploads\/2021\/08\/03_kursy_green.png\" \/>\n<script type=\"application\/ld+json\" class=\"yoast-schema-graph\">{\"@context\":\"https:\\\/\\\/schema.org\",\"@graph\":[{\"@type\":\"WebPage\",\"@id\":\"https:\\\/\\\/dynamotion.pl\\\/en\\\/wiedza\\\/\",\"url\":\"https:\\\/\\\/dynamotion.pl\\\/en\\\/wiedza\\\/\",\"name\":\"Knowledge - Dynamotion\",\"isPartOf\":{\"@id\":\"https:\\\/\\\/dynamotion.pl\\\/en\\\/#website\"},\"primaryImageOfPage\":{\"@id\":\"https:\\\/\\\/dynamotion.pl\\\/en\\\/wiedza\\\/#primaryimage\"},\"image\":{\"@id\":\"https:\\\/\\\/dynamotion.pl\\\/en\\\/wiedza\\\/#primaryimage\"},\"thumbnailUrl\":\"https:\\\/\\\/dynamotion.pl\\\/wp-content\\\/uploads\\\/2021\\\/08\\\/03_kursy_green.png\",\"datePublished\":\"2021-03-26T17:30:33+00:00\",\"dateModified\":\"2025-12-08T12:34:38+00:00\",\"description\":\"Wiedza to pot\u0119ga, rozwijaj j\u0105 dzi\u0119ki artyku\u0142om, filmom i kursom w zakresie rozwi\u0105za\u0144 na rynku automatyzacji proces\u00f3w pakowania.\",\"breadcrumb\":{\"@id\":\"https:\\\/\\\/dynamotion.pl\\\/en\\\/wiedza\\\/#breadcrumb\"},\"inLanguage\":\"en-US\",\"potentialAction\":[{\"@type\":\"ReadAction\",\"target\":[\"https:\\\/\\\/dynamotion.pl\\\/en\\\/wiedza\\\/\"]}]},{\"@type\":\"ImageObject\",\"inLanguage\":\"en-US\",\"@id\":\"https:\\\/\\\/dynamotion.pl\\\/en\\\/wiedza\\\/#primaryimage\",\"url\":\"https:\\\/\\\/dynamotion.pl\\\/wp-content\\\/uploads\\\/2021\\\/08\\\/03_kursy_green.png\",\"contentUrl\":\"https:\\\/\\\/dynamotion.pl\\\/wp-content\\\/uploads\\\/2021\\\/08\\\/03_kursy_green.png\",\"width\":409,\"height\":409,\"caption\":\"Kursy\"},{\"@type\":\"BreadcrumbList\",\"@id\":\"https:\\\/\\\/dynamotion.pl\\\/en\\\/wiedza\\\/#breadcrumb\",\"itemListElement\":[{\"@type\":\"ListItem\",\"position\":1,\"name\":\"Strona g\u0142\u00f3wna\",\"item\":\"https:\\\/\\\/dynamotion.pl\\\/en\\\/\"},{\"@type\":\"ListItem\",\"position\":2,\"name\":\"Knowledge\"}]},{\"@type\":\"WebSite\",\"@id\":\"https:\\\/\\\/dynamotion.pl\\\/en\\\/#website\",\"url\":\"https:\\\/\\\/dynamotion.pl\\\/en\\\/\",\"name\":\"Dynamotion\",\"description\":\"Nap\u0119dzamy przysz\u0142o\u015b\u0107 pakowania\",\"publisher\":{\"@id\":\"https:\\\/\\\/dynamotion.pl\\\/en\\\/#organization\"},\"potentialAction\":[{\"@type\":\"SearchAction\",\"target\":{\"@type\":\"EntryPoint\",\"urlTemplate\":\"https:\\\/\\\/dynamotion.pl\\\/en\\\/?s={search_term_string}\"},\"query-input\":{\"@type\":\"PropertyValueSpecification\",\"valueRequired\":true,\"valueName\":\"search_term_string\"}}],\"inLanguage\":\"en-US\"},{\"@type\":\"Organization\",\"@id\":\"https:\\\/\\\/dynamotion.pl\\\/en\\\/#organization\",\"name\":\"DYNAMOTION Sp. z o.o.\",\"url\":\"https:\\\/\\\/dynamotion.pl\\\/en\\\/\",\"logo\":{\"@type\":\"ImageObject\",\"inLanguage\":\"en-US\",\"@id\":\"https:\\\/\\\/dynamotion.pl\\\/en\\\/#\\\/schema\\\/logo\\\/image\\\/\",\"url\":\"https:\\\/\\\/dynamotion.pl\\\/wp-content\\\/uploads\\\/2021\\\/08\\\/sygnet_stopka.png\",\"contentUrl\":\"https:\\\/\\\/dynamotion.pl\\\/wp-content\\\/uploads\\\/2021\\\/08\\\/sygnet_stopka.png\",\"width\":128,\"height\":112,\"caption\":\"DYNAMOTION Sp. z o.o.\"},\"image\":{\"@id\":\"https:\\\/\\\/dynamotion.pl\\\/en\\\/#\\\/schema\\\/logo\\\/image\\\/\"}}]}<\/script>\n<!-- \/ Yoast SEO plugin. -->","yoast_head_json":{"title":"Knowledge - Dynamotion","description":"Wiedza to pot\u0119ga, rozwijaj j\u0105 dzi\u0119ki artyku\u0142om, filmom i kursom w zakresie rozwi\u0105za\u0144 na rynku automatyzacji proces\u00f3w pakowania.","robots":{"index":"index","follow":"follow","max-snippet":"max-snippet:-1","max-image-preview":"max-image-preview:large","max-video-preview":"max-video-preview:-1"},"canonical":"https:\/\/dynamotion.pl\/en\/wiedza\/","og_locale":"en_US","og_type":"article","og_title":"Artyku\u0142y, filmy i kursy.","og_description":"Wiedza to pot\u0119ga, rozwijaj j\u0105 dzi\u0119ki artyku\u0142om, filmom i kursom w zakresie rozwi\u0105za\u0144 na rynku automatyzacji proces\u00f3w pakowania.","og_url":"https:\/\/dynamotion.pl\/en\/wiedza\/","og_site_name":"Dynamotion","article_modified_time":"2025-12-08T12:34:38+00:00","og_image":[{"width":409,"height":409,"url":"https:\/\/dynamotion.pl\/wp-content\/uploads\/2021\/08\/03_kursy_green.png","type":"image\/png"}],"twitter_card":"summary_large_image","twitter_title":"Artyku\u0142y, filmy i kursy","twitter_description":"Wiedza to pot\u0119ga, rozwijaj j\u0105 dzi\u0119ki artyku\u0142om, filmom i kursom w zakresie rozwi\u0105za\u0144 na rynku automatyzacji proces\u00f3w pakowania.","twitter_image":"https:\/\/dynamotion.pl\/wp-content\/uploads\/2021\/08\/03_kursy_green.png","schema":{"@context":"https:\/\/schema.org","@graph":[{"@type":"WebPage","@id":"https:\/\/dynamotion.pl\/en\/wiedza\/","url":"https:\/\/dynamotion.pl\/en\/wiedza\/","name":"Knowledge - Dynamotion","isPartOf":{"@id":"https:\/\/dynamotion.pl\/en\/#website"},"primaryImageOfPage":{"@id":"https:\/\/dynamotion.pl\/en\/wiedza\/#primaryimage"},"image":{"@id":"https:\/\/dynamotion.pl\/en\/wiedza\/#primaryimage"},"thumbnailUrl":"https:\/\/dynamotion.pl\/wp-content\/uploads\/2021\/08\/03_kursy_green.png","datePublished":"2021-03-26T17:30:33+00:00","dateModified":"2025-12-08T12:34:38+00:00","description":"Wiedza to pot\u0119ga, rozwijaj j\u0105 dzi\u0119ki artyku\u0142om, filmom i kursom w zakresie rozwi\u0105za\u0144 na rynku automatyzacji proces\u00f3w pakowania.","breadcrumb":{"@id":"https:\/\/dynamotion.pl\/en\/wiedza\/#breadcrumb"},"inLanguage":"en-US","potentialAction":[{"@type":"ReadAction","target":["https:\/\/dynamotion.pl\/en\/wiedza\/"]}]},{"@type":"ImageObject","inLanguage":"en-US","@id":"https:\/\/dynamotion.pl\/en\/wiedza\/#primaryimage","url":"https:\/\/dynamotion.pl\/wp-content\/uploads\/2021\/08\/03_kursy_green.png","contentUrl":"https:\/\/dynamotion.pl\/wp-content\/uploads\/2021\/08\/03_kursy_green.png","width":409,"height":409,"caption":"Kursy"},{"@type":"BreadcrumbList","@id":"https:\/\/dynamotion.pl\/en\/wiedza\/#breadcrumb","itemListElement":[{"@type":"ListItem","position":1,"name":"Strona g\u0142\u00f3wna","item":"https:\/\/dynamotion.pl\/en\/"},{"@type":"ListItem","position":2,"name":"Knowledge"}]},{"@type":"WebSite","@id":"https:\/\/dynamotion.pl\/en\/#website","url":"https:\/\/dynamotion.pl\/en\/","name":"Dynamotion","description":"Nap\u0119dzamy przysz\u0142o\u015b\u0107 pakowania","publisher":{"@id":"https:\/\/dynamotion.pl\/en\/#organization"},"potentialAction":[{"@type":"SearchAction","target":{"@type":"EntryPoint","urlTemplate":"https:\/\/dynamotion.pl\/en\/?s={search_term_string}"},"query-input":{"@type":"PropertyValueSpecification","valueRequired":true,"valueName":"search_term_string"}}],"inLanguage":"en-US"},{"@type":"Organization","@id":"https:\/\/dynamotion.pl\/en\/#organization","name":"DYNAMOTION Sp. z o.o.","url":"https:\/\/dynamotion.pl\/en\/","logo":{"@type":"ImageObject","inLanguage":"en-US","@id":"https:\/\/dynamotion.pl\/en\/#\/schema\/logo\/image\/","url":"https:\/\/dynamotion.pl\/wp-content\/uploads\/2021\/08\/sygnet_stopka.png","contentUrl":"https:\/\/dynamotion.pl\/wp-content\/uploads\/2021\/08\/sygnet_stopka.png","width":128,"height":112,"caption":"DYNAMOTION Sp. z o.o."},"image":{"@id":"https:\/\/dynamotion.pl\/en\/#\/schema\/logo\/image\/"}}]}},"_links":{"self":[{"href":"https:\/\/dynamotion.pl\/en\/wp-json\/wp\/v2\/pages\/1585","targetHints":{"allow":["GET"]}}],"collection":[{"href":"https:\/\/dynamotion.pl\/en\/wp-json\/wp\/v2\/pages"}],"about":[{"href":"https:\/\/dynamotion.pl\/en\/wp-json\/wp\/v2\/types\/page"}],"author":[{"embeddable":true,"href":"https:\/\/dynamotion.pl\/en\/wp-json\/wp\/v2\/users\/1"}],"replies":[{"embeddable":true,"href":"https:\/\/dynamotion.pl\/en\/wp-json\/wp\/v2\/comments?post=1585"}],"version-history":[{"count":1,"href":"https:\/\/dynamotion.pl\/en\/wp-json\/wp\/v2\/pages\/1585\/revisions"}],"predecessor-version":[{"id":5494,"href":"https:\/\/dynamotion.pl\/en\/wp-json\/wp\/v2\/pages\/1585\/revisions\/5494"}],"wp:featuredmedia":[{"embeddable":true,"href":"https:\/\/dynamotion.pl\/en\/wp-json\/wp\/v2\/media\/1477"}],"wp:attachment":[{"href":"https:\/\/dynamotion.pl\/en\/wp-json\/wp\/v2\/media?parent=1585"}],"curies":[{"name":"wp","href":"https:\/\/api.w.org\/{rel}","templated":true}]}}