{"id":1586,"date":"2021-03-26T18:30:44","date_gmt":"2021-03-26T17:30:44","guid":{"rendered":"http:\/\/dynamotion.pl\/wsparcie\/"},"modified":"2025-12-08T13:38:21","modified_gmt":"2025-12-08T12:38:21","slug":"wsparcie","status":"publish","type":"page","link":"https:\/\/dynamotion.pl\/en\/wsparcie\/","title":{"rendered":"Support"},"content":{"rendered":"\n\n\t\t\t\t<img decoding=\"async\" src=\"https:\/\/dynamotion.pl\/wp-content\/uploads\/2021\/04\/26.png\" alt=\"Serwis urz\u0105dze\u0144 Schneider Electric \/ ELAU\" itemprop=\"image\" height=\"206\" width=\"221\" title=\"26\" onerror=\"this.style.display='none'\" loading=\"lazy\" \/>\n<h2>\n\t\t\tService or repair Schneider Electric \/ ELAU\t<\/h2>\n\t\t\t\t<img decoding=\"async\" src=\"https:\/\/dynamotion.pl\/wp-content\/uploads\/2021\/04\/separator.png\" alt=\"separator\" itemprop=\"image\" height=\"4\" width=\"83\" title=\"separator\" onerror=\"this.style.display='none'\" loading=\"lazy\" \/>\n\tNeed repair or service for Schneider Electric equipment?<br \/>\nExplore our service offer, fill out the request form, and get a\u00a0 pricing the same day!\n\t\t\t<a href=\"https:\/\/dynamotion.pl\/en\/oferta\/serwis-schneider-elau-pacdrive\/\" target=\"_self\">\n\t\t\t\t\t\t\tLearn more\n\t\t\t\t\t<\/a>\n<h2>\n\t\t\tTechnical support\t<\/h2>\n\t\t\t\t<img decoding=\"async\" src=\"https:\/\/dynamotion.pl\/wp-content\/uploads\/2021\/04\/separator.png\" alt=\"separator\" itemprop=\"image\" height=\"4\" width=\"83\" title=\"separator\" onerror=\"this.style.display='none'\" loading=\"lazy\" \/>\n\tNeed advice or technical support?<br \/>\nOur specialists will help you find a solution<br \/>\neither remotely or locally.\n\t\t\t<a href=\"https:\/\/dynamotion.pl\/en\/contact\/\" target=\"_self\">\n\t\t\t\t\t\t\tEmail us\n\t\t\t\t\t<\/a>\n\t\t\t\t<img decoding=\"async\" src=\"https:\/\/dynamotion.pl\/wp-content\/uploads\/2021\/04\/27.png\" alt=\"27\" itemprop=\"image\" height=\"265\" width=\"219\" title=\"27\" onerror=\"this.style.display='none'\" loading=\"lazy\" \/>\n\t\t\t\t<img decoding=\"async\" src=\"https:\/\/dynamotion.pl\/wp-content\/uploads\/2021\/04\/23.png\" alt=\"23\" itemprop=\"image\" height=\"208\" width=\"161\" title=\"23\" onerror=\"this.style.display='none'\" loading=\"lazy\" \/>\n<h2>\n\t\t\tNeed information?\t<\/h2>\n\t\t\t\t<img decoding=\"async\" src=\"https:\/\/dynamotion.pl\/wp-content\/uploads\/2021\/04\/separator.png\" alt=\"separator\" itemprop=\"image\" height=\"4\" width=\"83\" title=\"separator\" onerror=\"this.style.display='none'\" loading=\"lazy\" \/>\n\t<p>Access manuals and datasheets quickly with our online knowledge base!<\/p>\n\t\t\t<a href=\"https:\/\/dynamotion.pl\/en\/contact\/\" target=\"_self\">\n\t\t\t\t\t\t\tAsk for more\n\t\t\t\t\t<\/a>\n\n","protected":false},"excerpt":{"rendered":"<p>Service or repair Schneider Electric \/ ELAU Need repair or service for Schneider Electric equipment? Explore our service offer, fill out the request form, and get a\u00a0 pricing the same day! Learn more Technical support Need advice or technical support? Our specialists will help you find a solution either remotely or locally. Email us Need&hellip;<\/p>\n","protected":false},"author":1,"featured_media":0,"parent":0,"menu_order":0,"comment_status":"closed","ping_status":"closed","template":"","meta":{"_acf_changed":false,"footnotes":""},"class_list":["post-1586","page","type-page","status-publish","hentry"],"acf":[],"yoast_head":"<!-- This site is optimized with the Yoast SEO plugin v27.4 - https:\/\/yoast.com\/product\/yoast-seo-wordpress\/ -->\n<title>Support - Dynamotion<\/title>\n<meta name=\"description\" content=\"Potrzebujesz porady, dokumentacji technicznej lub chcesz naprawi\u0107 sprz\u0119t? Sam wybierz jakie wsparcie mo\u017cemy Ci zaoferowa\u0107!\" \/>\n<meta name=\"robots\" content=\"index, follow, max-snippet:-1, max-image-preview:large, max-video-preview:-1\" \/>\n<link rel=\"canonical\" href=\"https:\/\/dynamotion.pl\/en\/wsparcie\/\" \/>\n<meta property=\"og:locale\" content=\"en_US\" \/>\n<meta property=\"og:type\" content=\"article\" \/>\n<meta property=\"og:title\" content=\"Support - Dynamotion\" \/>\n<meta property=\"og:description\" content=\"Potrzebujesz porady, dokumentacji technicznej lub chcesz naprawi\u0107 sprz\u0119t? Sam wybierz jakie wsparcie mo\u017cemy Ci zaoferowa\u0107!\" \/>\n<meta property=\"og:url\" content=\"https:\/\/dynamotion.pl\/en\/wsparcie\/\" \/>\n<meta property=\"og:site_name\" content=\"Dynamotion\" \/>\n<meta property=\"article:modified_time\" content=\"2025-12-08T12:38:21+00:00\" \/>\n<meta property=\"og:image\" content=\"https:\/\/dynamotion.pl\/wp-content\/uploads\/2021\/04\/26.png\" \/>\n<meta name=\"twitter:card\" content=\"summary_large_image\" \/>\n<meta name=\"twitter:label1\" content=\"Est. reading time\" \/>\n\t<meta name=\"twitter:data1\" content=\"2 minutes\" \/>\n<script type=\"application\/ld+json\" class=\"yoast-schema-graph\">{\"@context\":\"https:\\\/\\\/schema.org\",\"@graph\":[{\"@type\":\"WebPage\",\"@id\":\"https:\\\/\\\/dynamotion.pl\\\/en\\\/wsparcie\\\/\",\"url\":\"https:\\\/\\\/dynamotion.pl\\\/en\\\/wsparcie\\\/\",\"name\":\"Support - Dynamotion\",\"isPartOf\":{\"@id\":\"https:\\\/\\\/dynamotion.pl\\\/en\\\/#website\"},\"primaryImageOfPage\":{\"@id\":\"https:\\\/\\\/dynamotion.pl\\\/en\\\/wsparcie\\\/#primaryimage\"},\"image\":{\"@id\":\"https:\\\/\\\/dynamotion.pl\\\/en\\\/wsparcie\\\/#primaryimage\"},\"thumbnailUrl\":\"https:\\\/\\\/dynamotion.pl\\\/wp-content\\\/uploads\\\/2021\\\/04\\\/26.png\",\"datePublished\":\"2021-03-26T17:30:44+00:00\",\"dateModified\":\"2025-12-08T12:38:21+00:00\",\"description\":\"Potrzebujesz porady, dokumentacji technicznej lub chcesz naprawi\u0107 sprz\u0119t? Sam wybierz jakie wsparcie mo\u017cemy Ci zaoferowa\u0107!\",\"breadcrumb\":{\"@id\":\"https:\\\/\\\/dynamotion.pl\\\/en\\\/wsparcie\\\/#breadcrumb\"},\"inLanguage\":\"en-US\",\"potentialAction\":[{\"@type\":\"ReadAction\",\"target\":[\"https:\\\/\\\/dynamotion.pl\\\/en\\\/wsparcie\\\/\"]}]},{\"@type\":\"ImageObject\",\"inLanguage\":\"en-US\",\"@id\":\"https:\\\/\\\/dynamotion.pl\\\/en\\\/wsparcie\\\/#primaryimage\",\"url\":\"https:\\\/\\\/dynamotion.pl\\\/wp-content\\\/uploads\\\/2021\\\/04\\\/26.png\",\"contentUrl\":\"https:\\\/\\\/dynamotion.pl\\\/wp-content\\\/uploads\\\/2021\\\/04\\\/26.png\"},{\"@type\":\"BreadcrumbList\",\"@id\":\"https:\\\/\\\/dynamotion.pl\\\/en\\\/wsparcie\\\/#breadcrumb\",\"itemListElement\":[{\"@type\":\"ListItem\",\"position\":1,\"name\":\"Strona g\u0142\u00f3wna\",\"item\":\"https:\\\/\\\/dynamotion.pl\\\/en\\\/\"},{\"@type\":\"ListItem\",\"position\":2,\"name\":\"Support\"}]},{\"@type\":\"WebSite\",\"@id\":\"https:\\\/\\\/dynamotion.pl\\\/en\\\/#website\",\"url\":\"https:\\\/\\\/dynamotion.pl\\\/en\\\/\",\"name\":\"Dynamotion\",\"description\":\"Nap\u0119dzamy przysz\u0142o\u015b\u0107 pakowania\",\"publisher\":{\"@id\":\"https:\\\/\\\/dynamotion.pl\\\/en\\\/#organization\"},\"potentialAction\":[{\"@type\":\"SearchAction\",\"target\":{\"@type\":\"EntryPoint\",\"urlTemplate\":\"https:\\\/\\\/dynamotion.pl\\\/en\\\/?s={search_term_string}\"},\"query-input\":{\"@type\":\"PropertyValueSpecification\",\"valueRequired\":true,\"valueName\":\"search_term_string\"}}],\"inLanguage\":\"en-US\"},{\"@type\":\"Organization\",\"@id\":\"https:\\\/\\\/dynamotion.pl\\\/en\\\/#organization\",\"name\":\"DYNAMOTION Sp. z o.o.\",\"url\":\"https:\\\/\\\/dynamotion.pl\\\/en\\\/\",\"logo\":{\"@type\":\"ImageObject\",\"inLanguage\":\"en-US\",\"@id\":\"https:\\\/\\\/dynamotion.pl\\\/en\\\/#\\\/schema\\\/logo\\\/image\\\/\",\"url\":\"https:\\\/\\\/dynamotion.pl\\\/wp-content\\\/uploads\\\/2021\\\/08\\\/sygnet_stopka.png\",\"contentUrl\":\"https:\\\/\\\/dynamotion.pl\\\/wp-content\\\/uploads\\\/2021\\\/08\\\/sygnet_stopka.png\",\"width\":128,\"height\":112,\"caption\":\"DYNAMOTION Sp. z o.o.\"},\"image\":{\"@id\":\"https:\\\/\\\/dynamotion.pl\\\/en\\\/#\\\/schema\\\/logo\\\/image\\\/\"}}]}<\/script>\n<!-- \/ Yoast SEO plugin. -->","yoast_head_json":{"title":"Support - Dynamotion","description":"Potrzebujesz porady, dokumentacji technicznej lub chcesz naprawi\u0107 sprz\u0119t? Sam wybierz jakie wsparcie mo\u017cemy Ci zaoferowa\u0107!","robots":{"index":"index","follow":"follow","max-snippet":"max-snippet:-1","max-image-preview":"max-image-preview:large","max-video-preview":"max-video-preview:-1"},"canonical":"https:\/\/dynamotion.pl\/en\/wsparcie\/","og_locale":"en_US","og_type":"article","og_title":"Support - Dynamotion","og_description":"Potrzebujesz porady, dokumentacji technicznej lub chcesz naprawi\u0107 sprz\u0119t? Sam wybierz jakie wsparcie mo\u017cemy Ci zaoferowa\u0107!","og_url":"https:\/\/dynamotion.pl\/en\/wsparcie\/","og_site_name":"Dynamotion","article_modified_time":"2025-12-08T12:38:21+00:00","og_image":[{"url":"https:\/\/dynamotion.pl\/wp-content\/uploads\/2021\/04\/26.png","type":"","width":"","height":""}],"twitter_card":"summary_large_image","twitter_misc":{"Est. reading time":"2 minutes"},"schema":{"@context":"https:\/\/schema.org","@graph":[{"@type":"WebPage","@id":"https:\/\/dynamotion.pl\/en\/wsparcie\/","url":"https:\/\/dynamotion.pl\/en\/wsparcie\/","name":"Support - Dynamotion","isPartOf":{"@id":"https:\/\/dynamotion.pl\/en\/#website"},"primaryImageOfPage":{"@id":"https:\/\/dynamotion.pl\/en\/wsparcie\/#primaryimage"},"image":{"@id":"https:\/\/dynamotion.pl\/en\/wsparcie\/#primaryimage"},"thumbnailUrl":"https:\/\/dynamotion.pl\/wp-content\/uploads\/2021\/04\/26.png","datePublished":"2021-03-26T17:30:44+00:00","dateModified":"2025-12-08T12:38:21+00:00","description":"Potrzebujesz porady, dokumentacji technicznej lub chcesz naprawi\u0107 sprz\u0119t? Sam wybierz jakie wsparcie mo\u017cemy Ci zaoferowa\u0107!","breadcrumb":{"@id":"https:\/\/dynamotion.pl\/en\/wsparcie\/#breadcrumb"},"inLanguage":"en-US","potentialAction":[{"@type":"ReadAction","target":["https:\/\/dynamotion.pl\/en\/wsparcie\/"]}]},{"@type":"ImageObject","inLanguage":"en-US","@id":"https:\/\/dynamotion.pl\/en\/wsparcie\/#primaryimage","url":"https:\/\/dynamotion.pl\/wp-content\/uploads\/2021\/04\/26.png","contentUrl":"https:\/\/dynamotion.pl\/wp-content\/uploads\/2021\/04\/26.png"},{"@type":"BreadcrumbList","@id":"https:\/\/dynamotion.pl\/en\/wsparcie\/#breadcrumb","itemListElement":[{"@type":"ListItem","position":1,"name":"Strona g\u0142\u00f3wna","item":"https:\/\/dynamotion.pl\/en\/"},{"@type":"ListItem","position":2,"name":"Support"}]},{"@type":"WebSite","@id":"https:\/\/dynamotion.pl\/en\/#website","url":"https:\/\/dynamotion.pl\/en\/","name":"Dynamotion","description":"Nap\u0119dzamy przysz\u0142o\u015b\u0107 pakowania","publisher":{"@id":"https:\/\/dynamotion.pl\/en\/#organization"},"potentialAction":[{"@type":"SearchAction","target":{"@type":"EntryPoint","urlTemplate":"https:\/\/dynamotion.pl\/en\/?s={search_term_string}"},"query-input":{"@type":"PropertyValueSpecification","valueRequired":true,"valueName":"search_term_string"}}],"inLanguage":"en-US"},{"@type":"Organization","@id":"https:\/\/dynamotion.pl\/en\/#organization","name":"DYNAMOTION Sp. z o.o.","url":"https:\/\/dynamotion.pl\/en\/","logo":{"@type":"ImageObject","inLanguage":"en-US","@id":"https:\/\/dynamotion.pl\/en\/#\/schema\/logo\/image\/","url":"https:\/\/dynamotion.pl\/wp-content\/uploads\/2021\/08\/sygnet_stopka.png","contentUrl":"https:\/\/dynamotion.pl\/wp-content\/uploads\/2021\/08\/sygnet_stopka.png","width":128,"height":112,"caption":"DYNAMOTION Sp. z o.o."},"image":{"@id":"https:\/\/dynamotion.pl\/en\/#\/schema\/logo\/image\/"}}]}},"_links":{"self":[{"href":"https:\/\/dynamotion.pl\/en\/wp-json\/wp\/v2\/pages\/1586","targetHints":{"allow":["GET"]}}],"collection":[{"href":"https:\/\/dynamotion.pl\/en\/wp-json\/wp\/v2\/pages"}],"about":[{"href":"https:\/\/dynamotion.pl\/en\/wp-json\/wp\/v2\/types\/page"}],"author":[{"embeddable":true,"href":"https:\/\/dynamotion.pl\/en\/wp-json\/wp\/v2\/users\/1"}],"replies":[{"embeddable":true,"href":"https:\/\/dynamotion.pl\/en\/wp-json\/wp\/v2\/comments?post=1586"}],"version-history":[{"count":2,"href":"https:\/\/dynamotion.pl\/en\/wp-json\/wp\/v2\/pages\/1586\/revisions"}],"predecessor-version":[{"id":5497,"href":"https:\/\/dynamotion.pl\/en\/wp-json\/wp\/v2\/pages\/1586\/revisions\/5497"}],"wp:attachment":[{"href":"https:\/\/dynamotion.pl\/en\/wp-json\/wp\/v2\/media?parent=1586"}],"curies":[{"name":"wp","href":"https:\/\/api.w.org\/{rel}","templated":true}]}}