{"id":1587,"date":"2022-06-01T13:54:59","date_gmt":"2022-06-01T11:54:59","guid":{"rendered":"http:\/\/dynamotion.pl\/wsparcie\/serwis-schneider-elau-pacdrive\/"},"modified":"2025-12-04T15:14:27","modified_gmt":"2025-12-04T14:14:27","slug":"serwis-schneider-elau-pacdrive","status":"publish","type":"page","link":"https:\/\/dynamotion.pl\/en\/oferta\/serwis-schneider-elau-pacdrive\/","title":{"rendered":"Technical Service Schneider Electric \/ ELAU"},"content":{"rendered":"\n\n\t<strong>Professional manufacturer service<\/strong><br \/>\n<strong>Schneider Electric \/ ELAU<\/strong> devices\n\tWith us you will repair PacDrive \/ ELAU servo drives<br \/>\nincluding MC-4, SH, SM, LXM, LMC devices<br \/>\nand many others!\n\t\t\t<a href=\"https:\/\/dynamotion.pl\/formularz-serwisowy\/\" target=\"_self\">\n\t\t\t\t\t\t\tFill out the service form\n\t\t\t\t\t<\/a>\n\t<strong>12 months <\/strong><br \/>\n<strong>warranty <\/strong>\n\t\t\t\t<img decoding=\"async\" src=\"https:\/\/dynamotion.pl\/wp-content\/plugins\/bb-plugin\/img\/pixel.png\" alt=\"\" itemprop=\"image\" onerror=\"this.style.display='none'\" loading=\"lazy\" \/>\n\t<strong>Repair of devices<\/strong><br \/>\n<strong>at the manufacturer&#8217;s factory<\/strong>\n\t<p><strong>Express services<\/strong><\/p>\n<h2>\n\t\t\tWhat can we do for you?\t<\/h2>\n\t\t\t\t<img decoding=\"async\" src=\"https:\/\/dynamotion.pl\/wp-content\/uploads\/2021\/04\/separator.png\" alt=\"separator\" itemprop=\"image\" height=\"4\" width=\"83\" title=\"separator\" onerror=\"this.style.display='none'\" loading=\"lazy\" \/>\n\t<p>DYNAMOTION, as an authorized partner of Schneider Electric Poland for PacDrive M and PacDrive 3 control systems, offers service for following Schneider Electric \/ ELAU devices:<\/p>\n\t<ul>\n<li>PacDrvie SH servo motors,<\/li>\n<li>PacDrive SM servo motors,<\/li>\n<li>MC-4 servo amplifiers,<\/li>\n<li>PacDrive C200, C400, C600 controllers,<\/li>\n<li>P600 control systems,<\/li>\n<li>PS-5 power supplies<\/li>\n<li>Integrated iSH servo drives,<\/li>\n<li>SCL integrated servo drives,<\/li>\n<li>LMC Eco and LMC Pro controllers,<\/li>\n<li>Lexium 52 and Lexium 62 servo amplifiers<\/li>\n<li>ILM integrated servo drives<br \/>\nand many others.<\/li>\n<\/ul>\n\t\t\t\t<img decoding=\"async\" src=\"https:\/\/dynamotion.pl\/wp-content\/uploads\/2022\/06\/serwis-pacdrive-elau-schneider-electric-naprawa-mc4-c200-c600.jpg\" alt=\"Wycofanie serii ELAU \/ PacDrive M Co dalej ...?\" itemprop=\"image\" height=\"860\" width=\"1130\" title=\"serwis pacdrive elau schneider electric naprawa mc4 c200 c600\" onerror=\"this.style.display='none'\" loading=\"lazy\" \/>\n\t\t\t\t<img decoding=\"async\" src=\"https:\/\/dynamotion.pl\/wp-content\/uploads\/2022\/06\/NicePng_schneider-electric-logo-png_4298106.png\" alt=\"schneider electric oferta\" itemprop=\"image\" height=\"281\" width=\"938\" title=\"NicePng_schneider-electric-logo-png_4298106\" onerror=\"this.style.display='none'\" loading=\"lazy\" \/>\n\t\t\t\t<img decoding=\"async\" src=\"https:\/\/dynamotion.pl\/wp-content\/uploads\/2022\/06\/PacDrive-elau-Schneider-Electric-serwis.png\" alt=\"PacDrive elau Schneider Electric serwis\" itemprop=\"image\" height=\"178\" width=\"284\" title=\"PacDrive elau Schneider Electric serwis\" onerror=\"this.style.display='none'\" loading=\"lazy\" \/>\n\tDo you own another Schneider Electric unit,<br \/>\nthat requires service?<br \/>\n<strong>Write to us and get a quote!<\/strong>\n\t\t\t<a href=\"https:\/\/dynamotion.pl\/en\/contact\/\" target=\"_self\">\n\t\t\t\t\t\t\tContact\n\t\t\t\t\t<\/a>\n\t\t\t\t<img decoding=\"async\" src=\"https:\/\/dynamotion.pl\/wp-content\/uploads\/2022\/02\/grkrzdj.png\" alt=\"grkrzdj\" itemprop=\"image\" height=\"110\" width=\"110\" title=\"grkrzdj\" onerror=\"this.style.display='none'\" loading=\"lazy\" \/>\n\t<strong>Grzegorz Kr\u00f3l<\/strong><br \/>\nTechnical Support Specialist\n\ttel. 12 306 73 94<br \/>\ngrzegorz.krol@dynamotion.pl\n\t\t\t\t<img decoding=\"async\" src=\"https:\/\/dynamotion.pl\/wp-content\/uploads\/2021\/04\/Adrianna_Arent_110.png\" alt=\"Adrianna_Arent_110\" itemprop=\"image\" height=\"110\" width=\"110\" title=\"Adrianna_Arent_110\" onerror=\"this.style.display='none'\" loading=\"lazy\" \/>\n\t<strong>Adrianna Arent<br \/>\n<\/strong>Service &amp; Sales Engineer<strong><br \/>\n<\/strong>\n<p>&nbsp;<\/p>\n\ttel. 12 306 73 96<br \/>\nadrianna.arent@dynamotion.pl\n<h2>\n\t\t\tFill out the service request form\t<\/h2>\n\t\t\t\t<img decoding=\"async\" src=\"https:\/\/dynamotion.pl\/wp-content\/uploads\/2021\/04\/separator.png\" alt=\"separator\" itemprop=\"image\" height=\"4\" width=\"83\" title=\"separator\" onerror=\"this.style.display='none'\" loading=\"lazy\" \/>\n\t<p>Do you have a Schneider Electric device in need of service or repair? Fill out the service request form and you will receive a quote for Schneider Electric \/ ELAU service the same day!<\/p>\n\t\t\t<a href=\"https:\/\/dynamotion.pl\/formularz-serwisowy\/\" target=\"_self\">\n\t\t\t\t\t\t\tService request form\n\t\t\t\t\t<\/a>\n\t\t\t\t<img decoding=\"async\" src=\"https:\/\/dynamotion.pl\/wp-content\/uploads\/2021\/04\/26.png\" alt=\"Serwis urz\u0105dze\u0144 Schneider Electric \/ ELAU\" itemprop=\"image\" height=\"206\" width=\"221\" title=\"26\" onerror=\"this.style.display='none'\" loading=\"lazy\" \/>\n\t\t\t\t<img decoding=\"async\" src=\"https:\/\/dynamotion.pl\/wp-content\/uploads\/2022\/02\/PD3set.png\" alt=\"Serwis urz\u0105dze\u0144 Schneider Electric \/ ELAU\" itemprop=\"image\" height=\"1474\" width=\"2048\" title=\"PD3set\" onerror=\"this.style.display='none'\" loading=\"lazy\" \/>\n<h2>\n\t\t\tSchneider Electric \/ ELAU equipment service includes:\t<\/h2>\n\t\t\t\t<img decoding=\"async\" src=\"https:\/\/dynamotion.pl\/wp-content\/uploads\/2021\/04\/separator.png\" alt=\"separator\" itemprop=\"image\" height=\"4\" width=\"83\" title=\"separator\" onerror=\"this.style.display='none'\" loading=\"lazy\" \/>\n\t<ul>\n<li>Full inspection of internal components,<\/li>\n<li>Replacement of defective components,<\/li>\n<li>High voltage tests,<\/li>\n<li>Functional tests.<\/li>\n<\/ul>\n\t<p><strong>12 months warranty<\/strong> for repaired components!<\/p>\n<h2>\n\t\t\tContact\t<\/h2>\n\t\t\t\t<img decoding=\"async\" src=\"https:\/\/dynamotion.pl\/wp-content\/uploads\/2021\/04\/separator.png\" alt=\"separator\" itemprop=\"image\" height=\"4\" width=\"83\" title=\"separator\" onerror=\"this.style.display='none'\" loading=\"lazy\" \/>\n\t<p><img decoding=\"async\" src=\"https:\/\/dynamotion.pl\/wp-content\/uploads\/2021\/04\/Dynamotion-arrow-09.svg\" alt=\"\" width=\"34\" height=\"24\" \/>tel.\u00a012 306 73 91<\/p>\n\t<p><img decoding=\"async\" src=\"https:\/\/dynamotion.pl\/wp-content\/uploads\/2021\/04\/Dynamotion-arrow-09.svg\" alt=\"\" width=\"34\" height=\"24\" \/>serwis@dynamotion.pl<\/p>\n\t<p>ul. Feliksa Wrobela 5<\/p>\n\t<p>30-798 Krak\u00f3w<\/p>\n\t<iframe src=\"https:\/\/www.google.com\/maps\/embed\/v1\/place?q=Feliksa+wrobela+5+DYNAMOTION&#038;key=AIzaSyD09zQ9PNDNNy9TadMuzRV_UsPUoWKntt8\" aria-hidden=\"true\"><\/iframe>\n\n","protected":false},"excerpt":{"rendered":"<p>Professional manufacturer service Schneider Electric \/ ELAU devices With us you will repair PacDrive \/ ELAU servo drives including MC-4, SH, SM, LXM, LMC devices and many others! Fill out the service form 12 months warranty Repair of devices at the manufacturer&#8217;s factory Express services What can we do for you? DYNAMOTION, as an authorized&hellip;<\/p>\n","protected":false},"author":3,"featured_media":1532,"parent":1582,"menu_order":1,"comment_status":"closed","ping_status":"closed","template":"","meta":{"_acf_changed":false,"footnotes":""},"class_list":["post-1587","page","type-page","status-publish","has-post-thumbnail","hentry"],"acf":[],"yoast_head":"<!-- This site is optimized with the Yoast SEO plugin v27.4 - https:\/\/yoast.com\/product\/yoast-seo-wordpress\/ -->\n<title>Technical Service Schneider Electric \/ ELAU - Dynamotion<\/title>\n<meta name=\"description\" content=\"We repair MC-4 servo drives, C400 and LMC controllers, ELAU motors and much more! Schneider Electric \/ ELAU service and 12 months warranty!\" \/>\n<meta name=\"robots\" content=\"index, follow, max-snippet:-1, max-image-preview:large, max-video-preview:-1\" \/>\n<link rel=\"canonical\" href=\"https:\/\/dynamotion.pl\/en\/oferta\/serwis-schneider-elau-pacdrive\/\" \/>\n<meta property=\"og:locale\" content=\"en_US\" \/>\n<meta property=\"og:type\" content=\"article\" \/>\n<meta property=\"og:title\" content=\"Technical Service Schneider Electric \/ ELAU - Dynamotion\" \/>\n<meta property=\"og:description\" content=\"We repair MC-4 servo drives, C400 and LMC controllers, ELAU motors and much more! Schneider Electric \/ ELAU service and 12 months warranty!\" \/>\n<meta property=\"og:url\" content=\"https:\/\/dynamotion.pl\/en\/oferta\/serwis-schneider-elau-pacdrive\/\" \/>\n<meta property=\"og:site_name\" content=\"Dynamotion\" \/>\n<meta property=\"article:modified_time\" content=\"2025-12-04T14:14:27+00:00\" \/>\n<meta property=\"og:image\" content=\"https:\/\/dynamotion.pl\/wp-content\/uploads\/2022\/05\/STAR_in-situ_0G9A6255-2-1024x683.jpg\" \/>\n<meta name=\"twitter:card\" content=\"summary_large_image\" \/>\n<meta name=\"twitter:image\" content=\"https:\/\/dynamotion.pl\/wp-content\/uploads\/2022\/05\/STAR_in-situ_0G9A6255-2-1024x683.jpg\" \/>\n<meta name=\"twitter:label1\" content=\"Est. reading time\" \/>\n\t<meta name=\"twitter:data1\" content=\"5 minutes\" \/>\n<script type=\"application\/ld+json\" class=\"yoast-schema-graph\">{\"@context\":\"https:\\\/\\\/schema.org\",\"@graph\":[{\"@type\":\"WebPage\",\"@id\":\"https:\\\/\\\/dynamotion.pl\\\/en\\\/oferta\\\/serwis-schneider-elau-pacdrive\\\/\",\"url\":\"https:\\\/\\\/dynamotion.pl\\\/en\\\/oferta\\\/serwis-schneider-elau-pacdrive\\\/\",\"name\":\"Technical Service Schneider Electric \\\/ ELAU - Dynamotion\",\"isPartOf\":{\"@id\":\"https:\\\/\\\/dynamotion.pl\\\/en\\\/#website\"},\"primaryImageOfPage\":{\"@id\":\"https:\\\/\\\/dynamotion.pl\\\/en\\\/oferta\\\/serwis-schneider-elau-pacdrive\\\/#primaryimage\"},\"image\":{\"@id\":\"https:\\\/\\\/dynamotion.pl\\\/en\\\/oferta\\\/serwis-schneider-elau-pacdrive\\\/#primaryimage\"},\"thumbnailUrl\":\"https:\\\/\\\/dynamotion.pl\\\/wp-content\\\/uploads\\\/2022\\\/06\\\/PacDrive-M-Image.bmp\",\"datePublished\":\"2022-06-01T11:54:59+00:00\",\"dateModified\":\"2025-12-04T14:14:27+00:00\",\"description\":\"We repair MC-4 servo drives, C400 and LMC controllers, ELAU motors and much more! Schneider Electric \\\/ ELAU service and 12 months warranty!\",\"breadcrumb\":{\"@id\":\"https:\\\/\\\/dynamotion.pl\\\/en\\\/oferta\\\/serwis-schneider-elau-pacdrive\\\/#breadcrumb\"},\"inLanguage\":\"en-US\",\"potentialAction\":[{\"@type\":\"ReadAction\",\"target\":[\"https:\\\/\\\/dynamotion.pl\\\/en\\\/oferta\\\/serwis-schneider-elau-pacdrive\\\/\"]}]},{\"@type\":\"ImageObject\",\"inLanguage\":\"en-US\",\"@id\":\"https:\\\/\\\/dynamotion.pl\\\/en\\\/oferta\\\/serwis-schneider-elau-pacdrive\\\/#primaryimage\",\"url\":\"https:\\\/\\\/dynamotion.pl\\\/wp-content\\\/uploads\\\/2022\\\/06\\\/PacDrive-M-Image.bmp\",\"contentUrl\":\"https:\\\/\\\/dynamotion.pl\\\/wp-content\\\/uploads\\\/2022\\\/06\\\/PacDrive-M-Image.bmp\",\"width\":851,\"height\":655},{\"@type\":\"BreadcrumbList\",\"@id\":\"https:\\\/\\\/dynamotion.pl\\\/en\\\/oferta\\\/serwis-schneider-elau-pacdrive\\\/#breadcrumb\",\"itemListElement\":[{\"@type\":\"ListItem\",\"position\":1,\"name\":\"Strona g\u0142\u00f3wna\",\"item\":\"https:\\\/\\\/dynamotion.pl\\\/en\\\/\"},{\"@type\":\"ListItem\",\"position\":2,\"name\":\"Offer\",\"item\":\"https:\\\/\\\/dynamotion.pl\\\/en\\\/oferta\\\/\"},{\"@type\":\"ListItem\",\"position\":3,\"name\":\"serwis elau pacdrive schneider electric pac drive 3 serwonap\u0119dy silniki servo mc4 mc-4 sh lmc c200 c400\"}]},{\"@type\":\"WebSite\",\"@id\":\"https:\\\/\\\/dynamotion.pl\\\/en\\\/#website\",\"url\":\"https:\\\/\\\/dynamotion.pl\\\/en\\\/\",\"name\":\"Dynamotion\",\"description\":\"Nap\u0119dzamy przysz\u0142o\u015b\u0107 pakowania\",\"publisher\":{\"@id\":\"https:\\\/\\\/dynamotion.pl\\\/en\\\/#organization\"},\"potentialAction\":[{\"@type\":\"SearchAction\",\"target\":{\"@type\":\"EntryPoint\",\"urlTemplate\":\"https:\\\/\\\/dynamotion.pl\\\/en\\\/?s={search_term_string}\"},\"query-input\":{\"@type\":\"PropertyValueSpecification\",\"valueRequired\":true,\"valueName\":\"search_term_string\"}}],\"inLanguage\":\"en-US\"},{\"@type\":\"Organization\",\"@id\":\"https:\\\/\\\/dynamotion.pl\\\/en\\\/#organization\",\"name\":\"DYNAMOTION Sp. z o.o.\",\"url\":\"https:\\\/\\\/dynamotion.pl\\\/en\\\/\",\"logo\":{\"@type\":\"ImageObject\",\"inLanguage\":\"en-US\",\"@id\":\"https:\\\/\\\/dynamotion.pl\\\/en\\\/#\\\/schema\\\/logo\\\/image\\\/\",\"url\":\"https:\\\/\\\/dynamotion.pl\\\/wp-content\\\/uploads\\\/2021\\\/08\\\/sygnet_stopka.png\",\"contentUrl\":\"https:\\\/\\\/dynamotion.pl\\\/wp-content\\\/uploads\\\/2021\\\/08\\\/sygnet_stopka.png\",\"width\":128,\"height\":112,\"caption\":\"DYNAMOTION Sp. z o.o.\"},\"image\":{\"@id\":\"https:\\\/\\\/dynamotion.pl\\\/en\\\/#\\\/schema\\\/logo\\\/image\\\/\"}}]}<\/script>\n<!-- \/ Yoast SEO plugin. -->","yoast_head_json":{"title":"Technical Service Schneider Electric \/ ELAU - Dynamotion","description":"We repair MC-4 servo drives, C400 and LMC controllers, ELAU motors and much more! Schneider Electric \/ ELAU service and 12 months warranty!","robots":{"index":"index","follow":"follow","max-snippet":"max-snippet:-1","max-image-preview":"max-image-preview:large","max-video-preview":"max-video-preview:-1"},"canonical":"https:\/\/dynamotion.pl\/en\/oferta\/serwis-schneider-elau-pacdrive\/","og_locale":"en_US","og_type":"article","og_title":"Technical Service Schneider Electric \/ ELAU - Dynamotion","og_description":"We repair MC-4 servo drives, C400 and LMC controllers, ELAU motors and much more! Schneider Electric \/ ELAU service and 12 months warranty!","og_url":"https:\/\/dynamotion.pl\/en\/oferta\/serwis-schneider-elau-pacdrive\/","og_site_name":"Dynamotion","article_modified_time":"2025-12-04T14:14:27+00:00","og_image":[{"url":"https:\/\/dynamotion.pl\/wp-content\/uploads\/2022\/05\/STAR_in-situ_0G9A6255-2-1024x683.jpg","type":"","width":"","height":""}],"twitter_card":"summary_large_image","twitter_image":"https:\/\/dynamotion.pl\/wp-content\/uploads\/2022\/05\/STAR_in-situ_0G9A6255-2-1024x683.jpg","twitter_misc":{"Est. reading time":"5 minutes"},"schema":{"@context":"https:\/\/schema.org","@graph":[{"@type":"WebPage","@id":"https:\/\/dynamotion.pl\/en\/oferta\/serwis-schneider-elau-pacdrive\/","url":"https:\/\/dynamotion.pl\/en\/oferta\/serwis-schneider-elau-pacdrive\/","name":"Technical Service Schneider Electric \/ ELAU - Dynamotion","isPartOf":{"@id":"https:\/\/dynamotion.pl\/en\/#website"},"primaryImageOfPage":{"@id":"https:\/\/dynamotion.pl\/en\/oferta\/serwis-schneider-elau-pacdrive\/#primaryimage"},"image":{"@id":"https:\/\/dynamotion.pl\/en\/oferta\/serwis-schneider-elau-pacdrive\/#primaryimage"},"thumbnailUrl":"https:\/\/dynamotion.pl\/wp-content\/uploads\/2022\/06\/PacDrive-M-Image.bmp","datePublished":"2022-06-01T11:54:59+00:00","dateModified":"2025-12-04T14:14:27+00:00","description":"We repair MC-4 servo drives, C400 and LMC controllers, ELAU motors and much more! Schneider Electric \/ ELAU service and 12 months warranty!","breadcrumb":{"@id":"https:\/\/dynamotion.pl\/en\/oferta\/serwis-schneider-elau-pacdrive\/#breadcrumb"},"inLanguage":"en-US","potentialAction":[{"@type":"ReadAction","target":["https:\/\/dynamotion.pl\/en\/oferta\/serwis-schneider-elau-pacdrive\/"]}]},{"@type":"ImageObject","inLanguage":"en-US","@id":"https:\/\/dynamotion.pl\/en\/oferta\/serwis-schneider-elau-pacdrive\/#primaryimage","url":"https:\/\/dynamotion.pl\/wp-content\/uploads\/2022\/06\/PacDrive-M-Image.bmp","contentUrl":"https:\/\/dynamotion.pl\/wp-content\/uploads\/2022\/06\/PacDrive-M-Image.bmp","width":851,"height":655},{"@type":"BreadcrumbList","@id":"https:\/\/dynamotion.pl\/en\/oferta\/serwis-schneider-elau-pacdrive\/#breadcrumb","itemListElement":[{"@type":"ListItem","position":1,"name":"Strona g\u0142\u00f3wna","item":"https:\/\/dynamotion.pl\/en\/"},{"@type":"ListItem","position":2,"name":"Offer","item":"https:\/\/dynamotion.pl\/en\/oferta\/"},{"@type":"ListItem","position":3,"name":"serwis elau pacdrive schneider electric pac drive 3 serwonap\u0119dy silniki servo mc4 mc-4 sh lmc c200 c400"}]},{"@type":"WebSite","@id":"https:\/\/dynamotion.pl\/en\/#website","url":"https:\/\/dynamotion.pl\/en\/","name":"Dynamotion","description":"Nap\u0119dzamy przysz\u0142o\u015b\u0107 pakowania","publisher":{"@id":"https:\/\/dynamotion.pl\/en\/#organization"},"potentialAction":[{"@type":"SearchAction","target":{"@type":"EntryPoint","urlTemplate":"https:\/\/dynamotion.pl\/en\/?s={search_term_string}"},"query-input":{"@type":"PropertyValueSpecification","valueRequired":true,"valueName":"search_term_string"}}],"inLanguage":"en-US"},{"@type":"Organization","@id":"https:\/\/dynamotion.pl\/en\/#organization","name":"DYNAMOTION Sp. z o.o.","url":"https:\/\/dynamotion.pl\/en\/","logo":{"@type":"ImageObject","inLanguage":"en-US","@id":"https:\/\/dynamotion.pl\/en\/#\/schema\/logo\/image\/","url":"https:\/\/dynamotion.pl\/wp-content\/uploads\/2021\/08\/sygnet_stopka.png","contentUrl":"https:\/\/dynamotion.pl\/wp-content\/uploads\/2021\/08\/sygnet_stopka.png","width":128,"height":112,"caption":"DYNAMOTION Sp. z o.o."},"image":{"@id":"https:\/\/dynamotion.pl\/en\/#\/schema\/logo\/image\/"}}]}},"_links":{"self":[{"href":"https:\/\/dynamotion.pl\/en\/wp-json\/wp\/v2\/pages\/1587","targetHints":{"allow":["GET"]}}],"collection":[{"href":"https:\/\/dynamotion.pl\/en\/wp-json\/wp\/v2\/pages"}],"about":[{"href":"https:\/\/dynamotion.pl\/en\/wp-json\/wp\/v2\/types\/page"}],"author":[{"embeddable":true,"href":"https:\/\/dynamotion.pl\/en\/wp-json\/wp\/v2\/users\/3"}],"replies":[{"embeddable":true,"href":"https:\/\/dynamotion.pl\/en\/wp-json\/wp\/v2\/comments?post=1587"}],"version-history":[{"count":1,"href":"https:\/\/dynamotion.pl\/en\/wp-json\/wp\/v2\/pages\/1587\/revisions"}],"predecessor-version":[{"id":5449,"href":"https:\/\/dynamotion.pl\/en\/wp-json\/wp\/v2\/pages\/1587\/revisions\/5449"}],"up":[{"embeddable":true,"href":"https:\/\/dynamotion.pl\/en\/wp-json\/wp\/v2\/pages\/1582"}],"wp:featuredmedia":[{"embeddable":true,"href":"https:\/\/dynamotion.pl\/en\/wp-json\/wp\/v2\/media\/1532"}],"wp:attachment":[{"href":"https:\/\/dynamotion.pl\/en\/wp-json\/wp\/v2\/media?parent=1587"}],"curies":[{"name":"wp","href":"https:\/\/api.w.org\/{rel}","templated":true}]}}