{"id":1879,"date":"2023-01-09T14:05:57","date_gmt":"2023-01-09T13:05:57","guid":{"rendered":"https:\/\/dynamotion.pl\/oferta\/machine-safety-systems\/"},"modified":"2025-12-04T16:16:49","modified_gmt":"2025-12-04T15:16:49","slug":"safety-en","status":"publish","type":"page","link":"https:\/\/dynamotion.pl\/en\/oferta\/safety-en\/","title":{"rendered":"Machine safety systems"},"content":{"rendered":"\n\n\t\t\t\t<img decoding=\"async\" src=\"https:\/\/dynamotion.pl\/wp-content\/uploads\/2023\/01\/Preventa-Family-Shot-2014-001_CMYK-7.png\" alt=\"safety \" itemprop=\"image\" height=\"756\" width=\"1197\" title=\"Preventa Family Shot 2014 001_CMYK\" onerror=\"this.style.display='none'\" loading=\"lazy\" \/>\n\tSafety components<br \/>\nfrom <strong>a leading manufacturer<\/strong>\n\t<p>In our offer, you will find products from Schneider Electric &#8211; the world leader in the automation market. These are solutions that are designed to provide comprehensive protection for personnel and equipment. All offered safety components comply with international standards and are certified by T\u00dcV and cULus.<\/p>\n<p>High-quality, solutions are created based on the years of experience of the Telemecanique brand in the Schneider range &#8211; these are the most important features of the safety elements we offer so that you can create a reliable safety system. As an authorized distributor of Schneider Electric products, we have extensive knowledge of the products offered, which allows us to professionally support our customers in the selection of devices for the security system, and the local warehouse allows us to quickly and efficiently fulfill orders.<\/p>\n\t\t\t\t<img decoding=\"async\" src=\"https:\/\/dynamotion.pl\/wp-content\/uploads\/2023\/01\/Untitled_design__2_-removebg-preview.png\" alt=\"schneider electric preventa systemy bezpiecze\u0144stwa maszynowego safety\" itemprop=\"image\" height=\"271\" width=\"920\" title=\"Schneider_Electric_logo_dystrybutor\" onerror=\"this.style.display='none'\" loading=\"lazy\" \/>\n\t<p><strong>Trusted producer<\/strong><\/p>\n\t<p><strong>Poland located warehouse<\/strong><\/p>\n\t<p><strong>Knowledge &amp; Support<\/strong><\/p>\n\t<p><strong>DISCOVER OUR PRODUCTS<\/strong><\/p>\n\t\t\t\t<img decoding=\"async\" src=\"https:\/\/dynamotion.pl\/wp-content\/uploads\/2023\/01\/kontrolery-3.png\" alt=\"Systemy bezpiecze\u0144stwa maszynowego\" itemprop=\"image\" height=\"887\" width=\"1104\" title=\"kontrolery\" onerror=\"this.style.display='none'\" loading=\"lazy\" \/>\n<h2>\n\t\t\tSafety Controllers\t<\/h2>\n\t<p>Suitable for extensive and advanced circuits. These are used where traditional safety relays prove insufficient.\u00a0The control program used in them can be changed or corrected at any time, without rebuilding the peripherals.<\/p>\n\t\t\t<a href=\"https:\/\/dynamotion.pl\/en\/oferta\/safety-en\/safety-controllers\" target=\"_self\">\n\t\t\t\t\t\t\tSee more\n\t\t\t\t\t<\/a>\n<h2>\n\t\t\tSafety relays\t<\/h2>\n\t<p>Are one of the main protective components. They usually work by disconnecting the power supply when there is a state of danger to the life or health of the operator or a risk of damage to the machine.<\/p>\n\t\t\t<a href=\"https:\/\/dynamotion.pl\/en\/oferta\/safety-en\/safety-relays\/\" target=\"_self\">\n\t\t\t\t\t\t\tSee more\n\t\t\t\t\t<\/a>\n\t\t\t\t<img decoding=\"async\" src=\"https:\/\/dynamotion.pl\/wp-content\/uploads\/2023\/01\/Preventa-XPS-Universal.png\" alt=\"Systemy bezpiecze\u0144stwa maszynowego\" itemprop=\"image\" height=\"945\" width=\"1417\" title=\"Preventa XPS Universal\" onerror=\"this.style.display='none'\" loading=\"lazy\" \/>\n\t\t\t\t<img decoding=\"async\" src=\"https:\/\/dynamotion.pl\/wp-content\/uploads\/2023\/01\/Kurtyny-Preventa-XPL.png\" alt=\"Systemy bezpiecze\u0144stwa maszynowegosystemy bezpiecze\u0144stwa maszynowego preventa safety telemechanique schneider electric\" itemprop=\"image\" height=\"1648\" width=\"1764\" title=\"Kurtyny Preventa XPL\" onerror=\"this.style.display='none'\" loading=\"lazy\" \/>\n<h2>\n\t\t\tSafety light curtains \t<\/h2>\n\t<p>These are electrosensitive protective devices. They stop the movement of a machine when one of the light beams is interrupted. Light curtains help protect personnel without the use of mechanical protectors. This greatly simplifies access to machines and contributes to reducing the time required for loading, inspection or adjustment activities.<\/p>\n\t\t\t<a href=\"https:\/\/dynamotion.pl\/en\/oferta\/safety-en\/safety-curtains\/\" target=\"_self\">\n\t\t\t\t\t\t\tSee more\n\t\t\t\t\t<\/a>\n<h2>\n\t\t\tSafety switches\t<\/h2>\n\t<p>They break the control circuit of the machine start-up when the protective guard is opened or removed. Using operating contacts, they stop machine movement that could be dangerous to the operator.<\/p>\n<p>&nbsp;<\/p>\n<p>&nbsp;<\/p>\n\t\t\t<a href=\"https:\/\/dynamotion.pl\/en\/oferta\/safety-en\/safety-switches\/\" target=\"_self\">\n\t\t\t\t\t\t\tSee more\n\t\t\t\t\t<\/a>\n\t\t\t\t<img decoding=\"async\" src=\"https:\/\/dynamotion.pl\/wp-content\/uploads\/2023\/01\/krancowki-1.png\" alt=\"PREVENTA kra\u0144c\u00f3wki bezpiecze\u0144stwa safety switches telemecanique sensors dynamotion\" itemprop=\"image\" height=\"861\" width=\"1332\" title=\"kra\u0144cowki\" onerror=\"this.style.display='none'\" loading=\"lazy\" \/>\n\t\t\t\t<img decoding=\"async\" src=\"https:\/\/dynamotion.pl\/wp-content\/uploads\/2023\/01\/rygiel-2.png\" alt=\"Systemy bezpiecze\u0144stwa maszynowegosystemy bezpiecze\u0144stwa maszynowego preventa safety telemechanique schneider electric\" itemprop=\"image\" height=\"1470\" width=\"1090\" title=\"rygiel\" onerror=\"this.style.display='none'\" loading=\"lazy\" \/>\n<h2>\n\t\t\tKey-operated safety switches\t<\/h2>\n\t<p>They are a variation of safety switches. Key-operated safety switches consist of an activator (key) and an actuator. The pulling out of the actuator depends on the authorization, that is, the application of voltage to the coil. Powering the coil releases the deadbolt. They are most often used in doors, windows, flaps or movable guards.<\/p>\n\t\t\t<a href=\"https:\/\/dynamotion.pl\/en\/oferta\/safety-en\/key-operated-switches\/\" target=\"_self\">\n\t\t\t\t\t\t\tSee more\n\t\t\t\t\t<\/a>\n<h2>\n\t\t\tEmergency stop rope pull switches\t<\/h2>\n\t<p>They can be triggered by rope breakage or by human action when the traditional emergency stop function is not available. They allow the earliest possible prevention of hazards that could cause injury to persons or damage to machinery.<\/p>\n\t\t\t<a href=\"https:\/\/dynamotion.pl\/en\/oferta\/safety-en\/rope-pull-switches\/\" target=\"_self\">\n\t\t\t\t\t\t\tSee more\n\t\t\t\t\t<\/a>\n\t\t\t\t<img decoding=\"async\" src=\"https:\/\/dynamotion.pl\/wp-content\/uploads\/2023\/01\/wylacznkiklinkowe-1.png\" alt=\"Systemy bezpiecze\u0144stwa maszynowegosystemy bezpiecze\u0144stwa maszynowego preventa safety telemechanique schneider electric\" itemprop=\"image\" height=\"580\" width=\"1366\" title=\"wylacznkiklinkowe\" onerror=\"this.style.display='none'\" loading=\"lazy\" \/>\n\t\t\t\t<img decoding=\"async\" src=\"https:\/\/dynamotion.pl\/wp-content\/uploads\/2023\/01\/ESTOP.png\" alt=\"Systemy bezpiecze\u0144stwa maszynowego Preventa\nPrzyciski bezpiecze\u0144stwa ESTOP Schneider Electric\" itemprop=\"image\" height=\"724\" width=\"1454\" title=\"ESTOP\" onerror=\"this.style.display='none'\" loading=\"lazy\" \/>\n<h2>\n\t\t\tE-stop pushbuttons\t<\/h2>\n\t<p>Also known as emergency stop push buttons. They are the most commonly used safety components in machinery and production systems. Their operation usually boils down to disconnecting the power supply to the relevant circuit, which causes the machine to stop quickly.<\/p>\n\t\t\t<a href=\"https:\/\/dynamotion.pl\/en\/oferta\/safety-en\/estop-pushbuttons\/\" target=\"_self\">\n\t\t\t\t\t\t\tSee more\n\t\t\t\t\t<\/a>\n<h2>\n\t\t\tLearn more about security systems\t<\/h2>\n\t\t<iframe title=\"Preventa - Complete Machine Safety Chain Solutions\" width=\"500\" height=\"281\" src=\"https:\/\/www.youtube.com\/embed\/mCX-l_6WCBI?feature=oembed\" frameborder=\"0\" allow=\"accelerometer; autoplay; clipboard-write; encrypted-media; gyroscope; picture-in-picture; web-share\" referrerpolicy=\"strict-origin-when-cross-origin\" allowfullscreen><\/iframe>\t\n\t<strong>Learn how to connect and configure<\/strong><br \/>\n<strong>safety relays<\/strong>\n\t\t\t<a href=\"https:\/\/www.astor.com.pl\/poradnikautomatyka\/kurs-podlaczania-i-konfigurowania-przekaznikow-bezpieczenstwa-dla-maszyn-i-stanowisk-produkcyjnych\/\" target=\"_blank\" rel=\"noopener\">\n\t\t\t\t\t\t\tView our course\n\t\t\t\t\t<\/a>\n<h2>\n\t\t\tWant to improve machine safety in your company?\t<\/h2>\n\t<p>In our offer, you will find all the necessary components to create a complete safety system for robotic workstations. We will help you select the right safety components and create a safety system design tailored to your needs.<\/p>\n\t\t\t<a href=\"https:\/\/dynamotion.pl\/en\/contact\/\" target=\"_blank\" rel=\"noopener\">\n\t\t\t\t\t\t\tContact our specialists\n\t\t\t\t\t<\/a>\n\n","protected":false},"excerpt":{"rendered":"<p>Safety components from a leading manufacturer In our offer, you will find products from Schneider Electric &#8211; the world leader in the automation market. These are solutions that are designed to provide comprehensive protection for personnel and equipment. All offered safety components comply with international standards and are certified by T\u00dcV and cULus. High-quality, solutions&hellip;<\/p>\n","protected":false},"author":5,"featured_media":1801,"parent":1582,"menu_order":3,"comment_status":"closed","ping_status":"closed","template":"","meta":{"_acf_changed":false,"footnotes":""},"class_list":["post-1879","page","type-page","status-publish","has-post-thumbnail","hentry"],"acf":[],"yoast_head":"<!-- This site is optimized with the Yoast SEO plugin v27.4 - https:\/\/yoast.com\/product\/yoast-seo-wordpress\/ -->\n<title>Machine safety systems - Dynamotion<\/title>\n<meta name=\"description\" content=\"An extremely important, if not the most important, aspect of workstation design is safety.Browse our offer of machine safety systems.\" \/>\n<meta name=\"robots\" content=\"index, follow, max-snippet:-1, max-image-preview:large, max-video-preview:-1\" \/>\n<link rel=\"canonical\" href=\"https:\/\/dynamotion.pl\/en\/oferta\/safety-en\/\" \/>\n<meta property=\"og:locale\" content=\"en_US\" \/>\n<meta property=\"og:type\" content=\"article\" \/>\n<meta property=\"og:title\" content=\"Systemy bezpiecze\u0144stwa maszynowego\" \/>\n<meta property=\"og:description\" content=\"An extremely important, if not the most important, aspect of workstation design is safety.Browse our offer of machine safety systems.\" \/>\n<meta property=\"og:url\" content=\"https:\/\/dynamotion.pl\/en\/oferta\/safety-en\/\" \/>\n<meta property=\"og:site_name\" content=\"Dynamotion\" \/>\n<meta property=\"article:modified_time\" content=\"2025-12-04T15:16:49+00:00\" \/>\n<meta property=\"og:image\" content=\"https:\/\/dynamotion.pl\/wp-content\/uploads\/2023\/01\/Preventa-Family-Shot-2014-001_CMYK-7-1024x647.png\" \/>\n<meta name=\"twitter:card\" content=\"summary_large_image\" \/>\n<meta name=\"twitter:title\" content=\"DYNAMOTION\" \/>\n<meta name=\"twitter:description\" content=\"DYNAMOTION - Driving the future of packaging. Helping to build and maintain the world&#039;s fastest packaging machines for the FMCG industry.\" \/>\n<meta name=\"twitter:image\" content=\"https:\/\/dynamotion.pl\/wp-content\/uploads\/2021\/12\/Rozwiazanie-pakowania-zbiorczego.jpg\" \/>\n<meta name=\"twitter:label1\" content=\"Est. reading time\" \/>\n\t<meta name=\"twitter:data1\" content=\"7 minutes\" \/>\n<script type=\"application\/ld+json\" class=\"yoast-schema-graph\">{\"@context\":\"https:\\\/\\\/schema.org\",\"@graph\":[{\"@type\":\"WebPage\",\"@id\":\"https:\\\/\\\/dynamotion.pl\\\/en\\\/oferta\\\/safety-en\\\/\",\"url\":\"https:\\\/\\\/dynamotion.pl\\\/en\\\/oferta\\\/safety-en\\\/\",\"name\":\"Machine safety systems - Dynamotion\",\"isPartOf\":{\"@id\":\"https:\\\/\\\/dynamotion.pl\\\/en\\\/#website\"},\"primaryImageOfPage\":{\"@id\":\"https:\\\/\\\/dynamotion.pl\\\/en\\\/oferta\\\/safety-en\\\/#primaryimage\"},\"image\":{\"@id\":\"https:\\\/\\\/dynamotion.pl\\\/en\\\/oferta\\\/safety-en\\\/#primaryimage\"},\"thumbnailUrl\":\"https:\\\/\\\/dynamotion.pl\\\/wp-content\\\/uploads\\\/2023\\\/01\\\/Preventa-Family-Shot-2014-001_CMYK-7.png\",\"datePublished\":\"2023-01-09T13:05:57+00:00\",\"dateModified\":\"2025-12-04T15:16:49+00:00\",\"description\":\"An extremely important, if not the most important, aspect of workstation design is safety.Browse our offer of machine safety systems.\",\"breadcrumb\":{\"@id\":\"https:\\\/\\\/dynamotion.pl\\\/en\\\/oferta\\\/safety-en\\\/#breadcrumb\"},\"inLanguage\":\"en-US\",\"potentialAction\":[{\"@type\":\"ReadAction\",\"target\":[\"https:\\\/\\\/dynamotion.pl\\\/en\\\/oferta\\\/safety-en\\\/\"]}]},{\"@type\":\"ImageObject\",\"inLanguage\":\"en-US\",\"@id\":\"https:\\\/\\\/dynamotion.pl\\\/en\\\/oferta\\\/safety-en\\\/#primaryimage\",\"url\":\"https:\\\/\\\/dynamotion.pl\\\/wp-content\\\/uploads\\\/2023\\\/01\\\/Preventa-Family-Shot-2014-001_CMYK-7.png\",\"contentUrl\":\"https:\\\/\\\/dynamotion.pl\\\/wp-content\\\/uploads\\\/2023\\\/01\\\/Preventa-Family-Shot-2014-001_CMYK-7.png\",\"width\":1197,\"height\":756,\"caption\":\"Systemy bezpiecze\u0144stwa maszynowego\"},{\"@type\":\"BreadcrumbList\",\"@id\":\"https:\\\/\\\/dynamotion.pl\\\/en\\\/oferta\\\/safety-en\\\/#breadcrumb\",\"itemListElement\":[{\"@type\":\"ListItem\",\"position\":1,\"name\":\"Strona g\u0142\u00f3wna\",\"item\":\"https:\\\/\\\/dynamotion.pl\\\/en\\\/\"},{\"@type\":\"ListItem\",\"position\":2,\"name\":\"Offer\",\"item\":\"https:\\\/\\\/dynamotion.pl\\\/en\\\/oferta\\\/\"},{\"@type\":\"ListItem\",\"position\":3,\"name\":\"systemy bezpiecze\u0144stwa maszynowego machine safety systems preventa xps universal\"}]},{\"@type\":\"WebSite\",\"@id\":\"https:\\\/\\\/dynamotion.pl\\\/en\\\/#website\",\"url\":\"https:\\\/\\\/dynamotion.pl\\\/en\\\/\",\"name\":\"Dynamotion\",\"description\":\"Nap\u0119dzamy przysz\u0142o\u015b\u0107 pakowania\",\"publisher\":{\"@id\":\"https:\\\/\\\/dynamotion.pl\\\/en\\\/#organization\"},\"potentialAction\":[{\"@type\":\"SearchAction\",\"target\":{\"@type\":\"EntryPoint\",\"urlTemplate\":\"https:\\\/\\\/dynamotion.pl\\\/en\\\/?s={search_term_string}\"},\"query-input\":{\"@type\":\"PropertyValueSpecification\",\"valueRequired\":true,\"valueName\":\"search_term_string\"}}],\"inLanguage\":\"en-US\"},{\"@type\":\"Organization\",\"@id\":\"https:\\\/\\\/dynamotion.pl\\\/en\\\/#organization\",\"name\":\"DYNAMOTION Sp. z o.o.\",\"url\":\"https:\\\/\\\/dynamotion.pl\\\/en\\\/\",\"logo\":{\"@type\":\"ImageObject\",\"inLanguage\":\"en-US\",\"@id\":\"https:\\\/\\\/dynamotion.pl\\\/en\\\/#\\\/schema\\\/logo\\\/image\\\/\",\"url\":\"https:\\\/\\\/dynamotion.pl\\\/wp-content\\\/uploads\\\/2021\\\/08\\\/sygnet_stopka.png\",\"contentUrl\":\"https:\\\/\\\/dynamotion.pl\\\/wp-content\\\/uploads\\\/2021\\\/08\\\/sygnet_stopka.png\",\"width\":128,\"height\":112,\"caption\":\"DYNAMOTION Sp. z o.o.\"},\"image\":{\"@id\":\"https:\\\/\\\/dynamotion.pl\\\/en\\\/#\\\/schema\\\/logo\\\/image\\\/\"}}]}<\/script>\n<!-- \/ Yoast SEO plugin. -->","yoast_head_json":{"title":"Machine safety systems - Dynamotion","description":"An extremely important, if not the most important, aspect of workstation design is safety.Browse our offer of machine safety systems.","robots":{"index":"index","follow":"follow","max-snippet":"max-snippet:-1","max-image-preview":"max-image-preview:large","max-video-preview":"max-video-preview:-1"},"canonical":"https:\/\/dynamotion.pl\/en\/oferta\/safety-en\/","og_locale":"en_US","og_type":"article","og_title":"Systemy bezpiecze\u0144stwa maszynowego","og_description":"An extremely important, if not the most important, aspect of workstation design is safety.Browse our offer of machine safety systems.","og_url":"https:\/\/dynamotion.pl\/en\/oferta\/safety-en\/","og_site_name":"Dynamotion","article_modified_time":"2025-12-04T15:16:49+00:00","og_image":[{"url":"https:\/\/dynamotion.pl\/wp-content\/uploads\/2023\/01\/Preventa-Family-Shot-2014-001_CMYK-7-1024x647.png","type":"","width":"","height":""}],"twitter_card":"summary_large_image","twitter_title":"DYNAMOTION","twitter_description":"DYNAMOTION - Driving the future of packaging. Helping to build and maintain the world's fastest packaging machines for the FMCG industry.","twitter_image":"https:\/\/dynamotion.pl\/wp-content\/uploads\/2021\/12\/Rozwiazanie-pakowania-zbiorczego.jpg","twitter_misc":{"Est. reading time":"7 minutes"},"schema":{"@context":"https:\/\/schema.org","@graph":[{"@type":"WebPage","@id":"https:\/\/dynamotion.pl\/en\/oferta\/safety-en\/","url":"https:\/\/dynamotion.pl\/en\/oferta\/safety-en\/","name":"Machine safety systems - Dynamotion","isPartOf":{"@id":"https:\/\/dynamotion.pl\/en\/#website"},"primaryImageOfPage":{"@id":"https:\/\/dynamotion.pl\/en\/oferta\/safety-en\/#primaryimage"},"image":{"@id":"https:\/\/dynamotion.pl\/en\/oferta\/safety-en\/#primaryimage"},"thumbnailUrl":"https:\/\/dynamotion.pl\/wp-content\/uploads\/2023\/01\/Preventa-Family-Shot-2014-001_CMYK-7.png","datePublished":"2023-01-09T13:05:57+00:00","dateModified":"2025-12-04T15:16:49+00:00","description":"An extremely important, if not the most important, aspect of workstation design is safety.Browse our offer of machine safety systems.","breadcrumb":{"@id":"https:\/\/dynamotion.pl\/en\/oferta\/safety-en\/#breadcrumb"},"inLanguage":"en-US","potentialAction":[{"@type":"ReadAction","target":["https:\/\/dynamotion.pl\/en\/oferta\/safety-en\/"]}]},{"@type":"ImageObject","inLanguage":"en-US","@id":"https:\/\/dynamotion.pl\/en\/oferta\/safety-en\/#primaryimage","url":"https:\/\/dynamotion.pl\/wp-content\/uploads\/2023\/01\/Preventa-Family-Shot-2014-001_CMYK-7.png","contentUrl":"https:\/\/dynamotion.pl\/wp-content\/uploads\/2023\/01\/Preventa-Family-Shot-2014-001_CMYK-7.png","width":1197,"height":756,"caption":"Systemy bezpiecze\u0144stwa maszynowego"},{"@type":"BreadcrumbList","@id":"https:\/\/dynamotion.pl\/en\/oferta\/safety-en\/#breadcrumb","itemListElement":[{"@type":"ListItem","position":1,"name":"Strona g\u0142\u00f3wna","item":"https:\/\/dynamotion.pl\/en\/"},{"@type":"ListItem","position":2,"name":"Offer","item":"https:\/\/dynamotion.pl\/en\/oferta\/"},{"@type":"ListItem","position":3,"name":"systemy bezpiecze\u0144stwa maszynowego machine safety systems preventa xps universal"}]},{"@type":"WebSite","@id":"https:\/\/dynamotion.pl\/en\/#website","url":"https:\/\/dynamotion.pl\/en\/","name":"Dynamotion","description":"Nap\u0119dzamy przysz\u0142o\u015b\u0107 pakowania","publisher":{"@id":"https:\/\/dynamotion.pl\/en\/#organization"},"potentialAction":[{"@type":"SearchAction","target":{"@type":"EntryPoint","urlTemplate":"https:\/\/dynamotion.pl\/en\/?s={search_term_string}"},"query-input":{"@type":"PropertyValueSpecification","valueRequired":true,"valueName":"search_term_string"}}],"inLanguage":"en-US"},{"@type":"Organization","@id":"https:\/\/dynamotion.pl\/en\/#organization","name":"DYNAMOTION Sp. z o.o.","url":"https:\/\/dynamotion.pl\/en\/","logo":{"@type":"ImageObject","inLanguage":"en-US","@id":"https:\/\/dynamotion.pl\/en\/#\/schema\/logo\/image\/","url":"https:\/\/dynamotion.pl\/wp-content\/uploads\/2021\/08\/sygnet_stopka.png","contentUrl":"https:\/\/dynamotion.pl\/wp-content\/uploads\/2021\/08\/sygnet_stopka.png","width":128,"height":112,"caption":"DYNAMOTION Sp. z o.o."},"image":{"@id":"https:\/\/dynamotion.pl\/en\/#\/schema\/logo\/image\/"}}]}},"_links":{"self":[{"href":"https:\/\/dynamotion.pl\/en\/wp-json\/wp\/v2\/pages\/1879","targetHints":{"allow":["GET"]}}],"collection":[{"href":"https:\/\/dynamotion.pl\/en\/wp-json\/wp\/v2\/pages"}],"about":[{"href":"https:\/\/dynamotion.pl\/en\/wp-json\/wp\/v2\/types\/page"}],"author":[{"embeddable":true,"href":"https:\/\/dynamotion.pl\/en\/wp-json\/wp\/v2\/users\/5"}],"replies":[{"embeddable":true,"href":"https:\/\/dynamotion.pl\/en\/wp-json\/wp\/v2\/comments?post=1879"}],"version-history":[{"count":1,"href":"https:\/\/dynamotion.pl\/en\/wp-json\/wp\/v2\/pages\/1879\/revisions"}],"predecessor-version":[{"id":5453,"href":"https:\/\/dynamotion.pl\/en\/wp-json\/wp\/v2\/pages\/1879\/revisions\/5453"}],"up":[{"embeddable":true,"href":"https:\/\/dynamotion.pl\/en\/wp-json\/wp\/v2\/pages\/1582"}],"wp:featuredmedia":[{"embeddable":true,"href":"https:\/\/dynamotion.pl\/en\/wp-json\/wp\/v2\/media\/1801"}],"wp:attachment":[{"href":"https:\/\/dynamotion.pl\/en\/wp-json\/wp\/v2\/media?parent=1879"}],"curies":[{"name":"wp","href":"https:\/\/api.w.org\/{rel}","templated":true}]}}