{"id":1903,"date":"2023-01-12T09:55:30","date_gmt":"2023-01-12T08:55:30","guid":{"rendered":"https:\/\/dynamotion.pl\/?page_id=1903"},"modified":"2025-12-04T16:17:45","modified_gmt":"2025-12-04T15:17:45","slug":"safety-controllers","status":"publish","type":"page","link":"https:\/\/dynamotion.pl\/en\/oferta\/safety-en\/safety-controllers\/","title":{"rendered":"Safety Controllers"},"content":{"rendered":"\n<h2>\n\t\t\tModicon modular safety controllers &#8211; learn more about our products\t<\/h2>\n\t<p>In our offer, you will find Modicon MCM modular safety controllers, which are widely used in creating complete safety systems.<\/p>\n<p>Our products are a combination of modern technologies and many years of Schneider Electric brand experience &#8211; a leading manufacturer of safety solutions.<\/p>\n<p>Modicon MCM controllers meet all the necessary industrial safety standards, confirmed by the T\u03cbV S\u00dcD certificate.<\/p>\n\t\t\t\t<img decoding=\"async\" src=\"https:\/\/dynamotion.pl\/wp-content\/uploads\/2023\/01\/SterownikBezModuly-removebg-preview2.png\" alt=\"safety controllers kontroler bezpiecze\u0144stwa sterownik bezpiecze\u0144stwa Preventa Schneider Electric DYNAMOITON\" itemprop=\"image\" height=\"424\" width=\"519\" title=\"SterownikBezModuly-removebg-preview2\" onerror=\"this.style.display='none'\" loading=\"lazy\" \/>\n\t\t\t\t<img decoding=\"async\" src=\"https:\/\/dynamotion.pl\/wp-content\/uploads\/2023\/01\/sterownikCPU-removebg-preview.png\" alt=\"safety controllers kontroler bezpiecze\u0144stwa sterownik bezpiecze\u0144stwa Preventa Schneider Electric DYNAMOITON\" itemprop=\"image\" height=\"500\" width=\"500\" title=\"sterownikCPU-removebg-preview\" onerror=\"this.style.display='none'\" loading=\"lazy\" \/>\n<h2>\n\t\t\tSafety Controller\t<\/h2>\n\t<p>is suitable for machines with few safety features that require flexibility. It can be used alone or with up to fourteen extension modules.<\/p>\n\t\t\t\t<img decoding=\"async\" src=\"https:\/\/dynamotion.pl\/wp-content\/uploads\/2023\/01\/ModbezIO-removebg-preview.png\" alt=\"safety controllers kontroler bezpiecze\u0144stwa sterownik bezpiecze\u0144stwa Preventa Schneider Electric DYNAMOITON\" itemprop=\"image\" height=\"500\" width=\"500\" title=\"ModbezIO-removebg-preview\" onerror=\"this.style.display='none'\" loading=\"lazy\" \/>\n<h2>\n\t\t\t I\/O safety module\t<\/h2>\n\t<p>is an input\/output extension that allows existing machine automation systems to be expanded to increase the number of safe inputs\/outputs.<\/p>\n\t\t\t\t<img decoding=\"async\" src=\"https:\/\/dynamotion.pl\/wp-content\/uploads\/2023\/01\/ModMonBezPre-removebg-preview.png\" alt=\"safety controllers kontroler bezpiecze\u0144stwa sterownik bezpiecze\u0144stwa Preventa Schneider Electric DYNAMOITON\" itemprop=\"image\" height=\"500\" width=\"500\" title=\"ModMonBezPre-removebg-preview\" onerror=\"this.style.display='none'\" loading=\"lazy\" \/>\n<h2>\n\t\t\tSafe speed monitoring module\t<\/h2>\n\t<p>is a module for monitoring the speed of the machine. It is used to protect the machine from damage due to overloading or exceeding the speed limit.<\/p>\n<h2>\n\t\t\tModicon MCM system components\t<\/h2>\n\t<ul>\n<li aria-level=\"1\"><strong>Safety controller<\/strong> &#8211; can be used alone or together with expansion modules.<\/li>\n<li aria-level=\"1\"><strong>Safety I\/O modules<\/strong> &#8211; digital input, solid state, and relay output modules or mixed input\/output modules.<\/li>\n<li aria-level=\"1\"><strong>Safe speed monitoring modules<\/strong> &#8211; for proximity sensors and safety encoders, analogue input safety modules &#8211; Sin\/Cos, HTL, TTL.<\/li>\n<li aria-level=\"1\"><strong>Communication extension safety modules<\/strong> &#8211; for safe islanding.<\/li>\n<li aria-level=\"1\"><strong>Communication modules<\/strong> &#8211; interfaces to the machine Fieldbus (CANopen, Profibus DP,Modbus Serial (RTU) and networks (EtherCAT, Modbus\/TCP, Ethernet\/IP).<\/li>\n<li aria-level=\"1\"><strong>Intuitive configuration software<\/strong> &#8211; SoSafe Configurable.<\/li>\n<li aria-level=\"1\"><strong>Memory card<\/strong> &#8211; available to save configuration data to facilitate maintenance and configuration of the safety controller processor.<\/li>\n<li aria-level=\"1\"><strong>Mounting plate expansion connectors<\/strong> &#8211; for connecting modules to the safety controller CPU.<\/li>\n<\/ul>\n\t\t\t\t<img decoding=\"async\" src=\"https:\/\/dynamotion.pl\/wp-content\/plugins\/bb-plugin\/img\/pixel.png\" alt=\"\" itemprop=\"image\" onerror=\"this.style.display='none'\" loading=\"lazy\" \/>\n<h2>\n\t\t\tWhy is it worth choosing the Modicon MCM system?\t<\/h2>\n<h2>\n\t\t\tSpace-saving\t<\/h2>\n\t<p>It is suitable for machines with a small number of safety functions. It can be used alone or with up to fourteen expansion modules.<\/p>\n\t\t\t\t<img decoding=\"async\" src=\"https:\/\/dynamotion.pl\/wp-content\/uploads\/2023\/01\/wires-1.png\" alt=\"wires\" itemprop=\"image\" height=\"500\" width=\"500\" title=\"wires\" onerror=\"this.style.display='none'\" loading=\"lazy\" \/>\n<h2>\n\t\t\tReduced cables\t<\/h2>\n\t<p>The software&#8217;s combined multi-functional configuration means that the wiring of inputs and outputs can be greatly simplified.<\/p>\n<h2>\n\t\t\tEasy set-up and testing\t<\/h2>\n\t<p>The intuitive software allows logical configuration, as well as visualization, offline simulation, testing, and online commissioning.<\/p>\n<h2>\n\t\t\tInstallation at any location\t<\/h2>\n\t<p>A wide range of communication expansion modules gives you the opportunity to connect your system anywhere.<\/p>\n<h2>\n\t\t\tEasy maintenance\t<\/h2>\n\t<p>An interchangeable memory card can be used to transfer the configuration to another safety controller without software, facilitating machine maintenance.<\/p>\n<h2>\n\t\t\tFind out more about safety controllers \t<\/h2>\n\t\t<iframe width=\"560\" height=\"315\" src=\"https:\/\/www.youtube.com\/embed\/skw3r7GoV7w\" title=\"YouTube video player\" frameborder=\"0\" allow=\"accelerometer; autoplay; clipboard-write; encrypted-media; gyroscope; picture-in-picture; web-share\" allowfullscreen><\/iframe>\t\n\t<p>&nbsp;<\/p>\n\t\t\t\t<img decoding=\"async\" src=\"https:\/\/dynamotion.pl\/wp-content\/uploads\/2023\/01\/katalog_pdf_sterowniki-1.png\" alt=\"safety controllers kontroler bezpiecze\u0144stwa sterownik bezpiecze\u0144stwa Preventa Schneider Electric DYNAMOITON\" itemprop=\"image\" height=\"906\" width=\"1279\" title=\"katalog_pdf_sterowniki\" onerror=\"this.style.display='none'\" loading=\"lazy\" \/>\n\t\t\t<a href=\"https:\/\/download.schneider-electric.com\/files?p_Doc_Ref=DIA3ED2140901EN\" target=\"_blank\" rel=\"noopener\">\n\t\t\t\t\t\t\tOpen PDF version of product catalog\n\t\t\t\t\t<\/a>\n<h2>\n\t\t\tNeed help selecting components?\t<\/h2>\n\t\t\t<a href=\"https:\/\/dynamotion.pl\/en\/contact\/\" target=\"_blank\" rel=\"noopener\">\n\t\t\t\t\t\t\tContact us\n\t\t\t\t\t<\/a>\n\n","protected":false},"excerpt":{"rendered":"<p>Modicon modular safety controllers &#8211; learn more about our products In our offer, you will find Modicon MCM modular safety controllers, which are widely used in creating complete safety systems. Our products are a combination of modern technologies and many years of Schneider Electric brand experience &#8211; a leading manufacturer of safety solutions. Modicon MCM&hellip;<\/p>\n","protected":false},"author":5,"featured_media":2088,"parent":1879,"menu_order":1,"comment_status":"closed","ping_status":"closed","template":"","meta":{"_acf_changed":false,"footnotes":""},"class_list":["post-1903","page","type-page","status-publish","has-post-thumbnail","hentry"],"acf":[],"yoast_head":"<!-- This site is optimized with the Yoast SEO plugin v27.4 - https:\/\/yoast.com\/product\/yoast-seo-wordpress\/ -->\n<title>Safety Controllers - Dynamotion<\/title>\n<meta name=\"description\" content=\"Safety controllers are the devices of choice for complex and advanced systems. Change or adjust the control programme according to your will.\" \/>\n<meta name=\"robots\" content=\"index, follow, max-snippet:-1, max-image-preview:large, max-video-preview:-1\" \/>\n<link rel=\"canonical\" href=\"https:\/\/dynamotion.pl\/en\/oferta\/safety-en\/safety-controllers\/\" \/>\n<meta property=\"og:locale\" content=\"en_US\" \/>\n<meta property=\"og:type\" content=\"article\" \/>\n<meta property=\"og:title\" content=\"DYNAMOTION\" \/>\n<meta property=\"og:description\" content=\"DYNAMOTION - Driving the future of packaging. Helping to build and maintain the world&#039;s fastest packaging machines for the FMCG industry.\" \/>\n<meta property=\"og:url\" content=\"https:\/\/dynamotion.pl\/en\/oferta\/safety-en\/safety-controllers\/\" \/>\n<meta property=\"og:site_name\" content=\"Dynamotion\" \/>\n<meta property=\"article:modified_time\" content=\"2025-12-04T15:17:45+00:00\" \/>\n<meta property=\"og:image\" content=\"https:\/\/dynamotion.pl\/wp-content\/uploads\/2021\/12\/Rozwiazanie-pakowania-zbiorczego.jpg\" \/>\n<meta name=\"twitter:card\" content=\"summary_large_image\" \/>\n<meta name=\"twitter:title\" content=\"DYNAMOTION\" \/>\n<meta name=\"twitter:description\" content=\"DYNAMOTION - Driving the future of packaging. Helping to build and maintain the world&#039;s fastest packaging machines for the FMCG industry.\" \/>\n<meta name=\"twitter:image\" content=\"https:\/\/dynamotion.pl\/wp-content\/uploads\/2021\/12\/Rozwiazanie-pakowania-zbiorczego.jpg\" \/>\n<meta name=\"twitter:label1\" content=\"Est. reading time\" \/>\n\t<meta name=\"twitter:data1\" content=\"4 minutes\" \/>\n<script type=\"application\/ld+json\" class=\"yoast-schema-graph\">{\"@context\":\"https:\\\/\\\/schema.org\",\"@graph\":[{\"@type\":\"WebPage\",\"@id\":\"https:\\\/\\\/dynamotion.pl\\\/en\\\/oferta\\\/safety-en\\\/safety-controllers\\\/\",\"url\":\"https:\\\/\\\/dynamotion.pl\\\/en\\\/oferta\\\/safety-en\\\/safety-controllers\\\/\",\"name\":\"Safety Controllers - Dynamotion\",\"isPartOf\":{\"@id\":\"https:\\\/\\\/dynamotion.pl\\\/en\\\/#website\"},\"primaryImageOfPage\":{\"@id\":\"https:\\\/\\\/dynamotion.pl\\\/en\\\/oferta\\\/safety-en\\\/safety-controllers\\\/#primaryimage\"},\"image\":{\"@id\":\"https:\\\/\\\/dynamotion.pl\\\/en\\\/oferta\\\/safety-en\\\/safety-controllers\\\/#primaryimage\"},\"thumbnailUrl\":\"https:\\\/\\\/dynamotion.pl\\\/wp-content\\\/uploads\\\/2023\\\/01\\\/Sterowniki-bezpieczenstwa_Schneide_electric_CPU_Safety_PREVENTA_Dynamotion.png\",\"datePublished\":\"2023-01-12T08:55:30+00:00\",\"dateModified\":\"2025-12-04T15:17:45+00:00\",\"description\":\"Safety controllers are the devices of choice for complex and advanced systems. Change or adjust the control programme according to your will.\",\"breadcrumb\":{\"@id\":\"https:\\\/\\\/dynamotion.pl\\\/en\\\/oferta\\\/safety-en\\\/safety-controllers\\\/#breadcrumb\"},\"inLanguage\":\"en-US\",\"potentialAction\":[{\"@type\":\"ReadAction\",\"target\":[\"https:\\\/\\\/dynamotion.pl\\\/en\\\/oferta\\\/safety-en\\\/safety-controllers\\\/\"]}]},{\"@type\":\"ImageObject\",\"inLanguage\":\"en-US\",\"@id\":\"https:\\\/\\\/dynamotion.pl\\\/en\\\/oferta\\\/safety-en\\\/safety-controllers\\\/#primaryimage\",\"url\":\"https:\\\/\\\/dynamotion.pl\\\/wp-content\\\/uploads\\\/2023\\\/01\\\/Sterowniki-bezpieczenstwa_Schneide_electric_CPU_Safety_PREVENTA_Dynamotion.png\",\"contentUrl\":\"https:\\\/\\\/dynamotion.pl\\\/wp-content\\\/uploads\\\/2023\\\/01\\\/Sterowniki-bezpieczenstwa_Schneide_electric_CPU_Safety_PREVENTA_Dynamotion.png\",\"width\":1230,\"height\":693},{\"@type\":\"BreadcrumbList\",\"@id\":\"https:\\\/\\\/dynamotion.pl\\\/en\\\/oferta\\\/safety-en\\\/safety-controllers\\\/#breadcrumb\",\"itemListElement\":[{\"@type\":\"ListItem\",\"position\":1,\"name\":\"Strona g\u0142\u00f3wna\",\"item\":\"https:\\\/\\\/dynamotion.pl\\\/en\\\/\"},{\"@type\":\"ListItem\",\"position\":2,\"name\":\"Offer\",\"item\":\"https:\\\/\\\/dynamotion.pl\\\/en\\\/oferta\\\/\"},{\"@type\":\"ListItem\",\"position\":3,\"name\":\"systemy bezpiecze\u0144stwa maszynowego machine safety systems preventa xps universal\",\"item\":\"https:\\\/\\\/dynamotion.pl\\\/en\\\/oferta\\\/safety-en\\\/\"},{\"@type\":\"ListItem\",\"position\":4,\"name\":\"hompage dynamotion krak\u00f3w smole\u0144sk packaging machine automation\"}]},{\"@type\":\"WebSite\",\"@id\":\"https:\\\/\\\/dynamotion.pl\\\/en\\\/#website\",\"url\":\"https:\\\/\\\/dynamotion.pl\\\/en\\\/\",\"name\":\"Dynamotion\",\"description\":\"Nap\u0119dzamy przysz\u0142o\u015b\u0107 pakowania\",\"publisher\":{\"@id\":\"https:\\\/\\\/dynamotion.pl\\\/en\\\/#organization\"},\"potentialAction\":[{\"@type\":\"SearchAction\",\"target\":{\"@type\":\"EntryPoint\",\"urlTemplate\":\"https:\\\/\\\/dynamotion.pl\\\/en\\\/?s={search_term_string}\"},\"query-input\":{\"@type\":\"PropertyValueSpecification\",\"valueRequired\":true,\"valueName\":\"search_term_string\"}}],\"inLanguage\":\"en-US\"},{\"@type\":\"Organization\",\"@id\":\"https:\\\/\\\/dynamotion.pl\\\/en\\\/#organization\",\"name\":\"DYNAMOTION Sp. z o.o.\",\"url\":\"https:\\\/\\\/dynamotion.pl\\\/en\\\/\",\"logo\":{\"@type\":\"ImageObject\",\"inLanguage\":\"en-US\",\"@id\":\"https:\\\/\\\/dynamotion.pl\\\/en\\\/#\\\/schema\\\/logo\\\/image\\\/\",\"url\":\"https:\\\/\\\/dynamotion.pl\\\/wp-content\\\/uploads\\\/2021\\\/08\\\/sygnet_stopka.png\",\"contentUrl\":\"https:\\\/\\\/dynamotion.pl\\\/wp-content\\\/uploads\\\/2021\\\/08\\\/sygnet_stopka.png\",\"width\":128,\"height\":112,\"caption\":\"DYNAMOTION Sp. z o.o.\"},\"image\":{\"@id\":\"https:\\\/\\\/dynamotion.pl\\\/en\\\/#\\\/schema\\\/logo\\\/image\\\/\"}}]}<\/script>\n<!-- \/ Yoast SEO plugin. -->","yoast_head_json":{"title":"Safety Controllers - Dynamotion","description":"Safety controllers are the devices of choice for complex and advanced systems. Change or adjust the control programme according to your will.","robots":{"index":"index","follow":"follow","max-snippet":"max-snippet:-1","max-image-preview":"max-image-preview:large","max-video-preview":"max-video-preview:-1"},"canonical":"https:\/\/dynamotion.pl\/en\/oferta\/safety-en\/safety-controllers\/","og_locale":"en_US","og_type":"article","og_title":"DYNAMOTION","og_description":"DYNAMOTION - Driving the future of packaging. Helping to build and maintain the world's fastest packaging machines for the FMCG industry.","og_url":"https:\/\/dynamotion.pl\/en\/oferta\/safety-en\/safety-controllers\/","og_site_name":"Dynamotion","article_modified_time":"2025-12-04T15:17:45+00:00","og_image":[{"url":"https:\/\/dynamotion.pl\/wp-content\/uploads\/2021\/12\/Rozwiazanie-pakowania-zbiorczego.jpg","type":"","width":"","height":""}],"twitter_card":"summary_large_image","twitter_title":"DYNAMOTION","twitter_description":"DYNAMOTION - Driving the future of packaging. Helping to build and maintain the world's fastest packaging machines for the FMCG industry.","twitter_image":"https:\/\/dynamotion.pl\/wp-content\/uploads\/2021\/12\/Rozwiazanie-pakowania-zbiorczego.jpg","twitter_misc":{"Est. reading time":"4 minutes"},"schema":{"@context":"https:\/\/schema.org","@graph":[{"@type":"WebPage","@id":"https:\/\/dynamotion.pl\/en\/oferta\/safety-en\/safety-controllers\/","url":"https:\/\/dynamotion.pl\/en\/oferta\/safety-en\/safety-controllers\/","name":"Safety Controllers - Dynamotion","isPartOf":{"@id":"https:\/\/dynamotion.pl\/en\/#website"},"primaryImageOfPage":{"@id":"https:\/\/dynamotion.pl\/en\/oferta\/safety-en\/safety-controllers\/#primaryimage"},"image":{"@id":"https:\/\/dynamotion.pl\/en\/oferta\/safety-en\/safety-controllers\/#primaryimage"},"thumbnailUrl":"https:\/\/dynamotion.pl\/wp-content\/uploads\/2023\/01\/Sterowniki-bezpieczenstwa_Schneide_electric_CPU_Safety_PREVENTA_Dynamotion.png","datePublished":"2023-01-12T08:55:30+00:00","dateModified":"2025-12-04T15:17:45+00:00","description":"Safety controllers are the devices of choice for complex and advanced systems. Change or adjust the control programme according to your will.","breadcrumb":{"@id":"https:\/\/dynamotion.pl\/en\/oferta\/safety-en\/safety-controllers\/#breadcrumb"},"inLanguage":"en-US","potentialAction":[{"@type":"ReadAction","target":["https:\/\/dynamotion.pl\/en\/oferta\/safety-en\/safety-controllers\/"]}]},{"@type":"ImageObject","inLanguage":"en-US","@id":"https:\/\/dynamotion.pl\/en\/oferta\/safety-en\/safety-controllers\/#primaryimage","url":"https:\/\/dynamotion.pl\/wp-content\/uploads\/2023\/01\/Sterowniki-bezpieczenstwa_Schneide_electric_CPU_Safety_PREVENTA_Dynamotion.png","contentUrl":"https:\/\/dynamotion.pl\/wp-content\/uploads\/2023\/01\/Sterowniki-bezpieczenstwa_Schneide_electric_CPU_Safety_PREVENTA_Dynamotion.png","width":1230,"height":693},{"@type":"BreadcrumbList","@id":"https:\/\/dynamotion.pl\/en\/oferta\/safety-en\/safety-controllers\/#breadcrumb","itemListElement":[{"@type":"ListItem","position":1,"name":"Strona g\u0142\u00f3wna","item":"https:\/\/dynamotion.pl\/en\/"},{"@type":"ListItem","position":2,"name":"Offer","item":"https:\/\/dynamotion.pl\/en\/oferta\/"},{"@type":"ListItem","position":3,"name":"systemy bezpiecze\u0144stwa maszynowego machine safety systems preventa xps universal","item":"https:\/\/dynamotion.pl\/en\/oferta\/safety-en\/"},{"@type":"ListItem","position":4,"name":"hompage dynamotion krak\u00f3w smole\u0144sk packaging machine automation"}]},{"@type":"WebSite","@id":"https:\/\/dynamotion.pl\/en\/#website","url":"https:\/\/dynamotion.pl\/en\/","name":"Dynamotion","description":"Nap\u0119dzamy przysz\u0142o\u015b\u0107 pakowania","publisher":{"@id":"https:\/\/dynamotion.pl\/en\/#organization"},"potentialAction":[{"@type":"SearchAction","target":{"@type":"EntryPoint","urlTemplate":"https:\/\/dynamotion.pl\/en\/?s={search_term_string}"},"query-input":{"@type":"PropertyValueSpecification","valueRequired":true,"valueName":"search_term_string"}}],"inLanguage":"en-US"},{"@type":"Organization","@id":"https:\/\/dynamotion.pl\/en\/#organization","name":"DYNAMOTION Sp. z o.o.","url":"https:\/\/dynamotion.pl\/en\/","logo":{"@type":"ImageObject","inLanguage":"en-US","@id":"https:\/\/dynamotion.pl\/en\/#\/schema\/logo\/image\/","url":"https:\/\/dynamotion.pl\/wp-content\/uploads\/2021\/08\/sygnet_stopka.png","contentUrl":"https:\/\/dynamotion.pl\/wp-content\/uploads\/2021\/08\/sygnet_stopka.png","width":128,"height":112,"caption":"DYNAMOTION Sp. z o.o."},"image":{"@id":"https:\/\/dynamotion.pl\/en\/#\/schema\/logo\/image\/"}}]}},"_links":{"self":[{"href":"https:\/\/dynamotion.pl\/en\/wp-json\/wp\/v2\/pages\/1903","targetHints":{"allow":["GET"]}}],"collection":[{"href":"https:\/\/dynamotion.pl\/en\/wp-json\/wp\/v2\/pages"}],"about":[{"href":"https:\/\/dynamotion.pl\/en\/wp-json\/wp\/v2\/types\/page"}],"author":[{"embeddable":true,"href":"https:\/\/dynamotion.pl\/en\/wp-json\/wp\/v2\/users\/5"}],"replies":[{"embeddable":true,"href":"https:\/\/dynamotion.pl\/en\/wp-json\/wp\/v2\/comments?post=1903"}],"version-history":[{"count":1,"href":"https:\/\/dynamotion.pl\/en\/wp-json\/wp\/v2\/pages\/1903\/revisions"}],"predecessor-version":[{"id":5454,"href":"https:\/\/dynamotion.pl\/en\/wp-json\/wp\/v2\/pages\/1903\/revisions\/5454"}],"up":[{"embeddable":true,"href":"https:\/\/dynamotion.pl\/en\/wp-json\/wp\/v2\/pages\/1879"}],"wp:featuredmedia":[{"embeddable":true,"href":"https:\/\/dynamotion.pl\/en\/wp-json\/wp\/v2\/media\/2088"}],"wp:attachment":[{"href":"https:\/\/dynamotion.pl\/en\/wp-json\/wp\/v2\/media?parent=1903"}],"curies":[{"name":"wp","href":"https:\/\/api.w.org\/{rel}","templated":true}]}}