{"id":2012,"date":"2023-01-19T08:50:28","date_gmt":"2023-01-19T07:50:28","guid":{"rendered":"https:\/\/dynamotion.pl\/?page_id=2012"},"modified":"2023-02-13T14:41:22","modified_gmt":"2023-02-13T13:41:22","slug":"safety-relays","status":"publish","type":"page","link":"https:\/\/dynamotion.pl\/en\/oferta\/safety-en\/safety-relays\/","title":{"rendered":"Safety relays"},"content":{"rendered":"\n<h2>\n\t\tWhat is a safety module and what are its functions?\n\t<\/h2>\n\t\t\t\t<img decoding=\"async\" src=\"https:\/\/dynamotion.pl\/wp-content\/uploads\/2023\/01\/Preventa_91697-0175.png\" alt=\"Preventa_91697-0175\" itemprop=\"image\" height=\"1776\" width=\"1756\" title=\"Preventa_91697-0175\" onerror=\"this.style.display='none'\"  \/>\n\t<p>A safety module is an electronic device consisting of at least two relays and a microprocessor chip. It allows monitoring of specific functions, reacting when it detects abnormalities. When combined with other safety components, such as safety switches and light curtains, it forms a complete machine safety system.<\/p>\n<p>Immediate power cut-off is not the only function of safety modules.\u00a0They can also prevent unintentional starting, limit speed, position, or allow controlled stop or controlled hold, that is, stopping the machine while maintaining power.<\/p>\n<h2>\n\t\tHarmony XPS safety relays &#8211; learn more about our products\n\t<\/h2>\n\t<p>We offer Harmony XPS (previously Preventa XPS) safety modules. These are high quality products from Schneider Electric, developed on the basis of many years of experience of the Telemecanique brand.<\/p>\n<p>&nbsp;<\/p>\n<p>Harmony XPS Series breakdown:<\/p>\n<ul>\n<li aria-level=\"1\"><strong>Harmony XPS Basic<\/strong> are basic modules with a predefined safety function. They provide the most optimal solution for uncomplexed applications.<\/li>\n<\/ul>\n<ul>\n<li><strong>Harmony XPS Universal<\/strong> are universal safety modules with a pre-defined safety function or a safety function selected by rotary switches. They combine the simplicity of using safety modules with the variety of messages for which more complex and expensive Fieldbus technology was previously required.<\/li>\n<\/ul>\n\t\t\t\t<img decoding=\"async\" src=\"https:\/\/dynamotion.pl\/wp-content\/uploads\/2023\/01\/Preventa-XPS-Universal.png\" alt=\"Systemy bezpiecze\u0144stwa maszynowego\" itemprop=\"image\" height=\"945\" width=\"1417\" title=\"Preventa XPS Universal\" onerror=\"this.style.display='none'\"  \/>\n\t\t\t\t<img decoding=\"async\" src=\"https:\/\/dynamotion.pl\/wp-content\/uploads\/2023\/01\/XPSBAC-1.png\" alt=\"XPSBAC\" itemprop=\"image\" height=\"757\" width=\"431\" title=\"XPSBAC\" onerror=\"this.style.display='none'\"  \/>\n<h2>\n\t\tXPSBAC type safety module\n\t<\/h2>\n\t<p>It is used for monitoring monitor E-stop and Guard switch. It has 4 NO safety outputs and a built-in, configurable NC output for signaling to the PLC.<\/p>\n\t\t\t\t<img decoding=\"async\" src=\"https:\/\/dynamotion.pl\/wp-content\/uploads\/2023\/01\/XPSBAT-1.png\" alt=\"XPSBAT\" itemprop=\"image\" height=\"757\" width=\"431\" title=\"XPSBAT\" onerror=\"this.style.display='none'\"  \/>\n<h2>\n\t\tXPSBAT type safety module\n\t<\/h2>\n\t<p>is used for monitoring Emergency stop circuits. In addition to the immediate opening outputs, it also includes a time delay output up to 900 s.<\/p>\n\t\t\t\t<img decoding=\"async\" src=\"https:\/\/dynamotion.pl\/wp-content\/uploads\/2023\/01\/XPSUAT.png\" alt=\"XPSUAT\" itemprop=\"image\" height=\"757\" width=\"431\" title=\"XPSUAT\" onerror=\"this.style.display='none'\"  \/>\n<h2>\n\t\tXPSUAF type safety module\n\t<\/h2>\n\t<p>is used to monitor various safety components, such as light curtains, mechanical guard switches and others. The safety functions and the start function are selectable.<\/p>\n<h2>\n\t\tFacts about Harmony XPS safety modules\n\t<\/h2>\n\t<ul>\n<li>Width &#8211; 22,5 mm and 45 mm.<\/li>\n<\/ul>\n<ul>\n<li aria-level=\"1\">2 rows of terminals &#8211; on the top and bottom side (screw or spring).<\/li>\n<\/ul>\n<ul>\n<li>Transparent flap on the front &#8211; protects the selector switches from manipulation.<\/li>\n<\/ul>\n<ul>\n<li>Side connection for extension unit &#8211; no external wiring required<br \/>\n(except XPSB, XPSUAB and XPSUEP).<\/li>\n<\/ul>\n<ul>\n<li>Housing- IP40, terminals &#8211; IP20.<\/li>\n<\/ul>\n<ul>\n<li>Mounting support &#8211; 35 mm symmetrical DIN rail.<\/li>\n<\/ul>\n<ul>\n<li>Time delay selection &#8211; on the front of the module, range from 0 to 900 s.<\/li>\n<\/ul>\n<ul>\n<li>Two power supply options &#8211; 24 V AC\/DC or from 48 to 240 V AC\/DC.<\/li>\n<\/ul>\n<h2>\n\t\tWhy is it worth choosing Harmony XPS safety modules?\n\t<\/h2>\n<h2>\n\t\tEffectiveness\n\t<\/h2>\n\t<p>A simple point-to-point connection allows more than 40 different messages to be sent to the PLC.<\/p>\n<h2>\n\t\tPerformance\n\t<\/h2>\n\t<p>With the help of a single safety module, you can find any information regarding the status of the machine or upcoming diagnostic dates.<\/p>\n<h2>\n\t\tRegulatory compliance\n\t<\/h2>\n\t<p>Schneider Electric&#8217;s safety devices ensure regulatory compliance and make machine certification faster and easier.<\/p>\n<h2>\n\t\tLife cycle of the machine\n\t<\/h2>\n\t<p>Solutions for risk assessment, validation, documentation, operation and maintenance contribute to extending the life cycle of machines.<\/p>\n<h2>\n\t\tFind out more about safety modules\n\t<\/h2>\n\t\t\t\t<a href=\"https:\/\/www.astor.com.pl\/poradnikautomatyka\/kurs-podlaczania-i-konfigurowania-przekaznikow-bezpieczenstwa-dla-maszyn-i-stanowisk-produkcyjnych\/\" target=\"_blank\" rel=\"noopener\" itemprop=\"url\">\n\t\t\t\t<img decoding=\"async\" src=\"https:\/\/dynamotion.pl\/wp-content\/uploads\/2023\/01\/Kurs-podlaczania-i-kofigurowania-przekaznikowbezpieczenstwa-dla-maszyn-i-stanowisk-produkcyjnych-1.png\" alt=\"Kurs pod\u0142\u0105czania i kofigurowania przeka\u017anik\u00f3wbezpiecze\u0144stwa dla maszyn i stanowisk produkcyjnych (1)\" itemprop=\"image\" height=\"1365\" width=\"2048\" title=\"Kurs pod\u0142\u0105czania i kofigurowania przeka\u017anik\u00f3wbezpiecze\u0144stwa dla maszyn i stanowisk produkcyjnych (1)\" onerror=\"this.style.display='none'\"  \/>\n\t\t\t\t<\/a>\n\t\t\t<a href=\"https:\/\/www.astor.com.pl\/poradnikautomatyka\/kurs-podlaczania-i-konfigurowania-przekaznikow-bezpieczenstwa-dla-maszyn-i-stanowisk-produkcyjnych\/\" target=\"_blank\" role=\"button\" rel=\"noopener\">\n\t\t\t\t\t\t\tGo to course \n\t\t\t\t\t<\/a>\n\t\t\t\t<a href=\"https:\/\/download.schneider-electric.com\/files?p_Doc_Ref=DIA3ED2181204EN\" target=\"_blank\" rel=\"noopener\" itemprop=\"url\">\n\t\t\t\t<img decoding=\"async\" src=\"https:\/\/dynamotion.pl\/wp-content\/uploads\/2023\/01\/pdf_przekaniki.png\" alt=\"pdf_przekaniki\" itemprop=\"image\" height=\"849\" width=\"1204\" title=\"pdf_przekaniki\" onerror=\"this.style.display='none'\"  \/>\n\t\t\t\t<\/a>\n\t\t\t<a href=\"https:\/\/download.schneider-electric.com\/files?p_Doc_Ref=DIA3ED2181204EN\" target=\"_blank\" role=\"button\" rel=\"noopener\">\n\t\t\t\t\t\t\tOpen PDF version of product catalog\n\t\t\t\t\t<\/a>\n<h2>\n\t\tNeed help selecting components?\n\t<\/h2>\n\t\t\t<a href=\"https:\/\/dynamotion.pl\/en\/kontakt\/\" target=\"_blank\" role=\"button\" rel=\"noopener\">\n\t\t\t\t\t\t\tContact us\n\t\t\t\t\t<\/a>\n\n","protected":false},"excerpt":{"rendered":"<p>What is a safety module and what are its functions? A safety module is an electronic device consisting of at least two relays and a microprocessor chip. It allows monitoring of specific functions, reacting when it detects abnormalities. When combined with other safety components, such as safety switches and light curtains, it forms a complete&hellip;<\/p>\n","protected":false},"author":5,"featured_media":1780,"parent":1879,"menu_order":2,"comment_status":"closed","ping_status":"closed","template":"","meta":{"_acf_changed":false,"footnotes":""},"class_list":["post-2012","page","type-page","status-publish","has-post-thumbnail","hentry"],"acf":[],"yoast_head":"<!-- This site is optimized with the Yoast SEO plugin v27.4 - https:\/\/yoast.com\/product\/yoast-seo-wordpress\/ -->\n<title>Safety relays - Dynamotion<\/title>\n<meta name=\"description\" content=\"A safety module allows you to monitor specific functions and it reacts when abnormalities are detected. Stay safe!\" \/>\n<meta name=\"robots\" content=\"index, follow, max-snippet:-1, max-image-preview:large, max-video-preview:-1\" \/>\n<link rel=\"canonical\" href=\"https:\/\/dynamotion.pl\/en\/oferta\/safety-en\/safety-relays\/\" \/>\n<meta property=\"og:locale\" content=\"en_US\" \/>\n<meta property=\"og:type\" content=\"article\" \/>\n<meta property=\"og:title\" content=\"DYNAMOTION\" \/>\n<meta property=\"og:description\" content=\"DYNAMOTION - Driving the future of packaging. Helping to build and maintain the world&#039;s fastest packaging machines for the FMCG industry.\" \/>\n<meta property=\"og:url\" content=\"https:\/\/dynamotion.pl\/en\/oferta\/safety-en\/safety-relays\/\" \/>\n<meta property=\"og:site_name\" content=\"Dynamotion\" \/>\n<meta property=\"article:modified_time\" content=\"2023-02-13T13:41:22+00:00\" \/>\n<meta property=\"og:image\" content=\"https:\/\/dynamotion.pl\/wp-content\/uploads\/2021\/12\/Rozwiazanie-pakowania-zbiorczego.jpg\" \/>\n<meta name=\"twitter:card\" content=\"summary_large_image\" \/>\n<meta name=\"twitter:title\" content=\"DYNAMOTION\" \/>\n<meta name=\"twitter:description\" content=\"DYNAMOTION - Driving the future of packaging. Helping to build and maintain the world&#039;s fastest packaging machines for the FMCG industry.\" \/>\n<meta name=\"twitter:image\" content=\"https:\/\/dynamotion.pl\/wp-content\/uploads\/2021\/12\/Rozwiazanie-pakowania-zbiorczego.jpg\" \/>\n<meta name=\"twitter:label1\" content=\"Est. reading time\" \/>\n\t<meta name=\"twitter:data1\" content=\"5 minutes\" \/>\n<script type=\"application\/ld+json\" class=\"yoast-schema-graph\">{\"@context\":\"https:\\\/\\\/schema.org\",\"@graph\":[{\"@type\":\"WebPage\",\"@id\":\"https:\\\/\\\/dynamotion.pl\\\/en\\\/oferta\\\/safety-en\\\/safety-relays\\\/\",\"url\":\"https:\\\/\\\/dynamotion.pl\\\/en\\\/oferta\\\/safety-en\\\/safety-relays\\\/\",\"name\":\"Safety relays - Dynamotion\",\"isPartOf\":{\"@id\":\"https:\\\/\\\/dynamotion.pl\\\/en\\\/#website\"},\"primaryImageOfPage\":{\"@id\":\"https:\\\/\\\/dynamotion.pl\\\/en\\\/oferta\\\/safety-en\\\/safety-relays\\\/#primaryimage\"},\"image\":{\"@id\":\"https:\\\/\\\/dynamotion.pl\\\/en\\\/oferta\\\/safety-en\\\/safety-relays\\\/#primaryimage\"},\"thumbnailUrl\":\"https:\\\/\\\/dynamotion.pl\\\/wp-content\\\/uploads\\\/2023\\\/01\\\/Preventa-XPS-Universal.png\",\"datePublished\":\"2023-01-19T07:50:28+00:00\",\"dateModified\":\"2023-02-13T13:41:22+00:00\",\"description\":\"A safety module allows you to monitor specific functions and it reacts when abnormalities are detected. Stay safe!\",\"breadcrumb\":{\"@id\":\"https:\\\/\\\/dynamotion.pl\\\/en\\\/oferta\\\/safety-en\\\/safety-relays\\\/#breadcrumb\"},\"inLanguage\":\"en-US\",\"potentialAction\":[{\"@type\":\"ReadAction\",\"target\":[\"https:\\\/\\\/dynamotion.pl\\\/en\\\/oferta\\\/safety-en\\\/safety-relays\\\/\"]}]},{\"@type\":\"ImageObject\",\"inLanguage\":\"en-US\",\"@id\":\"https:\\\/\\\/dynamotion.pl\\\/en\\\/oferta\\\/safety-en\\\/safety-relays\\\/#primaryimage\",\"url\":\"https:\\\/\\\/dynamotion.pl\\\/wp-content\\\/uploads\\\/2023\\\/01\\\/Preventa-XPS-Universal.png\",\"contentUrl\":\"https:\\\/\\\/dynamotion.pl\\\/wp-content\\\/uploads\\\/2023\\\/01\\\/Preventa-XPS-Universal.png\",\"width\":1417,\"height\":945,\"caption\":\"Systemy bezpiecze\u0144stwa maszynowego\"},{\"@type\":\"BreadcrumbList\",\"@id\":\"https:\\\/\\\/dynamotion.pl\\\/en\\\/oferta\\\/safety-en\\\/safety-relays\\\/#breadcrumb\",\"itemListElement\":[{\"@type\":\"ListItem\",\"position\":1,\"name\":\"Strona g\u0142\u00f3wna\",\"item\":\"https:\\\/\\\/dynamotion.pl\\\/en\\\/\"},{\"@type\":\"ListItem\",\"position\":2,\"name\":\"Offer\",\"item\":\"https:\\\/\\\/dynamotion.pl\\\/en\\\/oferta\\\/\"},{\"@type\":\"ListItem\",\"position\":3,\"name\":\"systemy bezpiecze\u0144stwa maszynowego machine safety systems preventa xps universal\",\"item\":\"https:\\\/\\\/dynamotion.pl\\\/en\\\/oferta\\\/safety-en\\\/\"},{\"@type\":\"ListItem\",\"position\":4,\"name\":\"hompage dynamotion krak\u00f3w smole\u0144sk packaging machine automation\"}]},{\"@type\":\"WebSite\",\"@id\":\"https:\\\/\\\/dynamotion.pl\\\/en\\\/#website\",\"url\":\"https:\\\/\\\/dynamotion.pl\\\/en\\\/\",\"name\":\"Dynamotion\",\"description\":\"Nap\u0119dzamy przysz\u0142o\u015b\u0107 pakowania\",\"publisher\":{\"@id\":\"https:\\\/\\\/dynamotion.pl\\\/en\\\/#organization\"},\"potentialAction\":[{\"@type\":\"SearchAction\",\"target\":{\"@type\":\"EntryPoint\",\"urlTemplate\":\"https:\\\/\\\/dynamotion.pl\\\/en\\\/?s={search_term_string}\"},\"query-input\":{\"@type\":\"PropertyValueSpecification\",\"valueRequired\":true,\"valueName\":\"search_term_string\"}}],\"inLanguage\":\"en-US\"},{\"@type\":\"Organization\",\"@id\":\"https:\\\/\\\/dynamotion.pl\\\/en\\\/#organization\",\"name\":\"DYNAMOTION Sp. z o.o.\",\"url\":\"https:\\\/\\\/dynamotion.pl\\\/en\\\/\",\"logo\":{\"@type\":\"ImageObject\",\"inLanguage\":\"en-US\",\"@id\":\"https:\\\/\\\/dynamotion.pl\\\/en\\\/#\\\/schema\\\/logo\\\/image\\\/\",\"url\":\"https:\\\/\\\/dynamotion.pl\\\/wp-content\\\/uploads\\\/2021\\\/08\\\/sygnet_stopka.png\",\"contentUrl\":\"https:\\\/\\\/dynamotion.pl\\\/wp-content\\\/uploads\\\/2021\\\/08\\\/sygnet_stopka.png\",\"width\":128,\"height\":112,\"caption\":\"DYNAMOTION Sp. z o.o.\"},\"image\":{\"@id\":\"https:\\\/\\\/dynamotion.pl\\\/en\\\/#\\\/schema\\\/logo\\\/image\\\/\"}}]}<\/script>\n<!-- \/ Yoast SEO plugin. -->","yoast_head_json":{"title":"Safety relays - Dynamotion","description":"A safety module allows you to monitor specific functions and it reacts when abnormalities are detected. Stay safe!","robots":{"index":"index","follow":"follow","max-snippet":"max-snippet:-1","max-image-preview":"max-image-preview:large","max-video-preview":"max-video-preview:-1"},"canonical":"https:\/\/dynamotion.pl\/en\/oferta\/safety-en\/safety-relays\/","og_locale":"en_US","og_type":"article","og_title":"DYNAMOTION","og_description":"DYNAMOTION - Driving the future of packaging. Helping to build and maintain the world's fastest packaging machines for the FMCG industry.","og_url":"https:\/\/dynamotion.pl\/en\/oferta\/safety-en\/safety-relays\/","og_site_name":"Dynamotion","article_modified_time":"2023-02-13T13:41:22+00:00","og_image":[{"url":"https:\/\/dynamotion.pl\/wp-content\/uploads\/2021\/12\/Rozwiazanie-pakowania-zbiorczego.jpg","type":"","width":"","height":""}],"twitter_card":"summary_large_image","twitter_title":"DYNAMOTION","twitter_description":"DYNAMOTION - Driving the future of packaging. Helping to build and maintain the world's fastest packaging machines for the FMCG industry.","twitter_image":"https:\/\/dynamotion.pl\/wp-content\/uploads\/2021\/12\/Rozwiazanie-pakowania-zbiorczego.jpg","twitter_misc":{"Est. reading time":"5 minutes"},"schema":{"@context":"https:\/\/schema.org","@graph":[{"@type":"WebPage","@id":"https:\/\/dynamotion.pl\/en\/oferta\/safety-en\/safety-relays\/","url":"https:\/\/dynamotion.pl\/en\/oferta\/safety-en\/safety-relays\/","name":"Safety relays - Dynamotion","isPartOf":{"@id":"https:\/\/dynamotion.pl\/en\/#website"},"primaryImageOfPage":{"@id":"https:\/\/dynamotion.pl\/en\/oferta\/safety-en\/safety-relays\/#primaryimage"},"image":{"@id":"https:\/\/dynamotion.pl\/en\/oferta\/safety-en\/safety-relays\/#primaryimage"},"thumbnailUrl":"https:\/\/dynamotion.pl\/wp-content\/uploads\/2023\/01\/Preventa-XPS-Universal.png","datePublished":"2023-01-19T07:50:28+00:00","dateModified":"2023-02-13T13:41:22+00:00","description":"A safety module allows you to monitor specific functions and it reacts when abnormalities are detected. Stay safe!","breadcrumb":{"@id":"https:\/\/dynamotion.pl\/en\/oferta\/safety-en\/safety-relays\/#breadcrumb"},"inLanguage":"en-US","potentialAction":[{"@type":"ReadAction","target":["https:\/\/dynamotion.pl\/en\/oferta\/safety-en\/safety-relays\/"]}]},{"@type":"ImageObject","inLanguage":"en-US","@id":"https:\/\/dynamotion.pl\/en\/oferta\/safety-en\/safety-relays\/#primaryimage","url":"https:\/\/dynamotion.pl\/wp-content\/uploads\/2023\/01\/Preventa-XPS-Universal.png","contentUrl":"https:\/\/dynamotion.pl\/wp-content\/uploads\/2023\/01\/Preventa-XPS-Universal.png","width":1417,"height":945,"caption":"Systemy bezpiecze\u0144stwa maszynowego"},{"@type":"BreadcrumbList","@id":"https:\/\/dynamotion.pl\/en\/oferta\/safety-en\/safety-relays\/#breadcrumb","itemListElement":[{"@type":"ListItem","position":1,"name":"Strona g\u0142\u00f3wna","item":"https:\/\/dynamotion.pl\/en\/"},{"@type":"ListItem","position":2,"name":"Offer","item":"https:\/\/dynamotion.pl\/en\/oferta\/"},{"@type":"ListItem","position":3,"name":"systemy bezpiecze\u0144stwa maszynowego machine safety systems preventa xps universal","item":"https:\/\/dynamotion.pl\/en\/oferta\/safety-en\/"},{"@type":"ListItem","position":4,"name":"hompage dynamotion krak\u00f3w smole\u0144sk packaging machine automation"}]},{"@type":"WebSite","@id":"https:\/\/dynamotion.pl\/en\/#website","url":"https:\/\/dynamotion.pl\/en\/","name":"Dynamotion","description":"Nap\u0119dzamy przysz\u0142o\u015b\u0107 pakowania","publisher":{"@id":"https:\/\/dynamotion.pl\/en\/#organization"},"potentialAction":[{"@type":"SearchAction","target":{"@type":"EntryPoint","urlTemplate":"https:\/\/dynamotion.pl\/en\/?s={search_term_string}"},"query-input":{"@type":"PropertyValueSpecification","valueRequired":true,"valueName":"search_term_string"}}],"inLanguage":"en-US"},{"@type":"Organization","@id":"https:\/\/dynamotion.pl\/en\/#organization","name":"DYNAMOTION Sp. z o.o.","url":"https:\/\/dynamotion.pl\/en\/","logo":{"@type":"ImageObject","inLanguage":"en-US","@id":"https:\/\/dynamotion.pl\/en\/#\/schema\/logo\/image\/","url":"https:\/\/dynamotion.pl\/wp-content\/uploads\/2021\/08\/sygnet_stopka.png","contentUrl":"https:\/\/dynamotion.pl\/wp-content\/uploads\/2021\/08\/sygnet_stopka.png","width":128,"height":112,"caption":"DYNAMOTION Sp. z o.o."},"image":{"@id":"https:\/\/dynamotion.pl\/en\/#\/schema\/logo\/image\/"}}]}},"_links":{"self":[{"href":"https:\/\/dynamotion.pl\/en\/wp-json\/wp\/v2\/pages\/2012","targetHints":{"allow":["GET"]}}],"collection":[{"href":"https:\/\/dynamotion.pl\/en\/wp-json\/wp\/v2\/pages"}],"about":[{"href":"https:\/\/dynamotion.pl\/en\/wp-json\/wp\/v2\/types\/page"}],"author":[{"embeddable":true,"href":"https:\/\/dynamotion.pl\/en\/wp-json\/wp\/v2\/users\/5"}],"replies":[{"embeddable":true,"href":"https:\/\/dynamotion.pl\/en\/wp-json\/wp\/v2\/comments?post=2012"}],"version-history":[{"count":0,"href":"https:\/\/dynamotion.pl\/en\/wp-json\/wp\/v2\/pages\/2012\/revisions"}],"up":[{"embeddable":true,"href":"https:\/\/dynamotion.pl\/en\/wp-json\/wp\/v2\/pages\/1879"}],"wp:featuredmedia":[{"embeddable":true,"href":"https:\/\/dynamotion.pl\/en\/wp-json\/wp\/v2\/media\/1780"}],"wp:attachment":[{"href":"https:\/\/dynamotion.pl\/en\/wp-json\/wp\/v2\/media?parent=2012"}],"curies":[{"name":"wp","href":"https:\/\/api.w.org\/{rel}","templated":true}]}}