{"id":2374,"date":"2023-01-20T13:26:04","date_gmt":"2023-01-20T12:26:04","guid":{"rendered":"https:\/\/dynamotion.pl\/oferta\/safety-en\/kurtyny-bezpieczenstwa\/"},"modified":"2023-08-07T12:20:58","modified_gmt":"2023-08-07T10:20:58","slug":"safety-curtains","status":"publish","type":"page","link":"https:\/\/dynamotion.pl\/en\/oferta\/safety-en\/safety-curtains\/","title":{"rendered":"Safety light curtains"},"content":{"rendered":"\n<h2>\n\t\tLight curtains XUSL2 and XUSL4 &#8211; learn more about our products\n\t<\/h2>\n\t\t\t\t<img decoding=\"async\" src=\"https:\/\/dynamotion.pl\/wp-content\/uploads\/2023\/01\/kurtyny-removebg-preview.png\" alt=\"kurtyny-removebg-preview\" itemprop=\"image\" height=\"373\" width=\"670\" title=\"kurtyny-removebg-preview\" onerror=\"this.style.display='none'\"  \/>\n\t<p>XUSL2 and XUSL4 safety light curtains are used to detect fingers, hands, body and various objects in the near of devices that may pose a threat, such as:<\/p>\n<ul>\n<li>robotic systems,<\/li>\n<li>assembly and packaging lines,<\/li>\n<li>turret punch presses,<\/li>\n<li>palletizers,<\/li>\n<li>packing machines,<\/li>\n<li>assembly machines,<\/li>\n<li>welding equipment,<\/li>\n<li>handling equipment (rollers, winders, and unwinders),<\/li>\n<li>machine tools,<\/li>\n<li>equipment for the agri-food industry,<\/li>\n<li>mechanical and hydraulic presses.<\/li>\n<\/ul>\n<p>&nbsp;<\/p>\n<p>XUSL2 and XUSL4 safety light curtains comply with numerous standards and are certified by cLUus, EAC, RCM and T\u03cbV.<\/p>\n\t\t\t\t<img decoding=\"async\" src=\"https:\/\/dynamotion.pl\/wp-content\/uploads\/2023\/01\/XUSL4E14F031N-removebg-preview.png\" alt=\"XUSL4E14F031N-removebg-preview\" itemprop=\"image\" height=\"868\" width=\"287\" title=\"XUSL4E14F031N-removebg-preview\" onerror=\"this.style.display='none'\"  \/>\n<h2>\n\t\tXUSL4E14F031N\n\t<\/h2>\n\t<p>is a light curtain type 4. Its resolution is 14 mm, it is designed for finger detection. It can operate at temperatures from -20 to 55\u00b0C. The service life of the device is 20 years.<\/p>\n\t\t\t\t<img decoding=\"async\" src=\"https:\/\/dynamotion.pl\/wp-content\/uploads\/2023\/01\/XUSL2E30H046NWC-removebg-preview.png\" alt=\"XUSL2E30H046NWC-removebg-preview\" itemprop=\"image\" height=\"698\" width=\"357\" title=\"XUSL2E30H046NWC-removebg-preview\" onerror=\"this.style.display='none'\"  \/>\n<h2>\n\t\tXUSL2E30H046NWC\n\t<\/h2>\n\t<p>is a type 2 light curtain for hand detection. Secured by a sealed IP 69K protective tube, it is resistant to acidic and alkaline cleaning agents and aliphatic hydrocarbons.<\/p>\n\t\t\t\t<img decoding=\"async\" src=\"https:\/\/dynamotion.pl\/wp-content\/uploads\/2023\/01\/XUSL4MA30H031N-removebg-preview.png\" alt=\"XUSL4MA30H031N-removebg-preview\" itemprop=\"image\" height=\"729\" width=\"239\" title=\"XUSL4MA30H031N-removebg-preview\" onerror=\"this.style.display='none'\"  \/>\n<h2>\n\t\tXUSL4MA30H031N\n\t<\/h2>\n\t<p>is an advanced type 4 light curtain with built-in muting function. It can be configured via wiring or software. The response time at a protected height of 310 mm is 8 ms.<\/p>\n<h2>\n\t\tSafety light curtains &#8211; XUSL2 vs. XUSL4\n\t<\/h2>\n<h2>\n\t\tSafety light curtains of type 2\n\t<\/h2>\n\t<p>We offer:<\/p>\n<ul>\n<li aria-level=\"1\">Standard curtains with a resolution of 30mm and more, with a detection distance selectable by a switch of 0-4 or 0-12 m and with different protection heights.<\/li>\n<\/ul>\n<ul>\n<li aria-level=\"1\">Curtains with sealed IP 69K protective case, with 30mm resolution and 0-3 or 3-10m detection distance. Possible heating system.<\/li>\n<\/ul>\n<h2>\n\t\tSafety light curtains of type 4\n\t<\/h2>\n\t<p>We offer: <\/p>\n<ul>\n<li aria-level=\"1\">Standard curtains with a resolution of 14mm, 30mm and more, with a detection distance of 0-3\/1-6 m or 0-4\/0-12 m, with different protection heights.<\/li>\n<\/ul>\n<ul>\n<li aria-level=\"1\">Curtains with increased detection distance, resolution of 30 mm and more, detection distance of 0-10\/3-20 m and with different protection heights.<\/li>\n<\/ul>\n<ul>\n<li aria-level=\"1\">Master\/slave curtains with standard detection distance, resolution of 14 mm, 30 mm and more or with detection distance of 0-3\/1-6 m or 0-4\/0-12 m.<\/li>\n<\/ul>\n<ul>\n<li>Curtains with sealed IP 69K protective case, resolution of 14 mm, 30 mm and more, detection distance of 0-2\/1-5 m or 0-8\/3-17 m. Possible heating system.<\/li>\n<\/ul>\n<ul>\n<li>Curtains with built-in muting function, configurable via wiring or software, resolution of 30 mm or more, detection distance of 0-4\/0-12 m.<\/li>\n<\/ul>\n<h2>\n\t\tWhy is it worth choosing XUSL light curtains?\n\t<\/h2>\n<h2>\n\t\tEasy access\n\t<\/h2>\n\t<p>Giving up mechanical restraints in favor of a curtain allows free access to the machine, reducing loading time, inspection or adjustment activities.<\/p>\n<h2>\n\t\tDiversity\n\t<\/h2>\n\t<p>A wide range of safety curtains, equipped with additional features, allows you to choose the option best suited to your needs.<\/p>\n<h2>\n\t\tCompliance with standards\n\t<\/h2>\n\t<p>The XUSL2 and XUSL4 light curtains comply with the European Machinery Directive 2006\/42\/EC, as well as many other EU standards.<\/p>\n<h2>\n\t\tWhat to look for when selecting a safety curtain?\n\t<\/h2>\n\t<p>The most important parameters to pay attention to when choosing curtains are:<\/p>\n<ul>\n<li><strong>Resolution &#8211;<\/strong> often referred to as &#8220;detection capability.&#8221; It is the distance between individual light beams, that is, between transmitters and receivers in light curtain modules. Also important in its determination is the radius of the light beam. An object with a width equal to or greater than the resolution will always be cut by the beam, but if its width is smaller it may end up between the beams and not be detected.<\/li>\n<\/ul>\n<ul>\n<li><strong>Field of view &#8211;<\/strong> is the maximum distance to which the transmitter is able to send an effective beam of light that will be correctly received by the receiver.<\/li>\n<\/ul>\n<ul>\n<li><strong>Aperture angle &#8211;<\/strong> is the maximum angle at which the beam can reach the receiver. It protects the receiver from receiving false reflections. In light curtains of higher categories this angle is much smaller than in devices of lower categories.<\/li>\n<\/ul>\n<h2>\n\t\tFind out more about safety light curtains\n\t<\/h2>\n\t\t\t\t<a href=\"https:\/\/www.astor.com.pl\/poradnikautomatyka\/jak-podlaczyc-kurtyne-laserowa-kurs-podlaczania-i-konfigurowania-przekaznikow-bezpieczenstwa-dla-maszyn-i-stanowisk-produkcyjnych-odc-3\/\" target=\"_blank\" rel=\"noopener\" itemprop=\"url\">\n\t\t\t\t<img decoding=\"async\" src=\"https:\/\/dynamotion.pl\/wp-content\/uploads\/2023\/01\/Kurs-podlaczania-i-kofigurowania-przekaznikowbezpieczenstwa-dla-maszyn-i-stanowisk-produkcyjnych-2.png\" alt=\"Kurs pod\u0142\u0105czania i kofigurowania przeka\u017anik\u00f3wbezpiecze\u0144stwa dla maszyn i stanowisk produkcyjnych (2)\" itemprop=\"image\" height=\"1365\" width=\"2048\" title=\"Kurs pod\u0142\u0105czania i kofigurowania przeka\u017anik\u00f3wbezpiecze\u0144stwa dla maszyn i stanowisk produkcyjnych (2)\" onerror=\"this.style.display='none'\"  \/>\n\t\t\t\t<\/a>\n\t\t\t<a href=\"https:\/\/www.astor.com.pl\/poradnikautomatyka\/jak-podlaczyc-kurtyne-laserowa-kurs-podlaczania-i-konfigurowania-przekaznikow-bezpieczenstwa-dla-maszyn-i-stanowisk-produkcyjnych-odc-3\/\" target=\"_blank\" rel=\"noopener\">\n\t\t\t\t\t\t\tGo to course \n\t\t\t\t\t<\/a>\n\t\t\t\t<a href=\"https:\/\/download.schneider-electric.com\/files?p_Doc_Ref=DIA4ED2150403EN\" target=\"_blank\" rel=\"noopener\" itemprop=\"url\">\n\t\t\t\t<img decoding=\"async\" src=\"https:\/\/dynamotion.pl\/wp-content\/uploads\/2023\/01\/pdf_kurtyna.png\" alt=\"pdf_kurtyna\" itemprop=\"image\" height=\"920\" width=\"1301\" title=\"pdf_kurtyna\" onerror=\"this.style.display='none'\"  \/>\n\t\t\t\t<\/a>\n\t\t\t<a href=\"https:\/\/download.schneider-electric.com\/files?p_Doc_Ref=DIA4ED2150403EN\" target=\"_blank\" rel=\"noopener\">\n\t\t\t\t\t\t\tOpen PDF version of product catalog\n\t\t\t\t\t<\/a>\n<h2>\n\t\tNeed help selecting components?\n\t<\/h2>\n\t\t\t<a href=\"https:\/\/dynamotion.pl\/en\/kontakt\/\" target=\"_blank\" rel=\"noopener\">\n\t\t\t\t\t\t\tContact us\n\t\t\t\t\t<\/a>\n\n","protected":false},"excerpt":{"rendered":"<p>Light curtains XUSL2 and XUSL4 &#8211; learn more about our products XUSL2 and XUSL4 safety light curtains are used to detect fingers, hands, body and various objects in the near of devices that may pose a threat, such as: robotic systems, assembly and packaging lines, turret punch presses, palletizers, packing machines, assembly machines, welding equipment,&hellip;<\/p>\n","protected":false},"author":5,"featured_media":2196,"parent":1879,"menu_order":3,"comment_status":"closed","ping_status":"closed","template":"","meta":{"_acf_changed":false,"footnotes":""},"class_list":["post-2374","page","type-page","status-publish","has-post-thumbnail","hentry"],"acf":[],"yoast_head":"<!-- This site is optimized with the Yoast SEO plugin v27.4 - https:\/\/yoast.com\/product\/yoast-seo-wordpress\/ -->\n<title>Safety light curtains - Dynamotion<\/title>\n<meta name=\"description\" content=\"Safety light curtains are electrosensitive protective devices that stop the movement of a machine when one of the light beams is interrupted.\" \/>\n<meta name=\"robots\" content=\"index, follow, max-snippet:-1, max-image-preview:large, max-video-preview:-1\" \/>\n<link rel=\"canonical\" href=\"https:\/\/dynamotion.pl\/en\/oferta\/safety-en\/safety-curtains\/\" \/>\n<meta property=\"og:locale\" content=\"en_US\" \/>\n<meta property=\"og:type\" content=\"article\" \/>\n<meta property=\"og:title\" content=\"DYNAMOTION\" \/>\n<meta property=\"og:description\" content=\"DYNAMOTION - Driving the future of packaging. Helping to build and maintain the world&#039;s fastest packaging machines for the FMCG industry.\" \/>\n<meta property=\"og:url\" content=\"https:\/\/dynamotion.pl\/en\/oferta\/safety-en\/safety-curtains\/\" \/>\n<meta property=\"og:site_name\" content=\"Dynamotion\" \/>\n<meta property=\"article:modified_time\" content=\"2023-08-07T10:20:58+00:00\" \/>\n<meta property=\"og:image\" content=\"https:\/\/dynamotion.pl\/wp-content\/uploads\/2021\/12\/Rozwiazanie-pakowania-zbiorczego.jpg\" \/>\n<meta name=\"twitter:card\" content=\"summary_large_image\" \/>\n<meta name=\"twitter:title\" content=\"DYNAMOTION\" \/>\n<meta name=\"twitter:description\" content=\"DYNAMOTION - Driving the future of packaging. Helping to build and maintain the world&#039;s fastest packaging machines for the FMCG industry.\" \/>\n<meta name=\"twitter:image\" content=\"https:\/\/dynamotion.pl\/wp-content\/uploads\/2021\/12\/Rozwiazanie-pakowania-zbiorczego.jpg\" \/>\n<meta name=\"twitter:label1\" content=\"Est. reading time\" \/>\n\t<meta name=\"twitter:data1\" content=\"6 minutes\" \/>\n<script type=\"application\/ld+json\" class=\"yoast-schema-graph\">{\"@context\":\"https:\\\/\\\/schema.org\",\"@graph\":[{\"@type\":\"WebPage\",\"@id\":\"https:\\\/\\\/dynamotion.pl\\\/en\\\/oferta\\\/safety-en\\\/safety-curtains\\\/\",\"url\":\"https:\\\/\\\/dynamotion.pl\\\/en\\\/oferta\\\/safety-en\\\/safety-curtains\\\/\",\"name\":\"Safety light curtains - Dynamotion\",\"isPartOf\":{\"@id\":\"https:\\\/\\\/dynamotion.pl\\\/en\\\/#website\"},\"primaryImageOfPage\":{\"@id\":\"https:\\\/\\\/dynamotion.pl\\\/en\\\/oferta\\\/safety-en\\\/safety-curtains\\\/#primaryimage\"},\"image\":{\"@id\":\"https:\\\/\\\/dynamotion.pl\\\/en\\\/oferta\\\/safety-en\\\/safety-curtains\\\/#primaryimage\"},\"thumbnailUrl\":\"https:\\\/\\\/dynamotion.pl\\\/wp-content\\\/uploads\\\/2023\\\/01\\\/kurtyny-removebg-preview.png\",\"datePublished\":\"2023-01-20T12:26:04+00:00\",\"dateModified\":\"2023-08-07T10:20:58+00:00\",\"description\":\"Safety light curtains are electrosensitive protective devices that stop the movement of a machine when one of the light beams is interrupted.\",\"breadcrumb\":{\"@id\":\"https:\\\/\\\/dynamotion.pl\\\/en\\\/oferta\\\/safety-en\\\/safety-curtains\\\/#breadcrumb\"},\"inLanguage\":\"en-US\",\"potentialAction\":[{\"@type\":\"ReadAction\",\"target\":[\"https:\\\/\\\/dynamotion.pl\\\/en\\\/oferta\\\/safety-en\\\/safety-curtains\\\/\"]}]},{\"@type\":\"ImageObject\",\"inLanguage\":\"en-US\",\"@id\":\"https:\\\/\\\/dynamotion.pl\\\/en\\\/oferta\\\/safety-en\\\/safety-curtains\\\/#primaryimage\",\"url\":\"https:\\\/\\\/dynamotion.pl\\\/wp-content\\\/uploads\\\/2023\\\/01\\\/kurtyny-removebg-preview.png\",\"contentUrl\":\"https:\\\/\\\/dynamotion.pl\\\/wp-content\\\/uploads\\\/2023\\\/01\\\/kurtyny-removebg-preview.png\",\"width\":670,\"height\":373,\"caption\":\"dynamotion krak\u00f3w automatyzacja maszyn pakuj\u0105cych astor kurtyny bezpiecze\u0144stwa bezpiecze\u0144stwo maszynowe machine safety safety light curtain XUSZWPE050 XUSZWPE080 XUSZWPE091 telemecanique sensors curtain safety curtain light curtain telemecanique kurtyna bezpiecze\u0144stwa kurtyna bezpieczenstwa kurtyna safety kurtyny bezpieczenstwa kurtyny safety\"},{\"@type\":\"BreadcrumbList\",\"@id\":\"https:\\\/\\\/dynamotion.pl\\\/en\\\/oferta\\\/safety-en\\\/safety-curtains\\\/#breadcrumb\",\"itemListElement\":[{\"@type\":\"ListItem\",\"position\":1,\"name\":\"Strona g\u0142\u00f3wna\",\"item\":\"https:\\\/\\\/dynamotion.pl\\\/en\\\/\"},{\"@type\":\"ListItem\",\"position\":2,\"name\":\"Offer\",\"item\":\"https:\\\/\\\/dynamotion.pl\\\/en\\\/oferta\\\/\"},{\"@type\":\"ListItem\",\"position\":3,\"name\":\"systemy bezpiecze\u0144stwa maszynowego machine safety systems preventa xps universal\",\"item\":\"https:\\\/\\\/dynamotion.pl\\\/en\\\/oferta\\\/safety-en\\\/\"},{\"@type\":\"ListItem\",\"position\":4,\"name\":\"hompage dynamotion krak\u00f3w smole\u0144sk packaging machine automation\"}]},{\"@type\":\"WebSite\",\"@id\":\"https:\\\/\\\/dynamotion.pl\\\/en\\\/#website\",\"url\":\"https:\\\/\\\/dynamotion.pl\\\/en\\\/\",\"name\":\"Dynamotion\",\"description\":\"Nap\u0119dzamy przysz\u0142o\u015b\u0107 pakowania\",\"publisher\":{\"@id\":\"https:\\\/\\\/dynamotion.pl\\\/en\\\/#organization\"},\"potentialAction\":[{\"@type\":\"SearchAction\",\"target\":{\"@type\":\"EntryPoint\",\"urlTemplate\":\"https:\\\/\\\/dynamotion.pl\\\/en\\\/?s={search_term_string}\"},\"query-input\":{\"@type\":\"PropertyValueSpecification\",\"valueRequired\":true,\"valueName\":\"search_term_string\"}}],\"inLanguage\":\"en-US\"},{\"@type\":\"Organization\",\"@id\":\"https:\\\/\\\/dynamotion.pl\\\/en\\\/#organization\",\"name\":\"DYNAMOTION Sp. z o.o.\",\"url\":\"https:\\\/\\\/dynamotion.pl\\\/en\\\/\",\"logo\":{\"@type\":\"ImageObject\",\"inLanguage\":\"en-US\",\"@id\":\"https:\\\/\\\/dynamotion.pl\\\/en\\\/#\\\/schema\\\/logo\\\/image\\\/\",\"url\":\"https:\\\/\\\/dynamotion.pl\\\/wp-content\\\/uploads\\\/2021\\\/08\\\/sygnet_stopka.png\",\"contentUrl\":\"https:\\\/\\\/dynamotion.pl\\\/wp-content\\\/uploads\\\/2021\\\/08\\\/sygnet_stopka.png\",\"width\":128,\"height\":112,\"caption\":\"DYNAMOTION Sp. z o.o.\"},\"image\":{\"@id\":\"https:\\\/\\\/dynamotion.pl\\\/en\\\/#\\\/schema\\\/logo\\\/image\\\/\"}}]}<\/script>\n<!-- \/ Yoast SEO plugin. -->","yoast_head_json":{"title":"Safety light curtains - Dynamotion","description":"Safety light curtains are electrosensitive protective devices that stop the movement of a machine when one of the light beams is interrupted.","robots":{"index":"index","follow":"follow","max-snippet":"max-snippet:-1","max-image-preview":"max-image-preview:large","max-video-preview":"max-video-preview:-1"},"canonical":"https:\/\/dynamotion.pl\/en\/oferta\/safety-en\/safety-curtains\/","og_locale":"en_US","og_type":"article","og_title":"DYNAMOTION","og_description":"DYNAMOTION - Driving the future of packaging. Helping to build and maintain the world's fastest packaging machines for the FMCG industry.","og_url":"https:\/\/dynamotion.pl\/en\/oferta\/safety-en\/safety-curtains\/","og_site_name":"Dynamotion","article_modified_time":"2023-08-07T10:20:58+00:00","og_image":[{"url":"https:\/\/dynamotion.pl\/wp-content\/uploads\/2021\/12\/Rozwiazanie-pakowania-zbiorczego.jpg","type":"","width":"","height":""}],"twitter_card":"summary_large_image","twitter_title":"DYNAMOTION","twitter_description":"DYNAMOTION - Driving the future of packaging. Helping to build and maintain the world's fastest packaging machines for the FMCG industry.","twitter_image":"https:\/\/dynamotion.pl\/wp-content\/uploads\/2021\/12\/Rozwiazanie-pakowania-zbiorczego.jpg","twitter_misc":{"Est. reading time":"6 minutes"},"schema":{"@context":"https:\/\/schema.org","@graph":[{"@type":"WebPage","@id":"https:\/\/dynamotion.pl\/en\/oferta\/safety-en\/safety-curtains\/","url":"https:\/\/dynamotion.pl\/en\/oferta\/safety-en\/safety-curtains\/","name":"Safety light curtains - Dynamotion","isPartOf":{"@id":"https:\/\/dynamotion.pl\/en\/#website"},"primaryImageOfPage":{"@id":"https:\/\/dynamotion.pl\/en\/oferta\/safety-en\/safety-curtains\/#primaryimage"},"image":{"@id":"https:\/\/dynamotion.pl\/en\/oferta\/safety-en\/safety-curtains\/#primaryimage"},"thumbnailUrl":"https:\/\/dynamotion.pl\/wp-content\/uploads\/2023\/01\/kurtyny-removebg-preview.png","datePublished":"2023-01-20T12:26:04+00:00","dateModified":"2023-08-07T10:20:58+00:00","description":"Safety light curtains are electrosensitive protective devices that stop the movement of a machine when one of the light beams is interrupted.","breadcrumb":{"@id":"https:\/\/dynamotion.pl\/en\/oferta\/safety-en\/safety-curtains\/#breadcrumb"},"inLanguage":"en-US","potentialAction":[{"@type":"ReadAction","target":["https:\/\/dynamotion.pl\/en\/oferta\/safety-en\/safety-curtains\/"]}]},{"@type":"ImageObject","inLanguage":"en-US","@id":"https:\/\/dynamotion.pl\/en\/oferta\/safety-en\/safety-curtains\/#primaryimage","url":"https:\/\/dynamotion.pl\/wp-content\/uploads\/2023\/01\/kurtyny-removebg-preview.png","contentUrl":"https:\/\/dynamotion.pl\/wp-content\/uploads\/2023\/01\/kurtyny-removebg-preview.png","width":670,"height":373,"caption":"dynamotion krak\u00f3w automatyzacja maszyn pakuj\u0105cych astor kurtyny bezpiecze\u0144stwa bezpiecze\u0144stwo maszynowe machine safety safety light curtain XUSZWPE050 XUSZWPE080 XUSZWPE091 telemecanique sensors curtain safety curtain light curtain telemecanique kurtyna bezpiecze\u0144stwa kurtyna bezpieczenstwa kurtyna safety kurtyny bezpieczenstwa kurtyny safety"},{"@type":"BreadcrumbList","@id":"https:\/\/dynamotion.pl\/en\/oferta\/safety-en\/safety-curtains\/#breadcrumb","itemListElement":[{"@type":"ListItem","position":1,"name":"Strona g\u0142\u00f3wna","item":"https:\/\/dynamotion.pl\/en\/"},{"@type":"ListItem","position":2,"name":"Offer","item":"https:\/\/dynamotion.pl\/en\/oferta\/"},{"@type":"ListItem","position":3,"name":"systemy bezpiecze\u0144stwa maszynowego machine safety systems preventa xps universal","item":"https:\/\/dynamotion.pl\/en\/oferta\/safety-en\/"},{"@type":"ListItem","position":4,"name":"hompage dynamotion krak\u00f3w smole\u0144sk packaging machine automation"}]},{"@type":"WebSite","@id":"https:\/\/dynamotion.pl\/en\/#website","url":"https:\/\/dynamotion.pl\/en\/","name":"Dynamotion","description":"Nap\u0119dzamy przysz\u0142o\u015b\u0107 pakowania","publisher":{"@id":"https:\/\/dynamotion.pl\/en\/#organization"},"potentialAction":[{"@type":"SearchAction","target":{"@type":"EntryPoint","urlTemplate":"https:\/\/dynamotion.pl\/en\/?s={search_term_string}"},"query-input":{"@type":"PropertyValueSpecification","valueRequired":true,"valueName":"search_term_string"}}],"inLanguage":"en-US"},{"@type":"Organization","@id":"https:\/\/dynamotion.pl\/en\/#organization","name":"DYNAMOTION Sp. z o.o.","url":"https:\/\/dynamotion.pl\/en\/","logo":{"@type":"ImageObject","inLanguage":"en-US","@id":"https:\/\/dynamotion.pl\/en\/#\/schema\/logo\/image\/","url":"https:\/\/dynamotion.pl\/wp-content\/uploads\/2021\/08\/sygnet_stopka.png","contentUrl":"https:\/\/dynamotion.pl\/wp-content\/uploads\/2021\/08\/sygnet_stopka.png","width":128,"height":112,"caption":"DYNAMOTION Sp. z o.o."},"image":{"@id":"https:\/\/dynamotion.pl\/en\/#\/schema\/logo\/image\/"}}]}},"_links":{"self":[{"href":"https:\/\/dynamotion.pl\/en\/wp-json\/wp\/v2\/pages\/2374","targetHints":{"allow":["GET"]}}],"collection":[{"href":"https:\/\/dynamotion.pl\/en\/wp-json\/wp\/v2\/pages"}],"about":[{"href":"https:\/\/dynamotion.pl\/en\/wp-json\/wp\/v2\/types\/page"}],"author":[{"embeddable":true,"href":"https:\/\/dynamotion.pl\/en\/wp-json\/wp\/v2\/users\/5"}],"replies":[{"embeddable":true,"href":"https:\/\/dynamotion.pl\/en\/wp-json\/wp\/v2\/comments?post=2374"}],"version-history":[{"count":0,"href":"https:\/\/dynamotion.pl\/en\/wp-json\/wp\/v2\/pages\/2374\/revisions"}],"up":[{"embeddable":true,"href":"https:\/\/dynamotion.pl\/en\/wp-json\/wp\/v2\/pages\/1879"}],"wp:featuredmedia":[{"embeddable":true,"href":"https:\/\/dynamotion.pl\/en\/wp-json\/wp\/v2\/media\/2196"}],"wp:attachment":[{"href":"https:\/\/dynamotion.pl\/en\/wp-json\/wp\/v2\/media?parent=2374"}],"curies":[{"name":"wp","href":"https:\/\/api.w.org\/{rel}","templated":true}]}}