{"id":2432,"date":"2023-01-26T16:07:13","date_gmt":"2023-01-26T15:07:13","guid":{"rendered":"https:\/\/dynamotion.pl\/oferta\/safety-en\/krancowki-bezpieczenstwa\/"},"modified":"2023-08-07T12:25:32","modified_gmt":"2023-08-07T10:25:32","slug":"safety-switches","status":"publish","type":"page","link":"https:\/\/dynamotion.pl\/en\/oferta\/safety-en\/safety-switches\/","title":{"rendered":"Safety switches"},"content":{"rendered":"\n<h2>\n\t\tMechanical safety switches\n\t<\/h2>\n<h2>\n\t\tSwitches with head for linear (plunger) <br>or rotary movement (lever)\n\t<\/h2>\n\t<p>For use on machines with low inertia and also on machines with high inertia, when used in conjunction with key-operated safety interlock switches with solenoid for monitoring access doors and\/or guards. When used on their own, they are always installed in &#8220;positive mode&#8221; or combined in pairs, with one switch being in &#8220;positive mode&#8221; and the other in &#8220;negative mode&#8221;.<\/p>\n<h2>\n\t\tSwitches with head for rotary movement<br> (lever or spindle)\n\t<\/h2>\n\t<p>Specifically designed for small industrial machines with low inertia fitted with small hinged doors, covers or protective guards. They help protect the operator by immediately stopping the hazardous movement of the machine as soon as the rotary lever or spindle displacement reaches an angle of 5\u00b0.<\/p>\n<h2>\n\t\tMagnetic safety switches\n\t<\/h2>\n\t<p>Specifically designed for industrial machines fitted with doors, covers or guards with imprecise guiding. They are ideally suited for machines subjected to frequent washing or liquid spray. They help protect the operator by immediately stopping any hazardous movement, as soon as the distance between the switch and its magnet is greater than 5 or 8 mm, depending on the switch model.<\/p>\n<h2>\n\t\tRFID safety switches\n\t<\/h2>\n\t<p>Specifically designed for industrial machines fitted with doors, covers or guards with imprecise guiding. They are ideally suited for machines subjected to frequent washing or liquid spray, and exposed to shocks and vibrations. Contactless system composed of a microprocessor-controlled switch and a transponder. The reader and the transponder are factory-paired so as to load into the transponder a unique code shared with the reader. This saved digital code is the unique &#8220;key&#8221; accepted by the paired reader. This type of switch is thus difficult to tamper with.<\/p>\n<h2>\n\t\tXCS safety switches &#8211; learn more about our products\n\t<\/h2>\n\t<p>We offer a wide range of Telemecanique XCS safety switches from Schneider Electric. These are innovative products that can be easily integrated with other safety components from the Schneider range.<\/p>\n<p>The variety of Telemecanique Sensors XCS makes it possible to create a complete safety system for any machine, in accordance with the required level of safety and optimal in terms of cost.<\/p>\n<p>XCS safety switches comply with EN\/ISO 12100 and EN\/ISO 14119 standards for potentially hazardous machine functions.<\/p>\n\t\t\t\t<img decoding=\"async\" src=\"https:\/\/dynamotion.pl\/wp-content\/uploads\/2023\/01\/krancowki-1.png\" alt=\"PREVENTA kra\u0144c\u00f3wki bezpiecze\u0144stwa safety switches telemecanique sensors dynamotion\" itemprop=\"image\" height=\"861\" width=\"1332\" title=\"kra\u0144cowki\" onerror=\"this.style.display='none'\">\n\t\t\t\t<img decoding=\"async\" src=\"https:\/\/dynamotion.pl\/wp-content\/uploads\/2023\/01\/3-removebg-preview.png\" alt=\"PREVENTA kra\u0144c\u00f3wki bezpiecze\u0144stwa safety switches telemecanique sensors dynamotion\" itemprop=\"image\" height=\"500\" width=\"500\" title=\"3-removebg-preview\" onerror=\"this.style.display='none'\">\n<h2>\n\t\tXCSD\n\t<\/h2>\n\t<p>is a safety stop with a metal end plunger, steel roller plunger or roller lever. It is available in a metal housing and has 3 contacts (2 NC and 1 NO).<\/p>\n\t\t\t\t<img decoding=\"async\" src=\"https:\/\/dynamotion.pl\/wp-content\/uploads\/2023\/01\/2-removebg-preview-1.png\" alt=\"PREVENTA kra\u0144c\u00f3wki bezpiecze\u0144stwa safety switches telemecanique sensors dynamotion\" itemprop=\"image\" height=\"500\" width=\"500\" title=\"2-removebg-preview\" onerror=\"this.style.display='none'\">\n<h2>\n\t\tXCSDMP\n\t<\/h2>\n\t<p>is a coded magnetic safety switch in a standard rectangular housing. Ideal for dusty environments.<\/p>\n\t\t\t\t<img decoding=\"async\" src=\"https:\/\/dynamotion.pl\/wp-content\/uploads\/2023\/01\/Untitled_design__5_-removebg-preview.png\" alt=\"Untitled_design__5_-removebg-preview\" itemprop=\"image\" height=\"500\" width=\"500\" title=\"Untitled_design__5_-removebg-preview\" onerror=\"this.style.display='none'\">\n<h2>\n\t\tXCSPR\n\t<\/h2>\n\t<p>is a hinged safety switch that has a rotating operating head and rotary actuation (spindle). It is used for hinged covers and guards.<\/p>\n<h2>\n\t\tWhy is it worth choosing XCS safety switches?\n\t<\/h2>\n<h2>\n\t\tInteroperability\n\t<\/h2>\n\t<p>XCS safety switches can work with other products and systems, without limiting access and the ability to implement new solutions.<\/p>\n<h2>\n\t\tCost optimization\n\t<\/h2>\n\t<p>A wide selection of switches allows you to match individual components to the real needs of a given security system, thus optimizing installation costs.<\/p>\n<h2>\n\t\tUniversality\n\t<\/h2>\n\t<p>XCS safety switches can be used for various types of machines and systems, regardless of the industry sector.<\/p>\n<h2>\n\t\tFind out more about safety switches\n\t<\/h2>\n\t\t\t\t<a href=\"https:\/\/www.astor.com.pl\/poradnikautomatyka\/jak-podlaczyc-wylaczniki-krancowe-kurs-podlaczania-i-konfigurowania-przekaznikow-bezpieczenstwa-dla-maszyn-i-stanowisk-produkcyjnych-odc-7\/\" target=\"_blank\" rel=\"noopener\" itemprop=\"url\">\n\t\t\t\t<img decoding=\"async\" src=\"https:\/\/dynamotion.pl\/wp-content\/uploads\/2023\/01\/Kurs-podlaczania-i-kofigurowania-przekaznikowbezpieczenstwa-dla-maszyn-i-stanowisk-produkcyjnych-3.png\" alt=\"Kurs pod\u0142\u0105czania i kofigurowania przeka\u017anik\u00f3wbezpiecze\u0144stwa dla maszyn i stanowisk produkcyjnych (3)\" itemprop=\"image\" height=\"1365\" width=\"2048\" title=\"Kurs pod\u0142\u0105czania i kofigurowania przeka\u017anik\u00f3wbezpiecze\u0144stwa dla maszyn i stanowisk produkcyjnych (3)\" onerror=\"this.style.display='none'\">\n\t\t\t\t<\/a>\n\t\t\t<a href=\"https:\/\/www.astor.com.pl\/poradnikautomatyka\/jak-podlaczyc-wylaczniki-krancowe-kurs-podlaczania-i-konfigurowania-przekaznikow-bezpieczenstwa-dla-maszyn-i-stanowisk-produkcyjnych-odc-7\/\" target=\"_blank\" rel=\"noopener\">\n\t\t\t\t\t\t\tGo to course \n\t\t\t\t\t<\/a>\n\t\t\t\t<a href=\"https:\/\/download.schneider-electric.com\/files?p_Doc_Ref=DIA4ED2191001EN\" target=\"_blank\" rel=\"noopener\" itemprop=\"url\">\n\t\t\t\t<img decoding=\"async\" src=\"https:\/\/dynamotion.pl\/wp-content\/uploads\/2023\/01\/krancowkiPDF.png\" alt=\"krancowkiPDF\" itemprop=\"image\" height=\"903\" width=\"1279\" title=\"krancowkiPDF\" onerror=\"this.style.display='none'\">\n\t\t\t\t<\/a>\n\t\t\t<a href=\"https:\/\/download.schneider-electric.com\/files?p_Doc_Ref=DIA4ED2191001EN\" target=\"_blank\" rel=\"noopener\">\n\t\t\t\t\t\t\tOpen PDF version of product catalog\n\t\t\t\t\t<\/a>\n<h2>\n\t\tNeed help selecting components?\n\t<\/h2>\n\t\t\t<a href=\"https:\/\/dynamotion.pl\/en\/kontakt\/\" target=\"_blank\" rel=\"noopener\">\n\t\t\t\t\t\t\tContact us\n\t\t\t\t\t<\/a>\n","protected":false},"excerpt":{"rendered":"<p>Mechanical safety switches Switches with head for linear (plunger) or rotary movement (lever) For use on machines with low inertia and also on machines with high inertia, when used in conjunction with key-operated safety interlock switches with solenoid for monitoring access doors and\/or guards. When used on their own, they are always installed in &#8220;positive&hellip;<\/p>\n","protected":false},"author":5,"featured_media":2371,"parent":1879,"menu_order":4,"comment_status":"closed","ping_status":"closed","template":"","meta":{"_acf_changed":false,"footnotes":""},"class_list":["post-2432","page","type-page","status-publish","has-post-thumbnail","hentry"],"acf":[],"yoast_head":"<!-- This site is optimized with the Yoast SEO plugin v27.4 - https:\/\/yoast.com\/product\/yoast-seo-wordpress\/ -->\n<title>Safety switches - Dynamotion<\/title>\n<meta name=\"description\" content=\"Safety switches break the machine start-up control circuit when the protective cover is opened or removed.\" \/>\n<meta name=\"robots\" content=\"index, follow, max-snippet:-1, max-image-preview:large, max-video-preview:-1\" \/>\n<link rel=\"canonical\" href=\"https:\/\/dynamotion.pl\/en\/oferta\/safety-en\/safety-switches\/\" \/>\n<meta property=\"og:locale\" content=\"en_US\" \/>\n<meta property=\"og:type\" content=\"article\" \/>\n<meta property=\"og:title\" content=\"DYNAMOTION\" \/>\n<meta property=\"og:description\" content=\"DYNAMOTION - Driving the future of packaging. Helping to build and maintain the world&#039;s fastest packaging machines for the FMCG industry.\" \/>\n<meta property=\"og:url\" content=\"https:\/\/dynamotion.pl\/en\/oferta\/safety-en\/safety-switches\/\" \/>\n<meta property=\"og:site_name\" content=\"Dynamotion\" \/>\n<meta property=\"article:modified_time\" content=\"2023-08-07T10:25:32+00:00\" \/>\n<meta property=\"og:image\" content=\"https:\/\/dynamotion.pl\/wp-content\/uploads\/2021\/12\/Rozwiazanie-pakowania-zbiorczego.jpg\" \/>\n<meta name=\"twitter:card\" content=\"summary_large_image\" \/>\n<meta name=\"twitter:title\" content=\"DYNAMOTION\" \/>\n<meta name=\"twitter:description\" content=\"DYNAMOTION - Driving the future of packaging. Helping to build and maintain the world&#039;s fastest packaging machines for the FMCG industry.\" \/>\n<meta name=\"twitter:image\" content=\"https:\/\/dynamotion.pl\/wp-content\/uploads\/2021\/12\/Rozwiazanie-pakowania-zbiorczego.jpg\" \/>\n<meta name=\"twitter:label1\" content=\"Est. reading time\" \/>\n\t<meta name=\"twitter:data1\" content=\"5 minutes\" \/>\n<script type=\"application\/ld+json\" class=\"yoast-schema-graph\">{\"@context\":\"https:\\\/\\\/schema.org\",\"@graph\":[{\"@type\":\"WebPage\",\"@id\":\"https:\\\/\\\/dynamotion.pl\\\/en\\\/oferta\\\/safety-en\\\/safety-switches\\\/\",\"url\":\"https:\\\/\\\/dynamotion.pl\\\/en\\\/oferta\\\/safety-en\\\/safety-switches\\\/\",\"name\":\"Safety switches - Dynamotion\",\"isPartOf\":{\"@id\":\"https:\\\/\\\/dynamotion.pl\\\/en\\\/#website\"},\"primaryImageOfPage\":{\"@id\":\"https:\\\/\\\/dynamotion.pl\\\/en\\\/oferta\\\/safety-en\\\/safety-switches\\\/#primaryimage\"},\"image\":{\"@id\":\"https:\\\/\\\/dynamotion.pl\\\/en\\\/oferta\\\/safety-en\\\/safety-switches\\\/#primaryimage\"},\"thumbnailUrl\":\"https:\\\/\\\/dynamotion.pl\\\/wp-content\\\/uploads\\\/2023\\\/02\\\/Zrzut_ekranu_2023-02-03_122233-removebg-preview-1.png\",\"datePublished\":\"2023-01-26T15:07:13+00:00\",\"dateModified\":\"2023-08-07T10:25:32+00:00\",\"description\":\"Safety switches break the machine start-up control circuit when the protective cover is opened or removed.\",\"breadcrumb\":{\"@id\":\"https:\\\/\\\/dynamotion.pl\\\/en\\\/oferta\\\/safety-en\\\/safety-switches\\\/#breadcrumb\"},\"inLanguage\":\"en-US\",\"potentialAction\":[{\"@type\":\"ReadAction\",\"target\":[\"https:\\\/\\\/dynamotion.pl\\\/en\\\/oferta\\\/safety-en\\\/safety-switches\\\/\"]}]},{\"@type\":\"ImageObject\",\"inLanguage\":\"en-US\",\"@id\":\"https:\\\/\\\/dynamotion.pl\\\/en\\\/oferta\\\/safety-en\\\/safety-switches\\\/#primaryimage\",\"url\":\"https:\\\/\\\/dynamotion.pl\\\/wp-content\\\/uploads\\\/2023\\\/02\\\/Zrzut_ekranu_2023-02-03_122233-removebg-preview-1.png\",\"contentUrl\":\"https:\\\/\\\/dynamotion.pl\\\/wp-content\\\/uploads\\\/2023\\\/02\\\/Zrzut_ekranu_2023-02-03_122233-removebg-preview-1.png\",\"width\":540,\"height\":462,\"caption\":\"DYNAMOTION dystrybutorem marki Telemecanique Sensors YAEGO Schneider Electric rygle bezpiecze\u0144twa safety systemy bezpiecze\u0144stwa dystrybutor\"},{\"@type\":\"BreadcrumbList\",\"@id\":\"https:\\\/\\\/dynamotion.pl\\\/en\\\/oferta\\\/safety-en\\\/safety-switches\\\/#breadcrumb\",\"itemListElement\":[{\"@type\":\"ListItem\",\"position\":1,\"name\":\"Strona g\u0142\u00f3wna\",\"item\":\"https:\\\/\\\/dynamotion.pl\\\/en\\\/\"},{\"@type\":\"ListItem\",\"position\":2,\"name\":\"Offer\",\"item\":\"https:\\\/\\\/dynamotion.pl\\\/en\\\/oferta\\\/\"},{\"@type\":\"ListItem\",\"position\":3,\"name\":\"systemy bezpiecze\u0144stwa maszynowego machine safety systems preventa xps universal\",\"item\":\"https:\\\/\\\/dynamotion.pl\\\/en\\\/oferta\\\/safety-en\\\/\"},{\"@type\":\"ListItem\",\"position\":4,\"name\":\"dynamotion krak\u00f3w smole\u0144sk automatyzacja maszyn pakuj\u0105cych, safety machine systems, kra\u0144c\u00f3wki bezpiecze\u0144stwa, bezpiecze\u0144stwo maszynowe, systemy bezpiecze\u0144stwa maszynowego, preventa, schneider electric\"}]},{\"@type\":\"WebSite\",\"@id\":\"https:\\\/\\\/dynamotion.pl\\\/en\\\/#website\",\"url\":\"https:\\\/\\\/dynamotion.pl\\\/en\\\/\",\"name\":\"Dynamotion\",\"description\":\"Nap\u0119dzamy przysz\u0142o\u015b\u0107 pakowania\",\"publisher\":{\"@id\":\"https:\\\/\\\/dynamotion.pl\\\/en\\\/#organization\"},\"potentialAction\":[{\"@type\":\"SearchAction\",\"target\":{\"@type\":\"EntryPoint\",\"urlTemplate\":\"https:\\\/\\\/dynamotion.pl\\\/en\\\/?s={search_term_string}\"},\"query-input\":{\"@type\":\"PropertyValueSpecification\",\"valueRequired\":true,\"valueName\":\"search_term_string\"}}],\"inLanguage\":\"en-US\"},{\"@type\":\"Organization\",\"@id\":\"https:\\\/\\\/dynamotion.pl\\\/en\\\/#organization\",\"name\":\"DYNAMOTION Sp. z o.o.\",\"url\":\"https:\\\/\\\/dynamotion.pl\\\/en\\\/\",\"logo\":{\"@type\":\"ImageObject\",\"inLanguage\":\"en-US\",\"@id\":\"https:\\\/\\\/dynamotion.pl\\\/en\\\/#\\\/schema\\\/logo\\\/image\\\/\",\"url\":\"https:\\\/\\\/dynamotion.pl\\\/wp-content\\\/uploads\\\/2021\\\/08\\\/sygnet_stopka.png\",\"contentUrl\":\"https:\\\/\\\/dynamotion.pl\\\/wp-content\\\/uploads\\\/2021\\\/08\\\/sygnet_stopka.png\",\"width\":128,\"height\":112,\"caption\":\"DYNAMOTION Sp. z o.o.\"},\"image\":{\"@id\":\"https:\\\/\\\/dynamotion.pl\\\/en\\\/#\\\/schema\\\/logo\\\/image\\\/\"}}]}<\/script>\n<!-- \/ Yoast SEO plugin. -->","yoast_head_json":{"title":"Safety switches - Dynamotion","description":"Safety switches break the machine start-up control circuit when the protective cover is opened or removed.","robots":{"index":"index","follow":"follow","max-snippet":"max-snippet:-1","max-image-preview":"max-image-preview:large","max-video-preview":"max-video-preview:-1"},"canonical":"https:\/\/dynamotion.pl\/en\/oferta\/safety-en\/safety-switches\/","og_locale":"en_US","og_type":"article","og_title":"DYNAMOTION","og_description":"DYNAMOTION - Driving the future of packaging. Helping to build and maintain the world's fastest packaging machines for the FMCG industry.","og_url":"https:\/\/dynamotion.pl\/en\/oferta\/safety-en\/safety-switches\/","og_site_name":"Dynamotion","article_modified_time":"2023-08-07T10:25:32+00:00","og_image":[{"url":"https:\/\/dynamotion.pl\/wp-content\/uploads\/2021\/12\/Rozwiazanie-pakowania-zbiorczego.jpg","type":"","width":"","height":""}],"twitter_card":"summary_large_image","twitter_title":"DYNAMOTION","twitter_description":"DYNAMOTION - Driving the future of packaging. Helping to build and maintain the world's fastest packaging machines for the FMCG industry.","twitter_image":"https:\/\/dynamotion.pl\/wp-content\/uploads\/2021\/12\/Rozwiazanie-pakowania-zbiorczego.jpg","twitter_misc":{"Est. reading time":"5 minutes"},"schema":{"@context":"https:\/\/schema.org","@graph":[{"@type":"WebPage","@id":"https:\/\/dynamotion.pl\/en\/oferta\/safety-en\/safety-switches\/","url":"https:\/\/dynamotion.pl\/en\/oferta\/safety-en\/safety-switches\/","name":"Safety switches - Dynamotion","isPartOf":{"@id":"https:\/\/dynamotion.pl\/en\/#website"},"primaryImageOfPage":{"@id":"https:\/\/dynamotion.pl\/en\/oferta\/safety-en\/safety-switches\/#primaryimage"},"image":{"@id":"https:\/\/dynamotion.pl\/en\/oferta\/safety-en\/safety-switches\/#primaryimage"},"thumbnailUrl":"https:\/\/dynamotion.pl\/wp-content\/uploads\/2023\/02\/Zrzut_ekranu_2023-02-03_122233-removebg-preview-1.png","datePublished":"2023-01-26T15:07:13+00:00","dateModified":"2023-08-07T10:25:32+00:00","description":"Safety switches break the machine start-up control circuit when the protective cover is opened or removed.","breadcrumb":{"@id":"https:\/\/dynamotion.pl\/en\/oferta\/safety-en\/safety-switches\/#breadcrumb"},"inLanguage":"en-US","potentialAction":[{"@type":"ReadAction","target":["https:\/\/dynamotion.pl\/en\/oferta\/safety-en\/safety-switches\/"]}]},{"@type":"ImageObject","inLanguage":"en-US","@id":"https:\/\/dynamotion.pl\/en\/oferta\/safety-en\/safety-switches\/#primaryimage","url":"https:\/\/dynamotion.pl\/wp-content\/uploads\/2023\/02\/Zrzut_ekranu_2023-02-03_122233-removebg-preview-1.png","contentUrl":"https:\/\/dynamotion.pl\/wp-content\/uploads\/2023\/02\/Zrzut_ekranu_2023-02-03_122233-removebg-preview-1.png","width":540,"height":462,"caption":"DYNAMOTION dystrybutorem marki Telemecanique Sensors YAEGO Schneider Electric rygle bezpiecze\u0144twa safety systemy bezpiecze\u0144stwa dystrybutor"},{"@type":"BreadcrumbList","@id":"https:\/\/dynamotion.pl\/en\/oferta\/safety-en\/safety-switches\/#breadcrumb","itemListElement":[{"@type":"ListItem","position":1,"name":"Strona g\u0142\u00f3wna","item":"https:\/\/dynamotion.pl\/en\/"},{"@type":"ListItem","position":2,"name":"Offer","item":"https:\/\/dynamotion.pl\/en\/oferta\/"},{"@type":"ListItem","position":3,"name":"systemy bezpiecze\u0144stwa maszynowego machine safety systems preventa xps universal","item":"https:\/\/dynamotion.pl\/en\/oferta\/safety-en\/"},{"@type":"ListItem","position":4,"name":"dynamotion krak\u00f3w smole\u0144sk automatyzacja maszyn pakuj\u0105cych, safety machine systems, kra\u0144c\u00f3wki bezpiecze\u0144stwa, bezpiecze\u0144stwo maszynowe, systemy bezpiecze\u0144stwa maszynowego, preventa, schneider electric"}]},{"@type":"WebSite","@id":"https:\/\/dynamotion.pl\/en\/#website","url":"https:\/\/dynamotion.pl\/en\/","name":"Dynamotion","description":"Nap\u0119dzamy przysz\u0142o\u015b\u0107 pakowania","publisher":{"@id":"https:\/\/dynamotion.pl\/en\/#organization"},"potentialAction":[{"@type":"SearchAction","target":{"@type":"EntryPoint","urlTemplate":"https:\/\/dynamotion.pl\/en\/?s={search_term_string}"},"query-input":{"@type":"PropertyValueSpecification","valueRequired":true,"valueName":"search_term_string"}}],"inLanguage":"en-US"},{"@type":"Organization","@id":"https:\/\/dynamotion.pl\/en\/#organization","name":"DYNAMOTION Sp. z o.o.","url":"https:\/\/dynamotion.pl\/en\/","logo":{"@type":"ImageObject","inLanguage":"en-US","@id":"https:\/\/dynamotion.pl\/en\/#\/schema\/logo\/image\/","url":"https:\/\/dynamotion.pl\/wp-content\/uploads\/2021\/08\/sygnet_stopka.png","contentUrl":"https:\/\/dynamotion.pl\/wp-content\/uploads\/2021\/08\/sygnet_stopka.png","width":128,"height":112,"caption":"DYNAMOTION Sp. z o.o."},"image":{"@id":"https:\/\/dynamotion.pl\/en\/#\/schema\/logo\/image\/"}}]}},"_links":{"self":[{"href":"https:\/\/dynamotion.pl\/en\/wp-json\/wp\/v2\/pages\/2432","targetHints":{"allow":["GET"]}}],"collection":[{"href":"https:\/\/dynamotion.pl\/en\/wp-json\/wp\/v2\/pages"}],"about":[{"href":"https:\/\/dynamotion.pl\/en\/wp-json\/wp\/v2\/types\/page"}],"author":[{"embeddable":true,"href":"https:\/\/dynamotion.pl\/en\/wp-json\/wp\/v2\/users\/5"}],"replies":[{"embeddable":true,"href":"https:\/\/dynamotion.pl\/en\/wp-json\/wp\/v2\/comments?post=2432"}],"version-history":[{"count":0,"href":"https:\/\/dynamotion.pl\/en\/wp-json\/wp\/v2\/pages\/2432\/revisions"}],"up":[{"embeddable":true,"href":"https:\/\/dynamotion.pl\/en\/wp-json\/wp\/v2\/pages\/1879"}],"wp:featuredmedia":[{"embeddable":true,"href":"https:\/\/dynamotion.pl\/en\/wp-json\/wp\/v2\/media\/2371"}],"wp:attachment":[{"href":"https:\/\/dynamotion.pl\/en\/wp-json\/wp\/v2\/media?parent=2432"}],"curies":[{"name":"wp","href":"https:\/\/api.w.org\/{rel}","templated":true}]}}