{"id":2442,"date":"2023-02-02T09:26:31","date_gmt":"2023-02-02T08:26:31","guid":{"rendered":"https:\/\/dynamotion.pl\/oferta\/safety-en\/wylaczniki-linkowe\/"},"modified":"2025-12-04T16:21:51","modified_gmt":"2025-12-04T15:21:51","slug":"rope-pull-switches","status":"publish","type":"page","link":"https:\/\/dynamotion.pl\/en\/oferta\/safety-en\/rope-pull-switches\/","title":{"rendered":"Emergency stop rope pull switches"},"content":{"rendered":"\n<h2>\n\t\t\tWhat is an emergency stop rope pull switch and where is it used?\t<\/h2>\n\t\t\t\t<img decoding=\"async\" src=\"https:\/\/dynamotion.pl\/wp-content\/uploads\/2023\/02\/Zrzut_ekranu_2023-02-03_112819-removebg-preview.png\" alt=\"Telemecanique Sensors DYNAMOTION dystrybutorem marki YEGO new distributor Schneider Electric czujniki osprzet elektroniczny rope pull switches emergency stop pull-wire switches\" itemprop=\"image\" height=\"365\" width=\"683\" title=\"Zrzut_ekranu_2023-02-03_112819-removebg-preview\" onerror=\"this.style.display='none'\" loading=\"lazy\" \/>\n\t<p>An emergency stop rope pull switch is a safety component whose purpose is to immediately stop a machine in the event of a hazard. Such a stop can be made from anywhere the rope runs. Emergency stop rope pull switches work well for long distances between machines and operator stations. They not only protect people, but also prevent or reduce the risk of damage to equipment.<\/p>\n<p>Emergency stop switches are indispensable protection for machines whose operation can be potentially dangerous, such as woodworking machines, shears, textile machines, conveyor systems. They are used, for example, in rolling mills, test laboratories, paint shops, surface treatment works and many other places.<\/p>\n<h2>\n\t\t\tXY2C emergency stop pull-wire switches &#8211; learn more about our products\t<\/h2>\n\t<p>We offer XY2C pull-wire switches from Schneider Electric, designed based on the experience of the Telemecanique brand. These are robust and durable devices, whose quality and safety are confirmed by UL NiSD certification.<\/p>\n<p>&nbsp;<\/p>\n<p>Emergency stop rope pull switches are available:<\/p>\n<ul>\n<li aria-level=\"1\"><strong>with single anchor point<\/strong> &#8211; XY2CJ, XY2CH i XY2CE (additionally equipped with a cable tension indicator).<\/li>\n<\/ul>\n<ul>\n<li><b>with double anchor points <\/b>&#8211; XY2CED.<\/li>\n<\/ul>\n<p>&nbsp;<\/p>\n<p>The various models differ in terms of resetting method, types of contacts, cable anchor point, power supply, color and the material they are made of. Some of them are additionally equipped with pilot light.<\/p>\n\t\t\t\t<img decoding=\"async\" src=\"https:\/\/dynamotion.pl\/wp-content\/uploads\/2023\/02\/XY2CJS15-removebg-preview.png\" alt=\"Telemecanique Sensors DYNAMOTION dystrybutorem marki YEGO new distributor Schneider Electric czujniki osprzet elektroniczny rope pull switches emergency stop pull-wire switches\" itemprop=\"image\" height=\"500\" width=\"500\" title=\"XY2CJS15-removebg-preview\" onerror=\"this.style.display='none'\" loading=\"lazy\" \/>\n<h2>\n\t\t\tXY2CJS15\t<\/h2>\n\t<p>is an emergency stop rope pull switch with single anchor point. The maximum length of the trip cable can be 20 m. Reset by pull button. Designed for operation in temperatures from -25 to 70\u00b0C.<\/p>\n\t\t\t\t<img decoding=\"async\" src=\"https:\/\/dynamotion.pl\/wp-content\/uploads\/2023\/02\/XY2CH13253-removebg-preview.png\" alt=\"Telemecanique Sensors DYNAMOTION dystrybutorem marki YEGO new distributor Schneider Electric czujniki osprzet elektroniczny rope pull switches emergency stop pull-wire switches\" itemprop=\"image\" height=\"500\" width=\"500\" title=\"XY2CH13253-removebg-preview\" onerror=\"this.style.display='none'\" loading=\"lazy\" \/>\n<h2>\n\t\t\tXY2CH13253\t<\/h2>\n\t<p>is an emergency stop rope pull switch with booted pushbutton activated reset function. Its trip cable can reach a maximum of 30m. It is equipped with a yellow pilot light with direct power supply.<\/p>\n\t\t\t\t<img decoding=\"async\" src=\"https:\/\/dynamotion.pl\/wp-content\/uploads\/2023\/02\/XY2CEDA296H7-removebg-preview.png\" alt=\"Telemecanique Sensors DYNAMOTION dystrybutorem marki YEGO new distributor Schneider Electric czujniki osprzet elektroniczny rope pull switches emergency stop pull-wire switches\" itemprop=\"image\" height=\"500\" width=\"500\" title=\"XY2CEDA296H7-removebg-preview\" onerror=\"this.style.display='none'\" loading=\"lazy\" \/>\n<h2>\n\t\t\tXY2CEDA296H7\t<\/h2>\n\t<p>is an emergency stop rope pull switches with double anchor point with pilot light. It has a stainless steel cover and the maximum length of the cable can be 2 x 100 m.<\/p>\n<h2>\n\t\t\tTypical installation for XY2CJ, XY2CH and XY2CE\t<\/h2>\n\t\t\t\t<img decoding=\"async\" src=\"https:\/\/dynamotion.pl\/wp-content\/uploads\/2023\/02\/schemat.png\" alt=\"Telemecanique Sensors DYNAMOTION dystrybutorem marki YEGO new distribu\" itemprop=\"image\" height=\"391\" width=\"1595\" title=\"schemat\" onerror=\"this.style.display='none'\" loading=\"lazy\" \/>\n\t<ol>\n<li>Mounting support<\/li>\n<li>First cable support<\/li>\n<li>Turnbuckle<\/li>\n<li>Pulleys and pulley supports<\/li>\n<li>End spring<\/li>\n<li>Cable grips<\/li>\n<li>Switch adjustment<\/li>\n<li>Emergency stop<\/li>\n<li>Cable<\/li>\n<\/ol>\n<h2>\n\t\t\tWhy is it worth choosing XY2C emergency stop rope pull switches?\t<\/h2>\n<h2>\n\t\t\tSimple installation\t<\/h2>\n\t<p>Thanks to dedicated accessories, the installation as well as subsequent maintenance of XY2C rope pull switches is very simple.<\/p>\n<h2>\n\t\t\tResistance to outdoor conditions\t<\/h2>\n\t<p>XY2C emergency stop rope pull switches can operate at temperatures from -25 to 70\u00b0. They can be stored even at -40\u00b0C.<\/p>\n<h2>\n\t\t\tCompatible accessories\t<\/h2>\n\t<p>The XY2C range of switches is complemented by a number of accessories, such as cables, pilot lights, tensioners and cable tension indicators.<\/p>\n<h2>\n\t\t\tLow costs\t<\/h2>\n\t<p>Emergency stop rope pull switches have a low cost, which makes them attractive for many applications.<\/p>\n<h2>\n\t\t\tLearn more about emergency stop rope pull switches\t<\/h2>\n\t\t\t\t<a href=\"https:\/\/download.schneider-electric.com\/files?p_Doc_Ref=DIA4ED2151201EN\"  target=\"_blank\" rel=\"noopener\"  itemprop=\"url\">\n\t\t\t\t<img decoding=\"async\" src=\"https:\/\/dynamotion.pl\/wp-content\/uploads\/2023\/02\/pdf_linkowe.png\" alt=\"Telemecanique Sensors DYNAMOTION dystrybutorem marki YEGO new distributor Schneider Electric czujniki osprzet elektroniczny rope pull switches emergency stop pull-wire switches\" itemprop=\"image\" height=\"912\" width=\"1293\" title=\"pdf_linkowe\" onerror=\"this.style.display='none'\" loading=\"lazy\" \/>\n\t\t\t\t<\/a>\n\t\t\t<a href=\"https:\/\/download.schneider-electric.com\/files?p_Doc_Ref=DIA4ED2151201EN\" target=\"_blank\" rel=\"noopener\">\n\t\t\t\t\t\t\tOpen PDF version of product catalog\n\t\t\t\t\t<\/a>\n<h2>\n\t\t\tNeed help selecting components?\t<\/h2>\n\t\t\t<a href=\"https:\/\/dynamotion.pl\/en\/contact\/\" target=\"_blank\" rel=\"noopener\">\n\t\t\t\t\t\t\tContact us\n\t\t\t\t\t<\/a>\n\n","protected":false},"excerpt":{"rendered":"<p>What is an emergency stop rope pull switch and where is it used? An emergency stop rope pull switch is a safety component whose purpose is to immediately stop a machine in the event of a hazard. Such a stop can be made from anywhere the rope runs. Emergency stop rope pull switches work well&hellip;<\/p>\n","protected":false},"author":5,"featured_media":2365,"parent":1879,"menu_order":2,"comment_status":"closed","ping_status":"closed","template":"","meta":{"_acf_changed":false,"footnotes":""},"class_list":["post-2442","page","type-page","status-publish","has-post-thumbnail","hentry"],"acf":[],"yoast_head":"<!-- This site is optimized with the Yoast SEO plugin v27.4 - https:\/\/yoast.com\/product\/yoast-seo-wordpress\/ -->\n<title>Emergency stop rope pull switches - Dynamotion<\/title>\n<meta name=\"description\" content=\"Rope pull switches are also known as pull-wire emergency stop switches. Explore our range of pull-wire switches!\" \/>\n<meta name=\"robots\" content=\"index, follow, max-snippet:-1, max-image-preview:large, max-video-preview:-1\" \/>\n<link rel=\"canonical\" href=\"https:\/\/dynamotion.pl\/en\/oferta\/safety-en\/rope-pull-switches\/\" \/>\n<meta property=\"og:locale\" content=\"en_US\" \/>\n<meta property=\"og:type\" content=\"article\" \/>\n<meta property=\"og:title\" content=\"DYNAMOTION\" \/>\n<meta property=\"og:description\" content=\"DYNAMOTION - Driving the future of packaging. Helping to build and maintain the world&#039;s fastest packaging machines for the FMCG industry.\" \/>\n<meta property=\"og:url\" content=\"https:\/\/dynamotion.pl\/en\/oferta\/safety-en\/rope-pull-switches\/\" \/>\n<meta property=\"og:site_name\" content=\"Dynamotion\" \/>\n<meta property=\"article:modified_time\" content=\"2025-12-04T15:21:51+00:00\" \/>\n<meta property=\"og:image\" content=\"https:\/\/dynamotion.pl\/wp-content\/uploads\/2021\/12\/Rozwiazanie-pakowania-zbiorczego.jpg\" \/>\n<meta name=\"twitter:card\" content=\"summary_large_image\" \/>\n<meta name=\"twitter:title\" content=\"DYNAMOTION\" \/>\n<meta name=\"twitter:description\" content=\"DYNAMOTION - Driving the future of packaging. Helping to build and maintain the world&#039;s fastest packaging machines for the FMCG industry.\" \/>\n<meta name=\"twitter:image\" content=\"https:\/\/dynamotion.pl\/wp-content\/uploads\/2021\/12\/Rozwiazanie-pakowania-zbiorczego.jpg\" \/>\n<meta name=\"twitter:label1\" content=\"Est. reading time\" \/>\n\t<meta name=\"twitter:data1\" content=\"5 minutes\" \/>\n<script type=\"application\/ld+json\" class=\"yoast-schema-graph\">{\"@context\":\"https:\\\/\\\/schema.org\",\"@graph\":[{\"@type\":\"WebPage\",\"@id\":\"https:\\\/\\\/dynamotion.pl\\\/en\\\/oferta\\\/safety-en\\\/rope-pull-switches\\\/\",\"url\":\"https:\\\/\\\/dynamotion.pl\\\/en\\\/oferta\\\/safety-en\\\/rope-pull-switches\\\/\",\"name\":\"Emergency stop rope pull switches - Dynamotion\",\"isPartOf\":{\"@id\":\"https:\\\/\\\/dynamotion.pl\\\/en\\\/#website\"},\"primaryImageOfPage\":{\"@id\":\"https:\\\/\\\/dynamotion.pl\\\/en\\\/oferta\\\/safety-en\\\/rope-pull-switches\\\/#primaryimage\"},\"image\":{\"@id\":\"https:\\\/\\\/dynamotion.pl\\\/en\\\/oferta\\\/safety-en\\\/rope-pull-switches\\\/#primaryimage\"},\"thumbnailUrl\":\"https:\\\/\\\/dynamotion.pl\\\/wp-content\\\/uploads\\\/2023\\\/02\\\/Zrzut_ekranu_2023-02-03_112819-removebg-preview.png\",\"datePublished\":\"2023-02-02T08:26:31+00:00\",\"dateModified\":\"2025-12-04T15:21:51+00:00\",\"description\":\"Rope pull switches are also known as pull-wire emergency stop switches. Explore our range of pull-wire switches!\",\"breadcrumb\":{\"@id\":\"https:\\\/\\\/dynamotion.pl\\\/en\\\/oferta\\\/safety-en\\\/rope-pull-switches\\\/#breadcrumb\"},\"inLanguage\":\"en-US\",\"potentialAction\":[{\"@type\":\"ReadAction\",\"target\":[\"https:\\\/\\\/dynamotion.pl\\\/en\\\/oferta\\\/safety-en\\\/rope-pull-switches\\\/\"]}]},{\"@type\":\"ImageObject\",\"inLanguage\":\"en-US\",\"@id\":\"https:\\\/\\\/dynamotion.pl\\\/en\\\/oferta\\\/safety-en\\\/rope-pull-switches\\\/#primaryimage\",\"url\":\"https:\\\/\\\/dynamotion.pl\\\/wp-content\\\/uploads\\\/2023\\\/02\\\/Zrzut_ekranu_2023-02-03_112819-removebg-preview.png\",\"contentUrl\":\"https:\\\/\\\/dynamotion.pl\\\/wp-content\\\/uploads\\\/2023\\\/02\\\/Zrzut_ekranu_2023-02-03_112819-removebg-preview.png\",\"width\":683,\"height\":365,\"caption\":\"Telemecanique Sensors DYNAMOTION dystrybutorem marki YEGO new distributor Schneider Electric czujniki osprzet elektroniczny rope pull switches emergency stop pull-wire switches\"},{\"@type\":\"BreadcrumbList\",\"@id\":\"https:\\\/\\\/dynamotion.pl\\\/en\\\/oferta\\\/safety-en\\\/rope-pull-switches\\\/#breadcrumb\",\"itemListElement\":[{\"@type\":\"ListItem\",\"position\":1,\"name\":\"Strona g\u0142\u00f3wna\",\"item\":\"https:\\\/\\\/dynamotion.pl\\\/en\\\/\"},{\"@type\":\"ListItem\",\"position\":2,\"name\":\"Offer\",\"item\":\"https:\\\/\\\/dynamotion.pl\\\/en\\\/oferta\\\/\"},{\"@type\":\"ListItem\",\"position\":3,\"name\":\"systemy bezpiecze\u0144stwa maszynowego machine safety systems preventa xps universal\",\"item\":\"https:\\\/\\\/dynamotion.pl\\\/en\\\/oferta\\\/safety-en\\\/\"},{\"@type\":\"ListItem\",\"position\":4,\"name\":\"dynamotion krak\u00f3w smole\u0144sk packaging machine automation safety pull rope switches emergency stop telemecanique sensors\"}]},{\"@type\":\"WebSite\",\"@id\":\"https:\\\/\\\/dynamotion.pl\\\/en\\\/#website\",\"url\":\"https:\\\/\\\/dynamotion.pl\\\/en\\\/\",\"name\":\"Dynamotion\",\"description\":\"Nap\u0119dzamy przysz\u0142o\u015b\u0107 pakowania\",\"publisher\":{\"@id\":\"https:\\\/\\\/dynamotion.pl\\\/en\\\/#organization\"},\"potentialAction\":[{\"@type\":\"SearchAction\",\"target\":{\"@type\":\"EntryPoint\",\"urlTemplate\":\"https:\\\/\\\/dynamotion.pl\\\/en\\\/?s={search_term_string}\"},\"query-input\":{\"@type\":\"PropertyValueSpecification\",\"valueRequired\":true,\"valueName\":\"search_term_string\"}}],\"inLanguage\":\"en-US\"},{\"@type\":\"Organization\",\"@id\":\"https:\\\/\\\/dynamotion.pl\\\/en\\\/#organization\",\"name\":\"DYNAMOTION Sp. z o.o.\",\"url\":\"https:\\\/\\\/dynamotion.pl\\\/en\\\/\",\"logo\":{\"@type\":\"ImageObject\",\"inLanguage\":\"en-US\",\"@id\":\"https:\\\/\\\/dynamotion.pl\\\/en\\\/#\\\/schema\\\/logo\\\/image\\\/\",\"url\":\"https:\\\/\\\/dynamotion.pl\\\/wp-content\\\/uploads\\\/2021\\\/08\\\/sygnet_stopka.png\",\"contentUrl\":\"https:\\\/\\\/dynamotion.pl\\\/wp-content\\\/uploads\\\/2021\\\/08\\\/sygnet_stopka.png\",\"width\":128,\"height\":112,\"caption\":\"DYNAMOTION Sp. z o.o.\"},\"image\":{\"@id\":\"https:\\\/\\\/dynamotion.pl\\\/en\\\/#\\\/schema\\\/logo\\\/image\\\/\"}}]}<\/script>\n<!-- \/ Yoast SEO plugin. -->","yoast_head_json":{"title":"Emergency stop rope pull switches - Dynamotion","description":"Rope pull switches are also known as pull-wire emergency stop switches. Explore our range of pull-wire switches!","robots":{"index":"index","follow":"follow","max-snippet":"max-snippet:-1","max-image-preview":"max-image-preview:large","max-video-preview":"max-video-preview:-1"},"canonical":"https:\/\/dynamotion.pl\/en\/oferta\/safety-en\/rope-pull-switches\/","og_locale":"en_US","og_type":"article","og_title":"DYNAMOTION","og_description":"DYNAMOTION - Driving the future of packaging. Helping to build and maintain the world's fastest packaging machines for the FMCG industry.","og_url":"https:\/\/dynamotion.pl\/en\/oferta\/safety-en\/rope-pull-switches\/","og_site_name":"Dynamotion","article_modified_time":"2025-12-04T15:21:51+00:00","og_image":[{"url":"https:\/\/dynamotion.pl\/wp-content\/uploads\/2021\/12\/Rozwiazanie-pakowania-zbiorczego.jpg","type":"","width":"","height":""}],"twitter_card":"summary_large_image","twitter_title":"DYNAMOTION","twitter_description":"DYNAMOTION - Driving the future of packaging. Helping to build and maintain the world's fastest packaging machines for the FMCG industry.","twitter_image":"https:\/\/dynamotion.pl\/wp-content\/uploads\/2021\/12\/Rozwiazanie-pakowania-zbiorczego.jpg","twitter_misc":{"Est. reading time":"5 minutes"},"schema":{"@context":"https:\/\/schema.org","@graph":[{"@type":"WebPage","@id":"https:\/\/dynamotion.pl\/en\/oferta\/safety-en\/rope-pull-switches\/","url":"https:\/\/dynamotion.pl\/en\/oferta\/safety-en\/rope-pull-switches\/","name":"Emergency stop rope pull switches - Dynamotion","isPartOf":{"@id":"https:\/\/dynamotion.pl\/en\/#website"},"primaryImageOfPage":{"@id":"https:\/\/dynamotion.pl\/en\/oferta\/safety-en\/rope-pull-switches\/#primaryimage"},"image":{"@id":"https:\/\/dynamotion.pl\/en\/oferta\/safety-en\/rope-pull-switches\/#primaryimage"},"thumbnailUrl":"https:\/\/dynamotion.pl\/wp-content\/uploads\/2023\/02\/Zrzut_ekranu_2023-02-03_112819-removebg-preview.png","datePublished":"2023-02-02T08:26:31+00:00","dateModified":"2025-12-04T15:21:51+00:00","description":"Rope pull switches are also known as pull-wire emergency stop switches. Explore our range of pull-wire switches!","breadcrumb":{"@id":"https:\/\/dynamotion.pl\/en\/oferta\/safety-en\/rope-pull-switches\/#breadcrumb"},"inLanguage":"en-US","potentialAction":[{"@type":"ReadAction","target":["https:\/\/dynamotion.pl\/en\/oferta\/safety-en\/rope-pull-switches\/"]}]},{"@type":"ImageObject","inLanguage":"en-US","@id":"https:\/\/dynamotion.pl\/en\/oferta\/safety-en\/rope-pull-switches\/#primaryimage","url":"https:\/\/dynamotion.pl\/wp-content\/uploads\/2023\/02\/Zrzut_ekranu_2023-02-03_112819-removebg-preview.png","contentUrl":"https:\/\/dynamotion.pl\/wp-content\/uploads\/2023\/02\/Zrzut_ekranu_2023-02-03_112819-removebg-preview.png","width":683,"height":365,"caption":"Telemecanique Sensors DYNAMOTION dystrybutorem marki YEGO new distributor Schneider Electric czujniki osprzet elektroniczny rope pull switches emergency stop pull-wire switches"},{"@type":"BreadcrumbList","@id":"https:\/\/dynamotion.pl\/en\/oferta\/safety-en\/rope-pull-switches\/#breadcrumb","itemListElement":[{"@type":"ListItem","position":1,"name":"Strona g\u0142\u00f3wna","item":"https:\/\/dynamotion.pl\/en\/"},{"@type":"ListItem","position":2,"name":"Offer","item":"https:\/\/dynamotion.pl\/en\/oferta\/"},{"@type":"ListItem","position":3,"name":"systemy bezpiecze\u0144stwa maszynowego machine safety systems preventa xps universal","item":"https:\/\/dynamotion.pl\/en\/oferta\/safety-en\/"},{"@type":"ListItem","position":4,"name":"dynamotion krak\u00f3w smole\u0144sk packaging machine automation safety pull rope switches emergency stop telemecanique sensors"}]},{"@type":"WebSite","@id":"https:\/\/dynamotion.pl\/en\/#website","url":"https:\/\/dynamotion.pl\/en\/","name":"Dynamotion","description":"Nap\u0119dzamy przysz\u0142o\u015b\u0107 pakowania","publisher":{"@id":"https:\/\/dynamotion.pl\/en\/#organization"},"potentialAction":[{"@type":"SearchAction","target":{"@type":"EntryPoint","urlTemplate":"https:\/\/dynamotion.pl\/en\/?s={search_term_string}"},"query-input":{"@type":"PropertyValueSpecification","valueRequired":true,"valueName":"search_term_string"}}],"inLanguage":"en-US"},{"@type":"Organization","@id":"https:\/\/dynamotion.pl\/en\/#organization","name":"DYNAMOTION Sp. z o.o.","url":"https:\/\/dynamotion.pl\/en\/","logo":{"@type":"ImageObject","inLanguage":"en-US","@id":"https:\/\/dynamotion.pl\/en\/#\/schema\/logo\/image\/","url":"https:\/\/dynamotion.pl\/wp-content\/uploads\/2021\/08\/sygnet_stopka.png","contentUrl":"https:\/\/dynamotion.pl\/wp-content\/uploads\/2021\/08\/sygnet_stopka.png","width":128,"height":112,"caption":"DYNAMOTION Sp. z o.o."},"image":{"@id":"https:\/\/dynamotion.pl\/en\/#\/schema\/logo\/image\/"}}]}},"_links":{"self":[{"href":"https:\/\/dynamotion.pl\/en\/wp-json\/wp\/v2\/pages\/2442","targetHints":{"allow":["GET"]}}],"collection":[{"href":"https:\/\/dynamotion.pl\/en\/wp-json\/wp\/v2\/pages"}],"about":[{"href":"https:\/\/dynamotion.pl\/en\/wp-json\/wp\/v2\/types\/page"}],"author":[{"embeddable":true,"href":"https:\/\/dynamotion.pl\/en\/wp-json\/wp\/v2\/users\/5"}],"replies":[{"embeddable":true,"href":"https:\/\/dynamotion.pl\/en\/wp-json\/wp\/v2\/comments?post=2442"}],"version-history":[{"count":1,"href":"https:\/\/dynamotion.pl\/en\/wp-json\/wp\/v2\/pages\/2442\/revisions"}],"predecessor-version":[{"id":5456,"href":"https:\/\/dynamotion.pl\/en\/wp-json\/wp\/v2\/pages\/2442\/revisions\/5456"}],"up":[{"embeddable":true,"href":"https:\/\/dynamotion.pl\/en\/wp-json\/wp\/v2\/pages\/1879"}],"wp:featuredmedia":[{"embeddable":true,"href":"https:\/\/dynamotion.pl\/en\/wp-json\/wp\/v2\/media\/2365"}],"wp:attachment":[{"href":"https:\/\/dynamotion.pl\/en\/wp-json\/wp\/v2\/media?parent=2442"}],"curies":[{"name":"wp","href":"https:\/\/api.w.org\/{rel}","templated":true}]}}