{"id":2460,"date":"2023-02-03T10:53:00","date_gmt":"2023-02-03T09:53:00","guid":{"rendered":"https:\/\/dynamotion.pl\/oferta\/safety-en\/przyciski-bezpieczenstwa\/"},"modified":"2025-12-04T16:19:01","modified_gmt":"2025-12-04T15:19:01","slug":"estop-pushbuttons","status":"publish","type":"page","link":"https:\/\/dynamotion.pl\/en\/oferta\/safety-en\/estop-pushbuttons\/","title":{"rendered":"E-stop pushbuttons"},"content":{"rendered":"\n<h2>\n\t\t\tWhat is an E-stop pushbutton and where is it used?\t<\/h2>\n\t\t\t\t<img decoding=\"async\" src=\"https:\/\/dynamotion.pl\/wp-content\/uploads\/2023\/01\/ESTOP.png\" alt=\"Systemy bezpiecze\u0144stwa maszynowego Preventa\nPrzyciski bezpiecze\u0144stwa ESTOP Schneider Electric\" itemprop=\"image\" height=\"724\" width=\"1454\" title=\"ESTOP\" onerror=\"this.style.display='none'\" loading=\"lazy\" \/>\n\t<p>An E-stop pushbutton is a safety component designed to stop a machine in the shortest possible time. E-stops are differentiated by the number and type of contacts or types of release: by turning, by pulling, with a key, with or without marking. They can be found on a variety of machines, robots, or drives, but are most often used on servo drives, inverters, or power supply lines for a given drive or machine.<\/p>\n\t\t\t\t<img decoding=\"async\" src=\"https:\/\/dynamotion.pl\/wp-content\/uploads\/2023\/02\/files-removebg-preview.png\" alt=\"Systemy bezpiecze\u0144stwa maszynowego Preventa Przyciski bezpiecze\u0144stwa ESTOP Schneider Electric e-stop pushbutton\" itemprop=\"image\" height=\"500\" width=\"500\" title=\"files-removebg-preview\" onerror=\"this.style.display='none'\" loading=\"lazy\" \/>\n<h2>\n\t\t\tXALK178G\t<\/h2>\n\t<p>is a complete control station with one pushbutton. Reset of the connected pushbutton occurs when it is turned. Equipped with contact configuration: 1 NO + 2NC.<\/p>\n\t\t\t\t<img decoding=\"async\" src=\"https:\/\/dynamotion.pl\/wp-content\/uploads\/2023\/02\/XALD-K_660_CPODA2016035_1500x1500-removebg-preview.png\" alt=\"Systemy bezpiecze\u0144stwa maszynowego Preventa\nPrzyciski bezpiecze\u0144stwa ESTOP Schneider Electric\" itemprop=\"image\" height=\"500\" width=\"500\" title=\"XALD-K_660_CPODA2016035_1500x1500-removebg-preview\" onerror=\"this.style.display='none'\" loading=\"lazy\" \/>\n<h2>\n\t\t\tXALK188F\t<\/h2>\n\t<p>is a complete control station with emergency stop function. It is equipped with a single mushroom button and unlocked with a key,\u00a0which provides an increased level of security.<\/p>\n\t\t\t\t<img decoding=\"async\" src=\"https:\/\/dynamotion.pl\/wp-content\/uploads\/2023\/02\/XALD-K_660_CPMFS18037_1500x1500-removebg-preview.png\" alt=\"Systemy bezpiecze\u0144stwa maszynowego Preventa Przyciski bezpiecze\u0144stwa ESTOP Schneider Electric e-stop pushbutton\" itemprop=\"image\" height=\"500\" width=\"500\" title=\"XALD-K_660_CPMFS18037_1500x1500-removebg-preview\" onerror=\"this.style.display='none'\" loading=\"lazy\" \/>\n<h2>\n\t\t\tXALK84W3BG\t<\/h2>\n\t<p>is a complete control station with two-color illumination function. The stop is released by turning. The station is powered by 24 V AC\/DC.<\/p>\n<h2>\n\t\t\tWhy is it worth choosing Harmony E-stop pushbuttons?\t<\/h2>\n<h2>\n\t\t\tRobustness <br \/>and durability\t<\/h2>\n\t<p>Harmony E-stop pushbuttons are resistant to mechanical shock and stand up well to high-pressure cleaning. They can operate in a temperature range from &#8211; 40 to 70\u00b0C.<\/p>\n<h2>\n\t\t\tPerfect fit\t<\/h2>\n\t<p>A wide selection of various components allows you to create your own E-stop pushbutton, perfectly adapted to your individual needs.<\/p>\n<h2>\n\t\t\tEcology\t<\/h2>\n\t<p>Safety pushbuttons from Schneider carry the Green Premium label, which confirms compliance with regulations on environmental impact and low CO2 emissions.<\/p>\n<h2>\n\t\t\t18 month warranty\t<\/h2>\n\t<p>For both the complete stations and the individual components of the Harmony E-stop pushbuttons, the manufacturer provides an 18-month warranty.<\/p>\n<h2>\n\t\t\tLearn more about E-stop pushbuttons\t<\/h2>\n\t\t\t\t<a href=\"https:\/\/www.astor.com.pl\/poradnikautomatyka\/jak-podlaczyc-przycisk-e-stop-kurs-podlaczania-i-konfigurowania-przekaznikow-bezpieczenstwa-dla-maszyn-i-stanowisk-produkcyjnych-odc-1\/\"  target=\"_blank\" rel=\"noopener\"  itemprop=\"url\">\n\t\t\t\t<img decoding=\"async\" src=\"https:\/\/dynamotion.pl\/wp-content\/uploads\/2023\/02\/Kurs-podlaczania-i-kofigurowania-przekaznikowbezpieczenstwa-dla-maszyn-i-stanowisk-produkcyjnych.png\" alt=\"Kurs pod\u0142\u0105czania i kofigurowania przeka\u017anik\u00f3wbezpiecze\u0144stwa dla maszyn i stanowisk produkcyjnych\" itemprop=\"image\" height=\"1365\" width=\"2048\" title=\"Kurs pod\u0142\u0105czania i kofigurowania przeka\u017anik\u00f3wbezpiecze\u0144stwa dla maszyn i stanowisk produkcyjnych\" onerror=\"this.style.display='none'\" loading=\"lazy\" \/>\n\t\t\t\t<\/a>\n\t\t\t<a href=\"https:\/\/www.astor.com.pl\/poradnikautomatyka\/jak-podlaczyc-przycisk-e-stop-kurs-podlaczania-i-konfigurowania-przekaznikow-bezpieczenstwa-dla-maszyn-i-stanowisk-produkcyjnych-odc-1\/\" target=\"_blank\" rel=\"noopener\">\n\t\t\t\t\t\t\tGo to course\n\t\t\t\t\t<\/a>\n\t\t\t\t<a href=\"https:\/\/download.schneider-electric.com\/files?p_Doc_Ref=DIA5ED2130508EN\"  target=\"_blank\" rel=\"noopener\"  itemprop=\"url\">\n\t\t\t\t<img decoding=\"async\" src=\"https:\/\/dynamotion.pl\/wp-content\/uploads\/2023\/02\/katalog-estop.png\" alt=\"e-stop pushbutton safety\" itemprop=\"image\" height=\"960\" width=\"1358\" title=\"katalog-estop\" onerror=\"this.style.display='none'\" loading=\"lazy\" \/>\n\t\t\t\t<\/a>\n\t\t\t<a href=\"https:\/\/download.schneider-electric.com\/files?p_Doc_Ref=DIA5ED2130508EN\" target=\"_blank\" rel=\"noopener\">\n\t\t\t\t\t\t\tOpen PDF version of product catalog\n\t\t\t\t\t<\/a>\n<h2>\n\t\t\tNeed help selecting components?\t<\/h2>\n\t\t\t<a href=\"https:\/\/dynamotion.pl\/en\/contact\/\" target=\"_blank\" rel=\"noopener\">\n\t\t\t\t\t\t\tContact us\n\t\t\t\t\t<\/a>\n\n","protected":false},"excerpt":{"rendered":"<p>What is an E-stop pushbutton and where is it used? An E-stop pushbutton is a safety component designed to stop a machine in the shortest possible time. E-stops are differentiated by the number and type of contacts or types of release: by turning, by pulling, with a key, with or without marking. They can be&hellip;<\/p>\n","protected":false},"author":5,"featured_media":2354,"parent":1879,"menu_order":2,"comment_status":"closed","ping_status":"closed","template":"","meta":{"_acf_changed":false,"footnotes":""},"class_list":["post-2460","page","type-page","status-publish","has-post-thumbnail","hentry"],"acf":[],"yoast_head":"<!-- This site is optimized with the Yoast SEO plugin v27.4 - https:\/\/yoast.com\/product\/yoast-seo-wordpress\/ -->\n<title>E-stop pushbuttons - Dynamotion<\/title>\n<meta name=\"description\" content=\"Safety E-stop pushbuttons are the most commonly used safety components in machinery and production systems.\" \/>\n<meta name=\"robots\" content=\"index, follow, max-snippet:-1, max-image-preview:large, max-video-preview:-1\" \/>\n<link rel=\"canonical\" href=\"https:\/\/dynamotion.pl\/en\/oferta\/safety-en\/estop-pushbuttons\/\" \/>\n<meta property=\"og:locale\" content=\"en_US\" \/>\n<meta property=\"og:type\" content=\"article\" \/>\n<meta property=\"og:title\" content=\"DYNAMOTION\" \/>\n<meta property=\"og:description\" content=\"Safety (E-stop) pushbuttons are the most commonly used safety components in machinery and production systems.\" \/>\n<meta property=\"og:url\" content=\"https:\/\/dynamotion.pl\/en\/oferta\/safety-en\/estop-pushbuttons\/\" \/>\n<meta property=\"og:site_name\" content=\"Dynamotion\" \/>\n<meta property=\"article:modified_time\" content=\"2025-12-04T15:19:01+00:00\" \/>\n<meta property=\"og:image\" content=\"https:\/\/dynamotion.pl\/wp-content\/uploads\/2023\/02\/Przycisk_bezpeiczenstwa_E-STOP_Maszyna_Operator_Panel_ASTOR_Preventa_XPS_Universal.jpg\" \/>\n\t<meta property=\"og:image:width\" content=\"1920\" \/>\n\t<meta property=\"og:image:height\" content=\"1080\" \/>\n\t<meta property=\"og:image:type\" content=\"image\/jpeg\" \/>\n<meta name=\"twitter:card\" content=\"summary_large_image\" \/>\n<meta name=\"twitter:title\" content=\"DYNAMOTION\" \/>\n<meta name=\"twitter:description\" content=\"Safety (E-stop) pushbuttons are the most commonly used safety components in machinery and production systems.\" \/>\n<meta name=\"twitter:image\" content=\"https:\/\/dynamotion.pl\/wp-content\/uploads\/2023\/02\/Przycisk_bezpeiczenstwa_E-STOP_Maszyna_Operator_Panel_ASTOR_Preventa_XPS_Universal.jpg\" \/>\n<meta name=\"twitter:label1\" content=\"Est. reading time\" \/>\n\t<meta name=\"twitter:data1\" content=\"3 minutes\" \/>\n<script type=\"application\/ld+json\" class=\"yoast-schema-graph\">{\"@context\":\"https:\\\/\\\/schema.org\",\"@graph\":[{\"@type\":\"WebPage\",\"@id\":\"https:\\\/\\\/dynamotion.pl\\\/en\\\/oferta\\\/safety-en\\\/estop-pushbuttons\\\/\",\"url\":\"https:\\\/\\\/dynamotion.pl\\\/en\\\/oferta\\\/safety-en\\\/estop-pushbuttons\\\/\",\"name\":\"E-stop pushbuttons - Dynamotion\",\"isPartOf\":{\"@id\":\"https:\\\/\\\/dynamotion.pl\\\/en\\\/#website\"},\"primaryImageOfPage\":{\"@id\":\"https:\\\/\\\/dynamotion.pl\\\/en\\\/oferta\\\/safety-en\\\/estop-pushbuttons\\\/#primaryimage\"},\"image\":{\"@id\":\"https:\\\/\\\/dynamotion.pl\\\/en\\\/oferta\\\/safety-en\\\/estop-pushbuttons\\\/#primaryimage\"},\"thumbnailUrl\":\"https:\\\/\\\/dynamotion.pl\\\/wp-content\\\/uploads\\\/2023\\\/02\\\/Przycisk_bezpeiczenstwa_E-STOP_Maszyna_Operator_Panel_ASTOR_Preventa_XPS_Universal.jpg\",\"datePublished\":\"2023-02-03T09:53:00+00:00\",\"dateModified\":\"2025-12-04T15:19:01+00:00\",\"description\":\"Safety E-stop pushbuttons are the most commonly used safety components in machinery and production systems.\",\"breadcrumb\":{\"@id\":\"https:\\\/\\\/dynamotion.pl\\\/en\\\/oferta\\\/safety-en\\\/estop-pushbuttons\\\/#breadcrumb\"},\"inLanguage\":\"en-US\",\"potentialAction\":[{\"@type\":\"ReadAction\",\"target\":[\"https:\\\/\\\/dynamotion.pl\\\/en\\\/oferta\\\/safety-en\\\/estop-pushbuttons\\\/\"]}]},{\"@type\":\"ImageObject\",\"inLanguage\":\"en-US\",\"@id\":\"https:\\\/\\\/dynamotion.pl\\\/en\\\/oferta\\\/safety-en\\\/estop-pushbuttons\\\/#primaryimage\",\"url\":\"https:\\\/\\\/dynamotion.pl\\\/wp-content\\\/uploads\\\/2023\\\/02\\\/Przycisk_bezpeiczenstwa_E-STOP_Maszyna_Operator_Panel_ASTOR_Preventa_XPS_Universal.jpg\",\"contentUrl\":\"https:\\\/\\\/dynamotion.pl\\\/wp-content\\\/uploads\\\/2023\\\/02\\\/Przycisk_bezpeiczenstwa_E-STOP_Maszyna_Operator_Panel_ASTOR_Preventa_XPS_Universal.jpg\",\"width\":1920,\"height\":1080,\"caption\":\"Systemy bezpiecze\u0144stwa maszynowego Preventa Przyciski bezpiecze\u0144stwa ESTOP Schneider Electric\"},{\"@type\":\"BreadcrumbList\",\"@id\":\"https:\\\/\\\/dynamotion.pl\\\/en\\\/oferta\\\/safety-en\\\/estop-pushbuttons\\\/#breadcrumb\",\"itemListElement\":[{\"@type\":\"ListItem\",\"position\":1,\"name\":\"Strona g\u0142\u00f3wna\",\"item\":\"https:\\\/\\\/dynamotion.pl\\\/en\\\/\"},{\"@type\":\"ListItem\",\"position\":2,\"name\":\"Offer\",\"item\":\"https:\\\/\\\/dynamotion.pl\\\/en\\\/oferta\\\/\"},{\"@type\":\"ListItem\",\"position\":3,\"name\":\"systemy bezpiecze\u0144stwa maszynowego machine safety systems preventa xps universal\",\"item\":\"https:\\\/\\\/dynamotion.pl\\\/en\\\/oferta\\\/safety-en\\\/\"},{\"@type\":\"ListItem\",\"position\":4,\"name\":\"hompage dynamotion krak\u00f3w smole\u0144sk packaging machine automation e-stop pushbuttons safety\"}]},{\"@type\":\"WebSite\",\"@id\":\"https:\\\/\\\/dynamotion.pl\\\/en\\\/#website\",\"url\":\"https:\\\/\\\/dynamotion.pl\\\/en\\\/\",\"name\":\"Dynamotion\",\"description\":\"Nap\u0119dzamy przysz\u0142o\u015b\u0107 pakowania\",\"publisher\":{\"@id\":\"https:\\\/\\\/dynamotion.pl\\\/en\\\/#organization\"},\"potentialAction\":[{\"@type\":\"SearchAction\",\"target\":{\"@type\":\"EntryPoint\",\"urlTemplate\":\"https:\\\/\\\/dynamotion.pl\\\/en\\\/?s={search_term_string}\"},\"query-input\":{\"@type\":\"PropertyValueSpecification\",\"valueRequired\":true,\"valueName\":\"search_term_string\"}}],\"inLanguage\":\"en-US\"},{\"@type\":\"Organization\",\"@id\":\"https:\\\/\\\/dynamotion.pl\\\/en\\\/#organization\",\"name\":\"DYNAMOTION Sp. z o.o.\",\"url\":\"https:\\\/\\\/dynamotion.pl\\\/en\\\/\",\"logo\":{\"@type\":\"ImageObject\",\"inLanguage\":\"en-US\",\"@id\":\"https:\\\/\\\/dynamotion.pl\\\/en\\\/#\\\/schema\\\/logo\\\/image\\\/\",\"url\":\"https:\\\/\\\/dynamotion.pl\\\/wp-content\\\/uploads\\\/2021\\\/08\\\/sygnet_stopka.png\",\"contentUrl\":\"https:\\\/\\\/dynamotion.pl\\\/wp-content\\\/uploads\\\/2021\\\/08\\\/sygnet_stopka.png\",\"width\":128,\"height\":112,\"caption\":\"DYNAMOTION Sp. z o.o.\"},\"image\":{\"@id\":\"https:\\\/\\\/dynamotion.pl\\\/en\\\/#\\\/schema\\\/logo\\\/image\\\/\"}}]}<\/script>\n<!-- \/ Yoast SEO plugin. -->","yoast_head_json":{"title":"E-stop pushbuttons - Dynamotion","description":"Safety E-stop pushbuttons are the most commonly used safety components in machinery and production systems.","robots":{"index":"index","follow":"follow","max-snippet":"max-snippet:-1","max-image-preview":"max-image-preview:large","max-video-preview":"max-video-preview:-1"},"canonical":"https:\/\/dynamotion.pl\/en\/oferta\/safety-en\/estop-pushbuttons\/","og_locale":"en_US","og_type":"article","og_title":"DYNAMOTION","og_description":"Safety (E-stop) pushbuttons are the most commonly used safety components in machinery and production systems.","og_url":"https:\/\/dynamotion.pl\/en\/oferta\/safety-en\/estop-pushbuttons\/","og_site_name":"Dynamotion","article_modified_time":"2025-12-04T15:19:01+00:00","og_image":[{"width":1920,"height":1080,"url":"https:\/\/dynamotion.pl\/wp-content\/uploads\/2023\/02\/Przycisk_bezpeiczenstwa_E-STOP_Maszyna_Operator_Panel_ASTOR_Preventa_XPS_Universal.jpg","type":"image\/jpeg"}],"twitter_card":"summary_large_image","twitter_title":"DYNAMOTION","twitter_description":"Safety (E-stop) pushbuttons are the most commonly used safety components in machinery and production systems.","twitter_image":"https:\/\/dynamotion.pl\/wp-content\/uploads\/2023\/02\/Przycisk_bezpeiczenstwa_E-STOP_Maszyna_Operator_Panel_ASTOR_Preventa_XPS_Universal.jpg","twitter_misc":{"Est. reading time":"3 minutes"},"schema":{"@context":"https:\/\/schema.org","@graph":[{"@type":"WebPage","@id":"https:\/\/dynamotion.pl\/en\/oferta\/safety-en\/estop-pushbuttons\/","url":"https:\/\/dynamotion.pl\/en\/oferta\/safety-en\/estop-pushbuttons\/","name":"E-stop pushbuttons - Dynamotion","isPartOf":{"@id":"https:\/\/dynamotion.pl\/en\/#website"},"primaryImageOfPage":{"@id":"https:\/\/dynamotion.pl\/en\/oferta\/safety-en\/estop-pushbuttons\/#primaryimage"},"image":{"@id":"https:\/\/dynamotion.pl\/en\/oferta\/safety-en\/estop-pushbuttons\/#primaryimage"},"thumbnailUrl":"https:\/\/dynamotion.pl\/wp-content\/uploads\/2023\/02\/Przycisk_bezpeiczenstwa_E-STOP_Maszyna_Operator_Panel_ASTOR_Preventa_XPS_Universal.jpg","datePublished":"2023-02-03T09:53:00+00:00","dateModified":"2025-12-04T15:19:01+00:00","description":"Safety E-stop pushbuttons are the most commonly used safety components in machinery and production systems.","breadcrumb":{"@id":"https:\/\/dynamotion.pl\/en\/oferta\/safety-en\/estop-pushbuttons\/#breadcrumb"},"inLanguage":"en-US","potentialAction":[{"@type":"ReadAction","target":["https:\/\/dynamotion.pl\/en\/oferta\/safety-en\/estop-pushbuttons\/"]}]},{"@type":"ImageObject","inLanguage":"en-US","@id":"https:\/\/dynamotion.pl\/en\/oferta\/safety-en\/estop-pushbuttons\/#primaryimage","url":"https:\/\/dynamotion.pl\/wp-content\/uploads\/2023\/02\/Przycisk_bezpeiczenstwa_E-STOP_Maszyna_Operator_Panel_ASTOR_Preventa_XPS_Universal.jpg","contentUrl":"https:\/\/dynamotion.pl\/wp-content\/uploads\/2023\/02\/Przycisk_bezpeiczenstwa_E-STOP_Maszyna_Operator_Panel_ASTOR_Preventa_XPS_Universal.jpg","width":1920,"height":1080,"caption":"Systemy bezpiecze\u0144stwa maszynowego Preventa Przyciski bezpiecze\u0144stwa ESTOP Schneider Electric"},{"@type":"BreadcrumbList","@id":"https:\/\/dynamotion.pl\/en\/oferta\/safety-en\/estop-pushbuttons\/#breadcrumb","itemListElement":[{"@type":"ListItem","position":1,"name":"Strona g\u0142\u00f3wna","item":"https:\/\/dynamotion.pl\/en\/"},{"@type":"ListItem","position":2,"name":"Offer","item":"https:\/\/dynamotion.pl\/en\/oferta\/"},{"@type":"ListItem","position":3,"name":"systemy bezpiecze\u0144stwa maszynowego machine safety systems preventa xps universal","item":"https:\/\/dynamotion.pl\/en\/oferta\/safety-en\/"},{"@type":"ListItem","position":4,"name":"hompage dynamotion krak\u00f3w smole\u0144sk packaging machine automation e-stop pushbuttons safety"}]},{"@type":"WebSite","@id":"https:\/\/dynamotion.pl\/en\/#website","url":"https:\/\/dynamotion.pl\/en\/","name":"Dynamotion","description":"Nap\u0119dzamy przysz\u0142o\u015b\u0107 pakowania","publisher":{"@id":"https:\/\/dynamotion.pl\/en\/#organization"},"potentialAction":[{"@type":"SearchAction","target":{"@type":"EntryPoint","urlTemplate":"https:\/\/dynamotion.pl\/en\/?s={search_term_string}"},"query-input":{"@type":"PropertyValueSpecification","valueRequired":true,"valueName":"search_term_string"}}],"inLanguage":"en-US"},{"@type":"Organization","@id":"https:\/\/dynamotion.pl\/en\/#organization","name":"DYNAMOTION Sp. z o.o.","url":"https:\/\/dynamotion.pl\/en\/","logo":{"@type":"ImageObject","inLanguage":"en-US","@id":"https:\/\/dynamotion.pl\/en\/#\/schema\/logo\/image\/","url":"https:\/\/dynamotion.pl\/wp-content\/uploads\/2021\/08\/sygnet_stopka.png","contentUrl":"https:\/\/dynamotion.pl\/wp-content\/uploads\/2021\/08\/sygnet_stopka.png","width":128,"height":112,"caption":"DYNAMOTION Sp. z o.o."},"image":{"@id":"https:\/\/dynamotion.pl\/en\/#\/schema\/logo\/image\/"}}]}},"_links":{"self":[{"href":"https:\/\/dynamotion.pl\/en\/wp-json\/wp\/v2\/pages\/2460","targetHints":{"allow":["GET"]}}],"collection":[{"href":"https:\/\/dynamotion.pl\/en\/wp-json\/wp\/v2\/pages"}],"about":[{"href":"https:\/\/dynamotion.pl\/en\/wp-json\/wp\/v2\/types\/page"}],"author":[{"embeddable":true,"href":"https:\/\/dynamotion.pl\/en\/wp-json\/wp\/v2\/users\/5"}],"replies":[{"embeddable":true,"href":"https:\/\/dynamotion.pl\/en\/wp-json\/wp\/v2\/comments?post=2460"}],"version-history":[{"count":1,"href":"https:\/\/dynamotion.pl\/en\/wp-json\/wp\/v2\/pages\/2460\/revisions"}],"predecessor-version":[{"id":5455,"href":"https:\/\/dynamotion.pl\/en\/wp-json\/wp\/v2\/pages\/2460\/revisions\/5455"}],"up":[{"embeddable":true,"href":"https:\/\/dynamotion.pl\/en\/wp-json\/wp\/v2\/pages\/1879"}],"wp:featuredmedia":[{"embeddable":true,"href":"https:\/\/dynamotion.pl\/en\/wp-json\/wp\/v2\/media\/2354"}],"wp:attachment":[{"href":"https:\/\/dynamotion.pl\/en\/wp-json\/wp\/v2\/media?parent=2460"}],"curies":[{"name":"wp","href":"https:\/\/api.w.org\/{rel}","templated":true}]}}