{"id":2561,"date":"2023-03-17T09:45:43","date_gmt":"2023-03-17T08:45:43","guid":{"rendered":"https:\/\/dynamotion.pl\/oferta\/autmatyka-maszynowa\/"},"modified":"2025-12-04T15:20:42","modified_gmt":"2025-12-04T14:20:42","slug":"machine-automation","status":"publish","type":"page","link":"https:\/\/dynamotion.pl\/en\/oferta\/machine-automation\/","title":{"rendered":"Machine automation systems"},"content":{"rendered":"\n\n\t<p><strong>Machine automation systems\u00a0<\/strong><\/p>\n\t<p>Machine Control for the Digital Age<\/p>\n\t<p>Smart machine control enables to easily build and use machines to their fullest capacity with maximum efficiencies, while increasing energy efficiency.<\/p>\n<p>With the advent of the IOT era, machine builders can stay one step ahead by using advanced connectivity controllers that are helping them to unlock the power of big data.<\/p>\n\t\t\t\t<img decoding=\"async\" src=\"https:\/\/dynamotion.pl\/wp-content\/uploads\/2023\/01\/Untitled_design__2_-removebg-preview.png\" alt=\"schneider electric preventa systemy bezpiecze\u0144stwa maszynowego safety\" itemprop=\"image\" height=\"271\" width=\"920\" title=\"Schneider_Electric_logo_dystrybutor\" onerror=\"this.style.display='none'\" loading=\"lazy\" \/>\n\t<strong>Reliable<\/strong><br \/>\n<strong>company<\/strong>\n\t<strong>Globally valued<br \/>\nsolutions<\/strong>\n\t<strong>Knowledge<\/strong><br \/>\n<strong>and support<\/strong>\n\t<p>Select your Machine Control Solution<\/p>\n\t<p>A complete range to provide the relevant functions for your Machine Control Solution.<\/p>\n\t\t\t\t<img decoding=\"async\" src=\"https:\/\/dynamotion.pl\/wp-content\/uploads\/2023\/01\/PF130228C_Machine_Control_DYNAMOTION_Schneider_Electric_sterownik.png\" alt=\"PF130228C_Machine_Control_DYNAMOTION_Schneider_Electric_sterownik\" itemprop=\"image\" height=\"1853\" width=\"1853\" title=\"PF130228C_Machine_Control_DYNAMOTION_Schneider_Electric_sterownik\" onerror=\"this.style.display='none'\" loading=\"lazy\" \/>\n\t\t\t\t<img decoding=\"async\" src=\"https:\/\/dynamotion.pl\/wp-content\/uploads\/2023\/01\/PLC-controllers_DYANAMOTION_SchneiderElectric_machine_control_sterowanie_maszynowe-2.png\" alt=\"PLC controllers_DYANAMOTION_SchneiderElectric_machine_control_sterowanie_maszynowe\" itemprop=\"image\" height=\"1566\" width=\"1964\" title=\"PLC controllers_DYANAMOTION_SchneiderElectric_machine_control_sterowanie_maszynowe\" onerror=\"this.style.display='none'\" loading=\"lazy\" \/>\n\t\t\t\t<img decoding=\"async\" src=\"https:\/\/dynamotion.pl\/wp-content\/uploads\/2023\/01\/Safety_TM3_Modicon-M262_RZ_DYNAMOTION_Schneider_Electric_Machine_Control_Sterowanie_Maszynami.png\" alt=\"Safety_TM3_Modicon M262_RZ_DYNAMOTION_Schneider_Electric_Machine_Control_Sterowanie_Maszynami\" itemprop=\"image\" height=\"1381\" width=\"1770\" title=\"Safety_TM3_Modicon M262_RZ_DYNAMOTION_Schneider_Electric_Machine_Control_Sterowanie_Maszynami\" onerror=\"this.style.display='none'\" loading=\"lazy\" \/>\n\t<p><b>Modicon M221<\/b> <b>Logic controller<\/b><\/p>\n<p>Achieve benchmark performance while increasing profitability with the\u00a0Modicon\u00a0M221 PLC, the most complete controller in the new\u00a0Modicon\u00a0range.<\/p>\n\t<p><b>Modicon M241 Logic controller<\/b><\/p>\n<p>Achieve benchmark performance and embedded motion with the\u00a0Modicon\u00a0M241 logic controller, the most communicative controller on the market thanks to 5 embedded communication ports.<\/p>\n\t<p><b>Modicon TM3 IOs<\/b><\/p>\n<p>Boost the performance of your controller with the Modicon TM3 I\/O system specially designed for the Modicon M221, M241, and M251 logic controllers.<\/p>\n\t\t\t<a href=\"https:\/\/download.schneider-electric.com\/files?p_enDocType=Catalog&#038;p_File_Name=Catalog+Modicon+M221+Programmable+logic+controller_+February+2023.pdf&#038;p_Doc_Ref=DIA3ED2140106EN\" target=\"_blank\" rel=\"noopener\">\n\t\t\t\t\t\t\tLearn more\n\t\t\t\t\t<\/a>\n\t\t\t<a href=\"https:\/\/download.schneider-electric.com\/files?p_enDocType=Catalog&#038;p_File_Name=Catalog+Modicon+M241+Programmable+Logic+Controller+for+performance+demanding+applications_October+2023.pdf&#038;p_Doc_Ref=DIA3ED2140107EN\" target=\"_blank\" rel=\"noopener\">\n\t\t\t\t\t\t\tLearn more\n\t\t\t\t\t<\/a>\n\t\t\t<a href=\"https:\/\/download.schneider-electric.com\/files?p_enDocType=Catalog&#038;p_File_Name=Catalog+Modicon+TM3+Expansion+IO+modules+for+Modicon+M221+M241+M251+and+M262+plc_February+2023.pdf&#038;p_Doc_Ref=DIA3ED2140109EN\" target=\"_blank\" rel=\"noopener\">\n\t\t\t\t\t\t\tLearn more\n\t\t\t\t\t<\/a>\n<h2>\n\t\t\tEcoStruxure Machine Expert \t<\/h2>\n\t<p>EcoStruxure Machine Expert is a unique solution software for developing, configuring, and commissioning the entire machine in a single software environment, including logic, motion control, robotics\/mechatronics, simulation, diagnostics, intelligent motor and load management and drives, HMI (Vijeo Designer), IIoT and related network automation functions.<\/p>\n\t<p><b>Efficiency<\/b><\/p>\n<p>One single and standard software to configure your machine.<\/p>\n\t<p><b>Flexibility and scalability<\/b><\/p>\n<p>One software covering the needs of simple up to high performance machines.<\/p>\n\t<p><b>Safe and secure<\/b><\/p>\n<p>Know-how protection improvement with certificates<\/p>\n\t<p><b>Digitization<\/b><\/p>\n<p>Download and install software from the cloud in a modular way.<\/p>\n\t\t\t<a href=\"https:\/\/download.schneider-electric.com\/files?p_Doc_Ref=DIA3ED2180701EN\" target=\"_blank\" rel=\"noopener\">\n\t\t\t\t\t\t\tSee more\n\t\t\t\t\t<\/a>\n<h2>\n\t\t\tChoose the the best PLC and I\/O solution for your machine application.\t<\/h2>\n\t<p><strong>Selecting the right PLC and I\/Os has never been so easy and fast with the Modicon PLC Configurator.<\/strong><\/p>\nBuild your complete machine control solution<br \/>\nin 3 simple steps:\n<p>1.Start by clicking the &#8220;Select Now&#8221; button on the bottom<\/p>\n<p>2.Select the your criterias for PLC and I\/Os<\/p>\n<p>3.Continue with your selection &amp; add to cart!<\/p>\n\t\t\t<a href=\"https:\/\/www.se.com\/pl\/pl\/work\/products\/industrial-automation-control\/tools\/modicon-plc-configurator.jsp?preferredCountry=yes\" target=\"_self\">\n\t\t\t\t\t\t\tSelect now\n\t\t\t\t\t<\/a>\n\t<iframe width=\"560\" height=\"315\" src=\"https:\/\/www.youtube.com\/embed\/Pwl90AofyT4\" title=\"YouTube video player\" frameborder=\"0\" allow=\"accelerometer; autoplay; clipboard-write; encrypted-media; gyroscope; picture-in-picture; web-share\" allowfullscreen=\"\"><\/iframe>\n<h2>\n\t\t\tOverview on Schneider Electric <br \/>Industrial Automation \t<\/h2>\n\t\t\t\t<img decoding=\"async\" src=\"https:\/\/dynamotion.pl\/wp-content\/plugins\/bb-plugin\/img\/pixel.png\" alt=\"\" itemprop=\"image\" onerror=\"this.style.display='none'\" loading=\"lazy\" \/>\n\t<p>Take advantage of a comprehensive offer in industrial automation and control products and solutions &#8211; from programmable relays, to motion controllers, and interface devices for applications from simple machines to complex process systems.<\/p>\n\t\t\t<a href=\"https:\/\/download.schneider-electric.com\/files?p_enDocType=Catalog&#038;p_File_Name=Machine+Struxure+-+Katalog+2015+PL.pdf&#038;p_Doc_Ref=PD4PLKATKT82401\" target=\"_blank\" rel=\"noopener\">\n\t\t\t\t\t\t\tSee more\n\t\t\t\t\t<\/a>\n\t<p>Additional Resources &amp; Technical Documents<\/p>\n\t<p>Find all the information you need here.<\/p>\n<h2>\n\t\t\tLearn more about Schneider Electric&#8217;s <br \/>machine automation systems\t<\/h2>\n\t\t<iframe width=\"560\" height=\"315\" src=\"https:\/\/www.youtube.com\/embed\/T41TuxkQa1c\" title=\"YouTube video player\" frameborder=\"0\" allow=\"accelerometer; autoplay; clipboard-write; encrypted-media; gyroscope; picture-in-picture; web-share\" allowfullscreen><\/iframe>\t\n<h2>\n\t\t\tProduct Catalogue <br \/>Essential Automation and Control\t<\/h2>\n\t\t\t\t<img decoding=\"async\" src=\"https:\/\/dynamotion.pl\/wp-content\/uploads\/2023\/01\/DYNAMOTION_SCHNEIDER_ELECTRIC_Automation_and_Control_Essentials_Catalog_2023_machine-control.png\" alt=\"DYNAMOTION_SCHNEIDER_ELECTRIC_Automation_and_Control_Essentials_Catalog_2023_machine control\" itemprop=\"image\" height=\"909\" width=\"642\" title=\"DYNAMOTION_SCHNEIDER_ELECTRIC_Automation_and_Control_Essentials_Catalog_2023_machine control\" onerror=\"this.style.display='none'\" loading=\"lazy\" \/>\n\t\t\t<a href=\"https:\/\/download.schneider-electric.com\/files?p_Archive_Name=DIA5ED2170101EN.zip&#038;p_enDocType=Catalog&#038;p_Doc_Ref=DIA5ED2170101EN\" target=\"_blank\" rel=\"noopener\">\n\t\t\t\t\t\t\tDownload catalogue\n\t\t\t\t\t<\/a>\n\n","protected":false},"excerpt":{"rendered":"<p>Machine automation systems\u00a0 Machine Control for the Digital Age Smart machine control enables to easily build and use machines to their fullest capacity with maximum efficiencies, while increasing energy efficiency. With the advent of the IOT era, machine builders can stay one step ahead by using advanced connectivity controllers that are helping them to unlock&hellip;<\/p>\n","protected":false},"author":3,"featured_media":2272,"parent":1582,"menu_order":3,"comment_status":"closed","ping_status":"closed","template":"","meta":{"_acf_changed":false,"footnotes":""},"class_list":["post-2561","page","type-page","status-publish","has-post-thumbnail","hentry"],"acf":[],"yoast_head":"<!-- This site is optimized with the Yoast SEO plugin v27.4 - https:\/\/yoast.com\/product\/yoast-seo-wordpress\/ -->\n<title>Machine automation systems - Dynamotion<\/title>\n<meta name=\"description\" content=\"Intelligent machine control makes it easy to build and use machines to their full capacity with maximum efficiency.\" \/>\n<meta name=\"robots\" content=\"index, follow, max-snippet:-1, max-image-preview:large, max-video-preview:-1\" \/>\n<link rel=\"canonical\" href=\"https:\/\/dynamotion.pl\/en\/oferta\/machine-automation\/\" \/>\n<meta property=\"og:locale\" content=\"en_US\" \/>\n<meta property=\"og:type\" content=\"article\" \/>\n<meta property=\"og:title\" content=\"Systemy bezpiecze\u0144stwa maszynowego\" \/>\n<meta property=\"og:description\" content=\"Intelligent machine control makes it easy to build and use machines to their full capacity with maximum efficiency.\" \/>\n<meta property=\"og:url\" content=\"https:\/\/dynamotion.pl\/en\/oferta\/machine-automation\/\" \/>\n<meta property=\"og:site_name\" content=\"Dynamotion\" \/>\n<meta property=\"article:modified_time\" content=\"2025-12-04T14:20:42+00:00\" \/>\n<meta property=\"og:image\" content=\"https:\/\/dynamotion.pl\/wp-content\/uploads\/2023\/01\/Preventa-Family-Shot-2014-001_CMYK-7-1024x647.png\" \/>\n<meta name=\"twitter:card\" content=\"summary_large_image\" \/>\n<meta name=\"twitter:title\" content=\"DYNAMOTION\" \/>\n<meta name=\"twitter:description\" content=\"DYNAMOTION - Driving the future of packaging. Helping to build and maintain the world&#039;s fastest packaging machines for the FMCG industry.\" \/>\n<meta name=\"twitter:image\" content=\"https:\/\/dynamotion.pl\/wp-content\/uploads\/2021\/12\/Rozwiazanie-pakowania-zbiorczego.jpg\" \/>\n<meta name=\"twitter:label1\" content=\"Est. reading time\" \/>\n\t<meta name=\"twitter:data1\" content=\"4 minutes\" \/>\n<script type=\"application\/ld+json\" class=\"yoast-schema-graph\">{\"@context\":\"https:\\\/\\\/schema.org\",\"@graph\":[{\"@type\":\"WebPage\",\"@id\":\"https:\\\/\\\/dynamotion.pl\\\/en\\\/oferta\\\/machine-automation\\\/\",\"url\":\"https:\\\/\\\/dynamotion.pl\\\/en\\\/oferta\\\/machine-automation\\\/\",\"name\":\"Machine automation systems - Dynamotion\",\"isPartOf\":{\"@id\":\"https:\\\/\\\/dynamotion.pl\\\/en\\\/#website\"},\"primaryImageOfPage\":{\"@id\":\"https:\\\/\\\/dynamotion.pl\\\/en\\\/oferta\\\/machine-automation\\\/#primaryimage\"},\"image\":{\"@id\":\"https:\\\/\\\/dynamotion.pl\\\/en\\\/oferta\\\/machine-automation\\\/#primaryimage\"},\"thumbnailUrl\":\"https:\\\/\\\/dynamotion.pl\\\/wp-content\\\/uploads\\\/2023\\\/01\\\/998-22056304_Star-Digital-Machine-Control-Campaign_GMA_EDM_600x300_1.jpg\",\"datePublished\":\"2023-03-17T08:45:43+00:00\",\"dateModified\":\"2025-12-04T14:20:42+00:00\",\"description\":\"Intelligent machine control makes it easy to build and use machines to their full capacity with maximum efficiency.\",\"breadcrumb\":{\"@id\":\"https:\\\/\\\/dynamotion.pl\\\/en\\\/oferta\\\/machine-automation\\\/#breadcrumb\"},\"inLanguage\":\"en-US\",\"potentialAction\":[{\"@type\":\"ReadAction\",\"target\":[\"https:\\\/\\\/dynamotion.pl\\\/en\\\/oferta\\\/machine-automation\\\/\"]}]},{\"@type\":\"ImageObject\",\"inLanguage\":\"en-US\",\"@id\":\"https:\\\/\\\/dynamotion.pl\\\/en\\\/oferta\\\/machine-automation\\\/#primaryimage\",\"url\":\"https:\\\/\\\/dynamotion.pl\\\/wp-content\\\/uploads\\\/2023\\\/01\\\/998-22056304_Star-Digital-Machine-Control-Campaign_GMA_EDM_600x300_1.jpg\",\"contentUrl\":\"https:\\\/\\\/dynamotion.pl\\\/wp-content\\\/uploads\\\/2023\\\/01\\\/998-22056304_Star-Digital-Machine-Control-Campaign_GMA_EDM_600x300_1.jpg\",\"width\":600,\"height\":300},{\"@type\":\"BreadcrumbList\",\"@id\":\"https:\\\/\\\/dynamotion.pl\\\/en\\\/oferta\\\/machine-automation\\\/#breadcrumb\",\"itemListElement\":[{\"@type\":\"ListItem\",\"position\":1,\"name\":\"Strona g\u0142\u00f3wna\",\"item\":\"https:\\\/\\\/dynamotion.pl\\\/en\\\/\"},{\"@type\":\"ListItem\",\"position\":2,\"name\":\"Offer\",\"item\":\"https:\\\/\\\/dynamotion.pl\\\/en\\\/oferta\\\/\"},{\"@type\":\"ListItem\",\"position\":3,\"name\":\"schneider electric machine control systems modicon controller plc machine automation dynamotion poland krak\u00f3w intelligent machine control\"}]},{\"@type\":\"WebSite\",\"@id\":\"https:\\\/\\\/dynamotion.pl\\\/en\\\/#website\",\"url\":\"https:\\\/\\\/dynamotion.pl\\\/en\\\/\",\"name\":\"Dynamotion\",\"description\":\"Nap\u0119dzamy przysz\u0142o\u015b\u0107 pakowania\",\"publisher\":{\"@id\":\"https:\\\/\\\/dynamotion.pl\\\/en\\\/#organization\"},\"potentialAction\":[{\"@type\":\"SearchAction\",\"target\":{\"@type\":\"EntryPoint\",\"urlTemplate\":\"https:\\\/\\\/dynamotion.pl\\\/en\\\/?s={search_term_string}\"},\"query-input\":{\"@type\":\"PropertyValueSpecification\",\"valueRequired\":true,\"valueName\":\"search_term_string\"}}],\"inLanguage\":\"en-US\"},{\"@type\":\"Organization\",\"@id\":\"https:\\\/\\\/dynamotion.pl\\\/en\\\/#organization\",\"name\":\"DYNAMOTION Sp. z o.o.\",\"url\":\"https:\\\/\\\/dynamotion.pl\\\/en\\\/\",\"logo\":{\"@type\":\"ImageObject\",\"inLanguage\":\"en-US\",\"@id\":\"https:\\\/\\\/dynamotion.pl\\\/en\\\/#\\\/schema\\\/logo\\\/image\\\/\",\"url\":\"https:\\\/\\\/dynamotion.pl\\\/wp-content\\\/uploads\\\/2021\\\/08\\\/sygnet_stopka.png\",\"contentUrl\":\"https:\\\/\\\/dynamotion.pl\\\/wp-content\\\/uploads\\\/2021\\\/08\\\/sygnet_stopka.png\",\"width\":128,\"height\":112,\"caption\":\"DYNAMOTION Sp. z o.o.\"},\"image\":{\"@id\":\"https:\\\/\\\/dynamotion.pl\\\/en\\\/#\\\/schema\\\/logo\\\/image\\\/\"}}]}<\/script>\n<!-- \/ Yoast SEO plugin. -->","yoast_head_json":{"title":"Machine automation systems - Dynamotion","description":"Intelligent machine control makes it easy to build and use machines to their full capacity with maximum efficiency.","robots":{"index":"index","follow":"follow","max-snippet":"max-snippet:-1","max-image-preview":"max-image-preview:large","max-video-preview":"max-video-preview:-1"},"canonical":"https:\/\/dynamotion.pl\/en\/oferta\/machine-automation\/","og_locale":"en_US","og_type":"article","og_title":"Systemy bezpiecze\u0144stwa maszynowego","og_description":"Intelligent machine control makes it easy to build and use machines to their full capacity with maximum efficiency.","og_url":"https:\/\/dynamotion.pl\/en\/oferta\/machine-automation\/","og_site_name":"Dynamotion","article_modified_time":"2025-12-04T14:20:42+00:00","og_image":[{"url":"https:\/\/dynamotion.pl\/wp-content\/uploads\/2023\/01\/Preventa-Family-Shot-2014-001_CMYK-7-1024x647.png","type":"","width":"","height":""}],"twitter_card":"summary_large_image","twitter_title":"DYNAMOTION","twitter_description":"DYNAMOTION - Driving the future of packaging. Helping to build and maintain the world's fastest packaging machines for the FMCG industry.","twitter_image":"https:\/\/dynamotion.pl\/wp-content\/uploads\/2021\/12\/Rozwiazanie-pakowania-zbiorczego.jpg","twitter_misc":{"Est. reading time":"4 minutes"},"schema":{"@context":"https:\/\/schema.org","@graph":[{"@type":"WebPage","@id":"https:\/\/dynamotion.pl\/en\/oferta\/machine-automation\/","url":"https:\/\/dynamotion.pl\/en\/oferta\/machine-automation\/","name":"Machine automation systems - Dynamotion","isPartOf":{"@id":"https:\/\/dynamotion.pl\/en\/#website"},"primaryImageOfPage":{"@id":"https:\/\/dynamotion.pl\/en\/oferta\/machine-automation\/#primaryimage"},"image":{"@id":"https:\/\/dynamotion.pl\/en\/oferta\/machine-automation\/#primaryimage"},"thumbnailUrl":"https:\/\/dynamotion.pl\/wp-content\/uploads\/2023\/01\/998-22056304_Star-Digital-Machine-Control-Campaign_GMA_EDM_600x300_1.jpg","datePublished":"2023-03-17T08:45:43+00:00","dateModified":"2025-12-04T14:20:42+00:00","description":"Intelligent machine control makes it easy to build and use machines to their full capacity with maximum efficiency.","breadcrumb":{"@id":"https:\/\/dynamotion.pl\/en\/oferta\/machine-automation\/#breadcrumb"},"inLanguage":"en-US","potentialAction":[{"@type":"ReadAction","target":["https:\/\/dynamotion.pl\/en\/oferta\/machine-automation\/"]}]},{"@type":"ImageObject","inLanguage":"en-US","@id":"https:\/\/dynamotion.pl\/en\/oferta\/machine-automation\/#primaryimage","url":"https:\/\/dynamotion.pl\/wp-content\/uploads\/2023\/01\/998-22056304_Star-Digital-Machine-Control-Campaign_GMA_EDM_600x300_1.jpg","contentUrl":"https:\/\/dynamotion.pl\/wp-content\/uploads\/2023\/01\/998-22056304_Star-Digital-Machine-Control-Campaign_GMA_EDM_600x300_1.jpg","width":600,"height":300},{"@type":"BreadcrumbList","@id":"https:\/\/dynamotion.pl\/en\/oferta\/machine-automation\/#breadcrumb","itemListElement":[{"@type":"ListItem","position":1,"name":"Strona g\u0142\u00f3wna","item":"https:\/\/dynamotion.pl\/en\/"},{"@type":"ListItem","position":2,"name":"Offer","item":"https:\/\/dynamotion.pl\/en\/oferta\/"},{"@type":"ListItem","position":3,"name":"schneider electric machine control systems modicon controller plc machine automation dynamotion poland krak\u00f3w intelligent machine control"}]},{"@type":"WebSite","@id":"https:\/\/dynamotion.pl\/en\/#website","url":"https:\/\/dynamotion.pl\/en\/","name":"Dynamotion","description":"Nap\u0119dzamy przysz\u0142o\u015b\u0107 pakowania","publisher":{"@id":"https:\/\/dynamotion.pl\/en\/#organization"},"potentialAction":[{"@type":"SearchAction","target":{"@type":"EntryPoint","urlTemplate":"https:\/\/dynamotion.pl\/en\/?s={search_term_string}"},"query-input":{"@type":"PropertyValueSpecification","valueRequired":true,"valueName":"search_term_string"}}],"inLanguage":"en-US"},{"@type":"Organization","@id":"https:\/\/dynamotion.pl\/en\/#organization","name":"DYNAMOTION Sp. z o.o.","url":"https:\/\/dynamotion.pl\/en\/","logo":{"@type":"ImageObject","inLanguage":"en-US","@id":"https:\/\/dynamotion.pl\/en\/#\/schema\/logo\/image\/","url":"https:\/\/dynamotion.pl\/wp-content\/uploads\/2021\/08\/sygnet_stopka.png","contentUrl":"https:\/\/dynamotion.pl\/wp-content\/uploads\/2021\/08\/sygnet_stopka.png","width":128,"height":112,"caption":"DYNAMOTION Sp. z o.o."},"image":{"@id":"https:\/\/dynamotion.pl\/en\/#\/schema\/logo\/image\/"}}]}},"_links":{"self":[{"href":"https:\/\/dynamotion.pl\/en\/wp-json\/wp\/v2\/pages\/2561","targetHints":{"allow":["GET"]}}],"collection":[{"href":"https:\/\/dynamotion.pl\/en\/wp-json\/wp\/v2\/pages"}],"about":[{"href":"https:\/\/dynamotion.pl\/en\/wp-json\/wp\/v2\/types\/page"}],"author":[{"embeddable":true,"href":"https:\/\/dynamotion.pl\/en\/wp-json\/wp\/v2\/users\/3"}],"replies":[{"embeddable":true,"href":"https:\/\/dynamotion.pl\/en\/wp-json\/wp\/v2\/comments?post=2561"}],"version-history":[{"count":2,"href":"https:\/\/dynamotion.pl\/en\/wp-json\/wp\/v2\/pages\/2561\/revisions"}],"predecessor-version":[{"id":5452,"href":"https:\/\/dynamotion.pl\/en\/wp-json\/wp\/v2\/pages\/2561\/revisions\/5452"}],"up":[{"embeddable":true,"href":"https:\/\/dynamotion.pl\/en\/wp-json\/wp\/v2\/pages\/1582"}],"wp:featuredmedia":[{"embeddable":true,"href":"https:\/\/dynamotion.pl\/en\/wp-json\/wp\/v2\/media\/2272"}],"wp:attachment":[{"href":"https:\/\/dynamotion.pl\/en\/wp-json\/wp\/v2\/media?parent=2561"}],"curies":[{"name":"wp","href":"https:\/\/api.w.org\/{rel}","templated":true}]}}