{"id":2590,"date":"2023-01-24T12:15:42","date_gmt":"2023-01-24T11:15:42","guid":{"rendered":"https:\/\/dynamotion.pl\/szkolenia-2\/"},"modified":"2025-12-08T13:32:23","modified_gmt":"2025-12-08T12:32:23","slug":"trainings","status":"publish","type":"page","link":"https:\/\/dynamotion.pl\/en\/trainings\/","title":{"rendered":"Trainings"},"content":{"rendered":"\n<h1>\n\t\t\tDrive competence the way you want it!\t<\/h1>\n\t\t\t\t<img decoding=\"async\" src=\"https:\/\/dynamotion.pl\/wp-content\/uploads\/2021\/04\/separator.png\" alt=\"separator\" itemprop=\"image\" height=\"4\" width=\"83\" title=\"separator\" onerror=\"this.style.display='none'\" loading=\"lazy\" \/>\n\t<p>Find out about DYNAMOTION&#8217;s <strong>diversified training offer<\/strong> for integrators of industrial automation and robotics, integrators of production management systems, machine manufacturers, automation and maintenance employees, and management staff in production plants.<\/p>\n<p>&nbsp;<\/p>\n<p>&nbsp;<\/p>\n<h1>\n\t\t\tOnline courses<br \/> and Webinars\t<\/h1>\n\t\t\t<a href=\"https:\/\/dynamotion.pl\/en\/szkolenia\/#online\" target=\"_self\">\n\t\t\t\t\t\t\tSee more\n\t\t\t\t\t<\/a>\n<h1>\n\t\t\tStationary training <br \/>in Krak\u00f3w and Warsaw\t<\/h1>\n\t\t\t<a href=\"https:\/\/dynamotion.pl\/en\/szkolenia\/#local\" target=\"_self\">\n\t\t\t\t\t\t\tSee more\n\t\t\t\t\t<\/a>\n<h1>\n\t\t\tDedicated training at client location\t<\/h1>\n\t\t\t<a href=\"https:\/\/dynamotion.pl\/en\/szkolenia\/#inne\" target=\"_self\">\n\t\t\t\t\t\t\tSee more\n\t\t\t\t\t<\/a>\n<h2>\n\t\t\tOnline Courses and Webinars\t<\/h2>\n\t\t\t\t<img decoding=\"async\" src=\"https:\/\/dynamotion.pl\/wp-content\/uploads\/2021\/04\/separator.png\" alt=\"separator\" itemprop=\"image\" height=\"4\" width=\"83\" title=\"separator\" onerror=\"this.style.display='none'\" loading=\"lazy\" \/>\n\t\t\t<a href=\"https:\/\/www.astor.com.pl\/sklep\/szkolenia\/e-szkolenia\/us-ast-szk-e-pdm.html\" target=\"_blank\"><img decoding=\"async\" loading=\"false\" src=\"https:\/\/dynamotion.pl\/wp-content\/uploads\/2023\/01\/PacDrive-M-Image_Schneider-Electric_Elau_Diagnostyka.png\" alt=\"Szkolenia DYNAMOTION Schneider Electric ELAU\" \/><\/a>\t\t\t\n\t\t\t\t<h2>Diagnosis and operation of ELAU servo systems &#8211; PacDrive <\/h2><p>The aim of the course is to introduce participants to ELAU systems &#8211; PacDrive M. The e-training enables self-learning in-service operation and diagnostic programs for PacDrive M servo drives. The course covers issues related to creating backups, downloading and analyzing diagnostic data, changing firmware versions, and operating the EPAS-4 development program.<\/p>\n\t\t\t<a href=\"https:\/\/www.astor.com.pl\/sklep\/szkolenia\/e-szkolenia\/us-ast-szk-e-pdm.html\" target=\"_blank\" rel=\"noopener\">\n\t\t\t\t\t\tSee more\n\t\t\t\t\t<\/a>\n<a href=\"https:\/\/www.astor.com.pl\/sklep\/szkolenia\/e-szkolenia\/us-ast-szk-e-pdm.html\"  target=\"_blank\"><img decoding=\"async\" loading=\"false\" src=\"https:\/\/dynamotion.pl\/wp-content\/uploads\/2023\/01\/PacDrive-M-Image_Schneider-Electric_Elau_Diagnostyka.png\" alt=\"Szkolenia DYNAMOTION Schneider Electric ELAU\" \/><\/a>\t\t\t\n\t\t\t<a href=\"https:\/\/www.astor.com.pl\/sklep\/szkolenia\/e-szkolenia\/us-dnm-szk-e-pd3.html\" target=\"_blank\"><img decoding=\"async\" loading=\"false\" src=\"https:\/\/dynamotion.pl\/wp-content\/uploads\/2023\/01\/PacDrive_3_szkolenia_diagnostyka_online_Schneider_-Electric.png\" alt=\"Diagnostykaw w serwonap\u0119dach PacDrive 3 Pacdrive M ELAU\" \/><\/a>\t\t\t\n\t\t\t\t<h2>E-training &#8220;PacDrive 3 servo system diagnostics&#8221;.<\/h2><p>The aim of the course is to introduce participants to PacDrive 3 servo systems. The e-training provides self-learning in the use of diagnostic and service programs for PacDrive 3 servo systems. The course covers backup, downloading, and analysis of diagnostic data and the operation of the SoMachine Motion development program.<\/p>\n\t\t\t<a href=\"https:\/\/www.astor.com.pl\/sklep\/szkolenia\/e-szkolenia\/us-dnm-szk-e-pd3.html\" target=\"_blank\" rel=\"noopener\">\n\t\t\t\t\t\tSee more\n\t\t\t\t\t<\/a>\n<a href=\"https:\/\/www.astor.com.pl\/sklep\/szkolenia\/e-szkolenia\/us-dnm-szk-e-pd3.html\"  target=\"_blank\"><img decoding=\"async\" loading=\"false\" src=\"https:\/\/dynamotion.pl\/wp-content\/uploads\/2023\/01\/PacDrive_3_szkolenia_diagnostyka_online_Schneider_-Electric.png\" alt=\"Diagnostykaw w serwonap\u0119dach PacDrive 3 Pacdrive M ELAU\" \/><\/a>\t\t\t\n\t\t\t\t<a href=\"#\" aria-label=\"previous\" role=\"button\">\n<\/a>\n\t\t\t\t<a href=\"#\" aria-label=\"next\" role=\"button\">\n<\/a>\n<h2>\n\t\t\tStationary training\t<\/h2>\n\t\t\t\t<img decoding=\"async\" src=\"https:\/\/dynamotion.pl\/wp-content\/uploads\/2021\/04\/separator.png\" alt=\"separator\" itemprop=\"image\" height=\"4\" width=\"83\" title=\"separator\" onerror=\"this.style.display='none'\" loading=\"lazy\" \/>\n\t\t\t<a href=\"https:\/\/dynamotion.pl\/en\/obsluga-i-programowanie-pacdrive-3\/\" target=\"_blank\"><img decoding=\"async\" loading=\"false\" src=\"https:\/\/dynamotion.pl\/wp-content\/uploads\/2021\/04\/Produkty.png\" alt=\"Produkty PacDrive 3 LMC LXM ILM SH SM TM5 TM7 Lexium Schneider Electric o nas\" \/><\/a>\t\t\t\n\t\t\t\t<h2>PacDrive3 &#8211; Basic Machine Programming <\/h2><p>The aim of the training is to learn how to design and program machines built on PacDrive3 series controllers and Lexium series drives and motors.<\/p>\n\t\t\t<a href=\"https:\/\/dynamotion.pl\/en\/obsluga-i-programowanie-pacdrive-3\/\" target=\"_blank\" rel=\"noopener\">\n\t\t\t\t\t\tSee more\n\t\t\t\t\t<\/a>\n<a href=\"https:\/\/dynamotion.pl\/en\/obsluga-i-programowanie-pacdrive-3\/\"  target=\"_blank\"><img decoding=\"async\" loading=\"false\" src=\"https:\/\/dynamotion.pl\/wp-content\/uploads\/2021\/04\/Produkty.png\" alt=\"Produkty PacDrive 3 LMC LXM ILM SH SM TM5 TM7 Lexium Schneider Electric o nas\" \/><\/a>\t\t\t\n\t\t\t<a href=\"https:\/\/dynamotion.pl\/en\/diagnostyka-systemow-serwonapedowych-pacdrive-3\/\" target=\"_blank\"><img decoding=\"async\" loading=\"false\" src=\"https:\/\/dynamotion.pl\/wp-content\/uploads\/2023\/01\/PacDrive_3_szkolenia_diagnostyka_online_Schneider_-Electric.png\" alt=\"Diagnostykaw w serwonap\u0119dach PacDrive 3 Pacdrive M ELAU\" \/><\/a>\t\t\t\n\t\t\t\t<h2>PacDrive 3 &#8211; Diagnostics in ELAU\/ Schneider Electric servo drives<\/h2><p>The aim of the training is to learn how to diagnose PacDrive 3 systems. The participants will be introduced to programs designed to support the diagnostics of PacDrive devices &#8211; Controller Assistant, Diagnostics, and Device Assistant. During the training, it will be shown, among other things, how to back up the system (so-called Backup) or read diagnostic data, and change the firmware version of PacDrive 3 system devices. In addition, participants will learn about the SoMachine Motion &#8211; Logic Builder software used to create the control program for LMC motion controllers.<\/p>\n\t\t\t<a href=\"https:\/\/dynamotion.pl\/en\/diagnostyka-systemow-serwonapedowych-pacdrive-3\/\" target=\"_blank\" rel=\"noopener\">\n\t\t\t\t\t\tSee more\n\t\t\t\t\t<\/a>\n<a href=\"https:\/\/dynamotion.pl\/en\/diagnostyka-systemow-serwonapedowych-pacdrive-3\/\"  target=\"_blank\"><img decoding=\"async\" loading=\"false\" src=\"https:\/\/dynamotion.pl\/wp-content\/uploads\/2023\/01\/PacDrive_3_szkolenia_diagnostyka_online_Schneider_-Electric.png\" alt=\"Diagnostykaw w serwonap\u0119dach PacDrive 3 Pacdrive M ELAU\" \/><\/a>\t\t\t\n\t\t\t<a href=\"https:\/\/dynamotion.pl\/diagnostyka-systemow-serwonapedowych-pacdrive-m\/\" target=\"_blank\"><img decoding=\"async\" loading=\"false\" src=\"https:\/\/dynamotion.pl\/wp-content\/uploads\/2023\/01\/PacDrive-M-Image_Schneider-Electric_Elau_Diagnostyka.png\" alt=\"Szkolenia DYNAMOTION Schneider Electric ELAU\" \/><\/a>\t\t\t\n\t\t\t\t<h2>PacDrive M &#8211; Diagnostics in ELAU\/Schneider Electric servo drives<\/h2><p>The aim of the training is to acquire the skills to diagnose PacDrive M systems. Trainees will be introduced to diagnostic methods, troubleshooting, debugging, backing up, and changing the firmware of ELAU drives. The training covers the basics of configuration and simple modifications to the controller program. The hardware base of the training is the ELAU Cx00 class controllers, while in terms of diagnostics, it is compatible with the older ELAU MAx4 type controllers.<\/p>\n\t\t\t<a href=\"https:\/\/dynamotion.pl\/diagnostyka-systemow-serwonapedowych-pacdrive-m\/\" target=\"_blank\" rel=\"noopener\">\n\t\t\t\t\t\tSee more\n\t\t\t\t\t<\/a>\n<a href=\"https:\/\/dynamotion.pl\/diagnostyka-systemow-serwonapedowych-pacdrive-m\/\"  target=\"_blank\"><img decoding=\"async\" loading=\"false\" src=\"https:\/\/dynamotion.pl\/wp-content\/uploads\/2023\/01\/PacDrive-M-Image_Schneider-Electric_Elau_Diagnostyka.png\" alt=\"Szkolenia DYNAMOTION Schneider Electric ELAU\" \/><\/a>\t\t\t\n\t\t\t\t<a href=\"#\" aria-label=\"previous\" role=\"button\">\n<\/a>\n\t\t\t\t<a href=\"#\" aria-label=\"next\" role=\"button\">\n<\/a>\n<h2>\n\t\t\tDedicated training at the client&#8217;s location\t<\/h2>\n\t\t\t\t<img decoding=\"async\" src=\"https:\/\/dynamotion.pl\/wp-content\/uploads\/2021\/04\/separator.png\" alt=\"separator\" itemprop=\"image\" height=\"4\" width=\"83\" title=\"separator\" onerror=\"this.style.display='none'\" loading=\"lazy\" \/>\n\t<p>Tailor the training to your needs. Request a training offer at your facility.<\/p>\n\t\t\t<a href=\"https:\/\/dynamotion.pl\/en\/kontakt\/#formularz\" target=\"_self\">\n\t\t\t\t\t\t\tSee more\n\t\t\t\t\t<\/a>\n<h2>\n\t\t\tContact\t<\/h2>\n\t\t\t\t<img decoding=\"async\" src=\"https:\/\/dynamotion.pl\/wp-content\/uploads\/2021\/04\/separator.png\" alt=\"separator\" itemprop=\"image\" height=\"4\" width=\"83\" title=\"separator\" onerror=\"this.style.display='none'\" loading=\"lazy\" \/>\n\t<p><img decoding=\"async\" src=\"https:\/\/dynamotion.pl\/wp-content\/uploads\/2021\/04\/Dynamotion-arrow-09.svg\" alt=\"\" width=\"34\" height=\"24\" \/>tel.\u00a012 306 73 91<\/p>\n\t<p><img decoding=\"async\" src=\"https:\/\/dynamotion.pl\/wp-content\/uploads\/2021\/04\/Dynamotion-arrow-09.svg\" alt=\"\" width=\"34\" height=\"24\" \/>serwis@dynamotion.pl<\/p>\n\t<p>ul. Feliksa Wrobela 5<\/p>\n\t<p>30-798 Krak\u00f3w<\/p>\n\t<iframe src=\"https:\/\/www.google.com\/maps\/embed\/v1\/place?q=Feliksa+wrobela+5+DYNAMOTION&#038;key=AIzaSyD09zQ9PNDNNy9TadMuzRV_UsPUoWKntt8\" aria-hidden=\"true\"><\/iframe>\n\n","protected":false},"excerpt":{"rendered":"<p>Drive competence the way you want it! Find out about DYNAMOTION&#8217;s diversified training offer for integrators of industrial automation and robotics, integrators of production management systems, machine manufacturers, automation and maintenance employees, and management staff in production plants. &nbsp; &nbsp; Online courses and Webinars See more Stationary training in Krak\u00f3w and Warsaw See more Dedicated&hellip;<\/p>\n","protected":false},"author":3,"featured_media":0,"parent":0,"menu_order":0,"comment_status":"closed","ping_status":"closed","template":"","meta":{"_acf_changed":false,"footnotes":""},"class_list":["post-2590","page","type-page","status-publish","hentry"],"acf":[],"yoast_head":"<!-- This site is optimized with the Yoast SEO plugin v27.4 - https:\/\/yoast.com\/product\/yoast-seo-wordpress\/ -->\n<title>Trainings - Dynamotion<\/title>\n<meta name=\"description\" content=\"Szkolenia zdalne, stacjonarne oraz w twoim zak\u0142adzie. Sprawd\u017a ofert\u0119 i wybierz rodzaj oraz temat szkolenia w zale\u017cno\u015bci od swoich potrzeb.\" \/>\n<meta name=\"robots\" content=\"index, follow, max-snippet:-1, max-image-preview:large, max-video-preview:-1\" \/>\n<link rel=\"canonical\" href=\"https:\/\/dynamotion.pl\/en\/trainings\/\" \/>\n<meta property=\"og:locale\" content=\"en_US\" \/>\n<meta property=\"og:type\" content=\"article\" \/>\n<meta property=\"og:title\" content=\"Trainings - Dynamotion\" \/>\n<meta property=\"og:description\" content=\"Szkolenia zdalne, stacjonarne oraz w twoim zak\u0142adzie. Sprawd\u017a ofert\u0119 i wybierz rodzaj oraz temat szkolenia w zale\u017cno\u015bci od swoich potrzeb.\" \/>\n<meta property=\"og:url\" content=\"https:\/\/dynamotion.pl\/en\/trainings\/\" \/>\n<meta property=\"og:site_name\" content=\"Dynamotion\" \/>\n<meta property=\"article:modified_time\" content=\"2025-12-08T12:32:23+00:00\" \/>\n<meta property=\"og:image\" content=\"https:\/\/dynamotion.pl\/wp-content\/uploads\/2021\/04\/separator.png\" \/>\n<meta name=\"twitter:card\" content=\"summary_large_image\" \/>\n<meta name=\"twitter:label1\" content=\"Est. reading time\" \/>\n\t<meta name=\"twitter:data1\" content=\"7 minutes\" \/>\n<script type=\"application\/ld+json\" class=\"yoast-schema-graph\">{\"@context\":\"https:\\\/\\\/schema.org\",\"@graph\":[{\"@type\":\"WebPage\",\"@id\":\"https:\\\/\\\/dynamotion.pl\\\/en\\\/trainings\\\/\",\"url\":\"https:\\\/\\\/dynamotion.pl\\\/en\\\/trainings\\\/\",\"name\":\"Trainings - Dynamotion\",\"isPartOf\":{\"@id\":\"https:\\\/\\\/dynamotion.pl\\\/en\\\/#website\"},\"primaryImageOfPage\":{\"@id\":\"https:\\\/\\\/dynamotion.pl\\\/en\\\/trainings\\\/#primaryimage\"},\"image\":{\"@id\":\"https:\\\/\\\/dynamotion.pl\\\/en\\\/trainings\\\/#primaryimage\"},\"thumbnailUrl\":\"https:\\\/\\\/dynamotion.pl\\\/wp-content\\\/uploads\\\/2021\\\/04\\\/separator.png\",\"datePublished\":\"2023-01-24T11:15:42+00:00\",\"dateModified\":\"2025-12-08T12:32:23+00:00\",\"description\":\"Szkolenia zdalne, stacjonarne oraz w twoim zak\u0142adzie. Sprawd\u017a ofert\u0119 i wybierz rodzaj oraz temat szkolenia w zale\u017cno\u015bci od swoich potrzeb.\",\"breadcrumb\":{\"@id\":\"https:\\\/\\\/dynamotion.pl\\\/en\\\/trainings\\\/#breadcrumb\"},\"inLanguage\":\"en-US\",\"potentialAction\":[{\"@type\":\"ReadAction\",\"target\":[\"https:\\\/\\\/dynamotion.pl\\\/en\\\/trainings\\\/\"]}]},{\"@type\":\"ImageObject\",\"inLanguage\":\"en-US\",\"@id\":\"https:\\\/\\\/dynamotion.pl\\\/en\\\/trainings\\\/#primaryimage\",\"url\":\"https:\\\/\\\/dynamotion.pl\\\/wp-content\\\/uploads\\\/2021\\\/04\\\/separator.png\",\"contentUrl\":\"https:\\\/\\\/dynamotion.pl\\\/wp-content\\\/uploads\\\/2021\\\/04\\\/separator.png\"},{\"@type\":\"BreadcrumbList\",\"@id\":\"https:\\\/\\\/dynamotion.pl\\\/en\\\/trainings\\\/#breadcrumb\",\"itemListElement\":[{\"@type\":\"ListItem\",\"position\":1,\"name\":\"Strona g\u0142\u00f3wna\",\"item\":\"https:\\\/\\\/dynamotion.pl\\\/en\\\/\"},{\"@type\":\"ListItem\",\"position\":2,\"name\":\"Trainings\"}]},{\"@type\":\"WebSite\",\"@id\":\"https:\\\/\\\/dynamotion.pl\\\/en\\\/#website\",\"url\":\"https:\\\/\\\/dynamotion.pl\\\/en\\\/\",\"name\":\"Dynamotion\",\"description\":\"Nap\u0119dzamy przysz\u0142o\u015b\u0107 pakowania\",\"publisher\":{\"@id\":\"https:\\\/\\\/dynamotion.pl\\\/en\\\/#organization\"},\"potentialAction\":[{\"@type\":\"SearchAction\",\"target\":{\"@type\":\"EntryPoint\",\"urlTemplate\":\"https:\\\/\\\/dynamotion.pl\\\/en\\\/?s={search_term_string}\"},\"query-input\":{\"@type\":\"PropertyValueSpecification\",\"valueRequired\":true,\"valueName\":\"search_term_string\"}}],\"inLanguage\":\"en-US\"},{\"@type\":\"Organization\",\"@id\":\"https:\\\/\\\/dynamotion.pl\\\/en\\\/#organization\",\"name\":\"DYNAMOTION Sp. z o.o.\",\"url\":\"https:\\\/\\\/dynamotion.pl\\\/en\\\/\",\"logo\":{\"@type\":\"ImageObject\",\"inLanguage\":\"en-US\",\"@id\":\"https:\\\/\\\/dynamotion.pl\\\/en\\\/#\\\/schema\\\/logo\\\/image\\\/\",\"url\":\"https:\\\/\\\/dynamotion.pl\\\/wp-content\\\/uploads\\\/2021\\\/08\\\/sygnet_stopka.png\",\"contentUrl\":\"https:\\\/\\\/dynamotion.pl\\\/wp-content\\\/uploads\\\/2021\\\/08\\\/sygnet_stopka.png\",\"width\":128,\"height\":112,\"caption\":\"DYNAMOTION Sp. z o.o.\"},\"image\":{\"@id\":\"https:\\\/\\\/dynamotion.pl\\\/en\\\/#\\\/schema\\\/logo\\\/image\\\/\"}}]}<\/script>\n<!-- \/ Yoast SEO plugin. -->","yoast_head_json":{"title":"Trainings - Dynamotion","description":"Szkolenia zdalne, stacjonarne oraz w twoim zak\u0142adzie. Sprawd\u017a ofert\u0119 i wybierz rodzaj oraz temat szkolenia w zale\u017cno\u015bci od swoich potrzeb.","robots":{"index":"index","follow":"follow","max-snippet":"max-snippet:-1","max-image-preview":"max-image-preview:large","max-video-preview":"max-video-preview:-1"},"canonical":"https:\/\/dynamotion.pl\/en\/trainings\/","og_locale":"en_US","og_type":"article","og_title":"Trainings - Dynamotion","og_description":"Szkolenia zdalne, stacjonarne oraz w twoim zak\u0142adzie. Sprawd\u017a ofert\u0119 i wybierz rodzaj oraz temat szkolenia w zale\u017cno\u015bci od swoich potrzeb.","og_url":"https:\/\/dynamotion.pl\/en\/trainings\/","og_site_name":"Dynamotion","article_modified_time":"2025-12-08T12:32:23+00:00","og_image":[{"url":"https:\/\/dynamotion.pl\/wp-content\/uploads\/2021\/04\/separator.png","type":"","width":"","height":""}],"twitter_card":"summary_large_image","twitter_misc":{"Est. reading time":"7 minutes"},"schema":{"@context":"https:\/\/schema.org","@graph":[{"@type":"WebPage","@id":"https:\/\/dynamotion.pl\/en\/trainings\/","url":"https:\/\/dynamotion.pl\/en\/trainings\/","name":"Trainings - Dynamotion","isPartOf":{"@id":"https:\/\/dynamotion.pl\/en\/#website"},"primaryImageOfPage":{"@id":"https:\/\/dynamotion.pl\/en\/trainings\/#primaryimage"},"image":{"@id":"https:\/\/dynamotion.pl\/en\/trainings\/#primaryimage"},"thumbnailUrl":"https:\/\/dynamotion.pl\/wp-content\/uploads\/2021\/04\/separator.png","datePublished":"2023-01-24T11:15:42+00:00","dateModified":"2025-12-08T12:32:23+00:00","description":"Szkolenia zdalne, stacjonarne oraz w twoim zak\u0142adzie. Sprawd\u017a ofert\u0119 i wybierz rodzaj oraz temat szkolenia w zale\u017cno\u015bci od swoich potrzeb.","breadcrumb":{"@id":"https:\/\/dynamotion.pl\/en\/trainings\/#breadcrumb"},"inLanguage":"en-US","potentialAction":[{"@type":"ReadAction","target":["https:\/\/dynamotion.pl\/en\/trainings\/"]}]},{"@type":"ImageObject","inLanguage":"en-US","@id":"https:\/\/dynamotion.pl\/en\/trainings\/#primaryimage","url":"https:\/\/dynamotion.pl\/wp-content\/uploads\/2021\/04\/separator.png","contentUrl":"https:\/\/dynamotion.pl\/wp-content\/uploads\/2021\/04\/separator.png"},{"@type":"BreadcrumbList","@id":"https:\/\/dynamotion.pl\/en\/trainings\/#breadcrumb","itemListElement":[{"@type":"ListItem","position":1,"name":"Strona g\u0142\u00f3wna","item":"https:\/\/dynamotion.pl\/en\/"},{"@type":"ListItem","position":2,"name":"Trainings"}]},{"@type":"WebSite","@id":"https:\/\/dynamotion.pl\/en\/#website","url":"https:\/\/dynamotion.pl\/en\/","name":"Dynamotion","description":"Nap\u0119dzamy przysz\u0142o\u015b\u0107 pakowania","publisher":{"@id":"https:\/\/dynamotion.pl\/en\/#organization"},"potentialAction":[{"@type":"SearchAction","target":{"@type":"EntryPoint","urlTemplate":"https:\/\/dynamotion.pl\/en\/?s={search_term_string}"},"query-input":{"@type":"PropertyValueSpecification","valueRequired":true,"valueName":"search_term_string"}}],"inLanguage":"en-US"},{"@type":"Organization","@id":"https:\/\/dynamotion.pl\/en\/#organization","name":"DYNAMOTION Sp. z o.o.","url":"https:\/\/dynamotion.pl\/en\/","logo":{"@type":"ImageObject","inLanguage":"en-US","@id":"https:\/\/dynamotion.pl\/en\/#\/schema\/logo\/image\/","url":"https:\/\/dynamotion.pl\/wp-content\/uploads\/2021\/08\/sygnet_stopka.png","contentUrl":"https:\/\/dynamotion.pl\/wp-content\/uploads\/2021\/08\/sygnet_stopka.png","width":128,"height":112,"caption":"DYNAMOTION Sp. z o.o."},"image":{"@id":"https:\/\/dynamotion.pl\/en\/#\/schema\/logo\/image\/"}}]}},"_links":{"self":[{"href":"https:\/\/dynamotion.pl\/en\/wp-json\/wp\/v2\/pages\/2590","targetHints":{"allow":["GET"]}}],"collection":[{"href":"https:\/\/dynamotion.pl\/en\/wp-json\/wp\/v2\/pages"}],"about":[{"href":"https:\/\/dynamotion.pl\/en\/wp-json\/wp\/v2\/types\/page"}],"author":[{"embeddable":true,"href":"https:\/\/dynamotion.pl\/en\/wp-json\/wp\/v2\/users\/3"}],"replies":[{"embeddable":true,"href":"https:\/\/dynamotion.pl\/en\/wp-json\/wp\/v2\/comments?post=2590"}],"version-history":[{"count":4,"href":"https:\/\/dynamotion.pl\/en\/wp-json\/wp\/v2\/pages\/2590\/revisions"}],"predecessor-version":[{"id":5493,"href":"https:\/\/dynamotion.pl\/en\/wp-json\/wp\/v2\/pages\/2590\/revisions\/5493"}],"wp:attachment":[{"href":"https:\/\/dynamotion.pl\/en\/wp-json\/wp\/v2\/media?parent=2590"}],"curies":[{"name":"wp","href":"https:\/\/api.w.org\/{rel}","templated":true}]}}