{"id":2944,"date":"2023-06-13T11:12:23","date_gmt":"2023-06-13T09:12:23","guid":{"rendered":"https:\/\/dynamotion.pl\/oferta\/roboty\/"},"modified":"2023-06-30T15:02:34","modified_gmt":"2023-06-30T13:02:34","slug":"robots","status":"publish","type":"page","link":"https:\/\/dynamotion.pl\/en\/oferta\/robots\/","title":{"rendered":"Robots"},"content":{"rendered":"\n\n\t<strong>Delta robots<\/strong><br \/>\n<strong>and Cartesian systems<\/strong>\n\t<p>The PacDrive 3 series robots are designed to automate packaging machines operating in the FMCG sector, that is, industries such as food, pharmaceuticals, and consumer goods. The family includes Delta robots and Cartesian robots based on Lexium 52 and Lexium 62 servo systems, which allow the integration of multiple machine axes and more than a dozen robots using a single controller.<\/p>\n\t<p>Dedicated versions of robots for the food industry and clanrooms<\/p>\n\tHigh performance<br \/>\nup to 250 cycles\/min\n\t<p>Quick and easy integration of robots into the production line with a single controller<\/p>\n<h2>\n\t\tIntegrated operation of machines and robots\n\t<\/h2>\n\t<p>Among other functionalities, pacDrive 3 series controllers combine PLC, HMI, and motion controller.<\/p>\n<p>Such integration allows, within a single control platform, to control the operation of a machine or production line, industrial robots, servo systems, manage input-output modules, and communication with peripheral devices.<\/p>\n<p>This ensures consistent operation of the production line and facilitates product flow management. It also reduces control cabinet space, reduces equipment costs, and facilitates integration of the entire production line.<\/p>\n\t<p>ONE CONTROLLER, MANY POSSIBILITIES:<\/p>\n\t<p>Integrated management of machine and robot operations<\/p>\n\tSaving the programmer&#8217;s<br \/>\ntime\n\tLower<br \/>\nequipment costs\n\tOne,<br \/>\ncoherent system\n\tConvenient access<br \/>\nto process variables\n\tSimpler training,<br \/>\nno need<br \/>\nfor additional tools<br \/>\nprogramming\n<h2>\n\t\tIndustrial automation by Schneider Electric\n\t<\/h2>\n\t<p>Benefit from a comprehensive range of industrial automation and control products and solutions &#8211; from programmable relays to motion controllers to interface devices for applications ranging from simple machines to complex process systems.<\/p>\n\t\t\t<a href=\"https:\/\/download.schneider-electric.com\/files?p_enDocType=Catalog&#038;p_File_Name=Machine+Struxure+-+Katalog+2015+PL.pdf&#038;p_Doc_Ref=PD4PLKATKT82401\" target=\"_self\" rel=\"noopener\">\n\t\t\t\t\t\t\tSee more\n\t\t\t\t\t<\/a>\n\t\t\t\t<img decoding=\"async\" src=\"https:\/\/dynamotion.pl\/wp-content\/plugins\/bb-plugin\/img\/pixel.png\" alt=\"\" itemprop=\"image\" onerror=\"this.style.display='none'\"  \/>\n\n","protected":false},"excerpt":{"rendered":"<p>Delta robots and Cartesian systems The PacDrive 3 series robots are designed to automate packaging machines operating in the FMCG sector, that is, industries such as food, pharmaceuticals, and consumer goods. The family includes Delta robots and Cartesian robots based on Lexium 52 and Lexium 62 servo systems, which allow the integration of multiple machine&hellip;<\/p>\n","protected":false},"author":3,"featured_media":1549,"parent":1582,"menu_order":3,"comment_status":"closed","ping_status":"closed","template":"","meta":{"_acf_changed":false,"footnotes":""},"class_list":["post-2944","page","type-page","status-publish","has-post-thumbnail","hentry"],"acf":[],"yoast_head":"<!-- This site is optimized with the Yoast SEO plugin v27.4 - https:\/\/yoast.com\/product\/yoast-seo-wordpress\/ -->\n<title>Robots - Dynamotion<\/title>\n<meta name=\"description\" content=\"Delta robots and Cartesian systems of the PacDrive 3 series are designed for the automation of packaging machines in the FMCG sector.\" \/>\n<meta name=\"robots\" content=\"index, follow, max-snippet:-1, max-image-preview:large, max-video-preview:-1\" \/>\n<link rel=\"canonical\" href=\"https:\/\/dynamotion.pl\/en\/oferta\/robots\/\" \/>\n<meta property=\"og:locale\" content=\"en_US\" \/>\n<meta property=\"og:type\" content=\"article\" \/>\n<meta property=\"og:title\" content=\"Systemy bezpiecze\u0144stwa maszynowego\" \/>\n<meta property=\"og:description\" content=\"Delta robots and Cartesian systems of the PacDrive 3 series are designed for the automation of packaging machines in the FMCG sector.\" \/>\n<meta property=\"og:url\" content=\"https:\/\/dynamotion.pl\/en\/oferta\/robots\/\" \/>\n<meta property=\"og:site_name\" content=\"Dynamotion\" \/>\n<meta property=\"article:modified_time\" content=\"2023-06-30T13:02:34+00:00\" \/>\n<meta property=\"og:image\" content=\"https:\/\/dynamotion.pl\/wp-content\/uploads\/2023\/01\/Preventa-Family-Shot-2014-001_CMYK-7-1024x647.png\" \/>\n<meta name=\"twitter:card\" content=\"summary_large_image\" \/>\n<meta name=\"twitter:title\" content=\"DYNAMOTION\" \/>\n<meta name=\"twitter:description\" content=\"DYNAMOTION - Driving the future of packaging. Helping to build and maintain the world&#039;s fastest packaging machines for the FMCG industry.\" \/>\n<meta name=\"twitter:image\" content=\"https:\/\/dynamotion.pl\/wp-content\/uploads\/2021\/12\/Rozwiazanie-pakowania-zbiorczego.jpg\" \/>\n<script type=\"application\/ld+json\" class=\"yoast-schema-graph\">{\"@context\":\"https:\\\/\\\/schema.org\",\"@graph\":[{\"@type\":\"WebPage\",\"@id\":\"https:\\\/\\\/dynamotion.pl\\\/en\\\/oferta\\\/robots\\\/\",\"url\":\"https:\\\/\\\/dynamotion.pl\\\/en\\\/oferta\\\/robots\\\/\",\"name\":\"Robots - Dynamotion\",\"isPartOf\":{\"@id\":\"https:\\\/\\\/dynamotion.pl\\\/en\\\/#website\"},\"primaryImageOfPage\":{\"@id\":\"https:\\\/\\\/dynamotion.pl\\\/en\\\/oferta\\\/robots\\\/#primaryimage\"},\"image\":{\"@id\":\"https:\\\/\\\/dynamotion.pl\\\/en\\\/oferta\\\/robots\\\/#primaryimage\"},\"thumbnailUrl\":\"https:\\\/\\\/dynamotion.pl\\\/wp-content\\\/uploads\\\/2022\\\/06\\\/Roboty_Delta_PacDrive_schniderElectric-DYNAMOTION-scaled.jpg\",\"datePublished\":\"2023-06-13T09:12:23+00:00\",\"dateModified\":\"2023-06-30T13:02:34+00:00\",\"description\":\"Delta robots and Cartesian systems of the PacDrive 3 series are designed for the automation of packaging machines in the FMCG sector.\",\"breadcrumb\":{\"@id\":\"https:\\\/\\\/dynamotion.pl\\\/en\\\/oferta\\\/robots\\\/#breadcrumb\"},\"inLanguage\":\"en-US\",\"potentialAction\":[{\"@type\":\"ReadAction\",\"target\":[\"https:\\\/\\\/dynamotion.pl\\\/en\\\/oferta\\\/robots\\\/\"]}]},{\"@type\":\"ImageObject\",\"inLanguage\":\"en-US\",\"@id\":\"https:\\\/\\\/dynamotion.pl\\\/en\\\/oferta\\\/robots\\\/#primaryimage\",\"url\":\"https:\\\/\\\/dynamotion.pl\\\/wp-content\\\/uploads\\\/2022\\\/06\\\/Roboty_Delta_PacDrive_schniderElectric-DYNAMOTION-scaled.jpg\",\"contentUrl\":\"https:\\\/\\\/dynamotion.pl\\\/wp-content\\\/uploads\\\/2022\\\/06\\\/Roboty_Delta_PacDrive_schniderElectric-DYNAMOTION-scaled.jpg\",\"width\":2560,\"height\":1590,\"caption\":\"uk\u0142ady kartezja\u0144skie cartesian robots delta pacdrive pacdrive3 roboty delta 2 delta 3 kartezjany oferta\"},{\"@type\":\"BreadcrumbList\",\"@id\":\"https:\\\/\\\/dynamotion.pl\\\/en\\\/oferta\\\/robots\\\/#breadcrumb\",\"itemListElement\":[{\"@type\":\"ListItem\",\"position\":1,\"name\":\"Strona g\u0142\u00f3wna\",\"item\":\"https:\\\/\\\/dynamotion.pl\\\/en\\\/\"},{\"@type\":\"ListItem\",\"position\":2,\"name\":\"Offer\",\"item\":\"https:\\\/\\\/dynamotion.pl\\\/en\\\/oferta\\\/\"},{\"@type\":\"ListItem\",\"position\":3,\"name\":\"uk\u0142ady kartezja\u0144skie cartesian robots delta pacdrive pacdrive3 roboty delta 2 delta 3 kartezjany oferta\"}]},{\"@type\":\"WebSite\",\"@id\":\"https:\\\/\\\/dynamotion.pl\\\/en\\\/#website\",\"url\":\"https:\\\/\\\/dynamotion.pl\\\/en\\\/\",\"name\":\"Dynamotion\",\"description\":\"Nap\u0119dzamy przysz\u0142o\u015b\u0107 pakowania\",\"publisher\":{\"@id\":\"https:\\\/\\\/dynamotion.pl\\\/en\\\/#organization\"},\"potentialAction\":[{\"@type\":\"SearchAction\",\"target\":{\"@type\":\"EntryPoint\",\"urlTemplate\":\"https:\\\/\\\/dynamotion.pl\\\/en\\\/?s={search_term_string}\"},\"query-input\":{\"@type\":\"PropertyValueSpecification\",\"valueRequired\":true,\"valueName\":\"search_term_string\"}}],\"inLanguage\":\"en-US\"},{\"@type\":\"Organization\",\"@id\":\"https:\\\/\\\/dynamotion.pl\\\/en\\\/#organization\",\"name\":\"DYNAMOTION Sp. z o.o.\",\"url\":\"https:\\\/\\\/dynamotion.pl\\\/en\\\/\",\"logo\":{\"@type\":\"ImageObject\",\"inLanguage\":\"en-US\",\"@id\":\"https:\\\/\\\/dynamotion.pl\\\/en\\\/#\\\/schema\\\/logo\\\/image\\\/\",\"url\":\"https:\\\/\\\/dynamotion.pl\\\/wp-content\\\/uploads\\\/2021\\\/08\\\/sygnet_stopka.png\",\"contentUrl\":\"https:\\\/\\\/dynamotion.pl\\\/wp-content\\\/uploads\\\/2021\\\/08\\\/sygnet_stopka.png\",\"width\":128,\"height\":112,\"caption\":\"DYNAMOTION Sp. z o.o.\"},\"image\":{\"@id\":\"https:\\\/\\\/dynamotion.pl\\\/en\\\/#\\\/schema\\\/logo\\\/image\\\/\"}}]}<\/script>\n<!-- \/ Yoast SEO plugin. -->","yoast_head_json":{"title":"Robots - Dynamotion","description":"Delta robots and Cartesian systems of the PacDrive 3 series are designed for the automation of packaging machines in the FMCG sector.","robots":{"index":"index","follow":"follow","max-snippet":"max-snippet:-1","max-image-preview":"max-image-preview:large","max-video-preview":"max-video-preview:-1"},"canonical":"https:\/\/dynamotion.pl\/en\/oferta\/robots\/","og_locale":"en_US","og_type":"article","og_title":"Systemy bezpiecze\u0144stwa maszynowego","og_description":"Delta robots and Cartesian systems of the PacDrive 3 series are designed for the automation of packaging machines in the FMCG sector.","og_url":"https:\/\/dynamotion.pl\/en\/oferta\/robots\/","og_site_name":"Dynamotion","article_modified_time":"2023-06-30T13:02:34+00:00","og_image":[{"url":"https:\/\/dynamotion.pl\/wp-content\/uploads\/2023\/01\/Preventa-Family-Shot-2014-001_CMYK-7-1024x647.png","type":"","width":"","height":""}],"twitter_card":"summary_large_image","twitter_title":"DYNAMOTION","twitter_description":"DYNAMOTION - Driving the future of packaging. Helping to build and maintain the world's fastest packaging machines for the FMCG industry.","twitter_image":"https:\/\/dynamotion.pl\/wp-content\/uploads\/2021\/12\/Rozwiazanie-pakowania-zbiorczego.jpg","schema":{"@context":"https:\/\/schema.org","@graph":[{"@type":"WebPage","@id":"https:\/\/dynamotion.pl\/en\/oferta\/robots\/","url":"https:\/\/dynamotion.pl\/en\/oferta\/robots\/","name":"Robots - Dynamotion","isPartOf":{"@id":"https:\/\/dynamotion.pl\/en\/#website"},"primaryImageOfPage":{"@id":"https:\/\/dynamotion.pl\/en\/oferta\/robots\/#primaryimage"},"image":{"@id":"https:\/\/dynamotion.pl\/en\/oferta\/robots\/#primaryimage"},"thumbnailUrl":"https:\/\/dynamotion.pl\/wp-content\/uploads\/2022\/06\/Roboty_Delta_PacDrive_schniderElectric-DYNAMOTION-scaled.jpg","datePublished":"2023-06-13T09:12:23+00:00","dateModified":"2023-06-30T13:02:34+00:00","description":"Delta robots and Cartesian systems of the PacDrive 3 series are designed for the automation of packaging machines in the FMCG sector.","breadcrumb":{"@id":"https:\/\/dynamotion.pl\/en\/oferta\/robots\/#breadcrumb"},"inLanguage":"en-US","potentialAction":[{"@type":"ReadAction","target":["https:\/\/dynamotion.pl\/en\/oferta\/robots\/"]}]},{"@type":"ImageObject","inLanguage":"en-US","@id":"https:\/\/dynamotion.pl\/en\/oferta\/robots\/#primaryimage","url":"https:\/\/dynamotion.pl\/wp-content\/uploads\/2022\/06\/Roboty_Delta_PacDrive_schniderElectric-DYNAMOTION-scaled.jpg","contentUrl":"https:\/\/dynamotion.pl\/wp-content\/uploads\/2022\/06\/Roboty_Delta_PacDrive_schniderElectric-DYNAMOTION-scaled.jpg","width":2560,"height":1590,"caption":"uk\u0142ady kartezja\u0144skie cartesian robots delta pacdrive pacdrive3 roboty delta 2 delta 3 kartezjany oferta"},{"@type":"BreadcrumbList","@id":"https:\/\/dynamotion.pl\/en\/oferta\/robots\/#breadcrumb","itemListElement":[{"@type":"ListItem","position":1,"name":"Strona g\u0142\u00f3wna","item":"https:\/\/dynamotion.pl\/en\/"},{"@type":"ListItem","position":2,"name":"Offer","item":"https:\/\/dynamotion.pl\/en\/oferta\/"},{"@type":"ListItem","position":3,"name":"uk\u0142ady kartezja\u0144skie cartesian robots delta pacdrive pacdrive3 roboty delta 2 delta 3 kartezjany oferta"}]},{"@type":"WebSite","@id":"https:\/\/dynamotion.pl\/en\/#website","url":"https:\/\/dynamotion.pl\/en\/","name":"Dynamotion","description":"Nap\u0119dzamy przysz\u0142o\u015b\u0107 pakowania","publisher":{"@id":"https:\/\/dynamotion.pl\/en\/#organization"},"potentialAction":[{"@type":"SearchAction","target":{"@type":"EntryPoint","urlTemplate":"https:\/\/dynamotion.pl\/en\/?s={search_term_string}"},"query-input":{"@type":"PropertyValueSpecification","valueRequired":true,"valueName":"search_term_string"}}],"inLanguage":"en-US"},{"@type":"Organization","@id":"https:\/\/dynamotion.pl\/en\/#organization","name":"DYNAMOTION Sp. z o.o.","url":"https:\/\/dynamotion.pl\/en\/","logo":{"@type":"ImageObject","inLanguage":"en-US","@id":"https:\/\/dynamotion.pl\/en\/#\/schema\/logo\/image\/","url":"https:\/\/dynamotion.pl\/wp-content\/uploads\/2021\/08\/sygnet_stopka.png","contentUrl":"https:\/\/dynamotion.pl\/wp-content\/uploads\/2021\/08\/sygnet_stopka.png","width":128,"height":112,"caption":"DYNAMOTION Sp. z o.o."},"image":{"@id":"https:\/\/dynamotion.pl\/en\/#\/schema\/logo\/image\/"}}]}},"_links":{"self":[{"href":"https:\/\/dynamotion.pl\/en\/wp-json\/wp\/v2\/pages\/2944","targetHints":{"allow":["GET"]}}],"collection":[{"href":"https:\/\/dynamotion.pl\/en\/wp-json\/wp\/v2\/pages"}],"about":[{"href":"https:\/\/dynamotion.pl\/en\/wp-json\/wp\/v2\/types\/page"}],"author":[{"embeddable":true,"href":"https:\/\/dynamotion.pl\/en\/wp-json\/wp\/v2\/users\/3"}],"replies":[{"embeddable":true,"href":"https:\/\/dynamotion.pl\/en\/wp-json\/wp\/v2\/comments?post=2944"}],"version-history":[{"count":0,"href":"https:\/\/dynamotion.pl\/en\/wp-json\/wp\/v2\/pages\/2944\/revisions"}],"up":[{"embeddable":true,"href":"https:\/\/dynamotion.pl\/en\/wp-json\/wp\/v2\/pages\/1582"}],"wp:featuredmedia":[{"embeddable":true,"href":"https:\/\/dynamotion.pl\/en\/wp-json\/wp\/v2\/media\/1549"}],"wp:attachment":[{"href":"https:\/\/dynamotion.pl\/en\/wp-json\/wp\/v2\/media?parent=2944"}],"curies":[{"name":"wp","href":"https:\/\/api.w.org\/{rel}","templated":true}]}}