{"id":3266,"date":"2023-09-28T11:07:08","date_gmt":"2023-09-28T09:07:08","guid":{"rendered":"https:\/\/dynamotion.pl\/oferta\/czujniki-przemyslowe-telemecanique-sensors\/"},"modified":"2023-10-12T12:01:49","modified_gmt":"2023-10-12T10:01:49","slug":"industrial-sensors-telemecanique","status":"publish","type":"page","link":"https:\/\/dynamotion.pl\/en\/oferta\/industrial-sensors-telemecanique\/","title":{"rendered":"Industrial sensors | Telemecanique Sensors"},"content":{"rendered":"\n<img decoding=\"async\" src=\"https:\/\/dynamotion.pl\/wp-content\/uploads\/2023\/09\/Swiatowy-lider-w-branzy-czujnikow-Telemecanique-Sensors.png\" alt=\"\u015awiatowy lider w bran\u017cy czujnik\u00f3w Telemecanique Sensors\" itemprop=\"image\" height=\"150\" width=\"150\" title=\"\u015awiatowy lider w bran\u017cy czujnik\u00f3w Telemecanique Sensors\" onerror=\"this.style.display='none'\">\n\t<p>&nbsp;<\/p>\nWorld leader<br>\nin the sensor industry\n\t\t\t\t<img decoding=\"async\" src=\"https:\/\/dynamotion.pl\/wp-content\/uploads\/2023\/09\/Ponad-90-lat-doswiadczenia-Telemecanique-Sensors-1.png\" alt=\"Ponad 90 lat do\u015bwiadczenia Telemecanique Sensors\" itemprop=\"image\" height=\"150\" width=\"150\" title=\"Ponad 90 lat do\u015bwiadczenia Telemecanique Sensors\" onerror=\"this.style.display='none'\">\n\t<p>&nbsp;<\/p>\n<p>Over 90 years of experience<\/p>\n\t\t\t\t<img decoding=\"async\" src=\"https:\/\/dynamotion.pl\/wp-content\/uploads\/2023\/09\/Szeroki-zakres-urzadzen-wykrywajacychTelemecanique-Sensors-3.png\" alt=\"Szeroki zakres urzadzen wykrywajacychTelemecanique Sensors \" itemprop=\"image\" height=\"150\" width=\"150\" title=\"Szeroki zakres urzadzen wykrywajacychTelemecanique Sensors (3)\" onerror=\"this.style.display='none'\">\n\t<p>&nbsp;<\/p>\n<p>Wide range of detection devices<\/p>\n<h2>\n\t\tTelemecanique Sensors\n\t<\/h2>\n\t<p>Telemecanique Sensors, established over 90 years ago, is an expert in sensors and sensor-related technologies. With a focus on 3 core values &#8211; simplicity, proximity, and expertise- the company guides customers in choosing the right technologies to get their machines&#8217; best performance and reliability.<\/p>\n<p>&nbsp;<\/p>\n<h2>\n\t\tChoose a solution tailored to your business needs!\n\t<\/h2>\n\t<p>Make an appointment with our expert<\/p>\n\t\t\t<a href=\"https:\/\/dynamotion.pl\/en\/contact\/#formularz\" target=\"_self\" rel=\"noopener\">\n\t\t\t\t\t\t\tContact us \n\t\t\t\t\t<\/a>\n<h2>\n\t\tEvery machine requires a response to its individual need\n\t<\/h2>\n\t<p>See what applications our products work in!<\/p>\n\t\t\t<a href=\"https:\/\/dynamotion.pl\/oferta\/telemecanique-sensors\/#apps\" target=\"_self\" rel=\"noopener\">\n\t\t\t\t\t\t\tSee more\n\t\t\t\t\t<\/a>\n\t<p>DISCOVER OUR PRODUCTS<\/p>\n\t\t\t\t<img decoding=\"async\" src=\"https:\/\/dynamotion.pl\/wp-content\/uploads\/2023\/09\/Bez-nazwy-800\u00d7800-px-1-2.png\" alt=\"Czujniki indukcyjne Telemecanique Sensors\" itemprop=\"image\" height=\"686\" width=\"678\" title=\"Bez nazwy (800\u00d7800 px) (1)\" onerror=\"this.style.display='none'\">\n<h2>\n\t\tInductive and capacitive sensors\n\t<\/h2>\n\t<p>Regardless of the material you choose to detect, Telemecanique Sensors provides a full range of high-quality and high-performance inductive and capacitive sensors.<\/p>\n<p>They allow non-contact detection of metal objects up to 60 mm, and any other type of material up to 20 mm.<\/p>\n<p>Our inductive proximity sensors are subject to special precautions to guarantee their reliability in the harshest industrial environments. They are tested and comply with the recommendations of IEC 60947-5-2.<\/p>\n\t\t\t<a href=\"kontakt\" target=\"_self\" rel=\"noopener\">\n\t\t\t\t\t\t\tAsk for details\n\t\t\t\t\t<\/a>\n<h2>\n\t\tPhotoelectric sensors\n\t<\/h2>\n\t<p>Telemecanique photoelectric sensors offer many advantages, such as the long detection distance (up to 100 m (XUBL line)), very precise detection, high repeat accuracy, and good resistance to harsh environments.<\/p>\n<p>Detection is not affected by object colour or position angle.<\/p>\n\t\t\t<a href=\"kontakt\" target=\"_self\" rel=\"noopener\">\n\t\t\t\t\t\t\tAsk for details\n\t\t\t\t\t<\/a>\n\t\t\t\t<img decoding=\"async\" src=\"https:\/\/dynamotion.pl\/wp-content\/uploads\/2023\/09\/Kopia---Bez-nazwy-800\u00d7800-px-1.png\" alt=\"CZujniki fotoelektryczne Telemecanique Sensors\" itemprop=\"image\" height=\"800\" width=\"800\" title=\"Kopia - Bez nazwy (800\u00d7800 px) (1)\" onerror=\"this.style.display='none'\">\n\t\t\t\t<img decoding=\"async\" src=\"https:\/\/dynamotion.pl\/wp-content\/uploads\/2023\/09\/Bez-nazwy-800\u00d7800-px-3-1.png\" alt=\"Wy\u0142\u0105czniki ci\u015bnienia Telemecanique Sensors\" itemprop=\"image\" height=\"800\" width=\"800\" title=\"Bez nazwy (800\u00d7800 px) (3)\" onerror=\"this.style.display='none'\">\n<h2>\n\t\tPressure switches\n\t<\/h2>\n\t<p>Electronic pressure sensors for control circuits, thanks to their pressure measurement technology and fluid input material, can be used to monitor air, fresh water, hydraulic oils, and coolants.<\/p>\n\t\t\t<a href=\"kontakt\" target=\"_self\" rel=\"noopener\">\n\t\t\t\t\t\t\tAsk for details\n\t\t\t\t\t<\/a>\n<h2>\n\t\tLimit switches\n\t<\/h2>\n\t<p>Whether your machine requires an IEC, NEMA, safety, wireless or battery-free limit switch, Telemecanique Sensors&#8217; unparalleled selection of mechanical limit switches and connector options makes it easy to find the perfect solution for your machine project.<\/p>\n<p>Our limit switches are available in standard, heavy-duty, compact, miniature, safety and application-specific models, and our wireless and battery-free limit switches are revolutionising the industry.<\/p>\n\t\t\t<a href=\"kontakt\" target=\"_self\" rel=\"noopener\">\n\t\t\t\t\t\t\tAsk for details\n\t\t\t\t\t<\/a>\n\t\t\t\t<img decoding=\"async\" src=\"https:\/\/dynamotion.pl\/wp-content\/uploads\/2023\/09\/Limit-switches-krancowe-wylaczniki-krancowki.png\" alt=\"Limit switches kra\u0144cowe wy\u0142\u0105czniki kra\u0144c\u00f3wki Telemecanique sensors\" itemprop=\"image\" height=\"306\" width=\"350\" title=\"Limit switches kra\u0144cowe wy\u0142\u0105czniki kra\u0144c\u00f3wki\" onerror=\"this.style.display='none'\">\n\t\t\t\t<img decoding=\"async\" src=\"https:\/\/dynamotion.pl\/wp-content\/uploads\/2023\/01\/Preventa-Family-Shot-2014-001_CMYK-7.png\" alt=\"safety \" itemprop=\"image\" height=\"756\" width=\"1197\" title=\"Preventa Family Shot 2014 001_CMYK\" onerror=\"this.style.display='none'\">\n<h2>\n\t\tMachine safety equipment\n\t<\/h2>\n\t<p>High-quality sensors to help engineers ensure safe machine operation and meet all industry safety standards.<\/p>\n<p>Need to secure an area, automate the shutdown of machines when they enter a restricted area, or provide workers with an easily accessible means to shut down unsafe machinery? Discover the Telemecanique Sensors line of safety products! The wide range of products includes safety limit switches, safety interlocks, non-contact magnetic safety switches, non-contact RFID safety sensors, safety light curtains, and emergency stop cord switches, among others.<\/p>\n\t\t\t<a href=\"https:\/\/dynamotion.pl\/en\/oferta\/safety-en\/\" target=\"_self\" rel=\"noopener\">\n\t\t\t\t\t\t\tSee more\n\t\t\t\t\t<\/a>\n<h2>\n\t\t<a href=\"https:\/\/tesensors.com\/\" title=\"Read more...\" target=\"_self\" rel=\"noopener\">\n\t\tRead more&#8230;\n\t\t<\/a>\n\t<\/h2>\n\t<p>Explore solutions tailored to specific industry needs!<\/p>\n<h2>\n\t\tLearn more about Telemecanique Sensors\n\t<\/h2>\n\t<iframe title=\"DISCOVER TELEMECANIQUE SENSORS\" width=\"500\" height=\"281\" src=\"https:\/\/www.youtube.com\/embed\/XOg1n-Yv2iM?feature=oembed\" frameborder=\"0\" allow=\"accelerometer; autoplay; clipboard-write; encrypted-media; gyroscope; picture-in-picture; web-share\" allowfullscreen=\"\"><\/iframe>\n<h2>\n\t\tWant to find the perfect solution for your business?\n\t<\/h2>\n\t<p>Our product offer includes a wide range of detection devices. We will help you select the right components and create a system design tailored to your needs.<\/p>\n\t\t\t<a href=\"https:\/\/dynamotion.pl\/en\/contact\/\" target=\"_blank\" rel=\"noopener\">\n\t\t\t\t\t\t\tContact our specialists\n\t\t\t\t\t<\/a>\n<h2>\n\t\tContact\n\t<\/h2>\n\t\t\t\t<img decoding=\"async\" src=\"https:\/\/dynamotion.pl\/wp-content\/uploads\/2021\/04\/separator.png\" alt=\"separator\" itemprop=\"image\" height=\"4\" width=\"83\" title=\"separator\" onerror=\"this.style.display='none'\">\n\t<p><img decoding=\"async\" src=\"https:\/\/dynamotion.pl\/wp-content\/uploads\/2021\/04\/Dynamotion-arrow-09.svg\" alt=\"\" width=\"34\" height=\"24\">tel. 12 306 73 90<\/p>\n\t<p>info@dynamotion.pl<\/p>\n\t<p>ul. Feliksa Wrobela 5<\/p>\n\t<p>30-798 Krak\u00f3w<\/p>\n\t<iframe src=\"https:\/\/www.google.com\/maps\/embed\/v1\/place?q=ul.+Feliksa+Wrobela+5&amp;key=AIzaSyD09zQ9PNDNNy9TadMuzRV_UsPUoWKntt8\" aria-hidden=\"true\"><\/iframe>\n","protected":false},"excerpt":{"rendered":"<p>&nbsp; World leader in the sensor industry &nbsp; Over 90 years of experience &nbsp; Wide range of detection devices Telemecanique Sensors Telemecanique Sensors, established over 90 years ago, is an expert in sensors and sensor-related technologies. With a focus on 3 core values &#8211; simplicity, proximity, and expertise- the company guides customers in choosing the&hellip;<\/p>\n","protected":false},"author":3,"featured_media":3179,"parent":1582,"menu_order":6,"comment_status":"closed","ping_status":"closed","template":"","meta":{"_acf_changed":false,"footnotes":""},"class_list":["post-3266","page","type-page","status-publish","has-post-thumbnail","hentry"],"acf":[],"yoast_head":"<!-- This site is optimized with the Yoast SEO plugin v27.4 - https:\/\/yoast.com\/product\/yoast-seo-wordpress\/ -->\n<title>Industrial sensors | Telemecanique Sensors - Dynamotion<\/title>\n<meta name=\"description\" content=\"Established over 90 years ago, Telemecanique Sensors is an expert in sensors and sensor-related technologies.\" \/>\n<meta name=\"robots\" content=\"index, follow, max-snippet:-1, max-image-preview:large, max-video-preview:-1\" \/>\n<link rel=\"canonical\" href=\"https:\/\/dynamotion.pl\/en\/oferta\/industrial-sensors-telemecanique\/\" \/>\n<meta property=\"og:locale\" content=\"en_US\" \/>\n<meta property=\"og:type\" content=\"article\" \/>\n<meta property=\"og:title\" content=\"Industrial sensors | Telemecanique Sensors\" \/>\n<meta property=\"og:description\" content=\"Established over 90 years ago, Telemecanique Sensors is an expert in sensors and sensor-related technologies.\" \/>\n<meta property=\"og:url\" content=\"https:\/\/dynamotion.pl\/en\/oferta\/industrial-sensors-telemecanique\/\" \/>\n<meta property=\"og:site_name\" content=\"Dynamotion\" \/>\n<meta property=\"article:modified_time\" content=\"2023-10-12T10:01:49+00:00\" \/>\n<meta property=\"og:image\" content=\"https:\/\/dynamotion.pl\/wp-content\/uploads\/2023\/09\/Bez-nazwy-800\u00d7800-px-1-2.png\" \/>\n\t<meta property=\"og:image:width\" content=\"678\" \/>\n\t<meta property=\"og:image:height\" content=\"686\" \/>\n\t<meta property=\"og:image:type\" content=\"image\/png\" \/>\n<meta name=\"twitter:card\" content=\"summary_large_image\" \/>\n<meta name=\"twitter:title\" content=\"DYNAMOTION - Systemy bezpiecze\u0144stwa maszyn\" \/>\n<meta name=\"twitter:description\" content=\"Niezwykle wa\u017cnym, je\u015bli nie najwa\u017cniejszym, aspektem projektowania stanowiska roboczego jest bezpiecze\u0144stwo. Pracuj\u0105ce w zak\u0142adzie maszyny nie mog\u0105 stwarza\u0107 zagro\u017cenia dla cz\u0142owieka, kt\u00f3ry znajdzie si\u0119 w ich pobli\u017cu.\" \/>\n<meta name=\"twitter:image\" content=\"https:\/\/dynamotion.pl\/wp-content\/uploads\/2023\/02\/Przycisk_bezpeiczenstwa_E-STOP_Maszyna_Operator_Panel_ASTOR_Preventa_XPS_Universal-1024x576.jpg\" \/>\n<meta name=\"twitter:label1\" content=\"Est. reading time\" \/>\n\t<meta name=\"twitter:data1\" content=\"5 minutes\" \/>\n<script type=\"application\/ld+json\" class=\"yoast-schema-graph\">{\"@context\":\"https:\\\/\\\/schema.org\",\"@graph\":[{\"@type\":\"WebPage\",\"@id\":\"https:\\\/\\\/dynamotion.pl\\\/en\\\/oferta\\\/industrial-sensors-telemecanique\\\/\",\"url\":\"https:\\\/\\\/dynamotion.pl\\\/en\\\/oferta\\\/industrial-sensors-telemecanique\\\/\",\"name\":\"Industrial sensors | Telemecanique Sensors - Dynamotion\",\"isPartOf\":{\"@id\":\"https:\\\/\\\/dynamotion.pl\\\/en\\\/#website\"},\"primaryImageOfPage\":{\"@id\":\"https:\\\/\\\/dynamotion.pl\\\/en\\\/oferta\\\/industrial-sensors-telemecanique\\\/#primaryimage\"},\"image\":{\"@id\":\"https:\\\/\\\/dynamotion.pl\\\/en\\\/oferta\\\/industrial-sensors-telemecanique\\\/#primaryimage\"},\"thumbnailUrl\":\"https:\\\/\\\/dynamotion.pl\\\/wp-content\\\/uploads\\\/2023\\\/09\\\/Bez-nazwy-800\u00d7800-px-1-2.png\",\"datePublished\":\"2023-09-28T09:07:08+00:00\",\"dateModified\":\"2023-10-12T10:01:49+00:00\",\"description\":\"Established over 90 years ago, Telemecanique Sensors is an expert in sensors and sensor-related technologies.\",\"breadcrumb\":{\"@id\":\"https:\\\/\\\/dynamotion.pl\\\/en\\\/oferta\\\/industrial-sensors-telemecanique\\\/#breadcrumb\"},\"inLanguage\":\"en-US\",\"potentialAction\":[{\"@type\":\"ReadAction\",\"target\":[\"https:\\\/\\\/dynamotion.pl\\\/en\\\/oferta\\\/industrial-sensors-telemecanique\\\/\"]}]},{\"@type\":\"ImageObject\",\"inLanguage\":\"en-US\",\"@id\":\"https:\\\/\\\/dynamotion.pl\\\/en\\\/oferta\\\/industrial-sensors-telemecanique\\\/#primaryimage\",\"url\":\"https:\\\/\\\/dynamotion.pl\\\/wp-content\\\/uploads\\\/2023\\\/09\\\/Bez-nazwy-800\u00d7800-px-1-2.png\",\"contentUrl\":\"https:\\\/\\\/dynamotion.pl\\\/wp-content\\\/uploads\\\/2023\\\/09\\\/Bez-nazwy-800\u00d7800-px-1-2.png\",\"width\":678,\"height\":686,\"caption\":\"Czujniki indukcyjne Telemecanique Sensors\"},{\"@type\":\"BreadcrumbList\",\"@id\":\"https:\\\/\\\/dynamotion.pl\\\/en\\\/oferta\\\/industrial-sensors-telemecanique\\\/#breadcrumb\",\"itemListElement\":[{\"@type\":\"ListItem\",\"position\":1,\"name\":\"Strona g\u0142\u00f3wna\",\"item\":\"https:\\\/\\\/dynamotion.pl\\\/en\\\/\"},{\"@type\":\"ListItem\",\"position\":2,\"name\":\"Offer\",\"item\":\"https:\\\/\\\/dynamotion.pl\\\/en\\\/oferta\\\/\"},{\"@type\":\"ListItem\",\"position\":3,\"name\":\"czujniki indukcyjne czujniki pojemno\u015bciowe telemecanique sensors czujniki fotoelektryczne wy\u0142\u0105czniki ci\u015bnienia wy\u0142\u0105czniki kra\u0144cowe kra\u0144cowki urz\u0105dzenia bezpiecze\u0144stwa maszynowego\"}]},{\"@type\":\"WebSite\",\"@id\":\"https:\\\/\\\/dynamotion.pl\\\/en\\\/#website\",\"url\":\"https:\\\/\\\/dynamotion.pl\\\/en\\\/\",\"name\":\"Dynamotion\",\"description\":\"Nap\u0119dzamy przysz\u0142o\u015b\u0107 pakowania\",\"publisher\":{\"@id\":\"https:\\\/\\\/dynamotion.pl\\\/en\\\/#organization\"},\"potentialAction\":[{\"@type\":\"SearchAction\",\"target\":{\"@type\":\"EntryPoint\",\"urlTemplate\":\"https:\\\/\\\/dynamotion.pl\\\/en\\\/?s={search_term_string}\"},\"query-input\":{\"@type\":\"PropertyValueSpecification\",\"valueRequired\":true,\"valueName\":\"search_term_string\"}}],\"inLanguage\":\"en-US\"},{\"@type\":\"Organization\",\"@id\":\"https:\\\/\\\/dynamotion.pl\\\/en\\\/#organization\",\"name\":\"DYNAMOTION Sp. z o.o.\",\"url\":\"https:\\\/\\\/dynamotion.pl\\\/en\\\/\",\"logo\":{\"@type\":\"ImageObject\",\"inLanguage\":\"en-US\",\"@id\":\"https:\\\/\\\/dynamotion.pl\\\/en\\\/#\\\/schema\\\/logo\\\/image\\\/\",\"url\":\"https:\\\/\\\/dynamotion.pl\\\/wp-content\\\/uploads\\\/2021\\\/08\\\/sygnet_stopka.png\",\"contentUrl\":\"https:\\\/\\\/dynamotion.pl\\\/wp-content\\\/uploads\\\/2021\\\/08\\\/sygnet_stopka.png\",\"width\":128,\"height\":112,\"caption\":\"DYNAMOTION Sp. z o.o.\"},\"image\":{\"@id\":\"https:\\\/\\\/dynamotion.pl\\\/en\\\/#\\\/schema\\\/logo\\\/image\\\/\"}}]}<\/script>\n<!-- \/ Yoast SEO plugin. -->","yoast_head_json":{"title":"Industrial sensors | Telemecanique Sensors - Dynamotion","description":"Established over 90 years ago, Telemecanique Sensors is an expert in sensors and sensor-related technologies.","robots":{"index":"index","follow":"follow","max-snippet":"max-snippet:-1","max-image-preview":"max-image-preview:large","max-video-preview":"max-video-preview:-1"},"canonical":"https:\/\/dynamotion.pl\/en\/oferta\/industrial-sensors-telemecanique\/","og_locale":"en_US","og_type":"article","og_title":"Industrial sensors | Telemecanique Sensors","og_description":"Established over 90 years ago, Telemecanique Sensors is an expert in sensors and sensor-related technologies.","og_url":"https:\/\/dynamotion.pl\/en\/oferta\/industrial-sensors-telemecanique\/","og_site_name":"Dynamotion","article_modified_time":"2023-10-12T10:01:49+00:00","og_image":[{"width":678,"height":686,"url":"https:\/\/dynamotion.pl\/wp-content\/uploads\/2023\/09\/Bez-nazwy-800\u00d7800-px-1-2.png","type":"image\/png"}],"twitter_card":"summary_large_image","twitter_title":"DYNAMOTION - Systemy bezpiecze\u0144stwa maszyn","twitter_description":"Niezwykle wa\u017cnym, je\u015bli nie najwa\u017cniejszym, aspektem projektowania stanowiska roboczego jest bezpiecze\u0144stwo. Pracuj\u0105ce w zak\u0142adzie maszyny nie mog\u0105 stwarza\u0107 zagro\u017cenia dla cz\u0142owieka, kt\u00f3ry znajdzie si\u0119 w ich pobli\u017cu.","twitter_image":"https:\/\/dynamotion.pl\/wp-content\/uploads\/2023\/02\/Przycisk_bezpeiczenstwa_E-STOP_Maszyna_Operator_Panel_ASTOR_Preventa_XPS_Universal-1024x576.jpg","twitter_misc":{"Est. reading time":"5 minutes"},"schema":{"@context":"https:\/\/schema.org","@graph":[{"@type":"WebPage","@id":"https:\/\/dynamotion.pl\/en\/oferta\/industrial-sensors-telemecanique\/","url":"https:\/\/dynamotion.pl\/en\/oferta\/industrial-sensors-telemecanique\/","name":"Industrial sensors | Telemecanique Sensors - Dynamotion","isPartOf":{"@id":"https:\/\/dynamotion.pl\/en\/#website"},"primaryImageOfPage":{"@id":"https:\/\/dynamotion.pl\/en\/oferta\/industrial-sensors-telemecanique\/#primaryimage"},"image":{"@id":"https:\/\/dynamotion.pl\/en\/oferta\/industrial-sensors-telemecanique\/#primaryimage"},"thumbnailUrl":"https:\/\/dynamotion.pl\/wp-content\/uploads\/2023\/09\/Bez-nazwy-800\u00d7800-px-1-2.png","datePublished":"2023-09-28T09:07:08+00:00","dateModified":"2023-10-12T10:01:49+00:00","description":"Established over 90 years ago, Telemecanique Sensors is an expert in sensors and sensor-related technologies.","breadcrumb":{"@id":"https:\/\/dynamotion.pl\/en\/oferta\/industrial-sensors-telemecanique\/#breadcrumb"},"inLanguage":"en-US","potentialAction":[{"@type":"ReadAction","target":["https:\/\/dynamotion.pl\/en\/oferta\/industrial-sensors-telemecanique\/"]}]},{"@type":"ImageObject","inLanguage":"en-US","@id":"https:\/\/dynamotion.pl\/en\/oferta\/industrial-sensors-telemecanique\/#primaryimage","url":"https:\/\/dynamotion.pl\/wp-content\/uploads\/2023\/09\/Bez-nazwy-800\u00d7800-px-1-2.png","contentUrl":"https:\/\/dynamotion.pl\/wp-content\/uploads\/2023\/09\/Bez-nazwy-800\u00d7800-px-1-2.png","width":678,"height":686,"caption":"Czujniki indukcyjne Telemecanique Sensors"},{"@type":"BreadcrumbList","@id":"https:\/\/dynamotion.pl\/en\/oferta\/industrial-sensors-telemecanique\/#breadcrumb","itemListElement":[{"@type":"ListItem","position":1,"name":"Strona g\u0142\u00f3wna","item":"https:\/\/dynamotion.pl\/en\/"},{"@type":"ListItem","position":2,"name":"Offer","item":"https:\/\/dynamotion.pl\/en\/oferta\/"},{"@type":"ListItem","position":3,"name":"czujniki indukcyjne czujniki pojemno\u015bciowe telemecanique sensors czujniki fotoelektryczne wy\u0142\u0105czniki ci\u015bnienia wy\u0142\u0105czniki kra\u0144cowe kra\u0144cowki urz\u0105dzenia bezpiecze\u0144stwa maszynowego"}]},{"@type":"WebSite","@id":"https:\/\/dynamotion.pl\/en\/#website","url":"https:\/\/dynamotion.pl\/en\/","name":"Dynamotion","description":"Nap\u0119dzamy przysz\u0142o\u015b\u0107 pakowania","publisher":{"@id":"https:\/\/dynamotion.pl\/en\/#organization"},"potentialAction":[{"@type":"SearchAction","target":{"@type":"EntryPoint","urlTemplate":"https:\/\/dynamotion.pl\/en\/?s={search_term_string}"},"query-input":{"@type":"PropertyValueSpecification","valueRequired":true,"valueName":"search_term_string"}}],"inLanguage":"en-US"},{"@type":"Organization","@id":"https:\/\/dynamotion.pl\/en\/#organization","name":"DYNAMOTION Sp. z o.o.","url":"https:\/\/dynamotion.pl\/en\/","logo":{"@type":"ImageObject","inLanguage":"en-US","@id":"https:\/\/dynamotion.pl\/en\/#\/schema\/logo\/image\/","url":"https:\/\/dynamotion.pl\/wp-content\/uploads\/2021\/08\/sygnet_stopka.png","contentUrl":"https:\/\/dynamotion.pl\/wp-content\/uploads\/2021\/08\/sygnet_stopka.png","width":128,"height":112,"caption":"DYNAMOTION Sp. z o.o."},"image":{"@id":"https:\/\/dynamotion.pl\/en\/#\/schema\/logo\/image\/"}}]}},"_links":{"self":[{"href":"https:\/\/dynamotion.pl\/en\/wp-json\/wp\/v2\/pages\/3266","targetHints":{"allow":["GET"]}}],"collection":[{"href":"https:\/\/dynamotion.pl\/en\/wp-json\/wp\/v2\/pages"}],"about":[{"href":"https:\/\/dynamotion.pl\/en\/wp-json\/wp\/v2\/types\/page"}],"author":[{"embeddable":true,"href":"https:\/\/dynamotion.pl\/en\/wp-json\/wp\/v2\/users\/3"}],"replies":[{"embeddable":true,"href":"https:\/\/dynamotion.pl\/en\/wp-json\/wp\/v2\/comments?post=3266"}],"version-history":[{"count":4,"href":"https:\/\/dynamotion.pl\/en\/wp-json\/wp\/v2\/pages\/3266\/revisions"}],"predecessor-version":[{"id":3276,"href":"https:\/\/dynamotion.pl\/en\/wp-json\/wp\/v2\/pages\/3266\/revisions\/3276"}],"up":[{"embeddable":true,"href":"https:\/\/dynamotion.pl\/en\/wp-json\/wp\/v2\/pages\/1582"}],"wp:featuredmedia":[{"embeddable":true,"href":"https:\/\/dynamotion.pl\/en\/wp-json\/wp\/v2\/media\/3179"}],"wp:attachment":[{"href":"https:\/\/dynamotion.pl\/en\/wp-json\/wp\/v2\/media?parent=3266"}],"curies":[{"name":"wp","href":"https:\/\/api.w.org\/{rel}","templated":true}]}}